{"id":63,"date":"2018-04-09T02:37:23","date_gmt":"2018-04-09T02:37:23","guid":{"rendered":"http:\/\/demo2.muathemewordpress.net\/?post_type=product&amp;p=63"},"modified":"2018-04-09T02:37:23","modified_gmt":"2018-04-09T02:37:23","slug":"san-pham-demo-01","status":"publish","type":"product","link":"https:\/\/mauweb.tamnguyen.vn\/khachsan4\/san-pham\/san-pham-demo-01\/","title":{"rendered":"S\u1ea3n ph\u1ea9m Demo 01"},"content":{"rendered":"<p>\u0110\u00e2y l\u00e0 m\u00f4 t\u1ea3 s\u1ea3n ph\u1ea9m demo 01 &#8211; C\u00e1m \u01a1n qu\u00fd kh\u00e1ch \u0111\u00e3 gh\u00e9 th\u0103m<\/p>\n","protected":false},"excerpt":{"rendered":"<p>\u0110\u00e2y m\u00e0 m\u00f4 t\u1ea3 ng\u1eafn cho s\u1ea3n ph\u1ea9m demo 01 &#8211; C\u00e1m \u01a1n b\u1ea1n \u0111\u00e3 gh\u00e9 th\u0103m<\/p>\n","protected":false},"featured_media":64,"comment_status":"open","ping_status":"closed","template":"","meta":[],"product_cat":[19],"product_tag":[],"class_list":["post-63","product","type-product","status-publish","has-post-thumbnail","hentry","product_cat-danh-muc-1"],"_links":{"self":[{"href":"https:\/\/mauweb.tamnguyen.vn\/khachsan4\/wp-json\/wp\/v2\/product\/63","targetHints":{"allow":["GET"]}}],"collection":[{"href":"https:\/\/mauweb.tamnguyen.vn\/khachsan4\/wp-json\/wp\/v2\/product"}],"about":[{"href":"https:\/\/mauweb.tamnguyen.vn\/khachsan4\/wp-json\/wp\/v2\/types\/product"}],"replies":[{"embeddable":true,"href":"https:\/\/mauweb.tamnguyen.vn\/khachsan4\/wp-json\/wp\/v2\/comments?post=63"}],"wp:featuredmedia":[{"embeddable":true,"href":"https:\/\/mauweb.tamnguyen.vn\/khachsan4\/wp-json\/wp\/v2\/media\/64"}],"wp:attachment":[{"href":"https:\/\/mauweb.tamnguyen.vn\/khachsan4\/wp-json\/wp\/v2\/media?parent=63"}],"wp:term":[{"taxonomy":"product_cat","embeddable":true,"href":"https:\/\/mauweb.tamnguyen.vn\/khachsan4\/wp-json\/wp\/v2\/product_cat?post=63"},{"taxonomy":"product_tag","embeddable":true,"href":"https:\/\/mauweb.tamnguyen.vn\/khachsan4\/wp-json\/wp\/v2\/product_tag?post=63"}],"curies":[{"name":"wp","href":"https:\/\/api.w.org\/{rel}","templated":true}]}}