{"id":285,"date":"2022-04-16T14:25:32","date_gmt":"2022-04-16T07:25:32","guid":{"rendered":"https:\/\/khachsan4.web2s.vn\/?post_type=product&amp;p=285"},"modified":"2022-04-16T14:25:32","modified_gmt":"2022-04-16T07:25:32","slug":"phong-tinh-nhan-huong-tay","status":"publish","type":"product","link":"https:\/\/mauweb.tamnguyen.vn\/khachsan4\/san-pham\/phong-tinh-nhan-huong-tay\/","title":{"rendered":"Ph\u00f2ng t\u00ecnh nh\u00e2n( H\u01b0\u1edbng t\u00e2y )"},"content":{"rendered":"<p>Ph\u00f2ng cao c\u1ea5p( H\u01b0\u1edbng \u0111\u00f4ng), v\u1edbi c\u1ea3nh quan tuy\u1ec7t \u0111\u1eb9p, b\u1ea1n s\u1ebd t\u1eadn h\u01b0\u1edfng \u0111\u1ea7y \u0111\u1ee7 k\u1ef3 ngh\u1ec9 v\u1edbi c\u00e1c d\u1ecbch v\u1ee5 ho\u00e0n h\u1ea3o. Bu\u1ed5i s\u00e1ng c\u00f3 th\u1ec3 ng\u1eafm b\u00ecnh minh, bu\u1ed5i chi\u1ec1u c\u00f3 th\u1ec3 ng\u1eafm ho\u00e0ng h\u00f4n, ngo\u00e0i ra kh\u00e1ch \u0111\u1eb7t ph\u00f2ng c\u00f2n \u0111\u01b0\u1ee3c mi\u1ec5n ph\u00ed \u0103n s\u00e1ng c\u00e1c bu\u1ed5i, mi\u1ec5n ph\u00ed spa 2 ng\u00e0y. Ti\u1ec7n \u00edch ph\u00f2ng \u0111\u1ea7y \u0111\u1ee7 m\u00e1y l\u1ea1nh, m\u00e1y gi\u1eb7t, tivi m\u00e0n h\u00ecnh ph\u1eb3ng 45&#8243; v\u00e0 nhi\u1ec1u ti\u1ec7n \u00edch kh\u00e1c n\u1eefa.<\/p>\n<p>Ph\u00f2ng cao c\u1ea5p( H\u01b0\u1edbng \u0111\u00f4ng), v\u1edbi c\u1ea3nh quan tuy\u1ec7t \u0111\u1eb9p, b\u1ea1n s\u1ebd t\u1eadn h\u01b0\u1edfng \u0111\u1ea7y \u0111\u1ee7 k\u1ef3 ngh\u1ec9 v\u1edbi c\u00e1c d\u1ecbch v\u1ee5 ho\u00e0n h\u1ea3o. Bu\u1ed5i s\u00e1ng c\u00f3 th\u1ec3 ng\u1eafm b\u00ecnh minh, bu\u1ed5i chi\u1ec1u c\u00f3 th\u1ec3 ng\u1eafm ho\u00e0ng h\u00f4n, ngo\u00e0i ra kh\u00e1ch \u0111\u1eb7t ph\u00f2ng c\u00f2n \u0111\u01b0\u1ee3c mi\u1ec5n ph\u00ed \u0103n s\u00e1ng c\u00e1c bu\u1ed5i, mi\u1ec5n ph\u00ed spa 2 ng\u00e0y. Ti\u1ec7n \u00edch ph\u00f2ng \u0111\u1ea7y \u0111\u1ee7 m\u00e1y l\u1ea1nh, m\u00e1y gi\u1eb7t, tivi m\u00e0n h\u00ecnh ph\u1eb3ng 45&#8243; v\u00e0 nhi\u1ec1u ti\u1ec7n \u00edch kh\u00e1c n\u1eefa.<\/p>\n<p>Ph\u00f2ng cao c\u1ea5p( H\u01b0\u1edbng \u0111\u00f4ng), v\u1edbi c\u1ea3nh quan tuy\u1ec7t \u0111\u1eb9p, b\u1ea1n s\u1ebd t\u1eadn h\u01b0\u1edfng \u0111\u1ea7y \u0111\u1ee7 k\u1ef3 ngh\u1ec9 v\u1edbi c\u00e1c d\u1ecbch v\u1ee5 ho\u00e0n h\u1ea3o. Bu\u1ed5i s\u00e1ng c\u00f3 th\u1ec3 ng\u1eafm b\u00ecnh minh, bu\u1ed5i chi\u1ec1u c\u00f3 th\u1ec3 ng\u1eafm ho\u00e0ng h\u00f4n, ngo\u00e0i ra kh\u00e1ch \u0111\u1eb7t ph\u00f2ng c\u00f2n \u0111\u01b0\u1ee3c mi\u1ec5n ph\u00ed \u0103n s\u00e1ng c\u00e1c bu\u1ed5i, mi\u1ec5n ph\u00ed spa 2 ng\u00e0y. Ti\u1ec7n \u00edch ph\u00f2ng \u0111\u1ea7y \u0111\u1ee7 m\u00e1y l\u1ea1nh, m\u00e1y gi\u1eb7t, tivi m\u00e0n h\u00ecnh ph\u1eb3ng 45&#8243; v\u00e0 nhi\u1ec1u ti\u1ec7n \u00edch kh\u00e1c n\u1eefa.<\/p>\n","protected":false},"excerpt":{"rendered":"<p>Ph\u00f2ng cao c\u1ea5p( H\u01b0\u1edbng \u0111\u00f4ng), v\u1edbi c\u1ea3nh quan tuy\u1ec7t \u0111\u1eb9p, b\u1ea1n s\u1ebd t\u1eadn h\u01b0\u1edfng \u0111\u1ea7y \u0111\u1ee7 k\u1ef3 ngh\u1ec9 v\u1edbi c\u00e1c d\u1ecbch v\u1ee5 ho\u00e0n h\u1ea3o. Bu\u1ed5i s\u00e1ng c\u00f3 th\u1ec3 ng\u1eafm b\u00ecnh minh, bu\u1ed5i chi\u1ec1u c\u00f3 th\u1ec3 ng\u1eafm ho\u00e0ng h\u00f4n, ngo\u00e0i ra kh\u00e1ch \u0111\u1eb7t ph\u00f2ng c\u00f2n \u0111\u01b0\u1ee3c mi\u1ec5n ph\u00ed \u0103n s\u00e1ng c\u00e1c bu\u1ed5i, mi\u1ec5n ph\u00ed spa 2&#8230;<\/p>\n","protected":false},"featured_media":286,"comment_status":"open","ping_status":"closed","template":"","meta":[],"product_cat":[20],"product_tag":[],"class_list":["post-285","product","type-product","status-publish","has-post-thumbnail","hentry","product_cat-danh-muc-2"],"_links":{"self":[{"href":"https:\/\/mauweb.tamnguyen.vn\/khachsan4\/wp-json\/wp\/v2\/product\/285","targetHints":{"allow":["GET"]}}],"collection":[{"href":"https:\/\/mauweb.tamnguyen.vn\/khachsan4\/wp-json\/wp\/v2\/product"}],"about":[{"href":"https:\/\/mauweb.tamnguyen.vn\/khachsan4\/wp-json\/wp\/v2\/types\/product"}],"replies":[{"embeddable":true,"href":"https:\/\/mauweb.tamnguyen.vn\/khachsan4\/wp-json\/wp\/v2\/comments?post=285"}],"wp:featuredmedia":[{"embeddable":true,"href":"https:\/\/mauweb.tamnguyen.vn\/khachsan4\/wp-json\/wp\/v2\/media\/286"}],"wp:attachment":[{"href":"https:\/\/mauweb.tamnguyen.vn\/khachsan4\/wp-json\/wp\/v2\/media?parent=285"}],"wp:term":[{"taxonomy":"product_cat","embeddable":true,"href":"https:\/\/mauweb.tamnguyen.vn\/khachsan4\/wp-json\/wp\/v2\/product_cat?post=285"},{"taxonomy":"product_tag","embeddable":true,"href":"https:\/\/mauweb.tamnguyen.vn\/khachsan4\/wp-json\/wp\/v2\/product_tag?post=285"}],"curies":[{"name":"wp","href":"https:\/\/api.w.org\/{rel}","templated":true}]}}