{"id":1595,"date":"2022-06-22T01:37:15","date_gmt":"2022-06-22T01:37:15","guid":{"rendered":"https:\/\/mau3.maudep.com.vn\/gomsu\/?page_id=1595"},"modified":"2022-10-27T12:14:19","modified_gmt":"2022-10-27T12:14:19","slug":"lich-su-100-nam-hinh-thanh-va-phat-trien","status":"publish","type":"page","link":"https:\/\/mauweb.tamnguyen.vn\/gomsu\/lich-su-100-nam-hinh-thanh-va-phat-trien\/","title":{"rendered":"L\u1ecbch s\u1eed h\u00ecnh th\u00e0nh"},"content":{"rendered":"\t<section class=\"section banner_gioi_thieu\" id=\"section_1998191346\">\n\t\t<div class=\"bg section-bg fill bg-fill  bg-loaded\" >\n\n\t\t\t\n\t\t\t\n\t\t\t\n\n\t\t<\/div>\n\n\t\t\n\n\t\t<div class=\"section-content relative\">\n\t\t\t\n\n  <div class=\"banner has-hover\" id=\"banner-1915189903\">\n          <div class=\"banner-inner fill\">\n        <div class=\"banner-bg fill\" >\n            <div class=\"bg fill bg-fill \"><\/div>\n                                    \n                    <\/div>\n\t\t\n        <div class=\"banner-layers container\">\n            <div class=\"fill banner-link\"><\/div>            \n   <div id=\"text-box-805603759\" class=\"text-box banner-layer x50 md-x50 lg-x50 y50 md-y50 lg-y50 res-text\">\n                                <div class=\"text-box-content text dark\">\n              \n              <div class=\"text-inner text-center\">\n                  \n\t<div class=\"img has-hover x md-x lg-x y md-y lg-y\" id=\"image_652598277\">\n\t\t\t\t\t\t\t\t<div class=\"img-inner dark\" >\n\t\t\t<img loading=\"lazy\" decoding=\"async\" width=\"812\" height=\"307\" src=\"https:\/\/mauweb.tamnguyen.vn\/gomsu\/wp-content\/uploads\/2022\/10\/logo-removebg-preview.png\" class=\"attachment-original size-original\" alt=\"\" srcset=\"https:\/\/mauweb.tamnguyen.vn\/gomsu\/wp-content\/uploads\/2022\/10\/logo-removebg-preview.png 812w, https:\/\/mauweb.tamnguyen.vn\/gomsu\/wp-content\/uploads\/2022\/10\/logo-removebg-preview-800x302.png 800w, https:\/\/mauweb.tamnguyen.vn\/gomsu\/wp-content\/uploads\/2022\/10\/logo-removebg-preview-768x290.png 768w\" sizes=\"(max-width: 812px) 100vw, 812px\" \/>\t\t\t\t\t\t\n\t\t\t\t\t<\/div>\n\t\t\t\t\t\t\t\t\n<style>\n#image_652598277 {\n  width: 36%;\n}\n<\/style>\n\t<\/div>\n\t\n<h4>L\u1ecaCH S\u1eec 100 N\u0102M H\u00ccNH TH\u00c0NH V\u00c0 PH\u00c1T TRI\u1ec2N<\/h4>\n              <\/div>\n           <\/div>\n                            \n<style>\n#text-box-805603759 {\n  width: 60%;\n}\n#text-box-805603759 .text-box-content {\n  font-size: 100%;\n}\n<\/style>\n    <\/div>\n \n        <\/div>\n      <\/div>\n\n            \n<style>\n#banner-1915189903 {\n  padding-top: 500px;\n}\n#banner-1915189903 .bg.bg-loaded {\n  background-image: url(https:\/\/mauweb.tamnguyen.vn\/gomsu\/wp-content\/uploads\/2022\/06\/Group-42-1400x510.png);\n}\n#banner-1915189903 .ux-shape-divider--top svg {\n  height: 150px;\n  --divider-top-width: 100%;\n}\n#banner-1915189903 .ux-shape-divider--bottom svg {\n  height: 150px;\n  --divider-width: 100%;\n}\n<\/style>\n  <\/div>\n\n\n\t\t<\/div>\n\n\t\t\n<style>\n#section_1998191346 {\n  padding-top: 0px;\n  padding-bottom: 0px;\n}\n#section_1998191346 .ux-shape-divider--top svg {\n  height: 150px;\n  --divider-top-width: 100%;\n}\n#section_1998191346 .ux-shape-divider--bottom svg {\n  height: 150px;\n  --divider-width: 100%;\n}\n<\/style>\n\t<\/section>\n\t\n\t<section class=\"section\" id=\"section_1023002645\">\n\t\t<div class=\"bg section-bg fill bg-fill  bg-loaded\" >\n\n\t\t\t\n\t\t\t\n\t\t\t\n\n\t\t<\/div>\n\n\t\t\n\n\t\t<div class=\"section-content relative\">\n\t\t\t\n<div class=\"row\"  id=\"row-1545980085\">\n\n\t<div id=\"col-960663443\" class=\"col medium-6 small-12 large-6\"  >\n\t\t\t\t<div class=\"col-inner\"  >\n\t\t\t\n\t\t\t\n\t<div class=\"box has-hover   has-hover box-text-bottom\" >\n\n\t\t<div class=\"box-image\" >\n\t\t\t\t\t\t<div class=\"\" >\n\t\t\t\t<img loading=\"lazy\" decoding=\"async\" width=\"278\" height=\"276\" src=\"https:\/\/mauweb.tamnguyen.vn\/gomsu\/wp-content\/uploads\/2022\/06\/IMAGE-6-2.png\" class=\"attachment- size-\" alt=\"\" srcset=\"https:\/\/mauweb.tamnguyen.vn\/gomsu\/wp-content\/uploads\/2022\/06\/IMAGE-6-2.png 278w, https:\/\/mauweb.tamnguyen.vn\/gomsu\/wp-content\/uploads\/2022\/06\/IMAGE-6-2-100x100.png 100w\" sizes=\"(max-width: 278px) 100vw, 278px\" \/>\t\t\t\t\t\t\t\t\t\t\t<\/div>\n\t\t\t\t\t<\/div>\n\n\t\t<div class=\"box-text text-center\" >\n\t\t\t<div class=\"box-text-inner\">\n\t\t\t\t\n<h4><span style=\"font-size: 18px;\">Ch\u01b0\u01a1ng I: S\u1ef1 khai sinh c\u1ee7a c\u00f4ng ty \u201cMorimura Gumi\u201d v\u00e0 c\u00f4ng ty \u201cAnh em nh\u00e0 Morimura\u201d<\/span><\/h4>\n\t\t\t<\/div>\n\t\t<\/div>\n\t<\/div>\n\t\n\t\t<\/div>\n\t\t\t\t\t<\/div>\n\n\t\n\n\t<div id=\"col-653550786\" class=\"col medium-6 small-12 large-6\"  >\n\t\t\t\t<div class=\"col-inner\"  >\n\t\t\t\n\t\t\t\n\t<div class=\"box has-hover   has-hover box-text-bottom\" >\n\n\t\t<div class=\"box-image\" >\n\t\t\t\t\t\t<div class=\"\" >\n\t\t\t\t<img loading=\"lazy\" decoding=\"async\" width=\"278\" height=\"276\" src=\"https:\/\/mauweb.tamnguyen.vn\/gomsu\/wp-content\/uploads\/2022\/06\/IMAGE-3-2.png\" class=\"attachment- size-\" alt=\"\" srcset=\"https:\/\/mauweb.tamnguyen.vn\/gomsu\/wp-content\/uploads\/2022\/06\/IMAGE-3-2.png 278w, https:\/\/mauweb.tamnguyen.vn\/gomsu\/wp-content\/uploads\/2022\/06\/IMAGE-3-2-100x100.png 100w\" sizes=\"(max-width: 278px) 100vw, 278px\" \/>\t\t\t\t\t\t\t\t\t\t\t<\/div>\n\t\t\t\t\t<\/div>\n\n\t\t<div class=\"box-text text-center\" >\n\t\t\t<div class=\"box-text-inner\">\n\t\t\t\t\n<h4><span style=\"font-size: 18px;\">Ch\u01b0\u01a1ng I: S\u1ef1 khai sinh c\u1ee7a c\u00f4ng ty \u201cMorimura Gumi\u201d v\u00e0 c\u00f4ng ty \u201cAnh em nh\u00e0 Morimura\u201d<\/span><\/h4>\n\t\t\t<\/div>\n\t\t<\/div>\n\t<\/div>\n\t\n\t\t<\/div>\n\t\t\t\t\t<\/div>\n\n\t\n\n\t<div id=\"col-509598989\" class=\"col medium-6 small-12 large-6\"  >\n\t\t\t\t<div class=\"col-inner\"  >\n\t\t\t\n\t\t\t\n\t<div class=\"box has-hover   has-hover box-text-bottom\" >\n\n\t\t<div class=\"box-image\" >\n\t\t\t\t\t\t<div class=\"\" >\n\t\t\t\t<img loading=\"lazy\" decoding=\"async\" width=\"284\" height=\"282\" src=\"https:\/\/mauweb.tamnguyen.vn\/gomsu\/wp-content\/uploads\/2022\/06\/IMAGE-21.png\" class=\"attachment- size-\" alt=\"\" srcset=\"https:\/\/mauweb.tamnguyen.vn\/gomsu\/wp-content\/uploads\/2022\/06\/IMAGE-21.png 284w, https:\/\/mauweb.tamnguyen.vn\/gomsu\/wp-content\/uploads\/2022\/06\/IMAGE-21-100x100.png 100w\" sizes=\"(max-width: 284px) 100vw, 284px\" \/>\t\t\t\t\t\t\t\t\t\t\t<\/div>\n\t\t\t\t\t<\/div>\n\n\t\t<div class=\"box-text text-center\" >\n\t\t\t<div class=\"box-text-inner\">\n\t\t\t\t\n<h4><span style=\"font-size: 18px;\">Ch\u01b0\u01a1ng I: S\u1ef1 khai sinh c\u1ee7a c\u00f4ng ty \u201cMorimura Gumi\u201d v\u00e0 c\u00f4ng ty \u201cAnh em nh\u00e0 Morimura\u201d<\/span><\/h4>\n\t\t\t<\/div>\n\t\t<\/div>\n\t<\/div>\n\t\n\t\t<\/div>\n\t\t\t\t\t<\/div>\n\n\t\n\n\t<div id=\"col-1670127966\" class=\"col medium-6 small-12 large-6\"  >\n\t\t\t\t<div class=\"col-inner\"  >\n\t\t\t\n\t\t\t\n\t<div class=\"box has-hover   has-hover box-text-bottom\" >\n\n\t\t<div class=\"box-image\" >\n\t\t\t\t\t\t<div class=\"\" >\n\t\t\t\t<img loading=\"lazy\" decoding=\"async\" width=\"278\" height=\"276\" src=\"https:\/\/mauweb.tamnguyen.vn\/gomsu\/wp-content\/uploads\/2022\/06\/IMAGE-8-1.png\" class=\"attachment- size-\" alt=\"\" srcset=\"https:\/\/mauweb.tamnguyen.vn\/gomsu\/wp-content\/uploads\/2022\/06\/IMAGE-8-1.png 278w, https:\/\/mauweb.tamnguyen.vn\/gomsu\/wp-content\/uploads\/2022\/06\/IMAGE-8-1-100x100.png 100w\" sizes=\"(max-width: 278px) 100vw, 278px\" \/>\t\t\t\t\t\t\t\t\t\t\t<\/div>\n\t\t\t\t\t<\/div>\n\n\t\t<div class=\"box-text text-center\" >\n\t\t\t<div class=\"box-text-inner\">\n\t\t\t\t\n<h4><span style=\"font-size: 18px;\">Ch\u01b0\u01a1ng I: S\u1ef1 khai sinh c\u1ee7a c\u00f4ng ty \u201cMorimura Gumi\u201d v\u00e0 c\u00f4ng ty \u201cAnh em nh\u00e0 Morimura\u201d<\/span><\/h4>\n\t\t\t<\/div>\n\t\t<\/div>\n\t<\/div>\n\t\n\t\t<\/div>\n\t\t\t\t\t<\/div>\n\n\t\n<\/div>\n\t\t<\/div>\n\n\t\t\n<style>\n#section_1023002645 {\n  padding-top: 30px;\n  padding-bottom: 30px;\n}\n#section_1023002645 .ux-shape-divider--top svg {\n  height: 150px;\n  --divider-top-width: 100%;\n}\n#section_1023002645 .ux-shape-divider--bottom svg {\n  height: 150px;\n  --divider-width: 100%;\n}\n<\/style>\n\t<\/section>\n\t\n","protected":false},"excerpt":{"rendered":"","protected":false},"author":1,"featured_media":0,"parent":0,"menu_order":0,"comment_status":"closed","ping_status":"closed","template":"page-blank.php","meta":{"footnotes":""},"class_list":["post-1595","page","type-page","status-publish","hentry"],"acf":[],"yoast_head":"<!-- This site is optimized with the Yoast SEO plugin v19.9 - https:\/\/yoast.com\/wordpress\/plugins\/seo\/ -->\n<title>g\u1ed1m s\u1ee9<\/title>\n<meta name=\"robots\" content=\"noindex, follow, max-snippet:-1, max-image-preview:large, max-video-preview:-1\" \/>\n<meta property=\"og:locale\" content=\"vi_VN\" \/>\n<meta property=\"og:type\" content=\"article\" \/>\n<meta property=\"og:title\" content=\"g\u1ed1m s\u1ee9\" \/>\n<meta property=\"og:url\" content=\"https:\/\/mauweb.tamnguyen.vn\/gomsu\/lich-su-100-nam-hinh-thanh-va-phat-trien\/\" \/>\n<meta property=\"og:site_name\" content=\"g\u1ed1m s\u1ee9\" \/>\n<meta property=\"article:modified_time\" content=\"2022-10-27T12:14:19+00:00\" \/>\n<meta name=\"twitter:card\" content=\"summary_large_image\" \/>\n<meta name=\"twitter:label1\" content=\"\u01af\u1edbc t\u00ednh th\u1eddi gian \u0111\u1ecdc\" \/>\n\t<meta name=\"twitter:data1\" content=\"1 ph\u00fat\" \/>\n<script type=\"application\/ld+json\" class=\"yoast-schema-graph\">{\"@context\":\"https:\/\/schema.org\",\"@graph\":[{\"@type\":\"WebPage\",\"@id\":\"https:\/\/mauweb.tamnguyen.vn\/gomsu\/lich-su-100-nam-hinh-thanh-va-phat-trien\/\",\"url\":\"https:\/\/mauweb.tamnguyen.vn\/gomsu\/lich-su-100-nam-hinh-thanh-va-phat-trien\/\",\"name\":\"g\u1ed1m s\u1ee9\",\"isPartOf\":{\"@id\":\"https:\/\/mauweb.tamnguyen.vn\/gomsu\/#website\"},\"datePublished\":\"2022-06-22T01:37:15+00:00\",\"dateModified\":\"2022-10-27T12:14:19+00:00\",\"breadcrumb\":{\"@id\":\"https:\/\/mauweb.tamnguyen.vn\/gomsu\/lich-su-100-nam-hinh-thanh-va-phat-trien\/#breadcrumb\"},\"inLanguage\":\"vi\",\"potentialAction\":[{\"@type\":\"ReadAction\",\"target\":[\"https:\/\/mauweb.tamnguyen.vn\/gomsu\/lich-su-100-nam-hinh-thanh-va-phat-trien\/\"]}]},{\"@type\":\"BreadcrumbList\",\"@id\":\"https:\/\/mauweb.tamnguyen.vn\/gomsu\/lich-su-100-nam-hinh-thanh-va-phat-trien\/#breadcrumb\",\"itemListElement\":[{\"@type\":\"ListItem\",\"position\":1,\"name\":\"Trang ch\u1ee7\",\"item\":\"https:\/\/mauweb.tamnguyen.vn\/gomsu\/\"},{\"@type\":\"ListItem\",\"position\":2,\"name\":\"L\u1ecbch s\u1eed h\u00ecnh th\u00e0nh\"}]},{\"@type\":\"WebSite\",\"@id\":\"https:\/\/mauweb.tamnguyen.vn\/gomsu\/#website\",\"url\":\"https:\/\/mauweb.tamnguyen.vn\/gomsu\/\",\"name\":\"g\u1ed1m s\u1ee9\",\"description\":\"\",\"potentialAction\":[{\"@type\":\"SearchAction\",\"target\":{\"@type\":\"EntryPoint\",\"urlTemplate\":\"https:\/\/mauweb.tamnguyen.vn\/gomsu\/?s={search_term_string}\"},\"query-input\":\"required name=search_term_string\"}],\"inLanguage\":\"vi\"}]}<\/script>\n<!-- \/ Yoast SEO plugin. -->","yoast_head_json":{"title":"g\u1ed1m s\u1ee9","robots":{"index":"noindex","follow":"follow","max-snippet":"max-snippet:-1","max-image-preview":"max-image-preview:large","max-video-preview":"max-video-preview:-1"},"og_locale":"vi_VN","og_type":"article","og_title":"g\u1ed1m s\u1ee9","og_url":"https:\/\/mauweb.tamnguyen.vn\/gomsu\/lich-su-100-nam-hinh-thanh-va-phat-trien\/","og_site_name":"g\u1ed1m s\u1ee9","article_modified_time":"2022-10-27T12:14:19+00:00","twitter_card":"summary_large_image","twitter_misc":{"\u01af\u1edbc t\u00ednh th\u1eddi gian \u0111\u1ecdc":"1 ph\u00fat"},"schema":{"@context":"https:\/\/schema.org","@graph":[{"@type":"WebPage","@id":"https:\/\/mauweb.tamnguyen.vn\/gomsu\/lich-su-100-nam-hinh-thanh-va-phat-trien\/","url":"https:\/\/mauweb.tamnguyen.vn\/gomsu\/lich-su-100-nam-hinh-thanh-va-phat-trien\/","name":"g\u1ed1m s\u1ee9","isPartOf":{"@id":"https:\/\/mauweb.tamnguyen.vn\/gomsu\/#website"},"datePublished":"2022-06-22T01:37:15+00:00","dateModified":"2022-10-27T12:14:19+00:00","breadcrumb":{"@id":"https:\/\/mauweb.tamnguyen.vn\/gomsu\/lich-su-100-nam-hinh-thanh-va-phat-trien\/#breadcrumb"},"inLanguage":"vi","potentialAction":[{"@type":"ReadAction","target":["https:\/\/mauweb.tamnguyen.vn\/gomsu\/lich-su-100-nam-hinh-thanh-va-phat-trien\/"]}]},{"@type":"BreadcrumbList","@id":"https:\/\/mauweb.tamnguyen.vn\/gomsu\/lich-su-100-nam-hinh-thanh-va-phat-trien\/#breadcrumb","itemListElement":[{"@type":"ListItem","position":1,"name":"Trang ch\u1ee7","item":"https:\/\/mauweb.tamnguyen.vn\/gomsu\/"},{"@type":"ListItem","position":2,"name":"L\u1ecbch s\u1eed h\u00ecnh th\u00e0nh"}]},{"@type":"WebSite","@id":"https:\/\/mauweb.tamnguyen.vn\/gomsu\/#website","url":"https:\/\/mauweb.tamnguyen.vn\/gomsu\/","name":"g\u1ed1m s\u1ee9","description":"","potentialAction":[{"@type":"SearchAction","target":{"@type":"EntryPoint","urlTemplate":"https:\/\/mauweb.tamnguyen.vn\/gomsu\/?s={search_term_string}"},"query-input":"required name=search_term_string"}],"inLanguage":"vi"}]}},"_links":{"self":[{"href":"https:\/\/mauweb.tamnguyen.vn\/gomsu\/wp-json\/wp\/v2\/pages\/1595"}],"collection":[{"href":"https:\/\/mauweb.tamnguyen.vn\/gomsu\/wp-json\/wp\/v2\/pages"}],"about":[{"href":"https:\/\/mauweb.tamnguyen.vn\/gomsu\/wp-json\/wp\/v2\/types\/page"}],"author":[{"embeddable":true,"href":"https:\/\/mauweb.tamnguyen.vn\/gomsu\/wp-json\/wp\/v2\/users\/1"}],"replies":[{"embeddable":true,"href":"https:\/\/mauweb.tamnguyen.vn\/gomsu\/wp-json\/wp\/v2\/comments?post=1595"}],"version-history":[{"count":9,"href":"https:\/\/mauweb.tamnguyen.vn\/gomsu\/wp-json\/wp\/v2\/pages\/1595\/revisions"}],"predecessor-version":[{"id":1685,"href":"https:\/\/mauweb.tamnguyen.vn\/gomsu\/wp-json\/wp\/v2\/pages\/1595\/revisions\/1685"}],"wp:attachment":[{"href":"https:\/\/mauweb.tamnguyen.vn\/gomsu\/wp-json\/wp\/v2\/media?parent=1595"}],"curies":[{"name":"wp","href":"https:\/\/api.w.org\/{rel}","templated":true}]}}