{"id":803,"date":"2020-06-11T09:59:01","date_gmt":"2020-06-11T02:59:01","guid":{"rendered":"http:\/\/taphoa.ninhbinhsite.com\/?post_type=product&amp;p=803"},"modified":"2022-12-30T16:45:56","modified_gmt":"2022-12-30T09:45:56","slug":"gel-tam-vitamin-e-mango-and-avocado-oil-dicora-400ml","status":"publish","type":"product","link":"https:\/\/mauweb.tamnguyen.vn\/gioithieu7\/gel-tam-vitamin-e-mango-and-avocado-oil-dicora-400ml\/","title":{"rendered":"Gel t\u1eafm VITAMIN E &#8211; Mango and Avocado Oil Dicora"},"content":{"rendered":"<p><strong>Gel t\u1eafm VITAMIN E &#8211; Mango and Avocado Oil Dicora 400ml\u00a0<\/strong>gi\u00fap l\u00e0m s\u1ea1ch da, \u0111\u1ed3ng th\u1eddi cung c\u1ea5p Vitamin E, cho l\u00e0n da m\u1ecbn m\u00e0ng v\u00e0 h\u01b0\u01a1ng th\u01a1m d\u1ec5 ch\u1ecbu.<\/p>\n","protected":false},"excerpt":{"rendered":"<p>L\u00e0m m\u1edd v\u1ebft th\u00e2m n\u00e1m, t\u00e0n nhang, se kh\u00edt l\u1ed7 ch\u00e2n l\u00f4ng.Ng\u0103n ng\u1eeba l\u00e3o ho\u00e1 da s\u1edbm, cho l\u00e0n da tr\u1eafng s\u00e1ng m\u1ecbn m\u00e0ng.<\/p>\n","protected":false},"featured_media":858,"comment_status":"open","ping_status":"closed","template":"","meta":[],"product_cat":[48,25,26,55,56,28,59,32,33,60,61,38,41,42],"product_tag":[],"class_list":["post-803","product","type-product","status-publish","has-post-thumbnail","hentry","product_cat-cai-thien-tang-cuong-chuc-nang","product_cat-cham-soc-ca-nhan","product_cat-cham-soc-rang-mieng","product_cat-dau-ca-omega","product_cat-dung-cu-so-cuu","product_cat-duoc-my-pham","product_cat-gang-tay-chan-tinh-mach","product_cat-hang-tong-hop","product_cat-ho-tro-tinh-duc","product_cat-khau-trang","product_cat-lam-dep","product_cat-thiet-bi-y-te","product_cat-thuc-pham-chuc-nang","product_cat-thuoc"],"_links":{"self":[{"href":"https:\/\/mauweb.tamnguyen.vn\/gioithieu7\/wp-json\/wp\/v2\/product\/803","targetHints":{"allow":["GET"]}}],"collection":[{"href":"https:\/\/mauweb.tamnguyen.vn\/gioithieu7\/wp-json\/wp\/v2\/product"}],"about":[{"href":"https:\/\/mauweb.tamnguyen.vn\/gioithieu7\/wp-json\/wp\/v2\/types\/product"}],"replies":[{"embeddable":true,"href":"https:\/\/mauweb.tamnguyen.vn\/gioithieu7\/wp-json\/wp\/v2\/comments?post=803"}],"wp:featuredmedia":[{"embeddable":true,"href":"https:\/\/mauweb.tamnguyen.vn\/gioithieu7\/wp-json\/wp\/v2\/media\/858"}],"wp:attachment":[{"href":"https:\/\/mauweb.tamnguyen.vn\/gioithieu7\/wp-json\/wp\/v2\/media?parent=803"}],"wp:term":[{"taxonomy":"product_cat","embeddable":true,"href":"https:\/\/mauweb.tamnguyen.vn\/gioithieu7\/wp-json\/wp\/v2\/product_cat?post=803"},{"taxonomy":"product_tag","embeddable":true,"href":"https:\/\/mauweb.tamnguyen.vn\/gioithieu7\/wp-json\/wp\/v2\/product_tag?post=803"}],"curies":[{"name":"wp","href":"https:\/\/api.w.org\/{rel}","templated":true}]}}