{"id":782,"date":"2020-06-11T08:53:21","date_gmt":"2020-06-11T01:53:21","guid":{"rendered":"http:\/\/taphoa.ninhbinhsite.com\/?post_type=product&amp;p=782"},"modified":"2022-12-30T16:45:56","modified_gmt":"2022-12-30T09:45:56","slug":"xe-day-4-banh-nomi-gold-rush-safety1st-h2188eu-gr","status":"publish","type":"product","link":"https:\/\/mauweb.tamnguyen.vn\/gioithieu7\/xe-day-4-banh-nomi-gold-rush-safety1st-h2188eu-gr\/","title":{"rendered":"Xe \u0111\u1ea9y 4 b\u00e1nh Nomi Gold Rush SAFETY1ST"},"content":{"rendered":"<h4 class=\"the-title section-title\"><span style=\"color: #555555; font-size: 14.4px;\">&#8211; Ch\u1ed7 \u0111\u1ec3 ch\u00e2n c\u00f3 th\u1ec3 \u0111i\u1ec1u ch\u1ec9nh<\/span><\/h4>\n<div id=\"product-description\" class=\"product-description has-more-content table-responsive full-screen\">\n<p>&#8211; B\u00e1nh xe c\u00f3 th\u1ec3 th\u00e1o r\u1eddi<\/p>\n<p>&#8211; \u0110\u1ec7m ng\u1ed3i c\u00f3 th\u1ec3 th\u00e1o r\u1eddi (kh\u00e1ng khu\u1ea9n t\u1ef1 nhi\u00ean, l\u01b0\u1edbi tho\u00e1ng kh\u00ed)<\/p>\n<p>&#8211; Phanh \u1edf b\u00e1nh tr\u01b0\u1edbc v\u00e0 sau<\/p>\n<p><em><strong>1. \u0110i\u1ec1u ki\u1ec7n \u0111\u01b0\u1ee3c b\u1ea3o h\u00e0nh:\u00a0<\/strong><\/em><\/p>\n<p>&#8211; Th\u1eddi gian b\u1ea3o h\u00e0nh 12 th\u00e1ng t\u00ednh t\u1eeb ng\u00e0y b\u00e1n h\u00e0ng \u0111\u01b0\u1ee3c in tr\u00ean h\u00f3a \u0111\u01a1n c\u1ee7a Con C\u01b0ng<\/p>\n<p>&#8211; S\u1ea3n ph\u1ea9m thi\u1ebfu chi ti\u1ebft, th\u00e0nh ph\u1ea7n c\u1ea5u t\u1ea1o c\u1ee7a s\u1ea3n ph\u1ea9m, kh\u00e1c v\u1edbi m\u00f4 t\u1ea3 trong H\u01b0\u1edbng d\u1eabn s\u1eed d\u1ee5ng \u0111i k\u00e8m.<\/p>\n<p>&#8211; Chi ti\u1ebft \u0111\u01b0\u1ee3c b\u1ea3o h\u00e0nh: khung s\u01b0\u1eddn s\u1ea3n ph\u1ea9m. Kh\u00f4ng \u00e1p d\u1ee5ng cho c\u00e1c chi ti\u1ebft: v\u1ea3i b\u1ecdc, b\u00e1nh xe<\/p>\n<p><em><strong>2. Nh\u1eefng tr\u01b0\u1eddng h\u1ee3p kh\u00f4ng \u0111\u01b0\u1ee3c b\u1ea3o h\u00e0nh:<\/strong><\/em><\/p>\n<p>&#8211; Nh\u1eefng s\u1ea3n ph\u1ea9m kh\u00f4ng th\u1ec3 x\u00e1c \u0111\u1ecbnh \u0111\u01b0\u1ee3c ngu\u1ed3n g\u1ed1c mua t\u1ea1i NKID, NKID c\u00f3 quy\u1ec1n t\u1eeb ch\u1ed1i b\u1ea3o h\u00e0nh.<\/p>\n<p>&#8211; S\u1ea3n ph\u1ea9m \u0111\u00e3 qu\u00e1 th\u1eddi h\u1ea1n 12 th\u00e1ng b\u1ea3o h\u00e0nh- S\u1ea3n ph\u1ea9m b\u1ecb h\u01b0 h\u1ecfng do t\u00e1c \u0111\u1ed9ng c\u01a1 h\u1ecdc l\u00e0m r\u01a1i, v\u1ee1, va \u0111\u1eadp, tr\u1ea7y x\u01b0\u1edbc, m\u00f3p m\u00e9o, \u1ea9m \u01b0\u1edbt, hoen r\u1ec9 ho\u1eb7c do h\u1ecfa ho\u1ea1n, thi\u00ean tai g\u00e2y n\u00ean.<\/p>\n<p>&#8211; S\u1ea3n ph\u1ea9m c\u00f3 d\u1ea5u hi\u1ec7u h\u01b0 h\u1ecfng do chu\u1ed9t b\u1ecd ho\u1eb7c c\u00f4n tr\u00f9ng x\u00e2m nh\u1eadp.<\/p>\n<p>&#8211; S\u1ea3n ph\u1ea9m b\u1ecb h\u01b0 h\u1ecfng do s\u1eed d\u1ee5ng kh\u00f4ng \u0111\u00fang s\u00e1ch h\u01b0\u1edbng d\u1eabn.<\/p>\n<p>&#8211; T\u1ef1 \u00fd th\u00e1o d\u1ee1, thay \u0111\u1ed5i c\u1ea5u tr\u00fac s\u1ea3n ph\u1ea9m, s\u1eed d\u1ee5ng sai h\u01b0\u1edbng d\u1eabn, s\u1eed d\u1ee5ng linh ki\u1ec7n kh\u00f4ng \u0111\u00fang.<\/p>\n<\/div>\n","protected":false},"excerpt":{"rendered":"<p>Th\u1eddi gian b\u1ea3o h\u00e0nh 12 th\u00e1ng t\u00ednh t\u1eeb ng\u00e0y b\u00e1n h\u00e0ng \u0111\u01b0\u1ee3c in tr\u00ean h\u00f3a \u0111\u01a1n c\u1ee7a Con C\u01b0ng. S\u1ea3n ph\u1ea9m thi\u1ebfu chi ti\u1ebft, th\u00e0nh ph\u1ea7n c\u1ea5u t\u1ea1o c\u1ee7a s\u1ea3n ph\u1ea9m, kh\u00e1c v\u1edbi m\u00f4 t\u1ea3 trong H\u01b0\u1edbng d\u1eabn s\u1eed d\u1ee5ng \u0111i k\u00e8m.<\/p>\n","protected":false},"featured_media":854,"comment_status":"open","ping_status":"closed","template":"","meta":[],"product_cat":[41],"product_tag":[],"class_list":["post-782","product","type-product","status-publish","has-post-thumbnail","hentry","product_cat-thuc-pham-chuc-nang"],"_links":{"self":[{"href":"https:\/\/mauweb.tamnguyen.vn\/gioithieu7\/wp-json\/wp\/v2\/product\/782","targetHints":{"allow":["GET"]}}],"collection":[{"href":"https:\/\/mauweb.tamnguyen.vn\/gioithieu7\/wp-json\/wp\/v2\/product"}],"about":[{"href":"https:\/\/mauweb.tamnguyen.vn\/gioithieu7\/wp-json\/wp\/v2\/types\/product"}],"replies":[{"embeddable":true,"href":"https:\/\/mauweb.tamnguyen.vn\/gioithieu7\/wp-json\/wp\/v2\/comments?post=782"}],"wp:featuredmedia":[{"embeddable":true,"href":"https:\/\/mauweb.tamnguyen.vn\/gioithieu7\/wp-json\/wp\/v2\/media\/854"}],"wp:attachment":[{"href":"https:\/\/mauweb.tamnguyen.vn\/gioithieu7\/wp-json\/wp\/v2\/media?parent=782"}],"wp:term":[{"taxonomy":"product_cat","embeddable":true,"href":"https:\/\/mauweb.tamnguyen.vn\/gioithieu7\/wp-json\/wp\/v2\/product_cat?post=782"},{"taxonomy":"product_tag","embeddable":true,"href":"https:\/\/mauweb.tamnguyen.vn\/gioithieu7\/wp-json\/wp\/v2\/product_tag?post=782"}],"curies":[{"name":"wp","href":"https:\/\/api.w.org\/{rel}","templated":true}]}}