{"id":351,"date":"2020-05-27T22:54:59","date_gmt":"2020-05-27T15:54:59","guid":{"rendered":"http:\/\/taphoa.ninhbinhsite.com\/?post_type=product&amp;p=351"},"modified":"2022-12-30T16:45:56","modified_gmt":"2022-12-30T09:45:56","slug":"nestle-nan-organic-3-2-6-tuoi-900g","status":"publish","type":"product","link":"https:\/\/mauweb.tamnguyen.vn\/gioithieu7\/nestle-nan-organic-3-2-6-tuoi-900g\/","title":{"rendered":"Nestle NAN Organic 3, 2 &#8211; 6 tu\u1ed5i, 900g"},"content":{"rendered":"<div class=\"table-responsive full-screen\">\n<table class=\"table table-bordered table-striped p_bottom_0\">\n<tbody>\n<tr>\n<td>Th\u01b0\u01a1ng hi\u1ec7u<\/td>\n<td>Nestl\u00e9 NAN t\u1eeb Th\u1ee5y S\u0129<\/td>\n<\/tr>\n<tr>\n<td>Xu\u1ea5t x\u1ee9 s\u1ea3n ph\u1ea9m<\/td>\n<td>S\u1ea3n xu\u1ea5t b\u1edfi: Wyeth Nutritionals (Singapore) Ptd. LtdNh\u1eadp kh\u1ea9u v\u00e0 c\u00f4ng b\u1ed1 b\u1edfi: C\u00f4ng ty TNHH Nestl\u00e9 Vi\u1ec7t Nam &#8211; KCN Bi\u00ean H\u00f2a 2, ph\u01b0\u1eddng Long B\u00ecnh, th\u00e0nh ph\u1ed1 Bi\u00ean H\u00f2a, t\u1ec9nh \u0110\u1ed3ng Nai, Vi\u1ec7t Nam<\/td>\n<\/tr>\n<tr>\n<td>K\u00edch th\u01b0\u1edbc (D\u00e0i x R\u1ed9ng x Cao)<\/td>\n<td>131x131x189 mm<\/td>\n<\/tr>\n<tr>\n<td>Tr\u1ecdng l\u01b0\u1ee3ng s\u1ea3n ph\u1ea9m (kg)<\/td>\n<td>900gr<\/td>\n<\/tr>\n<tr>\n<td>\u0110\u1ed9 tu\u1ed5i ph\u00f9 h\u1ee3p<\/td>\n<td>Tr\u1ebb t\u1eeb 2 tu\u1ed5i \u0111\u1ebfn 6 tu\u1ed5i<\/td>\n<\/tr>\n<tr>\n<td>Th\u00e0nh ph\u1ea7n<\/td>\n<td>LACTOSE h\u1eefu c\u01a1, S\u1eeeA t\u00e1ch b\u00e9o (skimmed MILK) h\u1eefu c\u01a1, D\u1ea7u h\u01b0\u1edbng d\u01b0\u01a1ng gi\u00e0u Oleic, Maltodextrin, \u0110\u1ea0M WHEY (WHEY PROTEIN) h\u1eefu c\u01a1, D\u1ea7u h\u1ea1t c\u1ea3i c\u00f3 h\u00e0m l\u01b0\u1ee3ng axit Erucic th\u1ea5p, Fructo-oligosacarit, D\u1ea7u h\u01b0\u1edbng d\u01b0\u01a1ng, Kali citrate, Trisodium Citrate Dihydrate, Canxi hydro Phosphate dehydrate, Kali Clorua, Canxi Hydroxit, Vitamin C, Ch\u1ea5t nh\u0169 h\u00f3a Lecithin \u0110\u1eacU N\u00c0NH (SOYA lecithin), Magi\u00ea Chloride Hexahydrate, Natri hydro cacbonat, D\u1ea7u t\u1ea3o gi\u00e0u DHA, S\u1eaft Sulfate Heptahydrate, D\u1ea7u n\u1ea5m gi\u00e0u ARA, Ch\u1ea5t \u0111i\u1ec1u ch\u1ec9nh \u0111\u1ed9 axit axit Citric, K\u1ebdm sulfat, Nicotinamide, Ch\u1ea5t ch\u1ed1ng oxy h\u00f3a h\u1ed7n h\u1ee3p Tocopherol, Vitamin E, D\u1ea7u \u0110\u1eacU N\u00c0NH (SOYA bean oil), Vitamin B5, Vitamin A, Vitamin B1, \u0110\u1ed3ng sulfat Pentahydrate, Vitamin B6, Vitamin D3, Axit Folic, Kali io\u0111ua, Vitamin K1, Ch\u1ea5t ch\u1ed1ng oxy h\u00f3a Ascorbyl Palmitate, Biotin, Vitamin B12<\/td>\n<\/tr>\n<tr>\n<td>H\u01b0\u1edbng d\u1eabn s\u1eed d\u1ee5ng<\/td>\n<td>C\u00e1ch pha ch\u1ebf:1. R\u1eeda s\u1ea1ch tay tr\u01b0\u1edbc khi pha Nestl\u00e9\u00ae NAN\u00ae ORGANIC 3 cho tr\u1ebb.<\/p>\n<p>2. R\u1eeda c\u1ed1c v\u00e0 n\u1eafp \u0111\u1eady cho \u0111\u1ebfn khi kh\u00f4ng c\u00f2n b\u1ee3n b\u1ea9n.<\/p>\n<p>3. \u0110un s\u00f4i c\u1ed1c v\u00e0 n\u1eafp \u0111\u1eady trong 5 ph\u00fat. \u0110\u1eady n\u1eafp k\u00edn cho \u0111\u1ebfn khi s\u1eed d\u1ee5ng<\/p>\n<p>4. \u0110un s\u00f4i n\u01b0\u1edbc trong 5 ph\u00fat, \u0111\u1ec3 ngu\u1ed9i b\u1edbt.<\/p>\n<p>5. Tham kh\u1ea3o b\u1ea3ng h\u01b0\u1edbng d\u1eabn c\u00e1ch pha, r\u00f3t ch\u00ednh x\u00e1c l\u01b0\u1ee3ng n\u01b0\u1edbc \u1ea5m c\u1ea7n d\u00f9ng v\u00e0o c\u1ed1c \u0111\u00e3 \u0111\u01b0\u1ee3c lu\u1ed9c.<\/p>\n<p>6. Ch\u1ec9 d\u00f9ng mu\u1ed7ng l\u01b0\u1eddng trong h\u1ed9p v\u00e0 g\u1ea1t ngang mu\u1ed7ng l\u01b0\u1eddng v\u00e0o m\u00e9p\/ g\u1edd c\u1ee7a th\u00e0nh h\u1ed9p.<\/p>\n<p>7. Tham kh\u1ea3o b\u1ea3ng h\u01b0\u1edbng d\u1eabn c\u00e1ch pha, th\u00eam ch\u00ednh x\u00e1c s\u1ed1 l\u01b0\u1ee3ng mu\u1ed7ng l\u01b0\u1eddng (g\u1ea1t ngang) t\u01b0\u01a1ng \u1ee9ng v\u1edbi \u0111\u1ed9 tu\u1ed5i c\u1ee7a tr\u1ebb.<\/p>\n<p>8. Sau khi d\u00f9ng, \u0111\u1eb7t mu\u1ed7ng l\u01b0\u1eddng tr\u00ean gi\u00e1 treo b\u00ean trong h\u1ed9p.<\/p>\n<p>9. \u0110\u1eady n\u1eafp v\u00e0 l\u1eafc ho\u1eb7c khu\u1ea5y cho \u0111\u1ec1u \u0111\u1ebfn khi b\u1ed9t \u0111\u01b0\u1ee3c h\u00f2a tan ho\u00e0n to\u00e0n v\u00e0 cho tr\u1ebb u\u1ed1ng li\u1ec1n. Kh\u00f4ng gi\u1eef l\u1ea1i ph\u1ea7n th\u1eeba n\u1ebfu tr\u1ebb kh\u00f4ng u\u1ed1ng h\u1ebft.<\/td>\n<\/tr>\n<tr>\n<td>H\u01b0\u1edbng d\u1eabn b\u1ea3o qu\u1ea3n<\/td>\n<td>\u0110\u1eady k\u00edn n\u1eafp h\u1ed9p sau m\u1ed7i l\u1ea7n s\u1eed d\u1ee5ng v\u00e0 b\u1ea3o qu\u1ea3n n\u01a1i kh\u00f4 r\u00e1o. N\u00ean s\u1eed d\u1ee5ng trong v\u00f2ng 3 tu\u1ea7n sau khi m\u1edf h\u1ed9p.<\/td>\n<\/tr>\n<\/tbody>\n<\/table>\n<\/div>\n<h4 class=\"the-title section-title\">M\u00f4 t\u1ea3 s\u1ea3n ph\u1ea9m<\/h4>\n<div id=\"product-description\" class=\"product-description has-more-content table-responsive full-screen\">\n<p>&#8221; S\u1eefa m\u1eb9 l\u00e0 th\u1ee9c \u0103n t\u1ed1t nh\u1ea5t cho s\u1ee9c kh\u1ecfe v\u00e0 s\u1ef1 ph\u00e1t tri\u1ec3n to\u00e0n di\u1ec7n c\u1ee7a tr\u1ebb nh\u1ecf&#8221;<\/p>\n<p>S\u1ea3n ph\u1ea9m dinh d\u01b0\u1ee1ng c\u00f4ng th\u1ee9c Nestl\u00e9 NAN Organic 3 900G l\u00e0 s\u1ea3n ph\u1ea9m dinh d\u01b0\u1ee1ng c\u00f4ng th\u1ee9c h\u1eefu c\u01a1 d\u00e0nh cho tr\u1ebb t\u1eeb 2 \u0111\u1ebfn 6 tu\u1ed5i. Nestl\u00e9 NAN Organic 3 v\u1edbi c\u00e1c th\u00e0nh ph\u1ea7n* \u0111\u00e1p \u1ee9ng ti\u00eau chu\u1ea9n h\u1eefu c\u01a1 kh\u1eaft khe c\u1ee7a NASAA, c\u01a1 quan ch\u1ee9ng nh\u1eadn h\u1eefu c\u01a1 c\u1ee7a \u00dac. Nh\u1eefng th\u00e0nh ph\u1ea7n c\u00f3 ngu\u1ed3n g\u1ed1c t\u1eeb nh\u1eefng trang tr\u1ea1i m\u00e0 nh\u1eefng con b\u00f2 \u0111\u01b0\u1ee3c ti\u1ebfp c\u1eadn v\u1edbi kh\u00f4ng kh\u00ed trong l\u00e0nh v\u00e0 \u0103n c\u00e1c th\u1ee9c \u0103n h\u1eefu c\u01a1. Nestl\u00e9 NAN Organic 3 cung c\u1ea5p cho tr\u1ebb c\u00e1c ch\u1ea5t dinh d\u01b0\u1ee1ng h\u1ed7 tr\u1ee3 cho s\u1ef1 ph\u00e1t tri\u1ec3n kh\u1ecfe m\u1ea1nh v\u1ec1 th\u1ec3 ch\u1ea5t v\u00e0 tr\u00ed n\u00e3o.<\/p>\n<p>(*) s\u1eefa t\u00e1ch b\u00e9o, lactose, \u0111\u1ea1m whey<\/p>\n<p>&nbsp;<\/p>\n<p><img loading=\"lazy\" decoding=\"async\" src=\"https:\/\/concung.com\/storage\/images\/68a9051c6112c39b559c3b12997ec82b.png\" alt=\"IMG_5990 copy\" width=\"600\" height=\"600\" \/><\/p>\n<p><strong>TH\u00d4NG TIN S\u1ea2N PH\u1ea8M:<\/strong><\/p>\n<p>T\u00ean s\u1ea3n ph\u1ea9m: Nestle NAN Organic 3, 2 &#8211; 6 tu\u1ed5i, 900g<\/p>\n<p>H\u1ea1n s\u1eed d\u1ee5ng: 18 th\u00e1ng<\/p>\n<p>Nestle Nan Orgnaic 3 l\u00e0 s\u1ea3n ph\u1ea9m dinh d\u01b0\u1ee1ng c\u00f4ng th\u1ee9c h\u1eefu c\u01a1 d\u00e0nh cho tr\u1ebb t\u1eeb 2 \u0111\u1ebfn 6 tu\u1ed5i \u0111\u01b0\u1ee3c ch\u1ee9ng nh\u1eadn h\u1eefu c\u01a1 c\u1ee7a NASAA.<\/p>\n<p>&#8211; S\u1ea3n ph\u1ea9m dinh d\u01b0\u1ee1ng c\u00f4ng th\u1ee9c Nestl\u00e9\u00ae NAN\u00ae ORGANIC 3 900g v\u1edbi c\u00f4ng th\u1ee9c t\u1eeb Th\u1ee5y S\u1ef9<\/p>\n<p>&#8211; S\u1ea3n xu\u1ea5t b\u1edfi Wyeth Nutritionals (Singapore) Pte. Ltd<\/p>\n<p>&#8211; Nh\u1eadp kh\u1ea9u ch\u00ednh h\u00e3ng b\u1edfi Nestl\u00e9 Vi\u1ec7t Nam<\/p>\n<p>&#8211; S\u1ea3n ph\u1ea9m dinh d\u01b0\u1ee1ng c\u00f4ng th\u1ee9c cho tr\u1ebb t\u1eeb 2-6 tu\u1ed5i<\/p>\n<p><strong>M\u00c1CH B\u1ea0N<\/strong><\/p>\n<p>Nestl\u00e9 NAN ORGANIC 3 l\u00e0 s\u1ea3n ph\u1ea9m dinh d\u01b0\u1ee1ng c\u00f4ng th\u1ee9c h\u1eefu c\u01a1 d\u00e0nh cho tr\u1ebb t\u1eeb 2 \u0111\u1ebfn 6 tu\u1ed5i \u0111\u01b0\u1ee3c ch\u1ee9ng nh\u1eadn h\u1eefu c\u01a1 NASAA. NAN ORGANIC 3 cung c\u1ea5p cho tr\u1ebb c\u00e1c ch\u1ea5t dinh d\u01b0\u1ee1ng h\u1ed7 tr\u1ee3 cho s\u1ef1 ph\u00e1t tri\u1ec3n kh\u1ecfe m\u1ea1nh v\u1ec1 th\u1ec3 ch\u1ea5t v\u00e0 tr\u00ed n\u00e3o.<\/p>\n<p>\u2022 C\u00e1c th\u00e0nh ph\u1ea7n* t\u1eeb s\u1eefa: T\u1eeb 100% s\u1eefa h\u1eefu c\u01a1 c\u00f3 ngu\u1ed3n g\u1ed1c t\u1eeb c\u00e1c trang tr\u1ea1i b\u00f2 s\u1eefa h\u1eefu c\u01a1, tu\u00e2n th\u1ee7 c\u00e1c y\u00eau c\u1ea7u h\u1eefu c\u01a1 nghi\u00eam ng\u1eb7t nh\u1ea5t<\/p>\n<p>\u2022\u0110\u1ea1m Whey<\/p>\n<p>\u2022DHA &amp; ARA<\/p>\n<p>(*) s\u1eefa t\u00e1ch b\u00e9o, lactose, \u0111\u1ea1m whey.<\/p>\n<p>V\u1edbi h\u01a1n 150 n\u0103m kinh nghi\u1ec7m v\u1ec1 Dinh D\u01b0\u1ee1ng Tr\u1ebb nh\u1ecf, Nestl\u00e9 NAN kh\u00f4ng ch\u1ec9 mang \u0111\u1ebfn s\u1ea3n ph\u1ea9m ch\u1ea5t l\u01b0\u1ee3ng v\u00e0 gi\u1ea3i ph\u00e1p dinh d\u01b0\u1ee1ng to\u00e0n di\u1ec7n cho tr\u1ebb, m\u00e0 c\u00f2n \u0111\u1ed3ng h\u00e0nh c\u00f9ng c\u00e1c b\u00e0 m\u1eb9 theo \u0111u\u1ed5i nh\u1eefng g\u00ec t\u1ed1t \u0111\u1eb9p nh\u1ea5t v\u00ec s\u1ef1 kh\u1edfi \u0111\u1ea7u kh\u1ecfe m\u1ea1nh cho con.<\/p>\n<p>T\u1ed5 ch\u1ee9c Y t\u1ebf Th\u1ebf gi\u1edbi (WHO) khuy\u1ebfn c\u00e1o n\u00ean cho tr\u1ebb b\u00fa s\u1eefa m\u1eb9 ho\u00e0n to\u00e0n trong 6 th\u00e1ng \u0111\u1ea7u \u0111\u1eddi v\u00e0 ti\u1ebfp t\u1ee5c cho b\u00fa m\u1eb9 c\u00e0ng l\u00e2u c\u00e0ng t\u1ed1t. Nestl\u00e9 NAN Organic 3 l\u00e0 s\u1ea3n ph\u1ea9m dinh d\u01b0\u1ee1ng c\u00f4ng th\u1ee9c \u0111\u00e1p \u1ee9ng nh\u1eefng nhu c\u1ea7u dinh d\u01b0\u1ee1ng cho s\u1ef1 ph\u00e1t tri\u1ec3n c\u1ee7a tr\u1ebb kh\u1ecfe m\u1ea1nh t\u1eeb 2 tu\u1ed5i, kh\u00f4ng \u0111\u01b0\u1ee3c s\u1eed d\u1ee5ng cho tr\u1ebb d\u01b0\u1edbi 2 tu\u1ed5i. Kh\u00f4ng s\u1eed d\u1ee5ng cho tr\u1ebb b\u1ecb d\u1ecb \u1ee9ng v\u1edbi c\u00e1c th\u00e0nh ph\u1ea7n c\u1ee7a s\u1ea3n ph\u1ea9m. N\u00ean c\u00f3 s\u1ef1 h\u01b0\u1edbng d\u1eabn c\u1ee7a b\u00e1c s\u0129 tr\u01b0\u1edbc khi d\u00f9ng \u0111\u1ed1i v\u1edbi tr\u1ebb kh\u00f4ng dung n\u1ea1p lactose.<\/p>\n<\/div>\n","protected":false},"excerpt":{"rendered":"<p>S\u1ea3n ph\u1ea9m dinh d\u01b0\u1ee1ng c\u00f4ng th\u1ee9c Nestl\u00e9 NAN Organic 3 900G l\u00e0 s\u1ea3n ph\u1ea9m dinh d\u01b0\u1ee1ng c\u00f4ng th\u1ee9c h\u1eefu c\u01a1 d\u00e0nh cho tr\u1ebb t\u1eeb 2 \u0111\u1ebfn 6 tu\u1ed5i<\/p>\n","protected":false},"featured_media":855,"comment_status":"open","ping_status":"closed","template":"","meta":[],"product_cat":[49,25,52,26,53,27,56,57,28,60,35,63,64,38,39,40,41,42,43,44],"product_tag":[],"class_list":["post-351","product","type-product","status-publish","has-post-thumbnail","hentry","product_cat-canxi-khoang-chat","product_cat-cham-soc-ca-nhan","product_cat-cham-soc-da-mat","product_cat-cham-soc-rang-mieng","product_cat-cham-soc-toc-da-dau","product_cat-dung-cu-cao-rau","product_cat-dung-cu-so-cuu","product_cat-dung-cu-theo-doi","product_cat-duoc-my-pham","product_cat-khau-trang","product_cat-my-pham-trang-diem","product_cat-thao-duoc-thuc-pham-tu-nhien","product_cat-the-hinh-kiem-soat-can-nang","product_cat-thiet-bi-y-te","product_cat-thu-thai","product_cat-thuc-pham-do-uong","product_cat-thuc-pham-chuc-nang","product_cat-thuoc","product_cat-tui-chuom","product_cat-ve-sinh-ca-nhan"],"_links":{"self":[{"href":"https:\/\/mauweb.tamnguyen.vn\/gioithieu7\/wp-json\/wp\/v2\/product\/351","targetHints":{"allow":["GET"]}}],"collection":[{"href":"https:\/\/mauweb.tamnguyen.vn\/gioithieu7\/wp-json\/wp\/v2\/product"}],"about":[{"href":"https:\/\/mauweb.tamnguyen.vn\/gioithieu7\/wp-json\/wp\/v2\/types\/product"}],"replies":[{"embeddable":true,"href":"https:\/\/mauweb.tamnguyen.vn\/gioithieu7\/wp-json\/wp\/v2\/comments?post=351"}],"wp:featuredmedia":[{"embeddable":true,"href":"https:\/\/mauweb.tamnguyen.vn\/gioithieu7\/wp-json\/wp\/v2\/media\/855"}],"wp:attachment":[{"href":"https:\/\/mauweb.tamnguyen.vn\/gioithieu7\/wp-json\/wp\/v2\/media?parent=351"}],"wp:term":[{"taxonomy":"product_cat","embeddable":true,"href":"https:\/\/mauweb.tamnguyen.vn\/gioithieu7\/wp-json\/wp\/v2\/product_cat?post=351"},{"taxonomy":"product_tag","embeddable":true,"href":"https:\/\/mauweb.tamnguyen.vn\/gioithieu7\/wp-json\/wp\/v2\/product_tag?post=351"}],"curies":[{"name":"wp","href":"https:\/\/api.w.org\/{rel}","templated":true}]}}