{"id":349,"date":"2020-05-27T22:50:50","date_gmt":"2020-05-27T15:50:50","guid":{"rendered":"http:\/\/taphoa.ninhbinhsite.com\/?post_type=product&amp;p=349"},"modified":"2022-12-30T16:45:56","modified_gmt":"2022-12-30T09:45:56","slug":"bot-ngu-coc-ca-rot-pho-mai-va-bap-ngot-nghien-heinz","status":"publish","type":"product","link":"https:\/\/mauweb.tamnguyen.vn\/gioithieu7\/bot-ngu-coc-ca-rot-pho-mai-va-bap-ngot-nghien-heinz\/","title":{"rendered":"B\u1ed9t ng\u0169 c\u1ed1c, c\u00e0 r\u1ed1t, ph\u00f4 mai v\u00e0 b\u1eafp ng\u1ecdt nghi\u1ec1n &#8211; Heinz"},"content":{"rendered":"<p>&#8220;S\u1eefa m\u1eb9 l\u00e0 th\u1ee9c \u0103n t\u1ed1t nh\u1ea5t d\u00e0nh cho s\u1ee9c kh\u1ecfe v\u00e0 s\u1ef1 ph\u00e1t tri\u1ec3n to\u00e0n di\u1ec7n c\u1ee7a tr\u1ebb nh\u1ecf&#8221;<\/p>\n<p>S\u1ea3n ph\u1ea9m Kh\u00f4ng ch\u1ee9a m\u00e0u nh\u00e2n t\u1ea1o, ch\u1ea5t b\u1ea3o qu\u1ea3n, an to\u00e0n cho s\u1ee9c kh\u1ecfe. Cung c\u1ea5p 12 vitamin v\u00e0 kho\u00e1ng ch\u1ea5t c\u1ea7n thi\u1ebft. B\u1ed5 sung th\u00eam Canxi v\u00e0 s\u1eaft gi\u00fap tr\u1ebb nh\u1ecf ph\u00e1t tri\u1ec3n to\u00e0n di\u1ec7n. Gi\u00fap ph\u00e1t tri\u1ec3n h\u1ec7 x\u01b0\u01a1ng v\u00e0 r\u0103ng ch\u1eafc kh\u1ecfe<\/p>\n<p><img loading=\"lazy\" decoding=\"async\" src=\"https:\/\/concung.com\/storage\/images\/4cf6f6fcde5057c5c3552bb3df3ff7c1.png\" alt=\"HEINZ-MULTIGRAIN CARROT, SWEETCORN &amp; CHEESE-200G_white\" width=\"600\" height=\"600\" \/><\/p>\n<p>Th\u00e0nh ph\u1ea7n:\u00a0Rau (B\u00ed \u0111\u1ecf, C\u00e0 r\u1ed1t, Ng\u00f4 ng\u1ecdt), B\u1ed9t(58%, G\u1ea1o, Ng\u00f4, K\u00ea), Maltodextrin, D\u1ea7u c\u1ecd, Ph\u00f4 mai(5% ch\u1ee9a s\u1eefa), B\u1ed9t s\u1eefa g\u1ea7y, \u0110\u1ea1m s\u1eefa, H\u01b0\u01a1ng li\u1ec7u t\u1ef1 nhi\u00ean (ch\u1ee9a s\u1eefa), Inulin, Canxi cacbonat, Chi\u1ebft xu\u1ea5t n\u1ea5m men, Vitamin C, Vitamin E, K\u1ebdm sunphat, Niacin, S\u1eaft, Riboflavin, Vitamin B6, Thiamin, Vitamin A, Axit folic, Vitamin D, Vitamin B12<\/p>\n<p><strong>TH\u00d4NG TIN S\u1ea2N PH\u1ea8M<\/strong><\/p>\n<p>T\u00ean s\u1ea3n ph\u1ea9m:\u00a0B\u1ed9t ng\u0169 c\u1ed1c, c\u00e0 r\u1ed1t, ph\u00f4 mai v\u00e0 b\u1eafp ng\u1ecdt nghi\u1ec1n &#8211; Heinz<\/p>\n<p>Th\u01b0\u01a1ng hi\u1ec7u: HEINZ<\/p>\n<p>T\u00ean th\u01b0\u01a1ng nh\u00e2n nh\u1eadp kh\u1ea9u:\u00a0C\u00f4ng ty TNHH \u0110\u1ea5t M\u1edbi<\/p>\n<p>\u0110\u1ecba ch\u1ec9 th\u01b0\u01a1ng nh\u00e2n nh\u1eadp kh\u1ea9u:\u00a0L\u00f4 133 &#8211; 1C, \u0110\u1ea1i L\u1ed9 \u0110\u1ed9c L\u1eadp, KCN S\u00f3ng Th\u1ea7n 1, P. D\u0129 An, TX. D\u0129 An, T\u1ec9nh B\u00ecnh D\u01b0\u01a1ng<\/p>\n<p>T\u00ean nh\u00e0 s\u1ea3n xu\u1ea5t:\u00a0Kendal Nutricare Ltd<\/p>\n<p>\u0110\u1ecba ch\u1ec9 nh\u00e0 s\u1ea3n xu\u1ea5t:\u00a0Mint Bridge Road, Kendal Cumbria, UK LA9 6NL, KL 020M EC, United Kingdom<\/p>\n<p>Xu\u1ea5t x\u1ee9:\u00a0London, SE1 9SG<\/p>\n<p>\u0110\u1ed9 tu\u1ed5i s\u1eed d\u1ee5ng:\u00a07 th\u00e1ng tr\u1edf l\u00ean<\/p>\n<p>Th\u1eddi h\u1ea1n s\u1eed d\u1ee5ng: 18 Th\u00e1ng k\u1ec3 t\u1eeb ng\u00e0y s\u1ea3n xu\u1ea5t \u0111\u01b0\u1ee3c in tr\u00ean bao b\u00ec<\/p>\n<p>Ng\u00e0y s\u1ea3n xu\u1ea5t: \u0110\u01b0\u1ee3c in tr\u1ef1c ti\u1ebfp tr\u00ean bao b\u00ec<\/p>\n<p>Tr\u1ecdng l\u01b0\u1ee3ng: 200gr<\/p>\n<p><strong>H\u01af\u1edaNG D\u1eaaN S\u1eec D\u1ee4NG<\/strong><\/p>\n<p>Cho 1 mu\u1ed7ng s\u1ea3n ph\u1ea9m v\u00e0 3 mu\u1ed7ng n\u01b0\u1edbc \u0111un s\u00f4i v\u00e0o t\u00f4 v\u00e0 khu\u1ea5y \u0111\u1ec1u. \u0110\u1ec3 kho\u1ea3ng 2 ph\u00fat cho b\u1ed9t m\u1ec1m ra. Ki\u1ec3m tr\u1ea3 nhi\u1ec7t \u0111\u1ed9 tr\u01b0\u1edbc cho b\u00e9 \u0103n. C\u00f3 th\u1ec3 t\u0103ng (ho\u1eb7c gi\u1ea3m) l\u01b0\u1ee3ng s\u1eed d\u1ee5ng cho ph\u00f9 h\u1ee3p v\u1edbi nhu c\u1ea7u c\u1ee7a tr\u1ebb. Kh\u00f4ng cho tr\u1ebb s\u1eed d\u1ee5ng qu\u00e1 50\/ng\u00e0y<\/p>\n<p><strong>H\u01af\u1edaNG D\u1eaaN B\u1ea2O QU\u1ea2N<\/strong><\/p>\n<p>B\u1ea3o qu\u1ea3n n\u01a1i kh\u00f4 r\u00e1o, tho\u00e1ng m\u00e1t<\/p>\n<p>Th\u00f4ng tin c\u1ea3nh b\u1ea3o:\u00a0S\u1eed d\u1ee5ng trong v\u00f2ng 6 tu\u1ea7n k\u1ec3 t\u1eeb ng\u00e0y m\u1edf h\u1ed9p.<\/p>\n","protected":false},"excerpt":{"rendered":"<p>Cho 1 mu\u1ed7ng s\u1ea3n ph\u1ea9m v\u00e0 3 mu\u1ed7ng n\u01b0\u1edbc \u0111un s\u00f4i v\u00e0o t\u00f4 v\u00e0 khu\u1ea5y \u0111\u1ec1u. \u0110\u1ec3 kho\u1ea3ng 2 ph\u00fat cho b\u1ed9t m\u1ec1m ra. Ki\u1ec3m tr\u1ea3 nhi\u1ec7t \u0111\u1ed9 tr\u01b0\u1edbc cho b\u00e9 \u0103n. C\u00f3 th\u1ec3 t\u0103ng (ho\u1eb7c gi\u1ea3m) l\u01b0\u1ee3ng s\u1eed d\u1ee5ng cho ph\u00f9 h\u1ee3p v\u1edbi nhu c\u1ea7u c\u1ee7a tr\u1ebb. Kh\u00f4ng cho tr\u1ebb s\u1eed d\u1ee5ng qu\u00e1 50\/ng\u00e0y<\/p>\n","protected":false},"featured_media":856,"comment_status":"open","ping_status":"closed","template":"","meta":[],"product_cat":[48,49,25,50,26,53,54,55,28,59,35,37,63,64,41,42,43,44,47],"product_tag":[],"class_list":["post-349","product","type-product","status-publish","has-post-thumbnail","hentry","product_cat-cai-thien-tang-cuong-chuc-nang","product_cat-canxi-khoang-chat","product_cat-cham-soc-ca-nhan","product_cat-cham-soc-co-the","product_cat-cham-soc-rang-mieng","product_cat-cham-soc-toc-da-dau","product_cat-cham-soc-vung-mat","product_cat-dau-ca-omega","product_cat-duoc-my-pham","product_cat-gang-tay-chan-tinh-mach","product_cat-my-pham-trang-diem","product_cat-san-pham-tu-thien-nhien","product_cat-thao-duoc-thuc-pham-tu-nhien","product_cat-the-hinh-kiem-soat-can-nang","product_cat-thuc-pham-chuc-nang","product_cat-thuoc","product_cat-tui-chuom","product_cat-ve-sinh-ca-nhan","product_cat-vitamin"],"_links":{"self":[{"href":"https:\/\/mauweb.tamnguyen.vn\/gioithieu7\/wp-json\/wp\/v2\/product\/349","targetHints":{"allow":["GET"]}}],"collection":[{"href":"https:\/\/mauweb.tamnguyen.vn\/gioithieu7\/wp-json\/wp\/v2\/product"}],"about":[{"href":"https:\/\/mauweb.tamnguyen.vn\/gioithieu7\/wp-json\/wp\/v2\/types\/product"}],"replies":[{"embeddable":true,"href":"https:\/\/mauweb.tamnguyen.vn\/gioithieu7\/wp-json\/wp\/v2\/comments?post=349"}],"wp:featuredmedia":[{"embeddable":true,"href":"https:\/\/mauweb.tamnguyen.vn\/gioithieu7\/wp-json\/wp\/v2\/media\/856"}],"wp:attachment":[{"href":"https:\/\/mauweb.tamnguyen.vn\/gioithieu7\/wp-json\/wp\/v2\/media?parent=349"}],"wp:term":[{"taxonomy":"product_cat","embeddable":true,"href":"https:\/\/mauweb.tamnguyen.vn\/gioithieu7\/wp-json\/wp\/v2\/product_cat?post=349"},{"taxonomy":"product_tag","embeddable":true,"href":"https:\/\/mauweb.tamnguyen.vn\/gioithieu7\/wp-json\/wp\/v2\/product_tag?post=349"}],"curies":[{"name":"wp","href":"https:\/\/api.w.org\/{rel}","templated":true}]}}