{"id":345,"date":"2020-05-27T22:46:28","date_gmt":"2020-05-27T15:46:28","guid":{"rendered":"http:\/\/taphoa.ninhbinhsite.com\/?post_type=product&#038;p=345"},"modified":"2022-12-31T11:26:17","modified_gmt":"2022-12-31T04:26:17","slug":"thung-thuc-pham-bo-sung-enfagrow-a-360-brain-dha-huong-vani-8-loc","status":"publish","type":"product","link":"https:\/\/mauweb.tamnguyen.vn\/gioithieu7\/thung-thuc-pham-bo-sung-enfagrow-a-360-brain-dha-huong-vani-8-loc\/","title":{"rendered":"Th\u00f9ng th\u1ef1c ph\u1ea9m b\u1ed5 sungEnfagrow A 360 Brain"},"content":{"rendered":"<p><img loading=\"lazy\" decoding=\"async\" class=\"aligncenter\" src=\"https:\/\/concung.com\/storage\/images\/TOY-T11\/d92b1eaaf1304323bfe590b4c678059f.jpg\" alt=\"Th\u1ef1c ph\u1ea9m b\u1ed5 sung Enfagrow A+ 360 Brain DHA+ h\u01b0\u01a1ng Vani, L\u1ed1c 3 h\u1ed9p \" width=\"600\" height=\"600\" \/><\/p>\n<p>Th\u1ef1c ph\u1ea9m b\u1ed5 sung: Enfagrow A+ 360 Brain DHA+ h\u01b0\u01a1ng Vani, L\u1ed1c 3 h\u1ed9p \u0111\u01b0\u1ee3c nh\u1eadp kh\u1ea9u t\u1eeb Th\u00e1i Lan<\/p>\n<p><strong>\u0110\u1eb7c \u0111i\u1ec3m s\u1ea3n ph\u1ea9m:<\/strong><\/p>\n<p>&#8211; S\u1eefa b\u1ed9t pha s\u1eb5n nh\u1eadp kh\u1ea9u t\u1eeb Th\u00e1i Lan<\/p>\n<p>Th\u00e0nh ph\u1ea7n\u00a0: N\u01b0\u1edbc, s\u1eefa b\u1ed9t nguy\u00ean kem ( s\u1eefa b\u00f2), sucrose, b\u1ed9t cacao, c\u00e1c kho\u00e1ng ch\u1ea5t ( \u0111\u1ed3ng sulphat, s\u1eaft sulphat, magi\u00ea phosphat, mangan sulphat, kali cloride, kali hydroxit, natri iodide v\u00e0 k\u1ebdm sulphat), d\u1ea7u \u0111\u01a1n b\u00e0o ( d\u1ea7u Mortierella alpina, Crypthecodinium cohnii) l\u00e0 ngu\u1ed3n t\u1eeb axit Arachidonic ( ARA) v\u00e0 axit Docosahexaenoic ( DHA), ch\u1ea5t nh\u0169 h\u00f3a ( mono v\u00e0 diglyceride), c\u00e1c vitamin ( vitamin E, vitamin B5, vitamin D3, choline cloride, vitamin B12, axit folic, vitamin B3, vitamin K, vitamin B6, vitamin C, vitamin B1 v\u00e0 vitamin A palmitat), siro m\u1eadt b\u1eafp ( th\u1ef1c v\u1eadt), carrageenan ( th\u1ef1c v\u1eadt), \u0111\u01b0\u1eddng lactose.<\/p>\n<p><strong>H\u01b0\u1edbng d\u1eabn b\u1ea3o qu\u1ea3n:<\/strong><\/p>\n<p><strong>&#8211;\u00a0<\/strong>C\u00f3 th\u1ec3 kh\u00f4ng c\u1ea7n gi\u1eef l\u1ea1nh<\/p>\n<p>&#8211; N\u1ebfu \u0111\u00e3 m\u1edf, c\u1ea7n \u0111\u1ec3 trong t\u1ee7 l\u1ea1nh v\u00e0 s\u1eed d\u1ee5ng trong 24 gi\u1edd<\/p>\n<p>&#8211; L\u1eafc \u0111\u1ec1u tr\u01b0\u1edbc khi u\u1ed1ng<\/p>\n<p>H\u01b0\u1edbng d\u1eabn s\u1eed d\u1ee5ng\u00a0: C\u00f3 th\u1ec3 s\u1eed d\u1ee5ng t\u1eeb 1- 3 h\u1ed9p\/ng\u00e0y<\/p>\n<p>H\u1ea1n s\u1eed d\u1ee5ng:\u00a0D\u00f9ng tr\u01b0\u1edbc h\u1ea1n s\u1eed d\u1ee5ng (HSD) \u0111\u01b0\u1ee3c in tr\u00ean n\u1eafp h\u1ed9p<\/p>\n<p>\u0110\u1ecba ch\u1ec9 s\u1ea3n xu\u1ea5t: 89\/2, Moo 8, Soi Watsuansom, Poochaosamingprai Road, Tambon Samrong Tai,. Amphoe Phra Pradaeng, Samut Prakan 10130, Thailand.<\/p>\n<p>Xu\u1ea5t x\u1ee9:Th\u00e1i Lan<\/p>\n","protected":false},"excerpt":{"rendered":"<p>Deal Online ch\u1ec9 \u00e1p d\u1ee5ng cho th\u00e0nh vi\u00ean.\u00a0<strong>\u0110\u0103ng nh\u1eadp\u00a0<\/strong>ngay! <span style=\"color: #555555;\">Kh\u00f4ng \u00e1p d\u1ee5ng \u0111\u1ed3ng th\u1eddi c\u00e1c ch\u01b0\u01a1ng tr\u00ecnh khuy\u1ebfn m\u00e3i kh\u00e1c<\/span><\/p>\n","protected":false},"featured_media":859,"comment_status":"open","ping_status":"closed","template":"","meta":[],"product_cat":[41],"product_tag":[],"class_list":["post-345","product","type-product","status-publish","has-post-thumbnail","hentry","product_cat-thuc-pham-chuc-nang"],"_links":{"self":[{"href":"https:\/\/mauweb.tamnguyen.vn\/gioithieu7\/wp-json\/wp\/v2\/product\/345","targetHints":{"allow":["GET"]}}],"collection":[{"href":"https:\/\/mauweb.tamnguyen.vn\/gioithieu7\/wp-json\/wp\/v2\/product"}],"about":[{"href":"https:\/\/mauweb.tamnguyen.vn\/gioithieu7\/wp-json\/wp\/v2\/types\/product"}],"replies":[{"embeddable":true,"href":"https:\/\/mauweb.tamnguyen.vn\/gioithieu7\/wp-json\/wp\/v2\/comments?post=345"}],"wp:featuredmedia":[{"embeddable":true,"href":"https:\/\/mauweb.tamnguyen.vn\/gioithieu7\/wp-json\/wp\/v2\/media\/859"}],"wp:attachment":[{"href":"https:\/\/mauweb.tamnguyen.vn\/gioithieu7\/wp-json\/wp\/v2\/media?parent=345"}],"wp:term":[{"taxonomy":"product_cat","embeddable":true,"href":"https:\/\/mauweb.tamnguyen.vn\/gioithieu7\/wp-json\/wp\/v2\/product_cat?post=345"},{"taxonomy":"product_tag","embeddable":true,"href":"https:\/\/mauweb.tamnguyen.vn\/gioithieu7\/wp-json\/wp\/v2\/product_tag?post=345"}],"curies":[{"name":"wp","href":"https:\/\/api.w.org\/{rel}","templated":true}]}}