{"id":338,"date":"2020-05-27T20:57:59","date_gmt":"2020-05-27T13:57:59","guid":{"rendered":"http:\/\/taphoa.ninhbinhsite.com\/?post_type=product&amp;p=338"},"modified":"2022-12-30T16:45:56","modified_gmt":"2022-12-30T09:45:56","slug":"thuc-pham-dinh-duong-y-hoc-ensure-gold-vigor-237ml-loc-6-chai","status":"publish","type":"product","link":"https:\/\/mauweb.tamnguyen.vn\/gioithieu7\/thuc-pham-dinh-duong-y-hoc-ensure-gold-vigor-237ml-loc-6-chai\/","title":{"rendered":"Th\u1ef1c ph\u1ea9m dinh d\u01b0\u1ee1ng y h\u1ecdc Ensure Gold Vigor"},"content":{"rendered":"<div class=\"table-responsive full-screen\">\n<table class=\"table table-bordered table-striped p_bottom_0\">\n<tbody>\n<tr>\n<td>Th\u01b0\u01a1ng hi\u1ec7u<\/td>\n<td>ABBOTT<\/td>\n<\/tr>\n<tr>\n<td>Xu\u1ea5t x\u1ee9 s\u1ea3n ph\u1ea9m<\/td>\n<td>Hoa K\u1ef3<\/td>\n<\/tr>\n<tr>\n<td>\u0110\u1ed9 tu\u1ed5i ph\u00f9 h\u1ee3p<\/td>\n<td>Ng\u01b0\u1eddi l\u1edbn ho\u1eb7c ng\u01b0\u1eddi b\u1ec7nh<\/td>\n<\/tr>\n<tr>\n<td>H\u01b0\u1edbng d\u1eabn s\u1eed d\u1ee5ng<\/td>\n<td>&#8211; D\u00f9ng tr\u01b0\u1edbc h\u1ea1n s\u1eed d\u1ee5ng in \u1edf \u0111\u00e1y chai, l\u1eafc k\u1ef9 tr\u01b0\u1edbc khi d\u00f9ng.<br \/>\n&#8211; C\u00f3 th\u1ec3 d\u00f9ng \u1edf nhi\u1ec7t \u0111\u1ed9 ph\u00f2ng.<br \/>\n&#8211; D\u00f9ng nu\u00f4i \u0103n qua \u1ed1ng th\u00f4ng: Theo h\u01b0\u1edbng d\u1eabn c\u1ee7a b\u00e1c s\u0129\/chuy\u00ean gia dinh d\u01b0\u1ee1ng. Khi b\u1eaft \u0111\u1ea7u nu\u00f4i \u0103n qua \u1ed1ng th\u00f4ng, l\u01b0u l\u01b0\u1ee3ng v\u00e0 th\u1ec3 t\u00edch ph\u1ea3i \u0111\u01b0\u1ee3c \u0111i\u1ec1u ch\u1ec9nh t\u00f9y thu\u1ed9c v\u00e0o t\u00ecnh tr\u1ea1ng v\u00e0 \u0111\u1ed9 dung n\u1ea1p c\u1ee7a b\u1ec7nh nh\u00e2n.<br \/>\n&#8211; Ph\u1ea3i c\u1ea9n th\u1eadn \u0111\u1ec3 tr\u00e1nh nhi\u1ec5m khu\u1ea9n trong qu\u00e1 tr\u00ecnh nu\u00f4i \u0103n qua \u1ed1ng th\u00f4ng.<\/td>\n<\/tr>\n<tr>\n<td>H\u01b0\u1edbng d\u1eabn b\u1ea3o qu\u1ea3n<\/td>\n<td>&#8211; B\u1ea3o qu\u1ea3n \u1edf nhi\u1ec7t \u0111\u1ed9 ph\u00f2ng.<br \/>\n&#8211; Khi \u0111\u00e3 m\u1edf, ph\u1ea3i s\u1eed d\u1ee5ng ngay, ph\u1ea7n ch\u01b0a s\u1eed d\u1ee5ng ph\u1ea3i \u0111\u1eady k\u00edn, cho v\u00e0o t\u1ee7 l\u1ea1nh v\u00e0 d\u00f9ng trong v\u00f2ng 48 gi\u1edd.<\/td>\n<\/tr>\n<\/tbody>\n<\/table>\n<\/div>\n<h4 class=\"the-title section-title\">M\u00f4 t\u1ea3 s\u1ea3n ph\u1ea9m<\/h4>\n<div id=\"product-description\" class=\"product-description has-more-content table-responsive full-screen\">\n<p>Ensure Gold Vigor &#8211; 237ml &#8211; L\u1ed1c 6 chai\u00a0l\u00e0 c\u00f4ng th\u1ee9c dinh d\u01b0\u1ee1ng \u0111\u1ea7y \u0111\u1ee7 v\u00e0 c\u00e2n \u0111\u1ed1i d\u1ea1ng l\u1ecfng, b\u1ed5 sung dinh d\u01b0\u1ee1ng gi\u00fap duy tr\u00ec v\u00e0 t\u0103ng c\u01b0\u1eddng s\u1ee9c kh\u1ecfe, r\u1ea5t th\u00edch h\u1ee3p cho ng\u01b0\u1eddi \u1ed1m m\u1ec7t, suy dinh d\u01b0\u1ee1ng ho\u1eb7c l\u00e0m vi\u1ec7c nhi\u1ec1u.\u00a0<strong>Ensure Gold Vigor<\/strong>\u00a0ch\u1ee9a h\u1ec7 d\u01b0\u1ee1ng ch\u1ea5t SURE SYSTEM gi\u00fap nhanh ch\u00f3ng ph\u1ee5c h\u1ed3i s\u1ee9c kh\u1ecfe, \u0111\u1ed3ng th\u1eddi h\u1ed7 tr\u1ee3 h\u1ec7 th\u1ea7n kinh, n\u00e3o b\u1ed9 v\u00e0 tim m\u1ea1ch kh\u1ecfe m\u1ea1nh. V\u1edbi\u00a0<strong>Ensure Gold Vigor<\/strong>, b\u1ea1n \u0111ang \u0111\u01b0\u1ee3c h\u01b0\u1edfng th\u1ee5 nh\u1eefng th\u00e0nh t\u1ef1u khoa h\u1ecdc m\u1edbi nh\u1ea5t v\u1ec1 dinh d\u01b0\u1ee1ng.<\/p>\n<p><strong>\u0110\u1ed1i t\u01b0\u1ee3ng s\u1eed d\u1ee5ng:<\/strong>\u00a0Ng\u01b0\u1eddi l\u1edbn<\/p>\n<p><img loading=\"lazy\" decoding=\"async\" src=\"https:\/\/concung.com\/storage\/images\/PhamNga\/14c5c9632258d8a48aef7304afe97237.jpg\" alt=\"Ensure Gold Vigor - 237ml - L\u1ed1c 6 chai1\" width=\"600\" height=\"600\" \/><\/p>\n<p><strong>\u0110\u1eb6C \u0110I\u1ec2M N\u1ed4I B\u1eacT<\/strong><\/p>\n<p><strong>Ch\u1ee9a h\u1ec7 d\u01b0\u1ee1ng ch\u1ea5t SURE SYSTEM \u0111\u1ed9c \u0111\u00e1o:<\/strong><\/p>\n<p>&#8211; \u0110\u1ea7y \u0111\u1ee7 vitamin v\u00e0 kho\u00e1ng ch\u1ea5t thi\u1ebft y\u1ebfu, protein c\u00f3 gi\u00e1 tr\u1ecb sinh h\u1ecdc cao gi\u00fap nhanh ch\u00f3ng ph\u1ee5c h\u1ed3i s\u1ee9c kh\u1ecfe.<\/p>\n<p>&#8211; Gi\u00e0u cholin v\u00e0 acid oleic, gi\u00fap h\u1ed7 tr\u1ee3 h\u1ec7 th\u1ea7n kinh v\u00e0 n\u00e3o b\u1ed9 kh\u1ecfe m\u1ea1nh.<\/p>\n<p>&#8211; Gi\u00e0u MUFA, PUFA gi\u00fap h\u1ec7 tim m\u1ea1ch kh\u1ecfe m\u1ea1nh.<\/p>\n<p>&#8211; \u0110\u1eb7c bi\u1ec7t, Ensure Gold Vigor ch\u1ee9a h\u1ec7 d\u01b0\u1ee1ng ch\u1ea5t \u0111\u1ed9c \u0111\u00e1o CaltriusTM v\u1edbi h\u00e0m l\u01b0\u1ee3ng cao canxi k\u1ebft h\u1ee3p v\u1edbi t\u1ec9 l\u1ec7 h\u1ee3p l\u00fd Vitamin D v\u00e0 phospho gi\u00fap x\u01b0\u01a1ng kh\u1edbp kh\u1ecfe m\u1ea1nh.<\/p>\n<p>&#8211; Ensure Gold Vigor \u00edt lactose, kh\u00f4ng ch\u1ee9a transfat.<\/p>\n<p><img loading=\"lazy\" decoding=\"async\" src=\"https:\/\/concung.com\/storage\/images\/PhamNga\/86bb8c3cb299ec47be340fff0d65934d.jpg\" alt=\"Ensure Gold Vigor - 237ml - L\u1ed1c 6 chai3\" width=\"600\" height=\"600\" \/><\/p>\n<p><strong>C\u00e1ch d\u00f9ng:<\/strong><\/p>\n<p>&#8211; D\u00f9ng tr\u01b0\u1edbc h\u1ea1n s\u1eed d\u1ee5ng in \u1edf \u0111\u00e1y chai, l\u1eafc k\u1ef9 tr\u01b0\u1edbc khi d\u00f9ng. C\u00f3 th\u1ec3 d\u00f9ng \u1edf nhi\u1ec7t \u0111\u1ed9 ph\u00f2ng.<\/p>\n<p>&#8211; D\u00f9ng nu\u00f4i \u0103n qua \u1ed1ng th\u00f4ng: Theo h\u01b0\u1edbng d\u1eabn c\u1ee7a b\u00e1c s\u0129\/chuy\u00ean gia dinh d\u01b0\u1ee1ng. Khi b\u1eaft \u0111\u1ea7u nu\u00f4i \u0103n qua \u1ed1ng th\u00f4ng, l\u01b0u l\u01b0\u1ee3ng v\u00e0 th\u1ec3 t\u00edch ph\u1ea3i \u0111\u01b0\u1ee3c \u0111i\u1ec1u ch\u1ec9nh t\u00f9y thu\u1ed9c v\u00e0o t\u00ecnh tr\u1ea1ng v\u00e0 \u0111\u1ed9 dung n\u1ea1p c\u1ee7a b\u1ec7nh nh\u00e2n.<\/p>\n<p>&#8211; Ph\u1ea3i c\u1ea9n th\u1eadn \u0111\u1ec3 tr\u00e1nh nhi\u1ec5m khu\u1ea9n trong qu\u00e1 tr\u00ecnh nu\u00f4i \u0103n qua \u1ed1ng th\u00f4ng.<\/p>\n<p><strong>L\u01b0u \u00fd:<\/strong><\/p>\n<p>&#8211; S\u1ea3n ph\u1ea9m kh\u00f4ng d\u00f9ng cho ng\u01b0\u1eddi b\u1ecb galactose huy\u1ebft. Kh\u00f4ng d\u00f9ng cho tr\u1ebb d\u01b0\u1edbi 4 tu\u1ed5i.<\/p>\n<p>&#8211; Kh\u00f4ng d\u00f9ng \u0111\u01b0\u1eddng ti\u00eam.<\/p>\n<p><strong>C\u00e1ch b\u1ea3o qu\u1ea3n<\/strong><\/p>\n<p>&#8211; B\u1ea3o qu\u1ea3n \u1edf nhi\u1ec7t \u0111\u1ed9 ph\u00f2ng.<\/p>\n<p>&#8211; Khi \u0111\u00e3 m\u1edf, ph\u1ea3i s\u1eed d\u1ee5ng ngay, ph\u1ea7n ch\u01b0a s\u1eed d\u1ee5ng ph\u1ea3i \u0111\u1eady k\u00edn, cho v\u00e0o t\u1ee7 l\u1ea1nh v\u00e0 d\u00f9ng trong v\u00f2ng 48 gi\u1edd.<\/p>\n<p><strong>Xu\u1ea5t x\u1ee9:<\/strong>\u00a0Hoa K\u00ec<\/p>\n<\/div>\n","protected":false},"excerpt":{"rendered":"<p>M\u00f4 t\u1ea3 ng\u1eafn l\u00e0 s\u1ebd \u0111\u1ed5i n\u1ec1n m\u00e0u, D\u00f9ng nu\u00f4i \u0103n qua \u1ed1ng th\u00f4ng: Theo h\u01b0\u1edbng d\u1eabn c\u1ee7a b\u00e1c s\u0129\/chuy\u00ean gia dinh d\u01b0\u1ee1ng. Khi b\u1eaft \u0111\u1ea7u nu\u00f4i \u0103n qua \u1ed1ng th\u00f4ng, l\u01b0u l\u01b0\u1ee3ng v\u00e0 th\u1ec3 t\u00edch ph\u1ea3i \u0111\u01b0\u1ee3c \u0111i\u1ec1u ch\u1ec9nh t\u00f9y thu\u1ed9c v\u00e0o t\u00ecnh tr\u1ea1ng v\u00e0 \u0111\u1ed9 dung n\u1ea1p c\u1ee7a b\u1ec7nh nh\u00e2n<\/p>\n<p>M\u00f4 t\u1ea3 ng\u1eafn l\u00e0 s\u1ebd \u0111\u1ed5i n\u1ec1n m\u00e0u,<\/p>\n","protected":false},"featured_media":860,"comment_status":"open","ping_status":"closed","template":"","meta":[],"product_cat":[41],"product_tag":[],"class_list":["post-338","product","type-product","status-publish","has-post-thumbnail","hentry","product_cat-thuc-pham-chuc-nang"],"_links":{"self":[{"href":"https:\/\/mauweb.tamnguyen.vn\/gioithieu7\/wp-json\/wp\/v2\/product\/338","targetHints":{"allow":["GET"]}}],"collection":[{"href":"https:\/\/mauweb.tamnguyen.vn\/gioithieu7\/wp-json\/wp\/v2\/product"}],"about":[{"href":"https:\/\/mauweb.tamnguyen.vn\/gioithieu7\/wp-json\/wp\/v2\/types\/product"}],"replies":[{"embeddable":true,"href":"https:\/\/mauweb.tamnguyen.vn\/gioithieu7\/wp-json\/wp\/v2\/comments?post=338"}],"wp:featuredmedia":[{"embeddable":true,"href":"https:\/\/mauweb.tamnguyen.vn\/gioithieu7\/wp-json\/wp\/v2\/media\/860"}],"wp:attachment":[{"href":"https:\/\/mauweb.tamnguyen.vn\/gioithieu7\/wp-json\/wp\/v2\/media?parent=338"}],"wp:term":[{"taxonomy":"product_cat","embeddable":true,"href":"https:\/\/mauweb.tamnguyen.vn\/gioithieu7\/wp-json\/wp\/v2\/product_cat?post=338"},{"taxonomy":"product_tag","embeddable":true,"href":"https:\/\/mauweb.tamnguyen.vn\/gioithieu7\/wp-json\/wp\/v2\/product_tag?post=338"}],"curies":[{"name":"wp","href":"https:\/\/api.w.org\/{rel}","templated":true}]}}