{"id":328,"date":"2020-05-27T20:53:44","date_gmt":"2020-05-27T13:53:44","guid":{"rendered":"http:\/\/taphoa.ninhbinhsite.com\/?post_type=product&amp;p=328"},"modified":"2020-05-27T20:53:44","modified_gmt":"2020-05-27T13:53:44","slug":"similac-iq-4-hmo-huong-vani-900g-moi","status":"publish","type":"product","link":"https:\/\/mauweb.tamnguyen.vn\/gioithieu7\/similac-iq-4-hmo-huong-vani-900g-moi\/","title":{"rendered":"Similac IQ 4 (HMO) h\u01b0\u01a1ng vani 900g &#8211; M\u1edbi"},"content":{"rendered":"<p>&#8221; S\u1eefa m\u1eb9 l\u00e0 th\u1ee9c \u0103n t\u1ed1t nh\u1ea5t cho s\u1ee9c kh\u1ecfe v\u00e0 s\u1ef1 ph\u00e1t tri\u1ec3n to\u00e0n di\u1ec7n c\u1ee7a tr\u1ebb nh\u1ecf&#8221;<\/p>\n<p><img loading=\"lazy\" decoding=\"async\" src=\"https:\/\/concung.com\/storage\/images\/TOY-T11\/f8242fca21353e72914e2d67199c58c4.jpg\" alt=\"Similac IQ 4 (HMO) h\u01b0\u01a1ng vani 900g - M\u1edbi1\" width=\"600\" height=\"600\" \/><\/p>\n<p><strong>H\u01b0\u1edbng d\u1eabn pha s\u1eefa:<\/strong><\/p>\n<p>\u0110\u1ec3 pha m\u1ed9t l\u1ea7n s\u1eed d\u1ee5ng:<\/p>\n<p>3 mu\u1ed7ng b\u1ed9t g\u1ea1t ngang pha v\u1edbi 180ml n\u01b0\u1edbc \u0111un s\u00f4i \u0111\u1ec3 ngu\u1ed9i.<\/p>\n<p>S\u1eed d\u1ee5ng t\u1eeb 4-5 l\u1ea7n trong 24h ho\u1eb7c t\u00f9y theo s\u1ee9c kh\u1ecfe v\u00e0 nhu c\u1ea7u dinh d\u01b0\u1ee1ng c\u1ee7a t\u1eebng tr\u1ebb.<\/p>\n<p><strong>H\u1ea1n s\u1eed d\u1ee5ng:<\/strong>\u00a024 th\u00e1ng k\u1ec3 t\u1eeb ng\u00e0y s\u1ea3n xu\u1ea5t<\/p>\n","protected":false},"excerpt":{"rendered":"<p><strong>H\u01b0\u1edbng d\u1eabn pha s\u1eefa:<\/strong><\/p>\n<p>\u0110\u1ec3 pha m\u1ed9t l\u1ea7n s\u1eed d\u1ee5ng:<\/p>\n<p>3 mu\u1ed7ng b\u1ed9t g\u1ea1t ngang pha v\u1edbi 180ml n\u01b0\u1edbc \u0111un s\u00f4i \u0111\u1ec3 ngu\u1ed9i.<\/p>\n<p>S\u1eed d\u1ee5ng t\u1eeb 4-5 l\u1ea7n trong 24h ho\u1eb7c t\u00f9y theo s\u1ee9c kh\u1ecfe v\u00e0 nhu c\u1ea7u dinh d\u01b0\u1ee1ng c\u1ee7a t\u1eebng tr\u1ebb.<\/p>\n","protected":false},"featured_media":922,"comment_status":"open","ping_status":"closed","template":"","meta":[],"product_cat":[41],"product_tag":[],"class_list":["post-328","product","type-product","status-publish","has-post-thumbnail","hentry","product_cat-thuc-pham-chuc-nang"],"_links":{"self":[{"href":"https:\/\/mauweb.tamnguyen.vn\/gioithieu7\/wp-json\/wp\/v2\/product\/328","targetHints":{"allow":["GET"]}}],"collection":[{"href":"https:\/\/mauweb.tamnguyen.vn\/gioithieu7\/wp-json\/wp\/v2\/product"}],"about":[{"href":"https:\/\/mauweb.tamnguyen.vn\/gioithieu7\/wp-json\/wp\/v2\/types\/product"}],"replies":[{"embeddable":true,"href":"https:\/\/mauweb.tamnguyen.vn\/gioithieu7\/wp-json\/wp\/v2\/comments?post=328"}],"wp:featuredmedia":[{"embeddable":true,"href":"https:\/\/mauweb.tamnguyen.vn\/gioithieu7\/wp-json\/wp\/v2\/media\/922"}],"wp:attachment":[{"href":"https:\/\/mauweb.tamnguyen.vn\/gioithieu7\/wp-json\/wp\/v2\/media?parent=328"}],"wp:term":[{"taxonomy":"product_cat","embeddable":true,"href":"https:\/\/mauweb.tamnguyen.vn\/gioithieu7\/wp-json\/wp\/v2\/product_cat?post=328"},{"taxonomy":"product_tag","embeddable":true,"href":"https:\/\/mauweb.tamnguyen.vn\/gioithieu7\/wp-json\/wp\/v2\/product_tag?post=328"}],"curies":[{"name":"wp","href":"https:\/\/api.w.org\/{rel}","templated":true}]}}