{"id":326,"date":"2020-05-27T20:52:01","date_gmt":"2020-05-27T13:52:01","guid":{"rendered":"http:\/\/taphoa.ninhbinhsite.com\/?post_type=product&amp;p=326"},"modified":"2020-05-27T20:52:01","modified_gmt":"2020-05-27T13:52:01","slug":"combo-2-lon-enfagrow-premium-toddler-nutritional-680g","status":"publish","type":"product","link":"https:\/\/mauweb.tamnguyen.vn\/gioithieu7\/combo-2-lon-enfagrow-premium-toddler-nutritional-680g\/","title":{"rendered":"Combo 2 lon Enfagrow Premium Toddler Nutritional 680g"},"content":{"rendered":"<p>&#8221; S\u1eefa m\u1eb9 l\u00e0 th\u1ee9c \u0103n t\u1ed1t nh\u1ea5t cho s\u1ee9c kh\u1ecfe v\u00e0 s\u1ef1 ph\u00e1t tri\u1ec3n to\u00e0n di\u1ec7n c\u1ee7a tr\u1ebb nh\u1ecf&#8221;<\/p>\n<p>&#8221; S\u1ea3n ph\u1ea9m n\u00e0y l\u00e0 th\u1ee9c \u0103n b\u1ed5 sung v\u00e0 \u0111\u01b0\u1ee3c \u0103n th\u00eam c\u00f9ng v\u1edbi s\u1eefa m\u1eb9&#8221;<\/p>\n<p><img loading=\"lazy\" decoding=\"async\" class=\"aligncenter\" src=\"https:\/\/concung.com\/storage\/images\/adcf3d4d277db5826fb28277da3e82b8.jpg\" alt=\"1000\" width=\"600\" height=\"600\" \/><\/p>\n<p>S\u1ea3n ph\u1ea9m\u00a0\u0111\u01b0\u1ee3c nh\u1eadp kh\u1ea9u tr\u1ef1c ti\u1ebfp t\u1eeb M\u1ef9.<\/p>\n<p><strong>Th\u00e0nh ph\u1ea7n nguy\u00ean li\u1ec7u:<\/strong><\/p>\n<p>S\u1eefa b\u1ed9t t\u00e1ch b\u00e9o, siro m\u1eadt b\u1eafp, d\u1ea7u th\u1ef1c v\u1eadt (d\u1ea7u c\u1ecd Olein, d\u1ea7u d\u1eeba, d\u1ea7u \u0111\u1eadu n\u00e0nh v\u00e0 d\u1ea7u hoa h\u01b0\u1edbng d\u01b0\u01a1ng gi\u00e0u oleic), galactooligosaccharides, polydextrose, canxi carbonat, magie phosphate, mu\u1ed1i, s\u1eaft sunfate, k\u1ebdm sunfate, mangan sunfate, \u0111\u1ed3ng (II) sunfate, d\u1ea7u c\u00e1 ng\u1eeb, niacin, axit ascorbic, canxi pantothenate, vitamin B6, vitamin B1, vitamin D3, vitamin B2, axit folic, biotin, ch\u1ea5t ch\u1ed1ng oxi h\u00f3a (ascorbyl palmitate), vitamin E, vitamin A, h\u01b0\u01a1ng t\u1ef1 nhi\u00ean, ch\u1ea5t nh\u0169 h\u00f3a (soy lecithin). S\u1ea3n ph\u1ea9m c\u00f3 ch\u1ee9a \u0111\u1ea1m v\u00e0 \u0111\u1eadu n\u00e0nh.<\/p>\n<p><strong>H\u01b0\u1edbng d\u1eabn s\u1eed d\u1ee5ng:<\/strong><\/p>\n<p>Khuy\u1ebfn ngh\u1ecb: U\u1ed1ng 1 ly\/1ng\u00e0y, t\u1eeb ly th\u1ee9 2, tham kh\u1ea3o \u00fd ki\u1ebfn chuy\u00ean gia dinh d\u01b0\u1ee1ng.<\/p>\n<p>S\u1ee9c kh\u1ecfe c\u1ee7a tr\u1ebb t\u00f9y thu\u1ed9c v\u00e0o s\u1ef1 tu\u00e2n th\u1ee7 ch\u1eb7t ch\u1ebd c\u00e1c h\u01b0\u1edbng d\u1eabn d\u01b0\u1edbi \u0111\u00e2y:<\/p>\n<p>&#8211; V\u1ec7 sinh, chu\u1ea9n b\u1ecb d\u1ee5ng c\u1ee5, pha ch\u1ebf, s\u1eed d\u1ee5ng v\u00e0 b\u1ea3o qu\u1ea3n m\u1ed9t c\u00e1ch th\u00edch h\u1ee3p r\u1ea5t quan tr\u1ecdng trong qu\u00e1 tr\u00ecnh pha ch\u1ebf cho tr\u1ebb, n\u00ean h\u1ecfi \u00fd ki\u1ebfn b\u00e1c s\u0129 \u0111\u1ec3 bi\u1ebft lo\u1ea1i d\u1ee5ng c\u1ee5 n\u00e0o ph\u00f9 h\u1ee3p v\u1edbi con b\u1ea1n<\/p>\n<p>&#8211; R\u1eeda tay s\u1ea1ch v\u1edbi x\u00e0 ph\u00f2ng v\u00e0 n\u01b0\u1edbc tr\u01b0\u1edbc khi pha<\/p>\n<p>&#8211; R\u1eeda s\u1ea1ch c\u1ed1c hay d\u1ee5ng c\u1ee5 v\u00e0 n\u1eafp. \u0110un s\u00f4i c\u00e1c v\u1eadt d\u1ee5ng trong 1 ph\u00fat<\/p>\n<p>&#8211; \u0110un s\u00f4i n\u01b0\u1edbc trong 1 ph\u00fat. \u0110\u1ec3 n\u01b0\u1edbc ngu\u1ed9i \u0111\u1ebfn 40 \u0111\u1ed9 C (\u1ea5m) tr\u01b0\u1edbc khi pha- Cho \u0111\u00fang l\u01b0\u1ee3ng n\u01b0\u1edbc \u1ea5m v\u00e0o c\u1ed1c hay d\u1ee5ng c\u1ee5<\/p>\n<p>&#8211; Cho s\u1ea3n ph\u1ea9m v\u00e0o, \u0111\u1eady k\u1ef9 n\u1eafp d\u1ee5ng c\u1ee5 v\u00e0 l\u1eafc \u0111\u1ec1u<\/p>\n<p>&#8211; \u0110\u1ec3 pha m\u1ed9t ly Enfagrow cho tr\u1ebb, cho 3 mu\u1ed7ng g\u1ea1t (36g b\u1ed9t) v\u00e0o 6 ounces(t\u01b0\u01a1ng \u0111\u01b0\u01a1ng 180ml) n\u01b0\u1edbc \u1ea5m (kh\u00f4ng qu\u00e1 40 \u0111\u1ed9 C). Khu\u1ea5y hay l\u1eafc \u0111\u1ec1u, v\u00e0 cho tr\u1ebb s\u1eed d\u1ee5ng.<\/p>\n<p><strong>H\u01b0\u1ee1ng d\u1eabn b\u1ea3o qu\u1ea3n:\u00a0<\/strong><\/p>\n<p>B\u1ea3o qu\u1ea3n \u1edf nhi\u1ec7t \u0111\u1ed9 ph\u00f2ng.<\/p>\n<p>Kh\u00f4ng n\u00ean cho s\u1ea3n ph\u1ea9m v\u00e0o t\u1ee7 l\u1ea1nh.<\/p>\n<p>\u0110\u1eady k\u00edn n\u1eafp sau khi m\u1edf.<\/p>\n<p>B\u1ea3o qu\u1ea3n \u1edf n\u01a1i kh\u00f4 r\u00e1o v\u00e0 ch\u1ec9 s\u1eed d\u1ee5ng trong v\u00f2ng 1 th\u00e1ng sau l\u1ea7n m\u1edf h\u1ed9p \u0111\u1ea7u ti\u00ean.<\/p>\n<p><strong>Nh\u00e0 s\u1ea3n xu\u1ea5t:\u00a0<\/strong>Mead Johnson Nutrition &#8211;\u00a0 2400 West Lloyd Expressway Evansville, IN 47721 USA<\/p>\n<p><strong>Xu\u1ea5t x\u1ee9:<\/strong>\u00a0t\u1ea1i M\u1ef9. Nh\u1eadp kh\u1ea9u nguy\u00ean h\u1ed9p 100% b\u1edfi MEAD JOHNSON NUTRITION VI\u1ec6T NAM<\/p>\n<p><strong>Th\u01b0\u01a1ng hi\u1ec7u:<\/strong>\u00a0Mead Johnson<\/p>\n<p><strong>Kh\u1ed1i l\u01b0\u1ee3ng:<\/strong>\u00a0680g\/h\u1ed9p<\/p>\n","protected":false},"excerpt":{"rendered":"<p>Nh\u1eadp kh\u1ea9u nguy\u00ean h\u1ed9p 100% b\u1edfi MEAD JOHNSON NUTRITION VI\u1ec6T NAM<\/p>\n","protected":false},"featured_media":929,"comment_status":"open","ping_status":"closed","template":"","meta":[],"product_cat":[41],"product_tag":[],"class_list":["post-326","product","type-product","status-publish","has-post-thumbnail","hentry","product_cat-thuc-pham-chuc-nang"],"_links":{"self":[{"href":"https:\/\/mauweb.tamnguyen.vn\/gioithieu7\/wp-json\/wp\/v2\/product\/326","targetHints":{"allow":["GET"]}}],"collection":[{"href":"https:\/\/mauweb.tamnguyen.vn\/gioithieu7\/wp-json\/wp\/v2\/product"}],"about":[{"href":"https:\/\/mauweb.tamnguyen.vn\/gioithieu7\/wp-json\/wp\/v2\/types\/product"}],"replies":[{"embeddable":true,"href":"https:\/\/mauweb.tamnguyen.vn\/gioithieu7\/wp-json\/wp\/v2\/comments?post=326"}],"wp:featuredmedia":[{"embeddable":true,"href":"https:\/\/mauweb.tamnguyen.vn\/gioithieu7\/wp-json\/wp\/v2\/media\/929"}],"wp:attachment":[{"href":"https:\/\/mauweb.tamnguyen.vn\/gioithieu7\/wp-json\/wp\/v2\/media?parent=326"}],"wp:term":[{"taxonomy":"product_cat","embeddable":true,"href":"https:\/\/mauweb.tamnguyen.vn\/gioithieu7\/wp-json\/wp\/v2\/product_cat?post=326"},{"taxonomy":"product_tag","embeddable":true,"href":"https:\/\/mauweb.tamnguyen.vn\/gioithieu7\/wp-json\/wp\/v2\/product_tag?post=326"}],"curies":[{"name":"wp","href":"https:\/\/api.w.org\/{rel}","templated":true}]}}