{"id":324,"date":"2020-05-27T20:50:32","date_gmt":"2020-05-27T13:50:32","guid":{"rendered":"http:\/\/taphoa.ninhbinhsite.com\/?post_type=product&amp;p=324"},"modified":"2020-05-27T20:50:32","modified_gmt":"2020-05-27T13:50:32","slug":"freeship-combo-3-lon-nan-supreme-3-2hmo-800g-tang-1-lon","status":"publish","type":"product","link":"https:\/\/mauweb.tamnguyen.vn\/gioithieu7\/freeship-combo-3-lon-nan-supreme-3-2hmo-800g-tang-1-lon\/","title":{"rendered":"FREESHIP Combo 3 lon NAN Supreme 3 (2HMO) 800g t\u1eb7ng 1 lon"},"content":{"rendered":"<p>&#8221; S\u1eefa m\u1eb9 l\u00e0 th\u1ee9c \u0103n t\u1ed1t nh\u1ea5t cho s\u1ee9c kh\u1ecfe v\u00e0 s\u1ef1 ph\u00e1t tri\u1ec3n to\u00e0n di\u1ec7n c\u1ee7a tr\u1ebb nh\u1ecf&#8221;<\/p>\n<p><strong>S\u1ea3n ph\u1ea9m dinh d\u01b0\u1ee1ng c\u00f4ng th\u1ee9c Nestl\u00e9 NAN Supreme 3, 800g<\/strong>\u00a0l\u00e0 s\u1ea3n ph\u1ea9m ph\u00f9 h\u1ee3p cho b\u00e9 giai \u0111o\u1ea1n t\u1eeb 2-6 tu\u1ed3i<\/p>\n<p><strong>\u0110\u1eb7c \u0111i\u1ec3m s\u1ea3n ph\u1ea9m:<\/strong><\/p>\n<p>Nestl\u00e9\u00ae NAN\u00ae SUPREME\u00ae 3 l\u00e0 s\u1ea3n ph\u1ea9m dinh d\u01b0\u1ee1ng c\u00f4ng th\u1ee9c t\u1eeb Th\u1ee5y S\u0129, b\u1ed5 sung c\u00e1c d\u01b0\u1ee1ng ch\u1ea5t thi\u1ebft y\u1ebfu gi\u00fap tr\u1ebb t\u0103ng c\u01b0\u1eddng s\u1ee9c \u0111\u1ec1 kh\u00e1ng, d\u1ec5 ti\u00eau ho\u00e1, d\u1ec5 h\u1ea5p thu v\u00e0 ph\u00f2ng ng\u1eeba nguy c\u01a1 d\u1ecb \u1ee9ng (ch\u00e0m s\u1eefa).<\/p>\n<p>C\u00f4ng th\u1ee9c dinh d\u01b0\u1ee1ng Nestl\u00e9\u00ae NAN\u00aeSUPREME\u00ae 3 t\u1eeb Th\u1ee5y S\u0129 ch\u1ee9a:<\/p>\n<p>\u2022 Nestle HM-O 2&#8217;FL &amp; LNnT: C\u00f4ng th\u1ee9c \u0111\u1ea7u ti\u00ean b\u1ed5 sung HM-O 2&#8217;FL &amp; LNnT gi\u00fap t\u0103ng c\u01b0\u1eddng s\u1ee9c \u0111\u1ec1 kh\u00e1ng.<\/p>\n<p>\u2022 \u0110\u1ea0M CH\u1ea4T L\u01af\u1ee2NG OPTIPRO: \u0110\u1ea1m ch\u1ea5t l\u01b0\u1ee3ng Optipro\u00a0<strong>thu\u1ef7 ph\u00e2n m\u1ed9t ph\u1ea7n (HA)<\/strong>\u00a0gi\u00fap d\u1ec5 ti\u00eau ho\u00e1 v\u00e0 ph\u00f2ng ng\u1eeba nguy c\u01a1 d\u1ecb \u1ee9ng (ch\u00e0m s\u1eefa)<\/p>\n<p>\u2022 L\u1ee3i khu\u1ea9n BIFIDUS BL: Bl\u1ee3i khu\u1ea9n Bifidus BL gi\u00fap h\u1ed7 tr\u1ee3 s\u1ee9c \u0111\u1ec1 kh\u00e1ng<\/p>\n<p>\u2022 DHA v\u00e0 ARA: Hai axit b\u00e9o \u0111\u1eb7c bi\u1ec7t quan tr\u1ecdng gi\u00fap h\u1ed7 tr\u1ee3 ph\u00e1t tri\u1ec3n tr\u00ed n\u00e3o v\u00e0 th\u1ecb l\u1ef1c<br \/>\nNestl\u00e9\u00ae NAN\u00ae SUPREME \u00ae 3 \u0111\u01b0\u1ee3c ch\u1ee9ng nh\u1eadn an to\u00e0n cho tr\u1ebb b\u1edfi FDA (C\u1ee5c Qu\u1ea3n l\u00fd D\u01b0\u1ee3c ph\u1ea9m &amp; Th\u1ef1c ph\u1ea9m Hoa K\u1ef3) v\u00e0 EFSA (\u1ee6y ban ATTP Ch\u00e2u \u00c2u)<\/p>\n<p>&nbsp;<\/p>\n<p>&nbsp;<\/p>\n<p>&nbsp;<\/p>\n","protected":false},"excerpt":{"rendered":"<p><strong>Nestl\u00e9 Deutschland AG, Fussener Strasse 1, 87640 Biessenhofen, \u0110\u1ee9c<\/strong><\/p>\n","protected":false},"featured_media":928,"comment_status":"open","ping_status":"closed","template":"","meta":[],"product_cat":[41],"product_tag":[],"class_list":["post-324","product","type-product","status-publish","has-post-thumbnail","hentry","product_cat-thuc-pham-chuc-nang"],"_links":{"self":[{"href":"https:\/\/mauweb.tamnguyen.vn\/gioithieu7\/wp-json\/wp\/v2\/product\/324","targetHints":{"allow":["GET"]}}],"collection":[{"href":"https:\/\/mauweb.tamnguyen.vn\/gioithieu7\/wp-json\/wp\/v2\/product"}],"about":[{"href":"https:\/\/mauweb.tamnguyen.vn\/gioithieu7\/wp-json\/wp\/v2\/types\/product"}],"replies":[{"embeddable":true,"href":"https:\/\/mauweb.tamnguyen.vn\/gioithieu7\/wp-json\/wp\/v2\/comments?post=324"}],"wp:featuredmedia":[{"embeddable":true,"href":"https:\/\/mauweb.tamnguyen.vn\/gioithieu7\/wp-json\/wp\/v2\/media\/928"}],"wp:attachment":[{"href":"https:\/\/mauweb.tamnguyen.vn\/gioithieu7\/wp-json\/wp\/v2\/media?parent=324"}],"wp:term":[{"taxonomy":"product_cat","embeddable":true,"href":"https:\/\/mauweb.tamnguyen.vn\/gioithieu7\/wp-json\/wp\/v2\/product_cat?post=324"},{"taxonomy":"product_tag","embeddable":true,"href":"https:\/\/mauweb.tamnguyen.vn\/gioithieu7\/wp-json\/wp\/v2\/product_tag?post=324"}],"curies":[{"name":"wp","href":"https:\/\/api.w.org\/{rel}","templated":true}]}}