{"id":224,"date":"2020-05-27T15:50:40","date_gmt":"2020-05-27T08:50:40","guid":{"rendered":"http:\/\/taphoa.ninhbinhsite.com\/?post_type=product&amp;p=224"},"modified":"2020-05-27T15:50:40","modified_gmt":"2020-05-27T08:50:40","slug":"phao-boi-mickey-60cm-d702010-a","status":"publish","type":"product","link":"https:\/\/mauweb.tamnguyen.vn\/gioithieu7\/phao-boi-mickey-60cm-d702010-a\/","title":{"rendered":"Phao b\u01a1i Mickey 60cm D702010-A"},"content":{"rendered":"<div id=\"product-description\" class=\"product-description has-more-content table-responsive full-screen\">\n<p>Ch\u1ea5t li\u1ec7u an to\u00e0n<\/p>\n<p>&#8211; Phao b\u01a1i Mickey 60cm D702010-A \u0111\u01b0\u1ee3c l\u00e0m t\u1eeb ch\u1ea5t li\u1ec7u an to\u00e0n v\u1edbi b\u1ec1 m\u1eb7t m\u1ec1m m\u1ea1i, l\u00e1ng m\u1ecbn, b\u1ea3o v\u1ec7 l\u00e0n da b\u00e9 v\u00e0 kh\u00f4ng g\u00e2y k\u00edch \u1ee9ng cho da, gi\u00fap b\u00e9 tho\u1ea3i m\u00e1i khi vui ch\u01a1i.<\/p>\n<p>Th\u00edch h\u1ee3p s\u1eed d\u1ee5ng v\u1edbi b\u00e9<\/p>\n<p>&#8211; Phao b\u01a1i d\u1ea1ng h\u00ecnh tr\u00f2n, d\u1ec5 s\u1eed d\u1ee5ng v\u1edbi c\u00e1c b\u00e9. K\u00edch th\u01b0\u1edbc ph\u00f9 h\u1ee3p v\u1edbi b\u00e9 t\u1eeb 3 tu\u1ed5i tr\u1edf l\u00ean v\u1eeba \u0111\u1ea3m b\u1ea3o \u0111\u1ed9 an to\u00e0n khi t\u1eadp b\u01a1i, v\u1eeba cho b\u00e9 c\u1ea3m gi\u00e1c tho\u1ea3i m\u00e1i, d\u1ec5 ch\u1ecbu khi vui ch\u01a1i \u1edf c\u00e1c b\u1ec3 b\u01a1i c\u00f4ng c\u1ed9ng hay b\u1ec3 b\u01a1i trong nh\u00e0.<\/p>\n<p>&#8211; Ti\u1ec7n l\u1ee3i, thu\u1eadn ti\u1ec7n mang theo b\u1edfi c\u00f3 th\u1ec3 r\u00fat h\u01a1i v\u00e0 g\u1ea5p g\u1ecdn. Phao b\u01a1i d\u1ec5 d\u00e0ng b\u01a1m c\u0103ng l\u1ea1i ch\u1ec9 v\u1edbi b\u01a1m h\u01a1i b\u1eb1ng tay.<\/p>\n<p>M\u00e0u s\u1eafc n\u1ed5i b\u1eadt<\/p>\n<p>&#8211;\u00a0Phao b\u01a1i Mickey 60cm D702010-A thu h\u00fat b\u00e9 b\u1edfi r\u1ea5t m\u00e0u s\u1eafc n\u1ed5i b\u1eadt v\u00e0 h\u1ecda ti\u1ebft ng\u1ed9 ngh\u0129nh. H\u1ecda ti\u1ebft Mickey\u00a0\u0111\u00e1ng y\u00eau mang \u0111\u1ebfn cho b\u00e9 c\u1ea3m gi\u00e1c g\u1eafn k\u1ebft h\u01a1n v\u1edbi ho\u1ea1t \u0111\u1ed9ng vui ch\u01a1i d\u01b0\u1edbi n\u01b0\u1edbc trong nh\u1eefng ng\u00e0y h\u00e8, t\u1eeb \u0111\u00f3 t\u1ea1o cho b\u00e9 s\u1ef1 n\u1ed5i b\u1eadt v\u00e0 c\u1ea3m gi\u00e1c th\u00edch th\u00fa khi vui ch\u01a1i.<\/p>\n<p>&nbsp;<\/p>\n<div>\n<div><img loading=\"lazy\" decoding=\"async\" src=\"https:\/\/concung.com\/storage\/images\/nga\/03ce84298a13844593eb685cb635d92c.PNG\" alt=\"Phao b\u01a1i Mickey 60cm D702010-A.01\" width=\"600\" height=\"600\" \/><\/div>\n<div>\n<p><strong>TH\u00d4NG TIN S\u1ea2N PH\u1ea8M\u00a0<\/strong><\/p>\n<p>&#8211; T\u00ean s\u1ea3n ph\u1ea9m :\u00a0Phao b\u01a1i Mickey 60cm D702010-A<\/p>\n<p>&#8211; Th\u01b0\u01a1ng hi\u1ec7u:\u00a0Mesuca<\/p>\n<p>&#8211; Xu\u1ea5t x\u1ee9: Trung Qu\u1ed1c<\/p>\n<p>&#8211; Ch\u1ea5t li\u1ec7u: Nh\u1ef1a PVC<\/p>\n<p>&#8211; Tr\u1ecdng l\u01b0\u1ee3ng :0.25 kg<\/p>\n<p>&#8211; K\u00edch th\u01b0\u1edbc : 60 x 60 x 12 (cm)<\/p>\n<p>&#8211; Ph\u00f9 h\u1ee3p cho b\u00e9 t\u1eeb: 3 tu\u1ed5i tr\u1edf l\u00ean.<\/p>\n<p><strong>H\u01af\u1edaNG D\u1eaaN S\u1eec D\u1ee4NG\u00a0<\/strong><\/p>\n<p>&#8211; D\u00f9ng b\u01a1m chuy\u00ean d\u1ee5ng \u0111\u1ec3 th\u1ed5i kh\u00f4ng kh\u00ed v\u00e0o cho s\u1ea3n ph\u1ea9m c\u0103ng l\u00ean. Ho\u1eb7c b\u1ed1 m\u1eb9 c\u00f3 th\u1ec3 b\u00f3p tay \u1edf ph\u1ea7n van 1 chi\u1ec1u v\u00e0 th\u1ed5i b\u1eb1ng mi\u1ec7ng. Sau khi th\u1ed5i kh\u00f4ng kh\u00ed v\u00e0o ba m\u1eb9 \u0111\u1eady k\u00edn ph\u1ea7n van l\u1ea1i v\u00e0 \u1ea5n ph\u1ea7n van ch\u00ecm v\u00e0 b\u00ean trong l\u1eadt \u0111\u1eadt \u0111\u1ec3 van kh\u00f4ng b\u1ecb v\u01b0\u1edbng b\u00ean ngo\u00e0i.<\/p>\n<p>&#8211; B\u1ed1 m\u1eb9 d\u00f9ng 1 tay b\u00f3p ph\u1ea7n van 1 chi\u1ec1u, \u0111\u1ed3ng th\u1eddi d\u00f9ng tay c\u00f2n l\u1ea1i \u1ea5n ch\u1eb7t l\u1eadt \u0111\u1eadt \u0111\u1ec3 x\u1ea3 h\u01a1i ra ngo\u00e0i.<\/p>\n<p>&#8211; Cho b\u00e9 \u0111eo d\u00f9ng b\u01a1i d\u01b0\u1edbi n\u01b0\u1edbc.<\/p>\n<p>&#8211; S\u1eed d\u1ee5ng d\u01b0\u1edbi s\u1ef1 gi\u00e1m s\u00e1t c\u1ee7a ng\u01b0\u1eddi l\u1edbn trong l\u00fac b\u01a1i.<\/p>\n<p>&nbsp;<\/p>\n<\/div>\n<\/div>\n<div>\n<p><img loading=\"lazy\" decoding=\"async\" src=\"https:\/\/concung.com\/storage\/images\/nga\/6a4a9f9d13dde87882de3fdd05dcb06c.png\" alt=\"Phao b\u01a1i Mickey 60cm D702010-A.05\" width=\"600\" height=\"600\" \/><\/p>\n<p><strong>H\u01af\u1edaNG D\u1eaaN B\u1ea2O QU\u1ea2N\u00a0<\/strong><\/p>\n<p>&#8211; V\u1ec7 sinh tr\u01b0\u1edbc v\u00e0 sau s\u1eed d\u1ee5ng, tr\u00e1nh va \u0111\u1eadp m\u1ea1nh.<\/p>\n<\/div>\n<div>&#8211; Tr\u00e1nh xa ngu\u1ed3n nhi\u1ec7t.<\/div>\n<\/div>\n<div class=\"text-center\"><\/div>\n<div id=\"comment_post\" class=\"comment-page\">\n<div id=\"commentpage\"><\/div>\n<\/div>\n","protected":false},"excerpt":{"rendered":"<p>Ch\u1ea5t li\u1ec7u an to\u00e0n &#8211; Phao b\u01a1i Mickey 60cm D702010-A \u0111\u01b0\u1ee3c l\u00e0m t\u1eeb ch\u1ea5t li\u1ec7u an to\u00e0n v\u1edbi b\u1ec1 m\u1eb7t m\u1ec1m m\u1ea1i, l\u00e1ng m\u1ecbn, b\u1ea3o v\u1ec7 l\u00e0n da b\u00e9 v\u00e0 kh\u00f4ng g\u00e2y k\u00edch \u1ee9ng cho da, gi\u00fap b\u00e9 tho\u1ea3i m\u00e1i khi vui ch\u01a1i. Th\u00edch h\u1ee3p s\u1eed d\u1ee5ng v\u1edbi b\u00e9 &#8211; Phao b\u01a1i d\u1ea1ng h\u00ecnh tr\u00f2n,&#8230;<\/p>\n","protected":false},"featured_media":927,"comment_status":"open","ping_status":"closed","template":"","meta":[],"product_cat":[41],"product_tag":[],"class_list":["post-224","product","type-product","status-publish","has-post-thumbnail","hentry","product_cat-thuc-pham-chuc-nang"],"_links":{"self":[{"href":"https:\/\/mauweb.tamnguyen.vn\/gioithieu7\/wp-json\/wp\/v2\/product\/224","targetHints":{"allow":["GET"]}}],"collection":[{"href":"https:\/\/mauweb.tamnguyen.vn\/gioithieu7\/wp-json\/wp\/v2\/product"}],"about":[{"href":"https:\/\/mauweb.tamnguyen.vn\/gioithieu7\/wp-json\/wp\/v2\/types\/product"}],"replies":[{"embeddable":true,"href":"https:\/\/mauweb.tamnguyen.vn\/gioithieu7\/wp-json\/wp\/v2\/comments?post=224"}],"wp:featuredmedia":[{"embeddable":true,"href":"https:\/\/mauweb.tamnguyen.vn\/gioithieu7\/wp-json\/wp\/v2\/media\/927"}],"wp:attachment":[{"href":"https:\/\/mauweb.tamnguyen.vn\/gioithieu7\/wp-json\/wp\/v2\/media?parent=224"}],"wp:term":[{"taxonomy":"product_cat","embeddable":true,"href":"https:\/\/mauweb.tamnguyen.vn\/gioithieu7\/wp-json\/wp\/v2\/product_cat?post=224"},{"taxonomy":"product_tag","embeddable":true,"href":"https:\/\/mauweb.tamnguyen.vn\/gioithieu7\/wp-json\/wp\/v2\/product_tag?post=224"}],"curies":[{"name":"wp","href":"https:\/\/api.w.org\/{rel}","templated":true}]}}