{"id":218,"date":"2020-05-27T15:48:14","date_gmt":"2020-05-27T08:48:14","guid":{"rendered":"http:\/\/taphoa.ninhbinhsite.com\/?post_type=product&amp;p=218"},"modified":"2020-05-27T15:48:14","modified_gmt":"2020-05-27T08:48:14","slug":"phao-tay-minion-1223cm-xma1523","status":"publish","type":"product","link":"https:\/\/mauweb.tamnguyen.vn\/gioithieu7\/phao-tay-minion-1223cm-xma1523\/","title":{"rendered":"Phao tay Minion 12*23cm XMA1523"},"content":{"rendered":"<p>Phao tay l\u00e0 ph\u1ee5 ki\u1ec7n nh\u1ecf g\u1ecdn v\u00e0 l\u00e0 m\u1ed9t s\u1ef1 l\u1ef1a ch\u1ecdn h\u1ee3p l\u00fd cho vi\u1ec7c h\u1ecdc b\u01a1i c\u1ee7a b\u00e9.\u00a0Phao \u0111\u01b0\u1ee3c thi\u1ebft k\u1ebf h\u00ecnh\u00a0Minion\u00a0nhi\u1ec1u m\u00e0u s\u1eafc, l\u00e0m\u00a0c\u00e1c b\u00e9 nh\u00e0 b\u1ea1n n\u1ed5i b\u1eadt h\u01a1n t\u1ea1i h\u1ed3 b\u01a1i.<\/p>\n<p><strong>Ch\u1ea5t li\u1ec7u b\u1ec1n \u0111\u1eb9p<\/strong><\/p>\n<p>&#8211; Phao tay Minion XMA1523 \u0111\u01b0\u1ee3c l\u00e0m t\u1eeb ch\u1ea5t li\u1ec7u cao c\u1ea5p v\u1edbi \u0111\u1ed9 \u0111\u00e0n h\u1ed3i r\u1ea5t t\u1ed1t, \u00edt b\u1ecb bi\u1ebfn d\u1ea1ng c\u00f9ng b\u1ec1 m\u1eb7t m\u1ec1m m\u1ea1i, l\u00e1ng m\u1ecbn, b\u1ea3o v\u1ec7 l\u00e0n da b\u00e9 v\u00e0 kh\u00f4ng g\u00e2y k\u00edch \u1ee9ng cho da, gi\u00fap b\u00e9 tho\u1ea3i m\u00e1i khi vui ch\u01a1i.<\/p>\n<div>\n<p><img loading=\"lazy\" decoding=\"async\" src=\"https:\/\/concung.com\/storage\/images\/nga\/63e945986820c6c444ccf9592081dc9b.png\" alt=\"Phao tay Minion 1223cm XMA1523.02\" width=\"600\" height=\"600\" \/><\/p>\n<p>Thi\u1ebft k\u1ebf nh\u1ecf g\u1ecdn<\/p>\n<p>&#8211; Phao tay g\u1eafn v\u00e0o tay b\u00e9, gi\u00fap b\u00e9 gi\u1eef th\u0103ng b\u1eb1ng t\u1ed1t h\u01a1n, \u0111\u1eb7c bi\u1ec7t th\u00edch h\u1ee3p v\u1edbi c\u00e1c b\u00e9 \u0111ang t\u1eadp b\u01a1i ho\u1eb7c l\u1ea7n \u0111\u1ea7u xu\u1ed1ng b\u1ec3 b\u01a1i.<\/p>\n<p>&#8211; K\u00edch th\u01b0\u1edbc nh\u1ecf g\u1ecdn c\u1ee7a phao tay c\u00f3 th\u1ec3 cho b\u00e9 s\u1eed d\u1ee5ng ngay c\u1ea3 khi b\u00e9 vui ch\u01a1i t\u1ea1i b\u1ec3 phao trong nh\u00e0. Ti\u1ec7n d\u1ee5ng, an to\u00e0n cho b\u00e9 khi \u0111i b\u01a1i \u1edf\u00a0c\u00f4ng c\u1ed9ng hay \u0111i bi\u1ec3n.<\/p>\n<p>&#8211; Tr\u1ecdng l\u01b0\u1ee3ng nh\u1eb9 nh\u00e0ng, kh\u00f4ng g\u00e2y c\u1ea3n tr\u1edf v\u1eadn \u0111\u1ed9ng. Th\u00e0nh trong ph\u1eb3ng \u00f4m s\u00e1t \u00eam \u00e1i mang \u0111\u1ebfn c\u1ea3m gi\u00e1c tho\u1ea3i m\u00e1i, d\u1ec5 ch\u1ecbu nh\u01b0ng v\u1eabn v\u00f4 c\u00f9ng an to\u00e0n.<\/p>\n<p>&#8211; Phao tay c\u00f3 2 khoang kh\u00ed v\u1edbi van ri\u00eang bi\u1ec7t, d\u1ec5 d\u00e0ng, nhanh ch\u00f3ng b\u01a1m c\u0103ng b\u1eb1ng b\u01a1m tay ti\u1ec7n l\u1ee3i. \u0110\u1ea7u van kh\u00ed th\u1ee5t v\u00e0o trong, n\u1eb1m \u1edf v\u1ecb tr\u00ed c\u00e1ch xa tay \u0111\u1ec3 kh\u00f4ng g\u00e2y v\u01b0\u1edbng v\u00edu. V\u00e0 khi b\u00e9 ch\u01a1i xong b\u1ed1 m\u1eb9 d\u00f9ng tay b\u00f3p nh\u1eb9 ph\u1ea7n van kh\u00ed \u0111\u1ec3 x\u1ea3 kh\u00f4ng kh\u00ed ra ngo\u00e0i.<\/p>\n<p>H\u1ecda ti\u1ebft n\u1ed5i b\u1eadt<\/p>\n<p>&#8211; Phao tay in h\u00ecnh Minion\u00a0ng\u1ed9 ngh\u0129nh c\u00f9ng m\u00e0u s\u1eafc t\u01b0\u01a1i s\u00e1ng ph\u00f9 h\u1ee3p v\u1edbi c\u00e1c ho\u1ea1t \u0111\u1ed9ng d\u01b0\u1edbi n\u01b0\u1edbc, cho b\u00e9 th\u00eam ph\u1ea7n n\u1ed5i b\u1eadt v\u00e0 th\u00edch th\u00fa khi vui ch\u01a1i.<\/p>\n<p>&#8211; V\u1edbi m\u00e0u v\u00e0ng n\u1ed5i b\u1eadt, b\u1eaft m\u1eaft, s\u1ea3n ph\u1ea9m gi\u00fap k\u00edch th\u00edch th\u1ecb gi\u00e1c c\u1ee7a b\u00e9 hi\u1ec7u qu\u1ea3.<\/p>\n<p><strong>TH\u00d4NG TIN S\u1ea2N PH\u1ea8M\u00a0<\/strong><\/p>\n<p>&#8211; T\u00ean s\u1ea3n ph\u1ea9m : Phao tay Minion XMA1523<\/p>\n<p>&#8211; Th\u01b0\u01a1ng hi\u1ec7u:\u00a0Mesuca<\/p>\n<p>&#8211; Xu\u1ea5t x\u1ee9: Trung Qu\u1ed1c<\/p>\n<p>&#8211; Ch\u1ea5t li\u1ec7u: Nh\u1ef1a PVC<\/p>\n<p>&#8211; Tr\u1ecdng l\u01b0\u1ee3ng :0.09 kg<\/p>\n<p>&#8211; K\u00edch th\u01b0\u1edbc : R\u1ed9ng x d\u00e0i x cao = 17 x 12 x 13 ( cm)<\/p>\n<p>&#8211; S\u1ed1 l\u01b0\u1ee3ng : 1 c\u1eb7p( 2 c\u00e1i)<\/p>\n<p>&#8211; Ph\u00f9 h\u1ee3p cho b\u00e9 t\u1eeb: 3 tu\u1ed5i tr\u1edf l\u00ean.<\/p>\n<p><strong>H\u01af\u1edaNG D\u1eaaN S\u1eec D\u1ee4NG\u00a0<\/strong><\/p>\n<p>&#8211; D\u00f9ng b\u01a1m chuy\u00ean d\u1ee5ng \u0111\u1ec3 th\u1ed5i kh\u00f4ng kh\u00ed v\u00e0o cho s\u1ea3n ph\u1ea9m c\u0103ng l\u00ean. Ho\u1eb7c b\u1ed1 m\u1eb9 c\u00f3 th\u1ec3 b\u00f3p tay \u1edf ph\u1ea7n van 1 chi\u1ec1u v\u00e0 th\u1ed5i b\u1eb1ng mi\u1ec7ng. Sau khi th\u1ed5i kh\u00f4ng kh\u00ed v\u00e0o ba m\u1eb9 \u0111\u1eady k\u00edn ph\u1ea7n van l\u1ea1i v\u00e0 \u1ea5n ph\u1ea7n van ch\u00ecm v\u00e0 b\u00ean trong l\u1eadt \u0111\u1eadt \u0111\u1ec3 van kh\u00f4ng b\u1ecb v\u01b0\u1edbng b\u00ean ngo\u00e0i.<\/p>\n<\/div>\n","protected":false},"excerpt":{"rendered":"<p>Phao tay l\u00e0 ph\u1ee5 ki\u1ec7n nh\u1ecf g\u1ecdn v\u00e0 l\u00e0 m\u1ed9t s\u1ef1 l\u1ef1a ch\u1ecdn h\u1ee3p l\u00fd cho vi\u1ec7c h\u1ecdc b\u01a1i c\u1ee7a b\u00e9.\u00a0Phao \u0111\u01b0\u1ee3c thi\u1ebft k\u1ebf h\u00ecnh\u00a0Minion\u00a0nhi\u1ec1u m\u00e0u s\u1eafc, l\u00e0m\u00a0c\u00e1c b\u00e9 nh\u00e0 b\u1ea1n n\u1ed5i b\u1eadt h\u01a1n t\u1ea1i h\u1ed3 b\u01a1i. Ch\u1ea5t li\u1ec7u b\u1ec1n \u0111\u1eb9p &#8211; Phao tay Minion XMA1523 \u0111\u01b0\u1ee3c l\u00e0m t\u1eeb ch\u1ea5t li\u1ec7u cao c\u1ea5p v\u1edbi \u0111\u1ed9&#8230;<\/p>\n","protected":false},"featured_media":923,"comment_status":"open","ping_status":"closed","template":"","meta":[],"product_cat":[41],"product_tag":[],"class_list":["post-218","product","type-product","status-publish","has-post-thumbnail","hentry","product_cat-thuc-pham-chuc-nang"],"_links":{"self":[{"href":"https:\/\/mauweb.tamnguyen.vn\/gioithieu7\/wp-json\/wp\/v2\/product\/218","targetHints":{"allow":["GET"]}}],"collection":[{"href":"https:\/\/mauweb.tamnguyen.vn\/gioithieu7\/wp-json\/wp\/v2\/product"}],"about":[{"href":"https:\/\/mauweb.tamnguyen.vn\/gioithieu7\/wp-json\/wp\/v2\/types\/product"}],"replies":[{"embeddable":true,"href":"https:\/\/mauweb.tamnguyen.vn\/gioithieu7\/wp-json\/wp\/v2\/comments?post=218"}],"wp:featuredmedia":[{"embeddable":true,"href":"https:\/\/mauweb.tamnguyen.vn\/gioithieu7\/wp-json\/wp\/v2\/media\/923"}],"wp:attachment":[{"href":"https:\/\/mauweb.tamnguyen.vn\/gioithieu7\/wp-json\/wp\/v2\/media?parent=218"}],"wp:term":[{"taxonomy":"product_cat","embeddable":true,"href":"https:\/\/mauweb.tamnguyen.vn\/gioithieu7\/wp-json\/wp\/v2\/product_cat?post=218"},{"taxonomy":"product_tag","embeddable":true,"href":"https:\/\/mauweb.tamnguyen.vn\/gioithieu7\/wp-json\/wp\/v2\/product_tag?post=218"}],"curies":[{"name":"wp","href":"https:\/\/api.w.org\/{rel}","templated":true}]}}