{"id":216,"date":"2020-05-27T15:45:48","date_gmt":"2020-05-27T08:45:48","guid":{"rendered":"http:\/\/taphoa.ninhbinhsite.com\/?post_type=product&amp;p=216"},"modified":"2020-05-27T15:45:48","modified_gmt":"2020-05-27T08:45:48","slug":"combo-dau-goi-ngan-rung-toc-tsubaki-500ml-va-dau-xa-ngan-rung-toc-tsubaki-500ml","status":"publish","type":"product","link":"https:\/\/mauweb.tamnguyen.vn\/gioithieu7\/combo-dau-goi-ngan-rung-toc-tsubaki-500ml-va-dau-xa-ngan-rung-toc-tsubaki-500ml\/","title":{"rendered":"Combo D\u1ea7u G\u1ed9i Ng\u0103n R\u1ee5ng T\u00f3c Tsubaki 500ML"},"content":{"rendered":"<p><strong>D\u1ea7u G\u1ed9i Ng\u0103n R\u1ee5ng T\u00f3c Tsubaki 500ML<\/strong>\u00a0ng\u0103n r\u1ee5ng t\u00f3c gi\u00fap t\u00f3c b\u1ed3ng b\u1ec1nh v\u00e0 ch\u1eafc kh\u1ecfe<\/p>\n<p><img loading=\"lazy\" decoding=\"async\" src=\"https:\/\/concung.com\/storage\/images\/P\/4740b6b32eece989f71ff4c23cf25ef0.jpg\" alt=\"1961000000008 copy copy copy\" width=\"600\" height=\"600\" \/><\/p>\n<p><strong>\u0110\u1eb7c \u0111i\u1ec3m s\u1ea3n ph\u1ea9m:<\/strong><\/p>\n<p>\u2022 H\u1ee3p ch\u1ea5t b\u1ed5 sung collagen v\u00e0 glycerin gi\u00fap da \u0111\u1ea7u kh\u1ecfe m\u1ea1nh c\u1ea3i thi\u1ec7n c\u00e1c d\u1ea5u hi\u1ec7u l\u00e3o h\u00f3a v\u00e0 t\u0103ng kh\u1ea3 n\u0103ng ph\u1ee5c h\u1ed3i t\u1eeb trong ra ngo\u00e0i cho ma\u0301i t\u00f3c b\u1ed3ng b\u1ec1nh v\u00e0 ch\u1eafc kh\u1ecfe.<\/p>\n<p>\u2022 H\u1ee3p ch\u1ea5t hoa tr\u00e0 l\u00ean men v\u00e0 chi\u1ebft xu\u1ea5t tinh d\u1ea7u hoa tr\u00e0 Nh\u1eadt B\u1ea3n nhe\u0323 nh\u00e0ng ch\u0103m s\u00f3c da \u0111\u1ea7u, nu\u00f4i d\u01b0\u01a1\u0303ng t\u00f3c t\u1eeb s\u00e2u b\u00ean trong \u0111\u1ec3 t\u00f3c lu\u00f4n m\u1ec1m m\u01b0\u1ee3t v\u00e0 \u00f3ng \u1ea3.<\/p>\n<p>\u2022 M\u00f9i h\u01b0\u01a1ng nh\u1eb9 nh\u00e0ng, thanh ma\u0301t t\u1eeb hoa v\u00e0 tr\u00e1i c\u00e2y.<\/p>\n<p><strong>Th\u00e0nh ph\u1ea7n:<\/strong><\/p>\n<p>water (aqua), sodium laureth sulfate, cocamidopropyl betaine, sorbitol, peg-2 laurate, sodium sulfate, dipropylene glycol, fragrance (parfum), glycerin, guar hydroxypropyltrimonium chloride, isostearyl alcohol, phenoxyethanol, sodium benzoate, peg-60 hydrogenated castor oil, salicylic acid, disodium edta, citric acid, camellia japonica seed oil, polyquaternium-11, sodium taurine cocoyl methyltaurate, taurine, butylene glycol, yellow 5 (ci 19140), soluble collagen, yellow 6 (ci 15985), aspergillus\/camellia japonica seed ferment extract filtrate, tocopherol<\/p>\n<p><strong>H\u01b0\u1edbng d\u1eabn s\u1eed d\u1ee5ng:<\/strong><\/p>\n<p>Gi\u1eef n\u1eafp chai v\u00e0 xoay v\u00f2i ng\u01b0\u1ee3c chi\u1ec1u kim \u0111\u1ed3ng h\u1ed3, l\u1ea5y m\u1ed9t l\u01b0\u1ee3ng v\u1eeba \u0111\u1ee7 d\u1ea7u g\u1ed9i l\u00ean tay, d\u00f9ng \u0111\u1ea7u ng\u00f3n tay xoa \u0111\u1ec1u d\u1ea7u g\u1ed9i l\u00ean t\u00f3c t\u1eeb g\u1ed1c \u0111\u1ebfn ng\u1ecdn v\u00e0 m\u00e1t-xa nh\u1eb9 nh\u00e0ng da \u0111\u1ea7u. Sau \u0111\u00f3 x\u1ea3 s\u1ea1ch t\u00f3c v\u1edbi n\u01b0\u1edbc.<\/p>\n<p><img loading=\"lazy\" decoding=\"async\" src=\"https:\/\/concung.com\/storage\/images\/P\/64dd41508369eb68470e71a892601649.jpg\" alt=\"IMG_0205 copy\" width=\"600\" height=\"600\" \/><\/p>\n<p><strong>Th\u00f4ng tin s\u1ea3n ph\u1ea9m:<\/strong><\/p>\n<p><strong>T\u00ean s\u1ea3n ph\u1ea9m:\u00a0<\/strong>D\u1ea7u G\u1ed9i Ng\u0103n R\u1ee5ng T\u00f3c Tsubaki 500ML<\/p>\n<p><strong>Tr\u1ecdng l\u01b0\u1ee3ng:<\/strong>\u00a0500ml<\/p>\n<p><strong>Th\u01b0\u01a1ng hi\u1ec7u:\u00a0<\/strong>Tsubaki<\/p>\n<p><strong>Nh\u00e0 s\u1ea3n xu\u1ea5t:\u00a0<\/strong>Shiseido Co. Ltd, 7-5-5 Ginza, Chuo-ku, Tokyo, Japan.<\/p>\n<p><strong>Xu\u1ea5t x\u1ee9:<\/strong>\u00a0Nh\u1eadt B\u1ea3n<\/p>\n<p><strong>L\u01b0u \u00fd:<\/strong><\/p>\n<p>\u2022 Tr\u00e1nh ti\u1ebfp x\u00fac v\u1edbi m\u1eaft. N\u1ebfu c\u00f3, r\u1eeda ngay b\u1eb1ng n\u01b0\u1edbc l\u1ea1nh ho\u1eb7c n\u01b0\u1edbc \u1ea5m<\/p>\n<p>\u2022 B\u1ea3o qu\u1ea3n tr\u00e1nh \u00e1nh s\u00e1ng tr\u1ef1c ti\u1ebfp, n\u01a1i c\u00f3 nhi\u1ec7t \u0111\u1ed9 cao ho\u1eb7c \u1ea9m \u01b0\u1edbt. \u0110\u1ec3 xa t\u1ea7m tay tr\u1ebb em<\/p>\n<p>\u2022 Kh\u00f4ng s\u1eed d\u1ee5ng cho v\u00f9ng da b\u1ecb t\u1ed5n th\u01b0\u01a1ng<\/p>\n<p>\u2022 Ng\u01b0ng d\u00f9ng ngay khi c\u00f3 bi\u1ec3u hi\u1ec7n k\u00edch \u1ee9ng v\u00e0 tham kh\u1ea3o \u00fd ki\u1ebfn b\u00e1c s\u0129 da li\u1ec5u.<\/p>\n<p><strong>D\u1ea7u X\u1ea3 Ng\u0103n R\u1ee5ng T\u00f3c Tsubaki 500ML<\/strong>\u00a0ng\u0103n r\u1ee5ng t\u00f3c gi\u00fap t\u00f3c b\u1ed3ng b\u1ec1nh v\u00e0 ch\u1eafc kh\u1ecfe<\/p>\n<p><img loading=\"lazy\" decoding=\"async\" src=\"https:\/\/concung.com\/storage\/images\/P\/697a4cd3dfc877ff82de0379c8e6e058.jpg\" alt=\"1958000000009\" width=\"600\" height=\"600\" \/><\/p>\n<p>\u0110\u1eb7c \u0111i\u1ec3m s\u1ea3n ph\u1ea9m<\/p>\n<p>\u2022 H\u1ee3p ch\u1ea5t b\u1ed5 sung collagen v\u00e0 glycerin gi\u00fap da \u0111\u1ea7u kh\u1ecfe m\u1ea1nh c\u1ea3i thi\u1ec7n c\u00e1c d\u1ea5u hi\u1ec7u l\u00e3o h\u00f3a v\u00e0 t\u0103ng kh\u1ea3 n\u0103ng ph\u1ee5c h\u1ed3i t\u1eeb trong ra ngo\u00e0i cho ma\u0301i t\u00f3c b\u1ed3ng b\u1ec1nh v\u00e0 ch\u1eafc kh\u1ecfe.<\/p>\n<p>\u2022 H\u1ee3p ch\u1ea5t hoa tr\u00e0 l\u00ean men v\u00e0 chi\u1ebft xu\u1ea5t tinh d\u1ea7u hoa tr\u00e0 Nh\u1eadt B\u1ea3n nhe\u0323 nh\u00e0ng ch\u0103m s\u00f3c da \u0111\u1ea7u, nu\u00f4i d\u01b0\u01a1\u0303ng t\u00f3c t\u1eeb s\u00e2u b\u00ean trong \u0111\u1ec3 t\u00f3c lu\u00f4n m\u1ec1m m\u01b0\u1ee3t v\u00e0 \u00f3ng \u1ea3.<\/p>\n<p>\u2022 Nh\u1eefng th\u00e0nh ph\u1ea7n nu\u00f4i d\u01b0\u1ee1ng giu\u0301p ch\u0103m so\u0301c va\u0300 ng\u0103n ch\u0103\u0323n hi\u00ea\u0323u qua\u0309 nh\u1eefng v\u1ea5n \u0111\u1ec1 c\u1ee7a t\u00f3c t\u1eeb trong ra ngo\u00e0i.<\/p>\n<p>\u2022 M\u00f9i h\u01b0\u01a1ng nh\u1eb9 nh\u00e0ng, thanh ma\u0301t t\u1eeb hoa v\u00e0 tr\u00e1i c\u00e2y.<\/p>\n<p>Th\u00e0nh ph\u1ea7n<\/p>\n<p>water (aqua), sorbitol, stearyl alcohol, dipropylene glycol, isopentyldiol, dimethicone, stearyl pg-dimethylamine, glutamic acid, phenoxyethanol, glycerin, cetyl alcohol, ethylhexyl palmitate, fragrance (parfum), behentrimonium chloride, aminopropyl dimethicone, isopropyl alcohol, arginine, hydrogenated polyisobutene, steartrimonium chloride, polysilicone-13, camellia japonica seed oil, polyquaternium-11, amodimethicone, taurine, ppg-2-deceth-12, butylene glycol, yellow 5 (ci 19140), lactic acid, red 33 (ci 17200), soluble collagen, tocopherol, aspergillus\/camelliajaponica seed ferment extract filtrate.<\/p>\n<p>H\u01b0\u1edbng d\u1eabn s\u1eed d\u1ee5ng<\/p>\n<p>Gi\u1eef n\u1eafp chai v\u00e0 xoay v\u00f2i ng\u01b0\u1ee3c chi\u1ec1u kim \u0111\u1ed3ng h\u1ed3. Sau khi g\u1ed9i \u0111\u1ea7u, l\u1ea5y m\u1ed9t l\u01b0\u1ee3ng v\u1eeba \u0111\u1ee7 d\u1ea7u x\u1ea3 l\u00ean tay, d\u00f9ng \u0111\u1ea7u ng\u00f3n tay xoa \u0111\u1ec1u d\u1ea7u x\u1ea3 l\u00ean t\u00f3c t\u1eeb g\u1ed1c \u0111\u1ebfn ng\u1ecdn v\u00e0 m\u00e1t-xa nh\u1eb9 nh\u00e0ng da \u0111\u1ea7u. Sau \u0111\u00f3 x\u1ea3 s\u1ea1ch t\u00f3c v\u1edbi n\u01b0\u1edbc.<\/p>\n<p>&nbsp;<\/p>\n<p><strong>Th\u00f4ng tin s\u1ea3n ph\u1ea9m:<\/strong><\/p>\n<p><strong>T\u00ean s\u1ea3n ph\u1ea9m:\u00a0<\/strong>D\u1ea7u X\u1ea3 Ng\u0103n R\u1ee5ng T\u00f3c Tsubaki 500ML<\/p>\n<p><strong>Tr\u1ecdng l\u01b0\u1ee3ng:<\/strong>\u00a0500ml<\/p>\n<p><strong>Th\u01b0\u01a1ng hi\u1ec7u:\u00a0<\/strong>Tsubaki<\/p>\n<p><strong>Nh\u00e0 s\u1ea3n xu\u1ea5t:\u00a0<\/strong>Shiseido Co. Ltd, 7-5-5 Ginza, Chuo-ku, Tokyo, Japan.<\/p>\n<p><strong>Xu\u1ea5t x\u1ee9:<\/strong>\u00a0Nh\u1eadt B\u1ea3n<\/p>\n<p><strong>L\u01b0u \u00fd:<\/strong><\/p>\n<p>\u2022 Tr\u00e1nh ti\u1ebfp x\u00fac v\u1edbi m\u1eaft. N\u1ebfu c\u00f3, r\u1eeda ngay b\u1eb1ng n\u01b0\u1edbc l\u1ea1nh ho\u1eb7c n\u01b0\u1edbc \u1ea5m<\/p>\n<p>\u2022 B\u1ea3o qu\u1ea3n tr\u00e1nh \u00e1nh s\u00e1ng tr\u1ef1c ti\u1ebfp, n\u01a1i c\u00f3 nhi\u1ec7t \u0111\u1ed9 cao ho\u1eb7c \u1ea9m \u01b0\u1edbt. \u0110\u1ec3 xa t\u1ea7m tay tr\u1ebb em<\/p>\n<p>\u2022 Kh\u00f4ng s\u1eed d\u1ee5ng cho v\u00f9ng da b\u1ecb t\u1ed5n th\u01b0\u01a1ng<\/p>\n<p>\u2022 Ng\u01b0ng d\u00f9ng ngay khi c\u00f3 bi\u1ec3u hi\u1ec7n k\u00edch \u1ee9ng v\u00e0 tham kh\u1ea3o \u00fd ki\u1ebfn b\u00e1c s\u0129 da li\u1ec5u.<\/p>\n","protected":false},"excerpt":{"rendered":"<p>D\u1ea7u G\u1ed9i Ng\u0103n R\u1ee5ng T\u00f3c Tsubaki 500ML\u00a0ng\u0103n r\u1ee5ng t\u00f3c gi\u00fap t\u00f3c b\u1ed3ng b\u1ec1nh v\u00e0 ch\u1eafc kh\u1ecfe \u0110\u1eb7c \u0111i\u1ec3m s\u1ea3n ph\u1ea9m: \u2022 H\u1ee3p ch\u1ea5t b\u1ed5 sung collagen v\u00e0 glycerin gi\u00fap da \u0111\u1ea7u kh\u1ecfe m\u1ea1nh c\u1ea3i thi\u1ec7n c\u00e1c d\u1ea5u hi\u1ec7u l\u00e3o h\u00f3a v\u00e0 t\u0103ng kh\u1ea3 n\u0103ng ph\u1ee5c h\u1ed3i t\u1eeb trong ra ngo\u00e0i cho ma\u0301i t\u00f3c b\u1ed3ng b\u1ec1nh&#8230;<\/p>\n","protected":false},"featured_media":924,"comment_status":"open","ping_status":"closed","template":"","meta":[],"product_cat":[41],"product_tag":[],"class_list":["post-216","product","type-product","status-publish","has-post-thumbnail","hentry","product_cat-thuc-pham-chuc-nang"],"_links":{"self":[{"href":"https:\/\/mauweb.tamnguyen.vn\/gioithieu7\/wp-json\/wp\/v2\/product\/216","targetHints":{"allow":["GET"]}}],"collection":[{"href":"https:\/\/mauweb.tamnguyen.vn\/gioithieu7\/wp-json\/wp\/v2\/product"}],"about":[{"href":"https:\/\/mauweb.tamnguyen.vn\/gioithieu7\/wp-json\/wp\/v2\/types\/product"}],"replies":[{"embeddable":true,"href":"https:\/\/mauweb.tamnguyen.vn\/gioithieu7\/wp-json\/wp\/v2\/comments?post=216"}],"wp:featuredmedia":[{"embeddable":true,"href":"https:\/\/mauweb.tamnguyen.vn\/gioithieu7\/wp-json\/wp\/v2\/media\/924"}],"wp:attachment":[{"href":"https:\/\/mauweb.tamnguyen.vn\/gioithieu7\/wp-json\/wp\/v2\/media?parent=216"}],"wp:term":[{"taxonomy":"product_cat","embeddable":true,"href":"https:\/\/mauweb.tamnguyen.vn\/gioithieu7\/wp-json\/wp\/v2\/product_cat?post=216"},{"taxonomy":"product_tag","embeddable":true,"href":"https:\/\/mauweb.tamnguyen.vn\/gioithieu7\/wp-json\/wp\/v2\/product_tag?post=216"}],"curies":[{"name":"wp","href":"https:\/\/api.w.org\/{rel}","templated":true}]}}