{"id":214,"date":"2020-05-27T15:44:39","date_gmt":"2020-05-27T08:44:39","guid":{"rendered":"http:\/\/taphoa.ninhbinhsite.com\/?post_type=product&#038;p=214"},"modified":"2022-12-31T11:26:54","modified_gmt":"2022-12-31T04:26:54","slug":"combo-sua-rua-mat-tao-bot-senka-perfect-collagen-120g-va-nuoc-tay-trang-micellar-trang-da-230ml","status":"publish","type":"product","link":"https:\/\/mauweb.tamnguyen.vn\/gioithieu7\/combo-sua-rua-mat-tao-bot-senka-perfect-collagen-120g-va-nuoc-tay-trang-micellar-trang-da-230ml\/","title":{"rendered":"Combo S\u1eefa r\u1eeda m\u1eb7t T\u1ea1o B\u1ecdt Senka Perfect Collagen 120g"},"content":{"rendered":"<p><strong>S\u1eefa r\u1eeda m\u1eb7t T\u1ea1o B\u1ecdt Senka Perfect Collagen 120g\u00a0<\/strong>b\u1ecdt t\u01a1 t\u1eb1m tr\u1eafng m\u1ecbn k\u1ebft h\u1ee3p v\u1edbi tinh ch\u1ea5t collagen, nh\u1eb9 nh\u00e0ng l\u00e0m s\u1ea1ch b\u1ee5i b\u1ea9n, b\u00e3 nh\u1eddn s\u00e2u b\u00ean trong l\u1ed7 ch\u00e2n l\u00f4ng, \u0111\u1ed3ng th\u1eddi gi\u00fap da s\u0103n ch\u1eafc, \u0111\u00e0n h\u1ed3i, c\u0103ng m\u1ecbn, l\u00e0m m\u1edd n\u1ebfp nh\u0103n, v\u1ebft ch\u00e2n chim, h\u1ea1n ch\u1ebf t\u00ecnh tr\u1ea1ng ch\u1ea3y x\u1ec7 da.<\/p>\n<p><img loading=\"lazy\" decoding=\"async\" src=\"https:\/\/concung.com\/storage\/images\/P\/16dcac6a3c44a3f4c14d53aaae528274.jpg\" alt=\"1753000000003 copy copy copy\" width=\"600\" height=\"600\" \/><\/p>\n<p><strong>\u0110\u1eb7c \u0111i\u1ec3m s\u1ea3n ph\u1ea9m:<\/strong><\/p>\n<p>Th\u00e0nh ph\u1ea7n ch\u1ee9a 60% tinh ch\u1ea5t d\u01b0\u1ee1ng da<\/p>\n<p>Chi\u1ebft xu\u1ea5t t\u01a1 t\u1eb1m tr\u1eafng, g\u1ea5p \u0111\u00f4i Hyaluronic acid d\u01b0\u1ee1ng \u1ea9m\u00a0\u00a0v\u00e0 Collagen<\/p>\n<p>H\u01b0\u01a1ng hoa d\u1ecbu nh\u1eb9 v\u00e0 t\u01b0\u01a1i m\u00e1t<\/p>\n<p>Kh\u00f4ng g\u00e2y k\u00edch \u1ee9ng<\/p>\n<p><strong>Th\u00e0nh ph\u1ea7n:<\/strong><\/p>\n<p>water (aqua),stearic acid,myristic acid,peg-8,potassium hydroxide,lauric acid,glycerin,dipropylene glycol,alcohol,polyquaternium-112,beeswax (cera alba),polyquaternium-7,fragrance (parfum),disodium edta,peg-90m,sodium benzoate,phenoxyethanol,sodium metabisulfite,iron oxides (ci 77492),peg\/ppg-14\/7 dimethyl ether,sodium hyaluronate,sodium acetylated hyaluronate,silica,bht,sericin,citric acid,potassium sorbate,hydrolyzed silk,soluble collagen.<\/p>\n<p><strong>H\u01b0\u1edbng d\u1eabn s\u1eed d\u1ee5ng:<\/strong><\/p>\n<p>L\u00e0m \u01b0\u1edbt tay. L\u1ea5y m\u1ed9t l\u01b0\u1ee3ng v\u1eeba \u0111\u1ee7 (kho\u1ea3ng 2 &#8211; 3 cm) ra l\u00f2ng b\u00e0n tay. T\u1ea1o th\u1eadt nhi\u1ec1u b\u1ecdt v\u1edbi m\u1ed9t \u00edt n\u01b0\u1edbc. M\u00e1t-xa da m\u1eb7t v\u1edbi b\u1ecdt theo chuy\u1ec3n \u0111\u1ed9ng tr\u00f2n. R\u1eeda l\u1ea1i th\u1eadt s\u1ea1ch v\u1edbi n\u01b0\u1edbc.\u00a0H\u01b0\u1edbng d\u1eabn b\u1ea3o qu\u1ea3n: Tr\u00e1nh n\u01a1i c\u00f3 nhi\u1ec7t \u0111\u1ed9 cao ho\u1eb7c ti\u1ebfp x\u00fac tr\u1ef1c ti\u1ebfp v\u1edbi \u00e1nh n\u1eafng m\u1eb7t tr\u1eddi. Ng\u01b0ng s\u1eed d\u1ee5ng ngay khi c\u00f3 bi\u1ec3u hi\u1ec7n k\u00edch \u1ee9ng v\u00e0 h\u1ecfi \u00fd ki\u1ebfn b\u00e1c s\u0129.<\/p>\n<p><img loading=\"lazy\" decoding=\"async\" src=\"https:\/\/concung.com\/storage\/images\/669e0f2f3187215ca5b23940858840ff.jpg\" alt=\"IMG_1753000000003 copy\" width=\"600\" height=\"600\" \/><\/p>\n<p><strong>Th\u00f4ng tin s\u1ea3n ph\u1ea9m:<\/strong><\/p>\n<p><strong>T\u00ean s\u1ea3n ph\u1ea9m:\u00a0<\/strong>S\u1eefa r\u1eeda m\u1eb7t T\u1ea1o B\u1ecdt Senka Perfect Collagen 120g<\/p>\n<p><strong>Tr\u1ecdng l\u01b0\u1ee3ng:<\/strong>\u00a0120gr<\/p>\n<p><strong>Th\u01b0\u01a1ng hi\u1ec7u:\u00a0<\/strong>Senka<\/p>\n<p><strong>Nh\u00e0 s\u1ea3n xu\u1ea5t:\u00a0<\/strong>Shiseido Co. Ltd, 7-5-5 Ginza, Chuo-ku, Tokyo, Japan.<\/p>\n<p><strong>Xu\u1ea5t x\u1ee9:<\/strong>\u00a0Nh\u1eadt B\u1ea3n<\/p>\n<p><strong>L\u01b0u \u00fd:<\/strong><\/p>\n<p>\u2022 Tr\u00e1nh ti\u1ebfp x\u00fac v\u1edbi m\u1eaft. N\u1ebfu c\u00f3, r\u1eeda ngay b\u1eb1ng n\u01b0\u1edbc l\u1ea1nh ho\u1eb7c n\u01b0\u1edbc \u1ea5m<\/p>\n<p>\u2022 B\u1ea3o qu\u1ea3n tr\u00e1nh \u00e1nh s\u00e1ng tr\u1ef1c ti\u1ebfp, n\u01a1i c\u00f3 nhi\u1ec7t \u0111\u1ed9 cao ho\u1eb7c \u1ea9m \u01b0\u1edbt. \u0110\u1ec3 xa t\u1ea7m tay tr\u1ebb em<\/p>\n<p>\u2022 Kh\u00f4ng s\u1eed d\u1ee5ng cho v\u00f9ng da b\u1ecb t\u1ed5n th\u01b0\u01a1ng<\/p>\n<p>\u2022 Ng\u01b0ng d\u00f9ng ngay khi c\u00f3 bi\u1ec3u hi\u1ec7n k\u00edch \u1ee9ng v\u00e0 tham kh\u1ea3o \u00fd ki\u1ebfn b\u00e1c s\u0129 da li\u1ec5u.<\/p>\n<p><strong>N\u01b0\u1edbc t\u1ea9y trang Micellar Tr\u1eafng Da 230ML<\/strong>\u00a0 kh\u00f4ng c\u1ed3n d\u1ecbu nh\u1eb9 cho da gi\u00fap l\u00e0m s\u1ea1ch b\u1ee5i b\u1ea9n, b\u00e3 nh\u1eddn, l\u1edbp trang \u0111i\u1ec3m l\u00e2u tr\u00f4i s\u00e2u b\u00ean trong l\u1ed7 ch\u00e2n l\u00f4ng, \u0111\u1ed3ng th\u1eddi l\u00e0m m\u1edd v\u1ebft s\u1ea1m , d\u01b0\u1ee1ng tr\u1eafng cho l\u00e0n da \u1ea9m m\u1ecbn, s\u00e1ng r\u1ea1ng r\u1ee1<\/p>\n<p><img loading=\"lazy\" decoding=\"async\" src=\"https:\/\/concung.com\/storage\/images\/P\/ad740041b7734a8186c15ad3a4cfd4c3.jpg\" alt=\"1753000000005 copy copy copy\" width=\"600\" height=\"600\" \/><\/p>\n<p><strong>\u0110\u1eb7c \u0111i\u1ec3m s\u1ea3n ph\u1ea9m:<\/strong><\/p>\n<p>Tinh ch\u1ea5t Hoa Anh \u0110\u00e0o Fuji Nh\u1eadt B\u1ea3n gi\u00fap nu\u00f4i d\u01b0\u1ee1ng l\u00e0n da tr\u1eafng s\u00e1ng t\u1ef1 nhi\u00ean<\/p>\n<p>Chi\u1ebft xu\u1ea5t T\u01a1 t\u1eb1m tr\u1eafng &amp; g\u1ea5p \u0111\u00f4i Hyaluronic Acid d\u01b0\u1ee1ng \u1ea9m<\/p>\n<p>KH\u00d4NG C\u1ed2N. Kh\u00f4ng ch\u1ee9a d\u1ea7u. Kh\u00f4ng m\u00e0u. Kh\u00f4ng m\u00f9i. Kh\u00f4ng g\u00e2y k\u00edch \u1ee9ng.<\/p>\n<p>D\u1ecbu nh\u1eb9 &#8211; Ph\u00f9 h\u1ee3p cho m\u1ecdi lo\u1ea1i da<\/p>\n<p><strong>Th\u00e0nh ph\u1ea7n:<\/strong><\/p>\n<p>water (aqua), dipropylene glycol, peg-8, peg\/ppg-50\/40 dimethyl ether, glycerin, phenoxyethanol, methylparaben, sodium citrate, potassium cocoyl glutamate, citric acid, sodium metaphosphate, sodium hyaluronate, butylene glycol, sericin, potassium sorbate, sodium acetylated hyaluronate, prunus speciose leaf extract, glycyrrhiza clabra (licorice) root extract<\/p>\n<p><strong>H\u01b0\u1edbng d\u1eabn s\u1eed d\u1ee5ng:<\/strong><\/p>\n<p>L\u1ea5y m\u1ed9t l\u01b0\u1ee3ng s\u1ea3n ph\u1ea9m v\u1eeba \u0111\u1ee7 ra b\u00f4ng t\u1ea9y trang. Nh\u1eb9 nh\u00e0ng lau s\u1ea1ch l\u1edbp trang \u0111i\u1ec3m. C\u00f3 th\u1ec3 kh\u00f4ng r\u1eeda l\u1ea1i b\u1eb1ng n\u01b0\u1edbc sau khi t\u1ea9y trang<\/p>\n<p><img loading=\"lazy\" decoding=\"async\" src=\"https:\/\/concung.com\/storage\/images\/P\/383576224b8f82ab918e21114dcddaf4.jpg\" alt=\"IMG_0210 copy\" width=\"600\" height=\"600\" \/><\/p>\n<p><strong>Th\u00f4ng tin s\u1ea3n ph\u1ea9m:<\/strong><\/p>\n<p><strong>T\u00ean s\u1ea3n ph\u1ea9m:\u00a0<\/strong>N\u01b0\u1edbc t\u1ea9y trang Micellar Tr\u1eafng Da 230ML<\/p>\n<p><strong>Tr\u1ecdng l\u01b0\u1ee3ng:<\/strong>\u00a0230ml<\/p>\n<p><strong>Th\u01b0\u01a1ng hi\u1ec7u:\u00a0<\/strong>Senka<\/p>\n<p><strong>Nh\u00e0 s\u1ea3n xu\u1ea5t:\u00a0<\/strong>Shiseido Vietnam Co., LTD<\/p>\n<p><strong>Xu\u1ea5t x\u1ee9:<\/strong>\u00a0Nh\u1eadt B\u1ea3n<\/p>\n<p><strong>L\u01b0u \u00fd:<\/strong><\/p>\n<p>\u2022 Tr\u00e1nh ti\u1ebfp x\u00fac v\u1edbi m\u1eaft. N\u1ebfu c\u00f3, r\u1eeda ngay b\u1eb1ng n\u01b0\u1edbc l\u1ea1nh ho\u1eb7c n\u01b0\u1edbc \u1ea5m<\/p>\n<p>\u2022 B\u1ea3o qu\u1ea3n tr\u00e1nh \u00e1nh s\u00e1ng tr\u1ef1c ti\u1ebfp, n\u01a1i c\u00f3 nhi\u1ec7t \u0111\u1ed9 cao ho\u1eb7c \u1ea9m \u01b0\u1edbt. \u0110\u1ec3 xa t\u1ea7m tay tr\u1ebb em<\/p>\n<p>\u2022 Kh\u00f4ng s\u1eed d\u1ee5ng cho v\u00f9ng da b\u1ecb t\u1ed5n th\u01b0\u01a1ng<\/p>\n<p>\u2022 Ng\u01b0ng d\u00f9ng ngay khi c\u00f3 bi\u1ec3u hi\u1ec7n k\u00edch \u1ee9ng v\u00e0 tham kh\u1ea3o \u00fd ki\u1ebfn b\u00e1c s\u0129 da li\u1ec5u.<\/p>\n","protected":false},"excerpt":{"rendered":"<p>Deal Online ch\u1ec9 \u00e1p d\u1ee5ng cho th\u00e0nh vi\u00ean.\u00a0\u0110\u0103ng nh\u1eadp\u00a0ngay! Kh\u00f4ng \u00e1p d\u1ee5ng \u0111\u1ed3ng th\u1eddi c\u00e1c ch\u01b0\u01a1ng tr\u00ecnh khuy\u1ebfn m\u00e3i kh\u00e1c<\/p>\n","protected":false},"featured_media":926,"comment_status":"open","ping_status":"closed","template":"","meta":[],"product_cat":[41],"product_tag":[],"class_list":["post-214","product","type-product","status-publish","has-post-thumbnail","hentry","product_cat-thuc-pham-chuc-nang"],"_links":{"self":[{"href":"https:\/\/mauweb.tamnguyen.vn\/gioithieu7\/wp-json\/wp\/v2\/product\/214","targetHints":{"allow":["GET"]}}],"collection":[{"href":"https:\/\/mauweb.tamnguyen.vn\/gioithieu7\/wp-json\/wp\/v2\/product"}],"about":[{"href":"https:\/\/mauweb.tamnguyen.vn\/gioithieu7\/wp-json\/wp\/v2\/types\/product"}],"replies":[{"embeddable":true,"href":"https:\/\/mauweb.tamnguyen.vn\/gioithieu7\/wp-json\/wp\/v2\/comments?post=214"}],"wp:featuredmedia":[{"embeddable":true,"href":"https:\/\/mauweb.tamnguyen.vn\/gioithieu7\/wp-json\/wp\/v2\/media\/926"}],"wp:attachment":[{"href":"https:\/\/mauweb.tamnguyen.vn\/gioithieu7\/wp-json\/wp\/v2\/media?parent=214"}],"wp:term":[{"taxonomy":"product_cat","embeddable":true,"href":"https:\/\/mauweb.tamnguyen.vn\/gioithieu7\/wp-json\/wp\/v2\/product_cat?post=214"},{"taxonomy":"product_tag","embeddable":true,"href":"https:\/\/mauweb.tamnguyen.vn\/gioithieu7\/wp-json\/wp\/v2\/product_tag?post=214"}],"curies":[{"name":"wp","href":"https:\/\/api.w.org\/{rel}","templated":true}]}}