{"id":200,"date":"2020-05-27T15:42:07","date_gmt":"2020-05-27T08:42:07","guid":{"rendered":"http:\/\/taphoa.ninhbinhsite.com\/?post_type=product&amp;p=200"},"modified":"2020-05-27T15:42:07","modified_gmt":"2020-05-27T08:42:07","slug":"bo-do-dung-an-uong-concung-good-xanh-la","status":"publish","type":"product","link":"https:\/\/mauweb.tamnguyen.vn\/gioithieu7\/bo-do-dung-an-uong-concung-good-xanh-la\/","title":{"rendered":"B\u1ed9 \u0111\u1ed3 d\u00f9ng \u0103n u\u1ed1ng ConCung Good (Xanh l\u00e1 )"},"content":{"rendered":"<p><strong>B\u1ed9 \u0111\u1ed3 d\u00f9ng \u0103n u\u1ed1ng ConCung Good (Xanh l\u00e1)\u00a0<\/strong>th\u01b0\u01a1ng hi\u1ec7u ConCung Good s\u1ea3n xu\u1ea5t t\u1ea1i Th\u00e1i Lan, ch\u1ea5t li\u1ec7u an to\u00e0n, g\u1ed3m 5 s\u1ea3n ph\u1ea9m h\u1ed7 tr\u1ee3 b\u00e9 trong qu\u00e1 tr\u00ecnh l\u00e0m quen v\u1edbi vi\u1ec7c t\u1eadp \u0103n u\u1ed1ng.<\/p>\n<p><img loading=\"lazy\" decoding=\"async\" src=\"https:\/\/concung.com\/storage\/images\/ViContent\/df66093f22b03c9e0514b484b7ade6db.png\" alt=\"_MG_1817 copy copy\" width=\"600\" height=\"600\" \/><\/p>\n<p><strong>\u0110\u1eb7c \u0111i\u1ec3m s\u1ea3n ph\u1ea9m:<\/strong><\/p>\n<p>&#8211; Ch\u1ea5t li\u1ec7u an to\u00e0n (BPA Free)<\/p>\n<p>&#8211; Thi\u1ebft k\u1ebf th\u00e2n thi\u1ec7n v\u1edbi m\u00f4i tr\u01b0\u1eddng<\/p>\n<p>&#8211; H\u1ecda ti\u1ebft d\u1ec5 th\u01b0\u01a1ng, m\u1ef1c in kh\u00f4ng \u0111\u1ed9c h\u1ea1i<\/p>\n<p>&#8211; B\u1ed9 \u0111\u1ed3 d\u00f9ng \u0103n u\u1ed1ng g\u1ed3m nhi\u1ec1u d\u1ee5ng c\u1ee5 h\u1ed7 tr\u1ee3 b\u00e9 trong qu\u00e1 tr\u00ecnh l\u00e0m quen v\u1edbi vi\u1ec7c t\u1eadp \u0103n u\u1ed1ng<\/p>\n<p>&#8211; S\u1ea3n ph\u1ea9m c\u00f3 tay c\u1ea7m gi\u00fap b\u00e9 d\u1ec5 d\u00e0ng c\u1ea7m n\u1eafm<\/p>\n<p>&#8211; B\u1ed9 g\u1ed3m 5 s\u1ea3n ph\u1ea9m, ph\u00f9 h\u1ee3p v\u1edbi nhu c\u1ea7u s\u1eed d\u1ee5ng \u0111a d\u1ea1ng c\u1ee7a m\u1eb9 v\u00e0 b\u00e9<\/p>\n<p><img loading=\"lazy\" decoding=\"async\" src=\"https:\/\/concung.com\/storage\/images\/ViContent\/ab972d14783ef5a4c49c54cd65b795b4.PNG\" alt=\"_MG_2311 copy copy\" width=\"600\" height=\"600\" \/><\/p>\n<p><strong>Ch\u1ea5t li\u1ec7u:<\/strong><\/p>\n<p>&#8211; Ch\u00e9n: nh\u1ef1a PP<\/p>\n<p>&#8211; D\u0129a: nh\u1ef1a PP<\/p>\n<p>&#8211; Mu\u1ed7ng: nh\u1ef1a PP<\/p>\n<p>&#8211; N\u0129a: nh\u1ef1a PP<\/p>\n<p>&#8211; C\u1ed1c t\u1eadp u\u1ed1ng: nh\u1ef1a PP<\/p>\n<p>&#8211; Van trong c\u1ed1c t\u1eadp u\u1ed1ng: silicone<\/p>\n<p>&nbsp;<\/p>\n<p><strong>Kh\u1ea3 n\u0103ng ch\u1ecbu nhi\u1ec7t:<\/strong><\/p>\n<p>&#8211; Nh\u1ef1a PP: 100<sup>o<\/sup>C<strong>\u00a0<\/strong><\/p>\n<p><img loading=\"lazy\" decoding=\"async\" src=\"https:\/\/concung.com\/storage\/images\/ViContent\/fa22640fda3a15e85588035dd5305541.png\" alt=\"_MG_0159 copy copy\" width=\"600\" height=\"600\" \/><\/p>\n<p><strong>H\u01b0\u1edbng d\u1eabn s\u1eed d\u1ee5ng:<\/strong><\/p>\n<p>&#8211; D\u00f9ng cho b\u00e9 t\u1eadp \u0103n u\u1ed1ng<\/p>\n<p>&nbsp;<\/p>\n<p><strong>H\u01b0\u1edbng d\u1eabn b\u1ea3o qu\u1ea3n:<\/strong><\/p>\n<p>&#8211; V\u1ec7 sinh tr\u01b0\u1edbc v\u00e0 sau khi s\u1eed d\u1ee5ng<\/p>\n<p>&#8211; B\u1ea3o qu\u1ea3n n\u01a1i kh\u00f4 r\u00e1o, tho\u00e1ng m\u00e1t, tr\u00e1nh ti\u1ebfp x\u00fac tr\u1ef1c ti\u1ebfp v\u1edbi ngu\u1ed3n nhi\u1ec7t<\/p>\n<p><img loading=\"lazy\" decoding=\"async\" src=\"https:\/\/concung.com\/storage\/images\/ViContent\/3191c4976cb60bc24dbeb9807390833b.png\" alt=\"_MG_1878 copy copy\" width=\"600\" height=\"600\" \/><\/p>\n<p><strong>L\u01b0u \u00fd:<\/strong><\/p>\n<p>&#8211; Kh\u00f4ng cho tr\u1ebb s\u1eed d\u1ee5ng khi kh\u00f4ng c\u00f3 s\u1ef1 gi\u00e1m s\u00e1t c\u1ee7a ng\u01b0\u1eddi l\u1edbn<\/p>\n<p>&#8211; Lo\u1ea1i b\u1ecf n\u1ebfu ph\u00e1t hi\u1ec7n h\u01b0 h\u1ecfng<\/p>\n<p>&#8211; Ki\u1ec3m tra k\u0129 s\u1ea3n ph\u1ea9m tr\u01b0\u1edbc v\u00e0 sau khi s\u1eed d\u1ee5ng<\/p>\n<p>&#8211; Kh\u00f4ng s\u1eed d\u1ee5ng s\u1ea3n ph\u1ea9m trong l\u00f2 n\u01b0\u1edbng ho\u1eb7c l\u00f2 vi s\u00f3ng c\u00f3 t\u00edch h\u1ee3p ch\u1ee9c n\u0103ng n\u01b0\u1edbng<\/p>\n<p><img loading=\"lazy\" decoding=\"async\" src=\"https:\/\/concung.com\/storage\/images\/ViContent\/08330c55a0c79aff7d1a4c4c2f07f310.png\" alt=\"_MG_1883 copy copy\" width=\"600\" height=\"600\" \/><\/p>\n<p><strong>Th\u00f4ng tin s\u1ea3n ph\u1ea9m:<\/strong><\/p>\n<p><em>B\u1ed9<\/em>\u00a05 s\u1ea3n ph\u1ea9m: ch\u00e9n, d\u0129a, mu\u1ed7ng, n\u0129a, c\u1ed1c t\u1eadp u\u1ed1ng<\/p>\n<p><em>M\u00e0u s\u1eafc:\u00a0<\/em>Xanh d\u01b0\u01a1ng, Xanh l\u00e1, H\u1ed3ng<\/p>\n<p><em>Quy c\u00e1ch \u0111\u00f3ng g\u00f3i:\u00a0<\/em>5 c\u00e1i\/ h\u1ed9p<\/p>\n<p><em>Th\u01b0\u01a1ng hi\u1ec7u:<\/em>\u00a0ConCung Good<\/p>\n<p><em>Xu\u1ea5t x\u1ee9:<\/em>\u00a0Th\u00e1i Lan<\/p>\n<p><img loading=\"lazy\" decoding=\"async\" src=\"https:\/\/concung.com\/storage\/images\/ViContent\/8f1579a9036bfdf32fbe10cb6c2d3993.png\" alt=\"_MG_2358 copy copy\" width=\"600\" height=\"600\" \/><\/p>\n","protected":false},"excerpt":{"rendered":"<p><strong>B\u1ed9 \u0111\u1ed3 d\u00f9ng \u0103n u\u1ed1ng ConCung Good (Xanh l\u00e1)\u00a0<\/strong>th\u01b0\u01a1ng hi\u1ec7u ConCung Good s\u1ea3n xu\u1ea5t t\u1ea1i Th\u00e1i Lan, ch\u1ea5t li\u1ec7u an to\u00e0n, g\u1ed3m 5 s\u1ea3n ph\u1ea9m h\u1ed7 tr\u1ee3 b\u00e9 trong qu\u00e1 tr\u00ecnh l\u00e0m quen v\u1edbi vi\u1ec7c t\u1eadp \u0103n u\u1ed1ng.<\/p>\n","protected":false},"featured_media":925,"comment_status":"open","ping_status":"closed","template":"","meta":[],"product_cat":[41],"product_tag":[],"class_list":["post-200","product","type-product","status-publish","has-post-thumbnail","hentry","product_cat-thuc-pham-chuc-nang"],"_links":{"self":[{"href":"https:\/\/mauweb.tamnguyen.vn\/gioithieu7\/wp-json\/wp\/v2\/product\/200","targetHints":{"allow":["GET"]}}],"collection":[{"href":"https:\/\/mauweb.tamnguyen.vn\/gioithieu7\/wp-json\/wp\/v2\/product"}],"about":[{"href":"https:\/\/mauweb.tamnguyen.vn\/gioithieu7\/wp-json\/wp\/v2\/types\/product"}],"replies":[{"embeddable":true,"href":"https:\/\/mauweb.tamnguyen.vn\/gioithieu7\/wp-json\/wp\/v2\/comments?post=200"}],"wp:featuredmedia":[{"embeddable":true,"href":"https:\/\/mauweb.tamnguyen.vn\/gioithieu7\/wp-json\/wp\/v2\/media\/925"}],"wp:attachment":[{"href":"https:\/\/mauweb.tamnguyen.vn\/gioithieu7\/wp-json\/wp\/v2\/media?parent=200"}],"wp:term":[{"taxonomy":"product_cat","embeddable":true,"href":"https:\/\/mauweb.tamnguyen.vn\/gioithieu7\/wp-json\/wp\/v2\/product_cat?post=200"},{"taxonomy":"product_tag","embeddable":true,"href":"https:\/\/mauweb.tamnguyen.vn\/gioithieu7\/wp-json\/wp\/v2\/product_tag?post=200"}],"curies":[{"name":"wp","href":"https:\/\/api.w.org\/{rel}","templated":true}]}}