{"id":391,"date":"2019-10-23T09:19:23","date_gmt":"2019-10-23T02:19:23","guid":{"rendered":"http:\/\/giatthamvanphong.ninhbinhweb.biz\/?page_id=391"},"modified":"2019-10-23T20:05:12","modified_gmt":"2019-10-23T13:05:12","slug":"lau-kinh","status":"publish","type":"page","link":"https:\/\/mauweb.tamnguyen.vn\/giatthamvanphong\/lau-kinh\/","title":{"rendered":"Lau k\u00ednh"},"content":{"rendered":"<h2><span id=\"Dich_vu_lau_kinh_toa_nha_cao_tang_chuyen_nghiep_gia_retai_Ha_Noi\">D\u1ecbch v\u1ee5 lau k\u00ednh t\u00f2a nh\u00e0 cao t\u1ea7ng chuy\u00ean nghi\u1ec7p gi\u00e1 r\u1ebb\u00a0t\u1ea1i H\u00e0 N\u1ed9i<\/span><\/h2>\n<p><strong>D\u1ecbch v\u1ee5 lau k\u00ednh t\u00f2a nh\u00e0\u00a0<\/strong>c\u1ee7a V\u1ec7 sinh 5 s\u1ea1ch \u0111\u00e3 th\u1ef1c hi\u1ec7n r\u1ea5t nhi\u1ec1u c\u00e1c c\u00f4ng tr\u00ecnh l\u1edbn, c\u00e1c t\u00f2a nh\u00e0 cao t\u1ea7ng t\u1ea1i TP. H\u00e0 N\u1ed9i, H\u1ea3i Ph\u00f2ng, Qu\u1ea3ng Ninh.. V\u1edbi \u0111\u1ed9i ng\u0169 nh\u00e2n vi\u00ean chuy\u00ean nghi\u1ec7p, kinh nghi\u1ec7m v\u1edbi gi\u00e1 c\u1ea1nh tranh nh\u1ea5t ch\u00fang t\u00f4i \u0111\u00e3 l\u00e0m h\u00e0i l\u00f2ng r\u1ea5t nhi\u1ec1u c\u00e1c \u0111\u1ed1i t\u00e1c kh\u00f3 t\u00ednh t\u1eeb Nh\u1eadt B\u1ea3n, M\u1ef9, H\u00e0n Qu\u1ed1c v\u00e0 c\u00e1c chu\u1ed7i c\u1eeda h\u00e0ng, kh\u00e1ch s\u1ea1n, shop th\u1eddi trang.<\/p>\n<p><a href=\"https:\/\/5sach.vn\/wp-content\/uploads\/2019\/10\/6a2278796a608c3ed571.jpg\"><img loading=\"lazy\" decoding=\"async\" class=\"size-full wp-image-2924 aligncenter\" src=\"https:\/\/5sach.vn\/wp-content\/uploads\/2019\/10\/6a2278796a608c3ed571.jpg\" sizes=\"(max-width: 982px) 100vw, 982px\" srcset=\"https:\/\/5sach.vn\/wp-content\/uploads\/2019\/10\/6a2278796a608c3ed571.jpg 982w, https:\/\/5sach.vn\/wp-content\/uploads\/2019\/10\/6a2278796a608c3ed571-300x120.jpg 300w, https:\/\/5sach.vn\/wp-content\/uploads\/2019\/10\/6a2278796a608c3ed571-768x307.jpg 768w\" alt=\"\" width=\"982\" height=\"393\" \/><\/a><\/p>\n<p>C\u00f4ng vi\u1ec7c c\u1ee7a\u00a0<strong>d\u1ecbch v\u1ee5 lau k\u00ednh t\u00f2a nh\u00e0 cao t\u1ea7ng<\/strong>\u00a0do V\u1ec7 sinh 5 s\u1ea1ch cung c\u1ea5p:<\/p>\n<p><strong>D\u1ecbch v\u1ee5 lau k\u00ednh<\/strong>\u00a0s\u1eed d\u1ee5ng d\u00e2y \u0111u lau k\u00ednh l\u00e0m s\u1ea1ch k\u00ednh t\u1eebng d\u1ecdc m\u1ed9t t\u1eeb tr\u00ean cao xu\u1ed1ng ho\u1eb7c s\u1eed d\u1ee5ng thang v\u1eadn (Gondola) lo\u1ea1i ch\u1ea1y xung quanh t\u00f2a nh\u00e0 v\u00e0 lo\u1ea1i ch\u1ea1y th\u1eb3ng \u0111\u1ee9ng.<\/p>\n<p><a href=\"https:\/\/5sach.vn\/wp-content\/uploads\/2019\/06\/nhung-dieu-can-biet-ve-dich-vu-lau-kinh.jpg\"><img loading=\"lazy\" decoding=\"async\" class=\"aligncenter size-full wp-image-2766\" src=\"https:\/\/5sach.vn\/wp-content\/uploads\/2019\/06\/nhung-dieu-can-biet-ve-dich-vu-lau-kinh.jpg\" sizes=\"(max-width: 800px) 100vw, 800px\" srcset=\"https:\/\/5sach.vn\/wp-content\/uploads\/2019\/06\/nhung-dieu-can-biet-ve-dich-vu-lau-kinh.jpg 800w, https:\/\/5sach.vn\/wp-content\/uploads\/2019\/06\/nhung-dieu-can-biet-ve-dich-vu-lau-kinh-300x188.jpg 300w, https:\/\/5sach.vn\/wp-content\/uploads\/2019\/06\/nhung-dieu-can-biet-ve-dich-vu-lau-kinh-768x480.jpg 768w\" alt=\"Nh\u1eefng \u0111i\u1ec1u c\u1ea7n bi\u1ebft v\u1ec1 d\u1ecbch v\u1ee5 lau k\u00ednh\" width=\"800\" height=\"500\" \/><\/a><\/p>\n<h3><span id=\"Dich_vu_lau_kinh_toa_nha_cao_tang_chuyen_nghiep_tai_Ha_Noi\">D\u1ecbch v\u1ee5 lau k\u00ednh t\u00f2a nh\u00e0 cao t\u1ea7ng chuy\u00ean nghi\u1ec7p t\u1ea1i H\u00e0 N\u1ed9i<\/span><\/h3>\n<p align=\"justify\"><span style=\"color: #ed1c24;\"><b>B\u01b0\u1edbc 1: Chu\u1ea9n b\u1ecb<\/b><\/span><\/p>\n<ul>\n<li>L\u1eafp r\u00e1p v\u00e0 ki\u1ec3m tra \u0111\u1ed9 an to\u00e0n c\u1ee7a thi\u1ebft b\u1ecb v\u1ec7 sinh.<\/li>\n<li>\u0110\u1eb7t bi\u1ec3n b\u00e1o.<\/li>\n<li>Di chuy\u1ec3n \u0111\u1ed3 \u0111\u1ea1c ho\u1eb7c ph\u1ee7 b\u1ea1t che n\u01b0\u1edbc.<\/li>\n<\/ul>\n<p><span style=\"color: #ed1c24;\"><b>B\u01b0\u1edbc 2: V\u1ec7 sinh th\u00f4<\/b><\/span><\/p>\n<ul>\n<li>D\u00f9ng dao c\u1ea1o c\u00e1c v\u1ebft s\u01a1n, keo, silicone \u2026 b\u00e1m tr\u00ean khung v\u00e0 tr\u00ean m\u1eb7t k\u00ednh.<\/li>\n<\/ul>\n<p><span style=\"color: #ed1c24;\"><b>B\u01b0\u1edbc 3: V\u1ec7 sinh khung k\u00ednh b\u1eb1ng h\u00f3a ch\u1ea5t<\/b><\/span><\/p>\n<ul>\n<li>Pha h\u00f3a ch\u1ea5t khung k\u00ednh theo t\u1ef7 l\u1ec7 th\u00edch h\u1ee3p.<\/li>\n<li>L\u00e0m s\u1ea1ch khung k\u00ednh: d\u00f9ng ch\u1ed5i s\u01a1n qu\u00e9t b\u1ee5i, kh\u0103n v\u00e0 h\u00f3a ch\u1ea5t.<\/li>\n<\/ul>\n<p><span style=\"color: #ed1c24;\"><b>B\u01b0\u1edbc 4: V\u1ec7 sinh k\u00ednh<\/b><\/span><\/p>\n<ul>\n<li>L\u00e0m \u01b0\u1edbt k\u00ednh b\u1eb1ng dung d\u1ecbch v\u1ec7 sinh.<\/li>\n<li>Nh\u00fang v\u00e0o x\u00f4 \u0111\u1ef1ng dung d\u1ecbch h\u00f3a ch\u1ea5t r\u1ed3i ch\u00e0 theo \u0111\u01b0\u1eddng d\u00edch d\u1eafc ngang t\u1eeb tr\u00ean xu\u1ed1ng cho \u0111\u1ebfn h\u1ebft t\u1ea5m k\u00ednh.<\/li>\n<li>G\u1ea1t k\u00ednh: d\u00f9ng g\u1ea1t k\u00ednh g\u1ea1t theo 1 trong 4 c\u00e1ch: g\u1ea1t d\u1ecdc, g\u1ea1t chi\u1ec1u ngang, g\u1ea1t theo h\u00ecnh g\u00f3c vu\u00f4ng ho\u1eb7c g\u1ea1t theo \u0111\u01b0\u1eddng d\u00edch d\u1eafc ngang t\u1eeb tr\u00ean xu\u1ed1ng. Trong khi g\u1ea1t, gi\u1eef l\u01b0\u1ee1i g\u1ea1t nghi\u00eang 45<sup>0<\/sup>\u00a0so v\u1edbi m\u1eb7t k\u00ednh, kh\u00f4ng nh\u1ea5c l\u01b0\u1ee1i g\u1ea1t l\u00ean m\u00e0 ph\u1ea3i \u0111\u1ec3 l\u01b0\u1ee1i g\u1ea1t lu\u00f4n \u00e1p s\u00e1t m\u1eb7t k\u00ednh. Lau l\u01b0\u1ee1i g\u1ea1t b\u1eb1ng kh\u0103n kh\u00f4 sau m\u1ed7i l\u1ea7n g\u1ea1t.<\/li>\n<li>Sau khi g\u1ea1t xong, d\u00f9ng kh\u0103n kh\u00f4 lau c\u00e1c c\u1ea1nh xung quanh c\u1ee7a t\u1ea5m k\u00ednh.<\/li>\n<li>L\u00e0m s\u1ea1ch t\u1eeb h\u00e0ng k\u00ednh tr\u00ean xu\u1ed1ng \u0111\u1ebfn h\u00e0ng k\u00ednh d\u01b0\u1edbi.<\/li>\n<\/ul>\n<p><span style=\"color: #ed1c24;\"><b>B\u01b0\u1edbc 5: D\u1ecdn d\u1eb9p h\u1eadu tr\u01b0\u1eddng<\/b><\/span><\/p>\n<ul>\n<li>Khi k\u1ebft th\u00fac c\u00f4ng vi\u1ec7c, g\u1ee1 b\u1ecf b\u1ea1t che, chuy\u1ec3n \u0111\u1ed3 \u0111\u1ea1c v\u1ec1 v\u1ecb tr\u00ed c\u0169, th\u00e1o d\u1ee1 thi\u1ebft b\u1ecb r\u1ed3i lau s\u1ea1ch v\u00e0 c\u1ea5t v\u00e0o kho.<\/li>\n<\/ul>\n<p>\u0110\u1ed9i ng\u0169 nh\u00e2n vi\u00ean v\u1ec7 sinh chuy\u00ean nghi\u1ec7p c\u00f3 th\u1ec3 \u0111\u01b0\u1ee3c chia l\u00e0m c\u00e1c ca kh\u00e1c nhau, ti\u1ebfn h\u00e0nh l\u00e0m li\u00ean t\u1ee5c \u0111\u1ec3 \u0111\u1ea3m b\u1ea3o ti\u1ebfn \u0111\u1ed9.\u0110\u01b0\u1ee3c trang b\u1ecb \u0111\u1ea7y \u0111\u1ee7 b\u1ea3o h\u1ed9 lao \u0111\u1ed9ng theo ti\u00eau chu\u1ea9n c\u1ee7a B\u1ed9 Lu\u1eadt lao \u0111\u1ed9ng Vi\u1ec7t Nam: (gi\u00e0y, d\u00e9p, g\u0103ng tay, m\u0169 b\u1ea3o h\u1ed9 v\u00e0 d\u1ee5ng c\u1ee5 l\u00e0m s\u1ea1ch\u2026 Ch\u00fang t\u00f4i xin cam k\u1ebft l\u00e0m v\u1eeba l\u00f2ng kh\u00e1ch h\u00e0ng v\u1edbi ch\u1ea5t l\u01b0\u1ee3ng t\u1ed1t nh\u1ea5t.<\/p>\n<p>Ngo\u00e0i ra, \u0111\u1ed1i v\u1edbi nh\u1eefng gia \u0111\u00ecnh th\u01b0\u1eddng xuy\u00ean c\u1ea7n l\u00e0m v\u1ec7 sinh, nh\u1ea5t l\u00e0 nh\u1eefng gia \u0111\u00ecnh c\u00f3 tr\u1ebb nh\u1ecf ho\u1eb7c kinh doanh b\u1eadn b\u1ecbu th\u00ec c\u00f3 th\u1ec3 s\u1eed d\u1ee5ng<strong>\u00a0<i>d\u1ecbch v\u1ee5 lau d\u1ecdn nh\u00e0 c\u1eeda<\/i><span class=\"Apple-converted-space\">,<\/span><span class=\"Apple-converted-space\">d<\/span><span class=\"Apple-converted-space\">\u1ecbch v\u1ee5\u00a0<\/span><span class=\"Apple-converted-space\">v<\/span><span class=\"Apple-converted-space\">\u1ec7 sinh v\u0103n ph\u00f2ng<\/span><span class=\"Apple-converted-space\">,d\u1ecbch v\u1ee5\u00a0<\/span><span class=\"Apple-converted-space\">v\u1ec7 sinh kh\u00e1ch s\u1ea1n<\/span><\/strong><span class=\"Apple-converted-space\">,d\u1ecbch v\u1ee5\u00a0<\/span><strong><span class=\"Apple-converted-space\">gi\u1eb7t th\u1ea3m<\/span><span class=\"Apple-converted-space\">,<\/span><span class=\"Apple-converted-space\">d<\/span><span class=\"Apple-converted-space\">\u1ecbch v\u1ee5\u00a0<\/span><span class=\"Apple-converted-space\">gi\u1eb7t<\/span><\/strong><span class=\"Apple-converted-space\"><strong>\u00a0gh\u1ebf sofa,<\/strong><strong>d\u1ecbch v\u1ee5 lau k\u00ednh t\u00f2a nh\u00e0 cao t\u1ea7ng<\/strong>\u00a0<\/span>. T\u00f9y theo kh\u1ed1i l\u01b0\u1ee3ng c\u00f4ng vi\u1ec7c, b\u1ea1n c\u00f3 th\u1ec3 h\u1ee3p \u0111\u1ed3ng s\u1ed1 gi\u1edd c\u1ea7n l\u00e0m v\u1ec7 sinh trong m\u1ed9t ng\u00e0y ho\u1eb7c ch\u1ecdn s\u1ed1 ng\u00e0y trong tu\u1ea7n\u2026 \u0111\u1ec3 \u0111\u1ea3m b\u1ea3o nh\u00e0 c\u1eeda lu\u00f4n g\u1ecdn g\u00e0ng, s\u1ea1ch s\u1ebd..<\/p>\n<h3><span id=\"Dich_vu_lau_kinh_toa_nha_cao_tang_tai_Ha_Noi\">D\u1ecbch v\u1ee5 lau k\u00ednh t\u00f2a nh\u00e0 cao t\u1ea7ng t\u1ea1i H\u00e0 N\u1ed9i<\/span><\/h3>\n<p>M\u1ecdi th\u00f4ng tin chi ti\u1ebft qu\u00fd kh\u00e1ch vui l\u00f2ng li\u00ean h\u1ec7 qua \u0111\u01b0\u1eddng d\u00e2y n\u00f3ng:<\/p>\n<p><strong>QU\u00dd KH\u00c1CH VUI L\u00d2NG CH\u1ee4P \u1ea2NH TR\u01af\u1edaC C\u00d4NG TR\u00ccNH V\u00c0 G\u1eecI \u1ea2NH T\u1edaI ZALO 1 TRONG 2 S\u1ed0 HOTLINE B\u00caN D\u01af\u1edaI \u0110\u1ec2 \u0110\u01af\u1ee2C H\u1ed6 TR\u1ee2 NHANH NH\u1ea4T.<\/strong><\/p>\n<p>Hotline: 0769.270.676 \u2013 0987.574.625<\/p>\n<p>Fanpage: <a href=\"https:\/\/www.facebook.com\/giatsofatainha\/\">https:\/\/www.facebook.com\/giatsofatainha\/<\/a><\/p>\n\t<section class=\"section gioi-thieu-section\" id=\"section_1024300360\">\n\t\t<div class=\"bg section-bg fill bg-fill  bg-loaded\" >\n\n\t\t\t\n\t\t\t\n\t\t\t\n\n\t\t<\/div>\n\n\t\t\n\n\t\t<div class=\"section-content relative\">\n\t\t\t\n<div class=\"row\"  id=\"row-1622561519\">\n\n\t<div id=\"col-629999317\" class=\"col medium-9 small-12 large-9\"  >\n\t\t\t\t<div class=\"col-inner\"  >\n\t\t\t\n\t\t\t\n<div class=\"row row-small\"  id=\"row-1004825151\">\n\n\t<div id=\"col-1145330322\" class=\"col medium-4 small-12 large-4\"  >\n\t\t\t\t<div class=\"col-inner\"  >\n\t\t\t\n\t\t\t\n\n\t<a class=\"plain\" href=\"\/lau-kinh\/\"  >\t<div class=\"icon-box featured-box icon-box-center text-center\"  >\n\t\t\t\t\t<div class=\"icon-box-img\" style=\"width: 70px\">\n\t\t\t\t<div class=\"icon\">\n\t\t\t\t\t<div class=\"icon-inner\" >\n\t\t\t\t\t\t<img loading=\"lazy\" decoding=\"async\" width=\"71\" height=\"71\" src=\"https:\/\/mauweb.tamnguyen.vn\/giatthamvanphong\/wp-content\/uploads\/2019\/10\/dich-vu-lau-kinh.jpg\" class=\"attachment-medium size-medium\" alt=\"\" \/>\t\t\t\t\t<\/div>\n\t\t\t\t<\/div>\n\t\t\t<\/div>\n\t\t\t\t<div class=\"icon-box-text last-reset\">\n\t\t\t\t\t\t\t\t\t\n<p style=\"text-align: center;\">D\u1ecbch v\u1ee5 lau k\u00ednh<\/p>\n\t\t<\/div>\n\t<\/div>\n\t<\/a>\n\t\n\t\t<\/div>\n\t\t\t\t\t<\/div>\n\n\t\n\n\t<div id=\"col-703072865\" class=\"col medium-4 small-12 large-4\"  >\n\t\t\t\t<div class=\"col-inner\"  >\n\t\t\t\n\t\t\t\n\n\t<a class=\"plain\" href=\"\/giat-dem\/\"  >\t<div class=\"icon-box featured-box icon-box-center text-center\"  >\n\t\t\t\t\t<div class=\"icon-box-img\" style=\"width: 70px\">\n\t\t\t\t<div class=\"icon\">\n\t\t\t\t\t<div class=\"icon-inner\" >\n\t\t\t\t\t\t<img loading=\"lazy\" decoding=\"async\" width=\"71\" height=\"71\" src=\"https:\/\/mauweb.tamnguyen.vn\/giatthamvanphong\/wp-content\/uploads\/2019\/10\/Dich-vu-ve-sinh-sau-xay-d\u1ee5ng.jpg\" class=\"attachment-medium size-medium\" alt=\"\" \/>\t\t\t\t\t<\/div>\n\t\t\t\t<\/div>\n\t\t\t<\/div>\n\t\t\t\t<div class=\"icon-box-text last-reset\">\n\t\t\t\t\t\t\t\t\t\n<p style=\"text-align: center;\">Gi\u1eb7t \u0111\u1ec7m v\u0103n ph\u00f2ng<\/p>\n\t\t<\/div>\n\t<\/div>\n\t<\/a>\n\t\n\t\t<\/div>\n\t\t\t\t\t<\/div>\n\n\t\n\n\t<div id=\"col-1168620894\" class=\"col medium-4 small-12 large-4\"  >\n\t\t\t\t<div class=\"col-inner\"  >\n\t\t\t\n\t\t\t\n\n\t<a class=\"plain\" href=\"\/giat-rem\/\"  >\t<div class=\"icon-box featured-box icon-box-center text-center\"  >\n\t\t\t\t\t<div class=\"icon-box-img\" style=\"width: 70px\">\n\t\t\t\t<div class=\"icon\">\n\t\t\t\t\t<div class=\"icon-inner\" >\n\t\t\t\t\t\t<img loading=\"lazy\" decoding=\"async\" width=\"71\" height=\"71\" src=\"https:\/\/mauweb.tamnguyen.vn\/giatthamvanphong\/wp-content\/uploads\/2019\/10\/dich-vu-giat-rem.jpg\" class=\"attachment-medium size-medium\" alt=\"\" \/>\t\t\t\t\t<\/div>\n\t\t\t\t<\/div>\n\t\t\t<\/div>\n\t\t\t\t<div class=\"icon-box-text last-reset\">\n\t\t\t\t\t\t\t\t\t\n<p style=\"text-align: center;\">D\u1ecbch v\u1ee5 gi\u1eb7t r\u00e8m<\/p>\n\t\t<\/div>\n\t<\/div>\n\t<\/a>\n\t\n\t\t<\/div>\n\t\t\t\t\t<\/div>\n\n\t\n<\/div>\n\t<div id=\"gap-2069979433\" class=\"gap-element clearfix hide-for-small\" style=\"display:block; height:auto;\">\n\t\t\n<style>\n#gap-2069979433 {\n  padding-top: 20px;\n}\n<\/style>\n\t<\/div>\n\t\n<div class=\"row row-small\"  id=\"row-1161426365\">\n\n\t<div id=\"col-549802646\" class=\"col medium-4 small-12 large-4\"  >\n\t\t\t\t<div class=\"col-inner\"  >\n\t\t\t\n\t\t\t\n\n\t<a class=\"plain\" href=\"\/giat-sofa-tai-nha\/\"  >\t<div class=\"icon-box featured-box icon-box-center text-center\"  >\n\t\t\t\t\t<div class=\"icon-box-img\" style=\"width: 70px\">\n\t\t\t\t<div class=\"icon\">\n\t\t\t\t\t<div class=\"icon-inner\" >\n\t\t\t\t\t\t<img loading=\"lazy\" decoding=\"async\" width=\"71\" height=\"71\" src=\"https:\/\/mauweb.tamnguyen.vn\/giatthamvanphong\/wp-content\/uploads\/2019\/10\/dich-vu-giat-tham.jpg\" class=\"attachment-medium size-medium\" alt=\"\" \/>\t\t\t\t\t<\/div>\n\t\t\t\t<\/div>\n\t\t\t<\/div>\n\t\t\t\t<div class=\"icon-box-text last-reset\">\n\t\t\t\t\t\t\t\t\t\n<p style=\"text-align: center;\">Gi\u1eb7t sofa t\u1ea1i nh\u00e0<\/p>\n\t\t<\/div>\n\t<\/div>\n\t<\/a>\n\t\n\t\t<\/div>\n\t\t\t\t\t<\/div>\n\n\t\n\n\t<div id=\"col-1035396668\" class=\"col medium-4 small-12 large-4\"  >\n\t\t\t\t<div class=\"col-inner\"  >\n\t\t\t\n\t\t\t\n\n\t<a class=\"plain\" href=\"\/giat-tham\/\"  >\t<div class=\"icon-box featured-box icon-box-center text-center\"  >\n\t\t\t\t\t<div class=\"icon-box-img\" style=\"width: 70px\">\n\t\t\t\t<div class=\"icon\">\n\t\t\t\t\t<div class=\"icon-inner\" >\n\t\t\t\t\t\t<img loading=\"lazy\" decoding=\"async\" width=\"71\" height=\"71\" src=\"https:\/\/mauweb.tamnguyen.vn\/giatthamvanphong\/wp-content\/uploads\/2019\/10\/dich-vu-giat-dem.jpg\" class=\"attachment-medium size-medium\" alt=\"\" \/>\t\t\t\t\t<\/div>\n\t\t\t\t<\/div>\n\t\t\t<\/div>\n\t\t\t\t<div class=\"icon-box-text last-reset\">\n\t\t\t\t\t\t\t\t\t\n<p style=\"text-align: center;\">Gi\u1eb7t th\u1ea3m<\/p>\n\t\t<\/div>\n\t<\/div>\n\t<\/a>\n\t\n\t\t<\/div>\n\t\t\t\t\t<\/div>\n\n\t\n\n\t<div id=\"col-1081267476\" class=\"col medium-4 small-12 large-4\"  >\n\t\t\t\t<div class=\"col-inner\"  >\n\t\t\t\n\t\t\t\n\n\t<a class=\"plain\" href=\"\/ve-sinh-sau-xay-dung\/\"  >\t<div class=\"icon-box featured-box icon-box-center text-center\"  >\n\t\t\t\t\t<div class=\"icon-box-img\" style=\"width: 70px\">\n\t\t\t\t<div class=\"icon\">\n\t\t\t\t\t<div class=\"icon-inner\" >\n\t\t\t\t\t\t<img loading=\"lazy\" decoding=\"async\" width=\"71\" height=\"71\" src=\"https:\/\/mauweb.tamnguyen.vn\/giatthamvanphong\/wp-content\/uploads\/2019\/10\/dich-vu-giat-sofa.jpg\" class=\"attachment-medium size-medium\" alt=\"\" \/>\t\t\t\t\t<\/div>\n\t\t\t\t<\/div>\n\t\t\t<\/div>\n\t\t\t\t<div class=\"icon-box-text last-reset\">\n\t\t\t\t\t\t\t\t\t\n<p style=\"text-align: center;\">V\u1ec7 sinh sau x\u00e2y d\u1ef1ng<\/p>\n\t\t<\/div>\n\t<\/div>\n\t<\/a>\n\t\n\t\t<\/div>\n\t\t\t\t\t<\/div>\n\n\t\n<\/div>\n\t\t<\/div>\n\t\t\t\t\t<\/div>\n\n\t\n\n\t<div id=\"col-1904220053\" class=\"col medium-3 small-12 large-3\"  >\n\t\t\t\t<div class=\"col-inner\"  >\n\t\t\t\n\t\t\t\n\t<div class=\"img has-hover x md-x lg-x y md-y lg-y\" id=\"image_1295263084\">\n\t\t\t\t\t\t\t\t<div class=\"img-inner image-cover dark\" style=\"padding-top:167%;\">\n\t\t\t<img loading=\"lazy\" decoding=\"async\" width=\"400\" height=\"267\" src=\"https:\/\/mauweb.tamnguyen.vn\/giatthamvanphong\/wp-content\/uploads\/2019\/10\/chi-ph\u00ed-h\u1ee3p-l\u00fd.jpg\" class=\"attachment-original size-original\" alt=\"\" srcset=\"https:\/\/mauweb.tamnguyen.vn\/giatthamvanphong\/wp-content\/uploads\/2019\/10\/chi-ph\u00ed-h\u1ee3p-l\u00fd.jpg 400w, https:\/\/mauweb.tamnguyen.vn\/giatthamvanphong\/wp-content\/uploads\/2019\/10\/chi-ph\u00ed-h\u1ee3p-l\u00fd-300x200.jpg 300w\" sizes=\"(max-width: 400px) 100vw, 400px\" \/>\t\t\t\t\t\t\n\t\t\t\t\t<\/div>\n\t\t\t\t\t\t\t\t\n<style>\n#image_1295263084 {\n  width: 100%;\n}\n<\/style>\n\t<\/div>\n\t\n\t\t<\/div>\n\t\t\t\t\t<\/div>\n\n\t\n<\/div>\n\t\t<\/div>\n\n\t\t\n<style>\n#section_1024300360 {\n  padding-top: 60px;\n  padding-bottom: 60px;\n  background-color: rgb(247, 247, 247);\n}\n#section_1024300360 .ux-shape-divider--top svg {\n  height: 150px;\n  --divider-top-width: 100%;\n}\n#section_1024300360 .ux-shape-divider--bottom svg {\n  height: 150px;\n  --divider-width: 100%;\n}\n<\/style>\n\t<\/section>\n\t\n","protected":false},"excerpt":{"rendered":"<p>D\u1ecbch v\u1ee5 lau k\u00ednh t\u00f2a nh\u00e0 cao t\u1ea7ng chuy\u00ean nghi\u1ec7p gi\u00e1 r\u1ebb\u00a0t\u1ea1i H\u00e0 N\u1ed9i D\u1ecbch v\u1ee5 lau k\u00ednh t\u00f2a nh\u00e0\u00a0c\u1ee7a V\u1ec7 sinh 5 s\u1ea1ch \u0111\u00e3 th\u1ef1c hi\u1ec7n r\u1ea5t nhi\u1ec1u c\u00e1c c\u00f4ng tr\u00ecnh l\u1edbn, c\u00e1c t\u00f2a nh\u00e0 cao t\u1ea7ng t\u1ea1i TP. H\u00e0 N\u1ed9i, H\u1ea3i Ph\u00f2ng, Qu\u1ea3ng Ninh.. V\u1edbi \u0111\u1ed9i ng\u0169 nh\u00e2n vi\u00ean chuy\u00ean nghi\u1ec7p, kinh nghi\u1ec7m &#8230;<\/p>\n","protected":false},"author":1,"featured_media":0,"parent":0,"menu_order":0,"comment_status":"closed","ping_status":"closed","template":"page-right-sidebar.php","meta":{"footnotes":""},"yst_prominent_words":[],"class_list":["post-391","page","type-page","status-publish","hentry"],"_links":{"self":[{"href":"https:\/\/mauweb.tamnguyen.vn\/giatthamvanphong\/wp-json\/wp\/v2\/pages\/391"}],"collection":[{"href":"https:\/\/mauweb.tamnguyen.vn\/giatthamvanphong\/wp-json\/wp\/v2\/pages"}],"about":[{"href":"https:\/\/mauweb.tamnguyen.vn\/giatthamvanphong\/wp-json\/wp\/v2\/types\/page"}],"author":[{"embeddable":true,"href":"https:\/\/mauweb.tamnguyen.vn\/giatthamvanphong\/wp-json\/wp\/v2\/users\/1"}],"replies":[{"embeddable":true,"href":"https:\/\/mauweb.tamnguyen.vn\/giatthamvanphong\/wp-json\/wp\/v2\/comments?post=391"}],"version-history":[{"count":0,"href":"https:\/\/mauweb.tamnguyen.vn\/giatthamvanphong\/wp-json\/wp\/v2\/pages\/391\/revisions"}],"wp:attachment":[{"href":"https:\/\/mauweb.tamnguyen.vn\/giatthamvanphong\/wp-json\/wp\/v2\/media?parent=391"}],"wp:term":[{"taxonomy":"yst_prominent_words","embeddable":true,"href":"https:\/\/mauweb.tamnguyen.vn\/giatthamvanphong\/wp-json\/wp\/v2\/yst_prominent_words?post=391"}],"curies":[{"name":"wp","href":"https:\/\/api.w.org\/{rel}","templated":true}]}}