{"id":383,"date":"2019-10-23T09:17:46","date_gmt":"2019-10-23T02:17:46","guid":{"rendered":"http:\/\/giatthamvanphong.ninhbinhweb.biz\/?page_id=383"},"modified":"2019-10-23T20:20:55","modified_gmt":"2019-10-23T13:20:55","slug":"ve-sinh-sau-xay-dung","status":"publish","type":"page","link":"https:\/\/mauweb.tamnguyen.vn\/giatthamvanphong\/ve-sinh-sau-xay-dung\/","title":{"rendered":"V\u1ec7 sinh sau x\u00e2y d\u1ef1ng"},"content":{"rendered":"<h2>C\u00e1c h\u1ea1ng m\u1ee5c V\u1ec7 sinh sau x\u00e2y d\u1ef1ng<\/h2>\n<ul>\n<li class=\"style30\">V\u1ec7 sinh c\u1eeda k\u00ednh, c\u1eeda g\u1ed7, c\u1eeda s\u1eaft. ( c\u1eeda s\u1ed5, c\u1eeda ch\u00ednh, c\u1ed5ng ch\u00ednh )<\/li>\n<li class=\"style30\">V\u1ec7 sinh tr\u1ea7n nh\u00e0.<\/li>\n<li class=\"style30\">V\u1ec7 sinh t\u01b0\u1eddng nh\u00e0.<\/li>\n<li class=\"style30\">V\u1ec7 sinh\u00a0s\u00e0n nh\u00e0.<\/li>\n<li class=\"style30\">V\u1ec7 sinh tay v\u1ecbn thang b\u1ed9.<\/li>\n<li class=\"style30\">V\u1ec7 sinh c\u1ea7u thang.<\/li>\n<li class=\"style30\">V\u1ec7 sinh thang m\u00e1y.<\/li>\n<li class=\"style30\">V\u1ec7 sinh v\u1eadt d\u1ee5ng trong nh\u00e0 ( b\u00e0n, gh\u1ebf, t\u1ee7, v\u00e0 c\u00e1c v\u1eadt d\u1ee5ng kh\u00e1c\u2026v.v.)<\/li>\n<li class=\"style30\">V\u1ec7 sinh khu v\u1ef1c Toilet, nh\u00e0 b\u1ebfp.<\/li>\n<li class=\"style30\">V\u1ec7 sinh\u00a0t\u1ea9y r\u1eeda l\u00e0m s\u1ea1ch v\u00e0\u00a0\u0111\u00e1nh b\u00f3ng s\u00e0n nh\u00e0.<\/li>\n<li class=\"style30\">H\u00fat b\u1ee5i.<\/li>\n<li class=\"style30\">V\u1ec7 sinh, lau t\u01b0\u1eddng, l\u00e0m s\u1ea1ch t\u01b0\u1eddng b\u1eb1ng k\u00ednh b\u00ean trong v\u00e0 b\u00ean ngo\u00e0i c\u1ee7a c\u0103n nh\u00e0, t\u00f2a nh\u00e0.<\/li>\n<li class=\"style30\">V\u1ec7 sinh,\u00a0gi\u1eb7t gh\u1ebf salon, sofa, gh\u1ebf v\u0103n ph\u00f2ng \u2026v.v<\/li>\n<li class=\"style30\">Gi\u1eb7t th\u1ea3m c\u1ea7u thang b\u1ed9 v\u00e0 th\u1ea3m s\u00e0n nh\u00e0.<\/li>\n<li class=\"style30\">\u0110\u00e1nh b\u00f3ng c\u00e1c v\u1eadt d\u1ee5ng, khu v\u1ef1c \u0111\u00e1 Hoa C\u01b0\u01a1ng, Marble.<\/li>\n<li class=\"style30\">V\u1ec7 sinh\u00a0h\u00e0nh lang, khu v\u1ef1c xung quanh nh\u00e0 \u1edf.<\/li>\n<li class=\"style30\">L\u00e0m s\u1ea1ch h\u1ec7 th\u1ed1ng c\u00f4ng t\u1eafc \u0111i\u1ec7n, c\u1ea7u dao \u0111i\u1ec7n.<\/li>\n<li class=\"style30\">L\u00e0m s\u1ea1ch b\u00ean ngo\u00e0i h\u1ec7 th\u1ed1ng m\u00e1y l\u1ea1nh, t\u1ee7 l\u1ea1nh, v.v\u2026<\/li>\n<\/ul>\n<h3>Th\u1eddi gian th\u1ef1c hi\u1ec7n v\u1ec7 sinh sau x\u00e2y d\u1ef1ng<\/h3>\n<p>Do s\u1ef1 kh\u00e1c nhau v\u1ec1 quy m\u00f4 c\u0169ng nh\u01b0 \u0111\u1ed9 kh\u00f3 c\u1ee7a c\u00e1c c\u00f4ng tr\u00ecnh nh\u00e0 \u1edf, v\u00ec v\u1eady th\u1eddi gian ho\u00e0n t\u1ea5t c\u1ee7a c\u00e1c h\u1ea1ng m\u1ee5c\u00a0v\u1ec7 sinh nh\u00e0 \u1edf\u00a0c\u0169ng kh\u00e1c nhau. Th\u00f4ng th\u01b0\u1eddng, th\u1eddi gian ho\u00e0n t\u1ea5t t\u1eeb 2 \u2013&gt; 6 ng\u00e0y ( t\u00f9y theo quy m\u00f4 c\u00f4ng tr\u00ecnh ). V\u1edbi th\u1eddi gian nh\u01b0 tr\u00ean \u0111\u1ea3m b\u1ea3o v\u1ec7 sinh s\u1ea1ch s\u1ebd c\u00e1c h\u1ea1ng m\u1ee5c c\u1ea7n\u00a0v\u1ec7 sinh\u00a0cho ng\u00f4i nh\u00e0 c\u1ee7a qu\u00fd kh\u00e1ch.<\/p>\n<p><img loading=\"lazy\" decoding=\"async\" class=\"aligncenter wp-image-660 size-full\" src=\"http:\/\/giatthamvanphong.ninhbinhweb.biz\/wp-content\/uploads\/2019\/10\/31.jpg\" alt=\"\" width=\"800\" height=\"533\" srcset=\"https:\/\/mauweb.tamnguyen.vn\/giatthamvanphong\/wp-content\/uploads\/2019\/10\/31.jpg 800w, https:\/\/mauweb.tamnguyen.vn\/giatthamvanphong\/wp-content\/uploads\/2019\/10\/31-300x200.jpg 300w, https:\/\/mauweb.tamnguyen.vn\/giatthamvanphong\/wp-content\/uploads\/2019\/10\/31-768x512.jpg 768w\" sizes=\"(max-width: 800px) 100vw, 800px\" \/><\/p>\n<h3>S\u1ed1 l\u01b0\u1ee3ng nh\u00e2n s\u1ef1 th\u1ef1c hi\u1ec7n<\/h3>\n<ul>\n<li>\u0110\u1ed9i ng\u0169 t\u1ed5ng v\u1ec7 sinh nh\u00e0 \u1edf sau x\u00e2y d\u1ef1ng chuy\u00ean nghi\u1ec7p c\u1ee7a c\u00f4ng ty<strong>\u00a0<\/strong>ch\u00fang t\u00f4i bao g\u1ed3m nh\u01b0 sau:<\/li>\n<li>M\u1ed7i nh\u00f3m, \u0111\u1ed9i: g\u1ed3m 3 \u2013&gt; 8 ng\u01b0\u1eddi, trong \u0111\u00f3:<\/li>\n<li>Kh\u00f4ng s\u1eed d\u1ee5ng m\u00e1y: t\u1eeb 2\u2013&gt;4 nh\u00e2n s\u1ef1 th\u1ef1c hi\u1ec7n v\u1ec7 sinh chi ti\u1ebft c\u00e1c h\u1ea1ng m\u1ee5c c\u1ea7n v\u1ec7 sinh\u00a0nh\u01b0: tr\u1ea7n nh\u00e0, t\u01b0\u1eddng g\u1ea1ch, t\u01b0\u1eddng \u0111\u00e1, s\u00e0n nh\u00e0, c\u1eeda ch\u00ednh, c\u1eeda ph\u1ee5, c\u1eeda s\u1ed5, c\u1ed5ng nh\u00e0, lau k\u00ednh, b\u00e0n, gh\u1ebf, t\u1ee7, b\u00f3ng \u0111\u00e8n c\u00e1c lo\u1ea1i, m\u00e1y l\u1ea1nh, t\u1ee7 l\u1ea1nh, h\u1ec7 th\u1ed1ng c\u00f4ng t\u00e1c \u0111i\u1ec7n, c\u1ea7u dao \u0111i\u1ec7n, h\u1ec7 th\u1ed1ng nh\u00e0 v\u1ec7 sinh, nh\u00e0 b\u1ebfp, k\u1ec7 \u0111\u1ef1ng gi\u00e0y d\u00e9p, v\u1ec7 sinh h\u00e0nh lang b\u00ean ngo\u00e0i nh\u00e0 \u1edf, x\u1eed l\u00fd b\u1ee5i,\u00a0h\u00fat b\u1ee5i, thu gom r\u00e1c v\u00e0 t\u1eadp k\u1ebft r\u00e1c \u0111\u00fang m\u01a1i quy \u0111\u1ecbnh\u2026v.v<\/li>\n<li>C\u00f3 s\u1eed d\u1ee5ng m\u00e1y: t\u1eeb 1 \u2013&gt; 2 nh\u00e2n s\u1ef1 s\u1eed d\u1ee5ng m\u00e1y ch\u00e0 s\u00e0n c\u00f4ng nghi\u1ec7p,\u00a0m\u00e1y \u0111\u00e1nh b\u00f3ng s\u00e0n nh\u00e0 c\u00f4ng nghi\u1ec7p, m\u00e1y h\u00fat n\u01b0\u1edbc c\u00f4ng nghi\u1ec7p,\u00a0m\u00e1y h\u00fat b\u1ee5i c\u00f4ng nghi\u1ec7p\u00a0v\u00e0 lau s\u00e0n nh\u00e0 \u2026v.v<\/li>\n<li>1 \u0111\u1ebfn 2 th\u1ee3 \u0111u d\u00e2y lau k\u00ednh,\u00a0v\u1ec7 sinh k\u00ednh m\u1eb7t ngo\u00e0i\u00a0c\u1ee7a c\u0103n nh\u00e0 ( n\u1ebfu c\u1ea7n th\u1ee3 \u0111u d\u00e2y l\u00e0m s\u1ea1ch h\u1ea1ng m\u1ee5c k\u00ednh, t\u01b0\u1eddng \u0111\u00e1 b\u00ean ngo\u00e0i c\u0103n nh\u00e0 ).<\/li>\n<\/ul>\n<p><img loading=\"lazy\" decoding=\"async\" class=\"aligncenter wp-image-649 size-full\" src=\"http:\/\/giatthamvanphong.ninhbinhweb.biz\/wp-content\/uploads\/2019\/10\/19-2.jpg\" alt=\"\" width=\"800\" height=\"533\" srcset=\"https:\/\/mauweb.tamnguyen.vn\/giatthamvanphong\/wp-content\/uploads\/2019\/10\/19-2.jpg 800w, https:\/\/mauweb.tamnguyen.vn\/giatthamvanphong\/wp-content\/uploads\/2019\/10\/19-2-300x200.jpg 300w, https:\/\/mauweb.tamnguyen.vn\/giatthamvanphong\/wp-content\/uploads\/2019\/10\/19-2-768x512.jpg 768w\" sizes=\"(max-width: 800px) 100vw, 800px\" \/><\/p>\n<p>&nbsp;<\/p>\n<h3>Quy tr\u00ecnh kh\u1ea3o s\u00e1t v\u00e0 b\u00e1o gi\u00e1 v\u1ec7 sinh sau x\u00e2y d\u1ef1ng<\/h3>\n<ul>\n<li>B\u01b0\u1edbc 1: Sau khi nh\u1eadn \u0111\u01b0\u1ee3c y\u00eau c\u1ea7u \u0111\u1ec1 ngh\u1ecb cung c\u1ea5p\u00a0d\u1ecbch v\u1ee5 t\u1ed5ng v\u1ec7 sinh nh\u00e0 \u1edf c\u1ee7a qu\u00fd kh\u00e1ch h\u00e0ng, c\u00f4ng ty ch\u00fang t\u00f4i s\u1ebd c\u00f3 nh\u00e2n vi\u00ean k\u1ef9 thu\u1eadt \u0111\u1ebfn kh\u1ea3o s\u00e1t th\u1ef1c t\u1ebf v\u00e0 trong v\u00f2ng 2\u00a0gi\u1edd k\u1ec3 t\u1eeb khi ho\u00e0n t\u1ea5t vi\u1ec7c kh\u1ea3o s\u00e1t c\u00f4ng ty ch\u00fang t\u00f4i s\u1ebd g\u1edfi th\u00f4ng b\u00e1o gi\u00e1 cho qu\u00fd kh\u00e1ch h\u00e0ng theo t\u1eebng h\u1ea1ng m\u1ee5c c\u00f4ng vi\u1ec7c ho\u1eb7c b\u00e1o gi\u00e1 tr\u1ecdn g\u00f3i.<\/li>\n<li>B\u01b0\u1edbc 2: N\u1ebfu qu\u00fd kh\u00e1ch h\u00e0ng ch\u1ea5p nh\u1eadn b\u00e1o gi\u00e1 v\u00e0 s\u1eed d\u1ee5ng d\u1ecbch v\u1ee5, trong v\u00f2ng 1 ng\u00e0y \u0111\u1ed9i ng\u0169 thi c\u00f4ng c\u1ee7a c\u00f4ng ty s\u1ebd ti\u1ebfn h\u00e0nh thi c\u00f4ng\u00a0v\u1ec7 sinh\u00a0c\u00f4ng tr\u00ecnh. Tuy nhi\u00ean, \u0111\u1ed1i v\u1edbi nh\u1eefng c\u00f4ng tr\u00ecnh l\u1edbn ho\u1eb7c c\u00f3 \u0111\u1ed9 ph\u1ee9c t\u1ea1p, qu\u00fd kh\u00e1ch c\u1ea7n li\u00ean h\u1ec7 s\u1edbm tr\u01b0\u1edbc ng\u00e0y thi c\u00f4ng t\u1eeb 3\u00a0\u0111\u1ebfn 5 ng\u00e0y.<\/li>\n<li>B\u01b0\u1edbc 3: Nghi\u1ec7m thu v\u00e0 b\u00e0n giao c\u00f4ng tr\u00ecnh.<\/li>\n<li>B\u01b0\u1edbc 4: Ch\u00fang t\u00f4i thu ti\u1ec1n m\u1eb7t to\u00e0n b\u1ed9 s\u1ed1 ti\u1ec1n m\u1ed9t l\u1ea7n ngay sau khi b\u00e0n giao c\u00f4ng tr\u00ecnh.<\/li>\n<\/ul>\n","protected":false},"excerpt":{"rendered":"<p>C\u00e1c h\u1ea1ng m\u1ee5c V\u1ec7 sinh sau x\u00e2y d\u1ef1ng V\u1ec7 sinh c\u1eeda k\u00ednh, c\u1eeda g\u1ed7, c\u1eeda s\u1eaft. ( c\u1eeda s\u1ed5, c\u1eeda ch\u00ednh, c\u1ed5ng ch\u00ednh ) V\u1ec7 sinh tr\u1ea7n nh\u00e0. V\u1ec7 sinh t\u01b0\u1eddng nh\u00e0. V\u1ec7 sinh\u00a0s\u00e0n nh\u00e0. V\u1ec7 sinh tay v\u1ecbn thang b\u1ed9. V\u1ec7 sinh c\u1ea7u thang. V\u1ec7 sinh thang m\u00e1y. V\u1ec7 sinh v\u1eadt d\u1ee5ng trong nh\u00e0 &#8230;<\/p>\n","protected":false},"author":1,"featured_media":0,"parent":0,"menu_order":0,"comment_status":"closed","ping_status":"closed","template":"page-right-sidebar.php","meta":{"footnotes":""},"yst_prominent_words":[],"class_list":["post-383","page","type-page","status-publish","hentry"],"_links":{"self":[{"href":"https:\/\/mauweb.tamnguyen.vn\/giatthamvanphong\/wp-json\/wp\/v2\/pages\/383"}],"collection":[{"href":"https:\/\/mauweb.tamnguyen.vn\/giatthamvanphong\/wp-json\/wp\/v2\/pages"}],"about":[{"href":"https:\/\/mauweb.tamnguyen.vn\/giatthamvanphong\/wp-json\/wp\/v2\/types\/page"}],"author":[{"embeddable":true,"href":"https:\/\/mauweb.tamnguyen.vn\/giatthamvanphong\/wp-json\/wp\/v2\/users\/1"}],"replies":[{"embeddable":true,"href":"https:\/\/mauweb.tamnguyen.vn\/giatthamvanphong\/wp-json\/wp\/v2\/comments?post=383"}],"version-history":[{"count":0,"href":"https:\/\/mauweb.tamnguyen.vn\/giatthamvanphong\/wp-json\/wp\/v2\/pages\/383\/revisions"}],"wp:attachment":[{"href":"https:\/\/mauweb.tamnguyen.vn\/giatthamvanphong\/wp-json\/wp\/v2\/media?parent=383"}],"wp:term":[{"taxonomy":"yst_prominent_words","embeddable":true,"href":"https:\/\/mauweb.tamnguyen.vn\/giatthamvanphong\/wp-json\/wp\/v2\/yst_prominent_words?post=383"}],"curies":[{"name":"wp","href":"https:\/\/api.w.org\/{rel}","templated":true}]}}