{"id":381,"date":"2019-10-23T09:17:40","date_gmt":"2019-10-23T02:17:40","guid":{"rendered":"http:\/\/giatthamvanphong.ninhbinhweb.biz\/?page_id=381"},"modified":"2019-10-23T20:17:25","modified_gmt":"2019-10-23T13:17:25","slug":"giat-tham","status":"publish","type":"page","link":"https:\/\/mauweb.tamnguyen.vn\/giatthamvanphong\/giat-tham\/","title":{"rendered":"Gi\u1eb7t th\u1ea3m"},"content":{"rendered":"<p>C\u00f4ng ty v\u1ec7 sinh Thanh Xu\u00e2n chuy\u00ean nh\u1eadn v\u1ec7 sinh c\u00e1c lo\u1ea1i\u00a0\u0111\u1ec7m, th\u1ea3m, sofa, r\u00e8m c\u1eeda, nh\u1eadn \u0111\u00e1nh b\u00f3ng v\u00e0\u00a0l\u00e0m m\u1edbi s\u00e0n. V\u1edbi 8 n\u0103m kinh nghi\u1ec7m c\u00f9ng v\u1edbi \u0111\u1ed9i ng\u0169 nh\u00e2n vi\u00ean chuy\u00ean nghi\u1ec7p ch\u0103m ch\u1ec9, nhi\u1ec7t t\u00ecnh, h\u1ebft l\u00f2ng ph\u1ee5c v\u1ee5 kh\u00e1ch h\u00e0ng.\u00a0Cam k\u1ebft\u00a0mang l\u1ea1i cho ng\u00f4i nh\u00e0 b\u1ea1n m\u1ed9t kh\u00f4ng gian\u00a0s\u1ea1ch b\u1ea9n, s\u1ea1ch khu\u1ea9n, an to\u00e0n\u00a0cho gia \u0111\u00ecnh b\u1ea1n.<\/p>\n<h2><strong>Quy Tr\u00ecnh V\u1ec7 Sinh Th\u1ea3m T\u1ea1i Nh\u00e0<\/strong><\/h2>\n<ul>\n<li><strong>B\u01b0\u1edbc 1:\u00a0<\/strong>Ki\u1ec3m tra ch\u1ea5t li\u1ec7u th\u1ea3m \u0111\u1ec3 chu\u1ea9n b\u1ecb m\u00e1y m\u00f3c, ch\u1ea5t l\u00e0m s\u1ea1ch, d\u1ee5ng c\u1ee5 c\u1ea7n thi\u1ebft ph\u00f9 h\u1ee3p \u0111\u1ec3 v\u1ec7 sinh th\u1ea3m, pha n\u01b0\u1edbc gi\u1eb7t theo \u0111\u00fang t\u1ec9 l\u1ec7 h\u1ee3p l\u00ed c\u1ee7a nh\u00e0 s\u1ea3n xu\u1ea5t \u0111\u1ec3 \u0111\u1ea1t hi\u1ec7u qu\u1ea3 cao nh\u1ea5t, n\u01b0\u1edbc th\u00edch h\u1ee3p v\u1ec7 sinh ph\u00fa h\u1ee3p nh\u1ea5t l\u00e0 n\u01b0\u1edbc \u1ea5m.<\/li>\n<li><strong>B\u01b0\u1edbc 2\u00a0<\/strong>: D\u00f9ng m\u00e1y h\u00fat c\u00f4ng su\u1ea5t l\u1edbn h\u00fat b\u1ee5i to\u00e0n b\u1ed9 b\u1ec1 m\u1eb7t th\u1ea3m, thu gom nh\u1eefng r\u00e1c l\u1edbn.<\/li>\n<li><strong>B\u01b0\u1edbc 3<\/strong>: Ti\u1ebfn h\u00e0nh ki\u1ec3m tra t\u00ecnh tr\u1ea1ng v\u1ebft b\u1ea9n \u0111\u1ec3 l\u00ean ph\u01b0\u01a1ng ph\u00e1p x\u1eed l\u00ed sao cho ph\u00f9 h\u1ee3p, mang l\u1ea1i ch\u1ea5t l\u01b0\u1ee3ng d\u1ecbch v\u1ee5 t\u1ed1t nh\u1ea5t<\/li>\n<li><strong>B\u01b0\u1edbc 4\u00a0<\/strong>: Ti\u1ebfn h\u00e0ng s\u1eed l\u00ed nh\u1eefng v\u1ebft b\u1ea9n c\u1ee9ng \u0111\u1ea7u tr\u01b0\u1edbc, phun ch\u1ea5t l\u00e0m s\u1ea1ch l\u00ean tr\u00ean b\u1ec1 m\u1eb7t th\u1ea3m<\/li>\n<li><strong>B\u01b0\u1edbc 5\u00a0<\/strong>:\u00a0 Ch\u00e0 to\u00e0n b\u1ed9 b\u1ec1 m\u1eb7t th\u1ea3m b\u1eb1ng m\u00e1y ch\u1ea3 chuy\u00ean d\u1ee5ng<\/li>\n<li><strong><em>B\u01b0\u1edbc 6\u00a0<\/em><\/strong>:\u00a0H\u00fat n\u01b0\u1edbc b\u1ea9n do m\u00e1y gi\u1eb7t Th\u1ea3m \u0111\u1ec3 l\u1ea1i b\u1eb1ng m\u00e1y h\u00fat c\u00f4ng su\u1ed1t l\u1edbn, ti\u1ebfn h\u00e0nh h\u00fat kh\u00f4\u00a0 l\u1ea7n 2 cho th\u1ea3m nhanh kh\u00f4 h\u01a1n<\/li>\n<li><strong>B\u01b0\u1edbc 7\u00a0<\/strong>: Sau Khi gi\u1eb7t th\u1ea3m s\u1ebd c\u00f2n h\u01a1i \u1ea9m kh\u00e1ch h\u00e0ng s\u1ebd th\u1ed5i kh\u00f4 Th\u1ea3m b\u1eb1ng qu\u1ea1t, b\u1eadt \u0111i\u1ec1u h\u00f2a h\u00fat \u1ea9m v.v<\/li>\n<li><strong>B\u01b0\u1edbc 8\u00a0<\/strong>:\u00a0S\u1eafp x\u1ebfp \u0111\u1ed3 \u0111\u1ea1c, b\u00e0n Gh\u1ebf l\u1ea1i v\u1ecb tr\u00ed c\u0169 g\u1ecdn g\u00e0ng, ng\u0103n n\u1eafp<\/li>\n<\/ul>\n<h3><b>H\u00ecnh \u1ea3nh th\u1ef1c hi\u1ec7n<\/b><\/h3>\n\n  \n    <div class=\"row large-columns-3 medium-columns- small-columns-2 row-xsmall\">\n  <div class=\"gallery-col col\" >\n          <div class=\"col-inner\">\n            <a class=\"image-lightbox lightbox-gallery\" href=\"https:\/\/mauweb.tamnguyen.vn\/giatthamvanphong\/wp-content\/uploads\/2019\/10\/1c189059f5c1109f49d0.jpg\" title=\"\">            <div class=\"box has-hover gallery-box box-none\">\n              <div class=\"box-image image-zoom\" >\n                <img loading=\"lazy\" decoding=\"async\" width=\"800\" height=\"533\" src=\"https:\/\/mauweb.tamnguyen.vn\/giatthamvanphong\/wp-content\/uploads\/2019\/10\/1c189059f5c1109f49d0.jpg\" class=\"attachment-original size-original\" alt=\"\" ids=\"586,594,591,592,593,588,589,590,587,585\" style=\"none\" col_spacing=\"xsmall\" columns=\"3\" image_size=\"original\" image_hover=\"zoom\" srcset=\"https:\/\/mauweb.tamnguyen.vn\/giatthamvanphong\/wp-content\/uploads\/2019\/10\/1c189059f5c1109f49d0.jpg 800w, https:\/\/mauweb.tamnguyen.vn\/giatthamvanphong\/wp-content\/uploads\/2019\/10\/1c189059f5c1109f49d0-300x200.jpg 300w, https:\/\/mauweb.tamnguyen.vn\/giatthamvanphong\/wp-content\/uploads\/2019\/10\/1c189059f5c1109f49d0-768x512.jpg 768w\" sizes=\"(max-width: 800px) 100vw, 800px\" \/>                                                              <\/div>\n              <div class=\"box-text text-left\" >\n                 <p><\/p>\n              <\/div>\n            <\/div>\n            <\/a>          <\/div>\n         <\/div><div class=\"gallery-col col\" >\n          <div class=\"col-inner\">\n            <a class=\"image-lightbox lightbox-gallery\" href=\"https:\/\/mauweb.tamnguyen.vn\/giatthamvanphong\/wp-content\/uploads\/2019\/10\/c4d7d097b50f5051091e.jpg\" title=\"\">            <div class=\"box has-hover gallery-box box-none\">\n              <div class=\"box-image image-zoom\" >\n                <img loading=\"lazy\" decoding=\"async\" width=\"800\" height=\"533\" src=\"https:\/\/mauweb.tamnguyen.vn\/giatthamvanphong\/wp-content\/uploads\/2019\/10\/c4d7d097b50f5051091e.jpg\" class=\"attachment-original size-original\" alt=\"\" ids=\"586,594,591,592,593,588,589,590,587,585\" style=\"none\" col_spacing=\"xsmall\" columns=\"3\" image_size=\"original\" image_hover=\"zoom\" srcset=\"https:\/\/mauweb.tamnguyen.vn\/giatthamvanphong\/wp-content\/uploads\/2019\/10\/c4d7d097b50f5051091e.jpg 800w, https:\/\/mauweb.tamnguyen.vn\/giatthamvanphong\/wp-content\/uploads\/2019\/10\/c4d7d097b50f5051091e-300x200.jpg 300w, https:\/\/mauweb.tamnguyen.vn\/giatthamvanphong\/wp-content\/uploads\/2019\/10\/c4d7d097b50f5051091e-768x512.jpg 768w\" sizes=\"(max-width: 800px) 100vw, 800px\" \/>                                                              <\/div>\n              <div class=\"box-text text-left\" >\n                 <p><\/p>\n              <\/div>\n            <\/div>\n            <\/a>          <\/div>\n         <\/div><div class=\"gallery-col col\" >\n          <div class=\"col-inner\">\n            <a class=\"image-lightbox lightbox-gallery\" href=\"https:\/\/mauweb.tamnguyen.vn\/giatthamvanphong\/wp-content\/uploads\/2019\/10\/62e3f0a2953a7064292b.jpg\" title=\"\">            <div class=\"box has-hover gallery-box box-none\">\n              <div class=\"box-image image-zoom\" >\n                <img loading=\"lazy\" decoding=\"async\" width=\"800\" height=\"533\" src=\"https:\/\/mauweb.tamnguyen.vn\/giatthamvanphong\/wp-content\/uploads\/2019\/10\/62e3f0a2953a7064292b.jpg\" class=\"attachment-original size-original\" alt=\"\" ids=\"586,594,591,592,593,588,589,590,587,585\" style=\"none\" col_spacing=\"xsmall\" columns=\"3\" image_size=\"original\" image_hover=\"zoom\" srcset=\"https:\/\/mauweb.tamnguyen.vn\/giatthamvanphong\/wp-content\/uploads\/2019\/10\/62e3f0a2953a7064292b.jpg 800w, https:\/\/mauweb.tamnguyen.vn\/giatthamvanphong\/wp-content\/uploads\/2019\/10\/62e3f0a2953a7064292b-300x200.jpg 300w, https:\/\/mauweb.tamnguyen.vn\/giatthamvanphong\/wp-content\/uploads\/2019\/10\/62e3f0a2953a7064292b-768x512.jpg 768w\" sizes=\"(max-width: 800px) 100vw, 800px\" \/>                                                              <\/div>\n              <div class=\"box-text text-left\" >\n                 <p><\/p>\n              <\/div>\n            <\/div>\n            <\/a>          <\/div>\n         <\/div><div class=\"gallery-col col\" >\n          <div class=\"col-inner\">\n            <a class=\"image-lightbox lightbox-gallery\" href=\"https:\/\/mauweb.tamnguyen.vn\/giatthamvanphong\/wp-content\/uploads\/2019\/10\/7498c9d7ac4f4911105e.jpg\" title=\"\">            <div class=\"box has-hover gallery-box box-none\">\n              <div class=\"box-image image-zoom\" >\n                <img loading=\"lazy\" decoding=\"async\" width=\"800\" height=\"533\" src=\"https:\/\/mauweb.tamnguyen.vn\/giatthamvanphong\/wp-content\/uploads\/2019\/10\/7498c9d7ac4f4911105e.jpg\" class=\"attachment-original size-original\" alt=\"\" ids=\"586,594,591,592,593,588,589,590,587,585\" style=\"none\" col_spacing=\"xsmall\" columns=\"3\" image_size=\"original\" image_hover=\"zoom\" srcset=\"https:\/\/mauweb.tamnguyen.vn\/giatthamvanphong\/wp-content\/uploads\/2019\/10\/7498c9d7ac4f4911105e.jpg 800w, https:\/\/mauweb.tamnguyen.vn\/giatthamvanphong\/wp-content\/uploads\/2019\/10\/7498c9d7ac4f4911105e-300x200.jpg 300w, https:\/\/mauweb.tamnguyen.vn\/giatthamvanphong\/wp-content\/uploads\/2019\/10\/7498c9d7ac4f4911105e-768x512.jpg 768w\" sizes=\"(max-width: 800px) 100vw, 800px\" \/>                                                              <\/div>\n              <div class=\"box-text text-left\" >\n                 <p><\/p>\n              <\/div>\n            <\/div>\n            <\/a>          <\/div>\n         <\/div><div class=\"gallery-col col\" >\n          <div class=\"col-inner\">\n            <a class=\"image-lightbox lightbox-gallery\" href=\"https:\/\/mauweb.tamnguyen.vn\/giatthamvanphong\/wp-content\/uploads\/2019\/10\/26975ad53f4dda13835c.jpg\" title=\"\">            <div class=\"box has-hover gallery-box box-none\">\n              <div class=\"box-image image-zoom\" >\n                <img loading=\"lazy\" decoding=\"async\" width=\"800\" height=\"533\" src=\"https:\/\/mauweb.tamnguyen.vn\/giatthamvanphong\/wp-content\/uploads\/2019\/10\/26975ad53f4dda13835c.jpg\" class=\"attachment-original size-original\" alt=\"\" ids=\"586,594,591,592,593,588,589,590,587,585\" style=\"none\" col_spacing=\"xsmall\" columns=\"3\" image_size=\"original\" image_hover=\"zoom\" srcset=\"https:\/\/mauweb.tamnguyen.vn\/giatthamvanphong\/wp-content\/uploads\/2019\/10\/26975ad53f4dda13835c.jpg 800w, https:\/\/mauweb.tamnguyen.vn\/giatthamvanphong\/wp-content\/uploads\/2019\/10\/26975ad53f4dda13835c-300x200.jpg 300w, https:\/\/mauweb.tamnguyen.vn\/giatthamvanphong\/wp-content\/uploads\/2019\/10\/26975ad53f4dda13835c-768x512.jpg 768w\" sizes=\"(max-width: 800px) 100vw, 800px\" \/>                                                              <\/div>\n              <div class=\"box-text text-left\" >\n                 <p><\/p>\n              <\/div>\n            <\/div>\n            <\/a>          <\/div>\n         <\/div><div class=\"gallery-col col\" >\n          <div class=\"col-inner\">\n            <a class=\"image-lightbox lightbox-gallery\" href=\"https:\/\/mauweb.tamnguyen.vn\/giatthamvanphong\/wp-content\/uploads\/2019\/10\/9a2c006365fb80a5d9ea.jpg\" title=\"\">            <div class=\"box has-hover gallery-box box-none\">\n              <div class=\"box-image image-zoom\" >\n                <img loading=\"lazy\" decoding=\"async\" width=\"800\" height=\"533\" src=\"https:\/\/mauweb.tamnguyen.vn\/giatthamvanphong\/wp-content\/uploads\/2019\/10\/9a2c006365fb80a5d9ea.jpg\" class=\"attachment-original size-original\" alt=\"\" ids=\"586,594,591,592,593,588,589,590,587,585\" style=\"none\" col_spacing=\"xsmall\" columns=\"3\" image_size=\"original\" image_hover=\"zoom\" srcset=\"https:\/\/mauweb.tamnguyen.vn\/giatthamvanphong\/wp-content\/uploads\/2019\/10\/9a2c006365fb80a5d9ea.jpg 800w, https:\/\/mauweb.tamnguyen.vn\/giatthamvanphong\/wp-content\/uploads\/2019\/10\/9a2c006365fb80a5d9ea-300x200.jpg 300w, https:\/\/mauweb.tamnguyen.vn\/giatthamvanphong\/wp-content\/uploads\/2019\/10\/9a2c006365fb80a5d9ea-768x512.jpg 768w\" sizes=\"(max-width: 800px) 100vw, 800px\" \/>                                                              <\/div>\n              <div class=\"box-text text-left\" >\n                 <p><\/p>\n              <\/div>\n            <\/div>\n            <\/a>          <\/div>\n         <\/div><div class=\"gallery-col col\" >\n          <div class=\"col-inner\">\n            <a class=\"image-lightbox lightbox-gallery\" href=\"https:\/\/mauweb.tamnguyen.vn\/giatthamvanphong\/wp-content\/uploads\/2019\/10\/17.jpg\" title=\"\">            <div class=\"box has-hover gallery-box box-none\">\n              <div class=\"box-image image-zoom\" >\n                <img loading=\"lazy\" decoding=\"async\" width=\"800\" height=\"533\" src=\"https:\/\/mauweb.tamnguyen.vn\/giatthamvanphong\/wp-content\/uploads\/2019\/10\/17.jpg\" class=\"attachment-original size-original\" alt=\"\" ids=\"586,594,591,592,593,588,589,590,587,585\" style=\"none\" col_spacing=\"xsmall\" columns=\"3\" image_size=\"original\" image_hover=\"zoom\" srcset=\"https:\/\/mauweb.tamnguyen.vn\/giatthamvanphong\/wp-content\/uploads\/2019\/10\/17.jpg 800w, https:\/\/mauweb.tamnguyen.vn\/giatthamvanphong\/wp-content\/uploads\/2019\/10\/17-300x200.jpg 300w, https:\/\/mauweb.tamnguyen.vn\/giatthamvanphong\/wp-content\/uploads\/2019\/10\/17-768x512.jpg 768w\" sizes=\"(max-width: 800px) 100vw, 800px\" \/>                                                              <\/div>\n              <div class=\"box-text text-left\" >\n                 <p><\/p>\n              <\/div>\n            <\/div>\n            <\/a>          <\/div>\n         <\/div><div class=\"gallery-col col\" >\n          <div class=\"col-inner\">\n            <a class=\"image-lightbox lightbox-gallery\" href=\"https:\/\/mauweb.tamnguyen.vn\/giatthamvanphong\/wp-content\/uploads\/2019\/10\/46d063900608e356ba19.jpg\" title=\"\">            <div class=\"box has-hover gallery-box box-none\">\n              <div class=\"box-image image-zoom\" >\n                <img loading=\"lazy\" decoding=\"async\" width=\"800\" height=\"533\" src=\"https:\/\/mauweb.tamnguyen.vn\/giatthamvanphong\/wp-content\/uploads\/2019\/10\/46d063900608e356ba19.jpg\" class=\"attachment-original size-original\" alt=\"\" ids=\"586,594,591,592,593,588,589,590,587,585\" style=\"none\" col_spacing=\"xsmall\" columns=\"3\" image_size=\"original\" image_hover=\"zoom\" srcset=\"https:\/\/mauweb.tamnguyen.vn\/giatthamvanphong\/wp-content\/uploads\/2019\/10\/46d063900608e356ba19.jpg 800w, https:\/\/mauweb.tamnguyen.vn\/giatthamvanphong\/wp-content\/uploads\/2019\/10\/46d063900608e356ba19-300x200.jpg 300w, https:\/\/mauweb.tamnguyen.vn\/giatthamvanphong\/wp-content\/uploads\/2019\/10\/46d063900608e356ba19-768x512.jpg 768w\" sizes=\"(max-width: 800px) 100vw, 800px\" \/>                                                              <\/div>\n              <div class=\"box-text text-left\" >\n                 <p><\/p>\n              <\/div>\n            <\/div>\n            <\/a>          <\/div>\n         <\/div><div class=\"gallery-col col\" >\n          <div class=\"col-inner\">\n            <a class=\"image-lightbox lightbox-gallery\" href=\"https:\/\/mauweb.tamnguyen.vn\/giatthamvanphong\/wp-content\/uploads\/2019\/10\/4fc617897211974fce00.jpg\" title=\"\">            <div class=\"box has-hover gallery-box box-none\">\n              <div class=\"box-image image-zoom\" >\n                <img loading=\"lazy\" decoding=\"async\" width=\"800\" height=\"533\" src=\"https:\/\/mauweb.tamnguyen.vn\/giatthamvanphong\/wp-content\/uploads\/2019\/10\/4fc617897211974fce00.jpg\" class=\"attachment-original size-original\" alt=\"\" ids=\"586,594,591,592,593,588,589,590,587,585\" style=\"none\" col_spacing=\"xsmall\" columns=\"3\" image_size=\"original\" image_hover=\"zoom\" srcset=\"https:\/\/mauweb.tamnguyen.vn\/giatthamvanphong\/wp-content\/uploads\/2019\/10\/4fc617897211974fce00.jpg 800w, https:\/\/mauweb.tamnguyen.vn\/giatthamvanphong\/wp-content\/uploads\/2019\/10\/4fc617897211974fce00-300x200.jpg 300w, https:\/\/mauweb.tamnguyen.vn\/giatthamvanphong\/wp-content\/uploads\/2019\/10\/4fc617897211974fce00-768x512.jpg 768w\" sizes=\"(max-width: 800px) 100vw, 800px\" \/>                                                              <\/div>\n              <div class=\"box-text text-left\" >\n                 <p><\/p>\n              <\/div>\n            <\/div>\n            <\/a>          <\/div>\n         <\/div><div class=\"gallery-col col\" >\n          <div class=\"col-inner\">\n            <a class=\"image-lightbox lightbox-gallery\" href=\"https:\/\/mauweb.tamnguyen.vn\/giatthamvanphong\/wp-content\/uploads\/2019\/10\/c89bf1da9442711c2853.jpg\" title=\"\">            <div class=\"box has-hover gallery-box box-none\">\n              <div class=\"box-image image-zoom\" >\n                <img loading=\"lazy\" decoding=\"async\" width=\"800\" height=\"533\" src=\"https:\/\/mauweb.tamnguyen.vn\/giatthamvanphong\/wp-content\/uploads\/2019\/10\/c89bf1da9442711c2853.jpg\" class=\"attachment-original size-original\" alt=\"\" ids=\"586,594,591,592,593,588,589,590,587,585\" style=\"none\" col_spacing=\"xsmall\" columns=\"3\" image_size=\"original\" image_hover=\"zoom\" srcset=\"https:\/\/mauweb.tamnguyen.vn\/giatthamvanphong\/wp-content\/uploads\/2019\/10\/c89bf1da9442711c2853.jpg 800w, https:\/\/mauweb.tamnguyen.vn\/giatthamvanphong\/wp-content\/uploads\/2019\/10\/c89bf1da9442711c2853-300x200.jpg 300w, https:\/\/mauweb.tamnguyen.vn\/giatthamvanphong\/wp-content\/uploads\/2019\/10\/c89bf1da9442711c2853-768x512.jpg 768w\" sizes=\"(max-width: 800px) 100vw, 800px\" \/>                                                              <\/div>\n              <div class=\"box-text text-left\" >\n                 <p><\/p>\n              <\/div>\n            <\/div>\n            <\/a>          <\/div>\n         <\/div><\/div>\n","protected":false},"excerpt":{"rendered":"<p>C\u00f4ng ty v\u1ec7 sinh Thanh Xu\u00e2n chuy\u00ean nh\u1eadn v\u1ec7 sinh c\u00e1c lo\u1ea1i\u00a0\u0111\u1ec7m, th\u1ea3m, sofa, r\u00e8m c\u1eeda, nh\u1eadn \u0111\u00e1nh b\u00f3ng v\u00e0\u00a0l\u00e0m m\u1edbi s\u00e0n. V\u1edbi 8 n\u0103m kinh nghi\u1ec7m c\u00f9ng v\u1edbi \u0111\u1ed9i ng\u0169 nh\u00e2n vi\u00ean chuy\u00ean nghi\u1ec7p ch\u0103m ch\u1ec9, nhi\u1ec7t t\u00ecnh, h\u1ebft l\u00f2ng ph\u1ee5c v\u1ee5 kh\u00e1ch h\u00e0ng.\u00a0Cam k\u1ebft\u00a0mang l\u1ea1i cho ng\u00f4i nh\u00e0 b\u1ea1n m\u1ed9t kh\u00f4ng gian\u00a0s\u1ea1ch b\u1ea9n, &#8230;<\/p>\n","protected":false},"author":1,"featured_media":0,"parent":0,"menu_order":0,"comment_status":"closed","ping_status":"closed","template":"","meta":{"footnotes":""},"yst_prominent_words":[],"class_list":["post-381","page","type-page","status-publish","hentry"],"_links":{"self":[{"href":"https:\/\/mauweb.tamnguyen.vn\/giatthamvanphong\/wp-json\/wp\/v2\/pages\/381"}],"collection":[{"href":"https:\/\/mauweb.tamnguyen.vn\/giatthamvanphong\/wp-json\/wp\/v2\/pages"}],"about":[{"href":"https:\/\/mauweb.tamnguyen.vn\/giatthamvanphong\/wp-json\/wp\/v2\/types\/page"}],"author":[{"embeddable":true,"href":"https:\/\/mauweb.tamnguyen.vn\/giatthamvanphong\/wp-json\/wp\/v2\/users\/1"}],"replies":[{"embeddable":true,"href":"https:\/\/mauweb.tamnguyen.vn\/giatthamvanphong\/wp-json\/wp\/v2\/comments?post=381"}],"version-history":[{"count":0,"href":"https:\/\/mauweb.tamnguyen.vn\/giatthamvanphong\/wp-json\/wp\/v2\/pages\/381\/revisions"}],"wp:attachment":[{"href":"https:\/\/mauweb.tamnguyen.vn\/giatthamvanphong\/wp-json\/wp\/v2\/media?parent=381"}],"wp:term":[{"taxonomy":"yst_prominent_words","embeddable":true,"href":"https:\/\/mauweb.tamnguyen.vn\/giatthamvanphong\/wp-json\/wp\/v2\/yst_prominent_words?post=381"}],"curies":[{"name":"wp","href":"https:\/\/api.w.org\/{rel}","templated":true}]}}