{"id":379,"date":"2019-10-23T09:17:35","date_gmt":"2019-10-23T02:17:35","guid":{"rendered":"http:\/\/giatthamvanphong.ninhbinhweb.biz\/?page_id=379"},"modified":"2019-10-23T20:48:15","modified_gmt":"2019-10-23T13:48:15","slug":"giat-sofa-tai-nha","status":"publish","type":"page","link":"https:\/\/mauweb.tamnguyen.vn\/giatthamvanphong\/giat-sofa-tai-nha\/","title":{"rendered":"Gi\u1eb7t sofa t\u1ea1i nh\u00e0"},"content":{"rendered":"\t<div class=\"img has-hover x md-x lg-x y md-y lg-y\" id=\"image_1449542128\">\n\t\t\t\t\t\t\t\t<div class=\"img-inner dark\" >\n\t\t\t<img loading=\"lazy\" decoding=\"async\" width=\"1920\" height=\"432\" src=\"https:\/\/mauweb.tamnguyen.vn\/giatthamvanphong\/wp-content\/uploads\/2019\/10\/slider2.jpg\" class=\"attachment-original size-original\" alt=\"\" srcset=\"https:\/\/mauweb.tamnguyen.vn\/giatthamvanphong\/wp-content\/uploads\/2019\/10\/slider2.jpg 1920w, https:\/\/mauweb.tamnguyen.vn\/giatthamvanphong\/wp-content\/uploads\/2019\/10\/slider2-300x68.jpg 300w, https:\/\/mauweb.tamnguyen.vn\/giatthamvanphong\/wp-content\/uploads\/2019\/10\/slider2-768x173.jpg 768w, https:\/\/mauweb.tamnguyen.vn\/giatthamvanphong\/wp-content\/uploads\/2019\/10\/slider2-1024x230.jpg 1024w\" sizes=\"(max-width: 1920px) 100vw, 1920px\" \/>\t\t\t\t\t\t\n\t\t\t\t\t<\/div>\n\t\t\t\t\t\t\t\t\n<style>\n#image_1449542128 {\n  width: 100%;\n}\n<\/style>\n\t<\/div>\n\t\n\t<section class=\"section quy-trinh-giat-nem\" id=\"section_968982490\">\n\t\t<div class=\"bg section-bg fill bg-fill  bg-loaded\" >\n\n\t\t\t\n\t\t\t\n\t\t\t\n\n\t\t<\/div>\n\n\t\t\n\n\t\t<div class=\"section-content relative\">\n\t\t\t\n<div class=\"row\"  id=\"row-132787716\">\n\n\t<div id=\"col-753082738\" class=\"col small-12 large-12\"  >\n\t\t\t\t<div class=\"col-inner\"  >\n\t\t\t\n\t\t\t\n<div class=\"container section-title-container\" ><h2 class=\"section-title section-title-center\"><b><\/b><span class=\"section-title-main\" >D\u1ecbch v\u1ee5 gi\u1eb7t gh\u1ebf sofa t\u1ea1i nh\u00e0 chuy\u00ean nghi\u1ec7p nh\u1ea5t<\/span><b><\/b><\/h2><\/div>\n\t<div id=\"gap-1268857362\" class=\"gap-element clearfix\" style=\"display:block; height:auto;\">\n\t\t\n<style>\n#gap-1268857362 {\n  padding-top: 30px;\n}\n<\/style>\n\t<\/div>\n\t\n\t\t<\/div>\n\t\t\t\t\t<\/div>\n\n\t\n\n\t<div id=\"col-2027487670\" class=\"col medium-6 small-12 large-6\"  >\n\t\t\t\t<div class=\"col-inner\"  >\n\t\t\t\n\t\t\t\n<p>Gh\u1ebf Sofa l\u00e0 m\u1ed9t trong nh\u1eefng s\u1ea3n ph\u1ea9m n\u1ed9i th\u1ea5t kh\u00f4ng th\u1ec3 thi\u1ebfu trong kh\u00f4ng gian ki\u1ebfn tr\u00fac ph\u00f2ng kh\u00e1ch c\u1ee7a c\u00e1c h\u1ed9 gia \u0111\u00ecnh v\u00e0 trong c\u00e1c v\u0103n ph\u00f2ng l\u00e0m vi\u1ec7c. Qua th\u1eddi gian s\u1eed d\u1ee5ng l\u00e2u d\u00e0i gh\u1ebf sofa d\u1ec5 b\u1ecb b\u00e1m b\u1ea9n b\u1edfi b\u1ee5i \u0111\u1ea5t, ,vi tr\u00f9ng, th\u1ee9c \u0103n, l\u00f4ng t\u00f3c, t\u1ebf b\u00e0o da ch\u1ebft, v\u1ebft b\u1ea9n v\u1eadt nu\u00f4i\u2026 Nh\u01b0ng b\u1ea1n kh\u00f4ng c\u1ea7n ph\u1ea3i ch\u1ea5p nh\u1eadn th\u1ef1c t\u1ebf r\u1eb1ng gh\u1ebf sofa c\u1ee7a b\u1ea1n s\u1ebd b\u1ecb b\u1ea9n v\u00e0 kh\u00f4ng th\u1ec3 l\u00e0m s\u1ea1ch \u0111\u01b0\u1ee3c n\u1ebfu kh\u00f4ng\u00a0 \u0111\u01b0\u1ee3c v\u1ec7 sinh b\u1edfi d\u1ecbch v\u1ee5 gi\u1eb7t sofa chuy\u00ean nghi\u1ec7p.<\/p>\n<p>V\u1edbi d\u1ecbch v\u1ee5 gi\u1eb7t n\u1ec7m chuy\u00ean nghi\u1ec7p t\u1eeb C\u00f4ng Ty Anh Th\u01b0 c\u00e1c b\u1ea1n ho\u00e0n to\u00e0n c\u00f3 th\u1ec3 y\u00ean t\u00e2m v\u1ec1 k\u1ebft qu\u1ea3 sau khi ch\u00fang th\u00f4i th\u1ef1c hi\u1ec7n quy tr\u00ecnh gi\u1eb7t gh\u1ebf sofa.Anh Th\u01b0 cam k\u1ebft l\u00e0 m\u1ed9t d\u1ecbch v\u1ee5 ch\u1ea5t l\u01b0\u1ee3ng v\u00ec kh\u00e1ch h\u00e0ng ph\u1ee5c v\u1ee5 t\u1eadn t\u00ecnh, t\u1eadn t\u00e2m. B\u1ea1n c\u1ea7n v\u1ec7 sinh gh\u1ebf sofa nh\u01b0ng l\u1ea1i kh\u00f4ng th\u1eddi gian? hay b\u1ea1n c\u00f3 th\u1eddi gian nh\u01b0ng l\u1ea1i kh\u00f4ng bi\u1ebft gi\u1eb7t nh\u01b0 th\u1ebf n\u00e0o? H\u00e3y y\u00ean t\u00e2m! Anh Th\u01b0 s\u1ebd gi\u00fap b\u1ea1n bao g\u1ed3m c\u1ea3 gi\u1eb7t gh\u1ebf sofa n\u1ec9 v\u00e0 gi\u1eb7t gh\u1ebf sofa da.<\/p>\n\t\t<\/div>\n\t\t\t\t\t<\/div>\n\n\t\n\n\t<div id=\"col-456405081\" class=\"col medium-6 small-12 large-6\"  >\n\t\t\t\t<div class=\"col-inner\"  >\n\t\t\t\n\t\t\t\n\t<div class=\"img has-hover x md-x lg-x y md-y lg-y\" id=\"image_1276588037\">\n\t\t\t\t\t\t\t\t<div class=\"img-inner image-cover dark\" style=\"padding-top:60%;\">\n\t\t\t<img loading=\"lazy\" decoding=\"async\" width=\"800\" height=\"533\" src=\"https:\/\/mauweb.tamnguyen.vn\/giatthamvanphong\/wp-content\/uploads\/2019\/10\/ccscs.jpg\" class=\"attachment-original size-original\" alt=\"\" srcset=\"https:\/\/mauweb.tamnguyen.vn\/giatthamvanphong\/wp-content\/uploads\/2019\/10\/ccscs.jpg 800w, https:\/\/mauweb.tamnguyen.vn\/giatthamvanphong\/wp-content\/uploads\/2019\/10\/ccscs-300x200.jpg 300w, https:\/\/mauweb.tamnguyen.vn\/giatthamvanphong\/wp-content\/uploads\/2019\/10\/ccscs-768x512.jpg 768w\" sizes=\"(max-width: 800px) 100vw, 800px\" \/>\t\t\t\t\t\t\n\t\t\t\t\t<\/div>\n\t\t\t\t\t\t\t\t\n<style>\n#image_1276588037 {\n  width: 100%;\n}\n<\/style>\n\t<\/div>\n\t\n\t\t<\/div>\n\t\t\t\t\t<\/div>\n\n\t\n<\/div>\n\t\t<\/div>\n\n\t\t\n<style>\n#section_968982490 {\n  padding-top: 46px;\n  padding-bottom: 46px;\n}\n#section_968982490 .ux-shape-divider--top svg {\n  height: 150px;\n  --divider-top-width: 100%;\n}\n#section_968982490 .ux-shape-divider--bottom svg {\n  height: 150px;\n  --divider-width: 100%;\n}\n<\/style>\n\t<\/section>\n\t\n\t<section class=\"section quy-trinh-giat-nem dark\" id=\"section_1342308253\">\n\t\t<div class=\"bg section-bg fill bg-fill  \" >\n\n\t\t\t\n\t\t\t<div class=\"section-bg-overlay absolute fill\"><\/div>\n\t\t\t\n\n\t\t<\/div>\n\n\t\t\n\n\t\t<div class=\"section-content relative\">\n\t\t\t\n<div class=\"row\"  id=\"row-1840930470\">\n\n\t<div id=\"col-116339072\" class=\"col small-12 large-12\"  >\n\t\t\t\t<div class=\"col-inner\"  >\n\t\t\t\n\t\t\t\n<div class=\"container section-title-container\" ><h2 class=\"section-title section-title-center\"><b><\/b><span class=\"section-title-main\" style=\"color:rgb(255, 255, 255);\">Quy tr\u00ecnh gi\u1eb7t gh\u1ebf sofa t\u1ea1i nh\u00e0 c\u1ee7a Thanh Xu\u00e2n<\/span><b><\/b><\/h2><\/div>\n<p style=\"text-align: center;\">V\u1ec7 Sinh Thanh Xu\u00e2n cung c\u1ea5p d\u1ecbch v\u1ee5 gi\u1eb7t gh\u1ebf sofa t\u1ea1i nh\u00e0 chuy\u00ean nghi\u1ec7p, gi\u00e1 r\u1ebb t\u1ea1i H\u00e0 N\u1ed9i v\u1edbi quy tr\u00ecnh l\u00e0m vi\u1ec7c sau \u0111\u00e2y:<\/p>\n\t\t<\/div>\n\t\t\t\t\t<\/div>\n\n\t\n\n\t<div id=\"col-518743038\" class=\"col medium-6 small-12 large-6\"  >\n\t\t\t\t<div class=\"col-inner\"  >\n\t\t\t\n\t\t\t\n<ul>\n<li class=\"bullet-star\">B\u01b0\u1edbc 1: Ki\u1ec3m tra t\u00ecnh tr\u1ea1ng gh\u1ebf Sofa c\u1ee7a qu\u00fd kh\u00e1ch.<\/li>\n<li class=\"bullet-star\">\u00a0B\u01b0\u1edbc 2: B\u00e1o gi\u00e1 ch\u00ednh x\u00e1c cho qu\u00fd kh\u00e1ch<\/li>\n<li class=\"bullet-star\">\u00a0B\u01b0\u1edbc 3: H\u00fat b\u1ee5i b\u1ea9n tr\u00ean gh\u1ebf sofa b\u1eb1ng m\u00e1y chuy\u00ean d\u1ee5ng<\/li>\n<li class=\"bullet-star\">\u00a0B\u01b0\u1edbc 4: Phun dung d\u1ecbch chuy\u00ean d\u1ee5ng l\u00ean b\u1ec1 m\u1eb7t gh\u1ebf sofa<\/li>\n<li class=\"bullet-star\">\u00a0B\u01b0\u1edbc 5: S\u1eed d\u1ee5ng m\u00e1y \u0111\u00e1nh tay chuy\u00ean d\u1ee5ng \u0111\u00e1nh tan c\u00e1c v\u1ebft \u1ed1 b\u1ea9<\/li>\n<\/ul>\n\t\t<\/div>\n\t\t\t\t\t<\/div>\n\n\t\n\n\t<div id=\"col-1685849696\" class=\"col medium-6 small-12 large-6\"  >\n\t\t\t\t<div class=\"col-inner\"  >\n\t\t\t\n\t\t\t\n<ul>\n<li class=\"bullet-star\">B\u01b0\u1edbc 6: D\u00f9ng m\u00e1y h\u00fat b\u1ee5i ch\u00e2n kh\u00f4ng h\u00fat to\u00e0n b\u1ed9 c\u00e1c v\u1ebft b\u1ea9n b\u00e1m tr\u00ean b\u1ec1 m\u1eb7t sau khi \u0111\u01b0\u1ee3c l\u00e0m s\u1eb7t<\/li>\n<li class=\"bullet-star\">\u00a0B\u01b0\u1edbc 7: Phun x\u1ea3 l\u1ea1i sau khi gi\u1eb7t \u0111\u1ec3 lo\u1ea1i b\u1ecf ho\u00e0n to\u00e0n t\u1ed3n l\u01b0u dung d\u1ecbch trong gh\u1ebf sofa<\/li>\n<li class=\"bullet-star\">\u00a0B\u01b0\u1edbc 8: Ki\u1ec3m tra k\u1ebft qu\u1ea3 \u0111\u1ec3 \u0111\u1ea3m b\u1ea3o ch\u1ea5t l\u01b0\u1ee3ng d\u1ecbch v\u1ee5<\/li>\n<li class=\"bullet-star\">\u00a0B\u01b0\u1edbc 9: Nghi\u1ec7m thu k\u1ebft qu\u1ea3 d\u1ecbch v\u1ee5<\/li>\n<\/ul>\n\t\t<\/div>\n\t\t\t\t\t<\/div>\n\n\t\n<\/div>\n\t\t<\/div>\n\n\t\t\n<style>\n#section_1342308253 {\n  padding-top: 45px;\n  padding-bottom: 45px;\n}\n#section_1342308253 .section-bg-overlay {\n  background-color: rgba(39, 164, 73, 0.92);\n}\n#section_1342308253 .section-bg.bg-loaded {\n  background-image: url(https:\/\/mauweb.tamnguyen.vn\/giatthamvanphong\/wp-content\/uploads\/2019\/10\/v.jpg);\n}\n#section_1342308253 .ux-shape-divider--top svg {\n  height: 150px;\n  --divider-top-width: 100%;\n}\n#section_1342308253 .ux-shape-divider--bottom svg {\n  height: 150px;\n  --divider-width: 100%;\n}\n<\/style>\n\t<\/section>\n\t\n\t<section class=\"section quy-trinh-giat-nem\" id=\"section_364491535\">\n\t\t<div class=\"bg section-bg fill bg-fill  bg-loaded\" >\n\n\t\t\t\n\t\t\t\n\t\t\t\n\n\t\t<\/div>\n\n\t\t\n\n\t\t<div class=\"section-content relative\">\n\t\t\t\n<div class=\"row\"  id=\"row-564373098\">\n\n\t<div id=\"col-822253864\" class=\"col small-12 large-12\"  >\n\t\t\t\t<div class=\"col-inner\"  >\n\t\t\t\n\t\t\t\n<div class=\"container section-title-container\" ><h2 class=\"section-title section-title-center\"><b><\/b><span class=\"section-title-main\" >L\u00fd do n\u00ean ch\u1ecdn ch\u00fang t\u00f4i gi\u1eb7t n\u1ec7m cho b\u1ea1n?<\/span><b><\/b><\/h2><\/div>\n\t\t<\/div>\n\t\t\t\t\t<\/div>\n\n\t\n\n\t<div id=\"col-646112655\" class=\"col medium-6 small-12 large-6\"  >\n\t\t\t\t<div class=\"col-inner\"  >\n\t\t\t\n\t\t\t\n<p style=\"text-align: left;\">V\u1edbi \u0111\u1ed9i ng\u0169 nh\u00e2n vi\u00ean chuy\u00ean nghi\u1ec7p, \u0111\u1ea1o \u0111\u1ee9c v\u00e0 c\u00f3 chuy\u00ean m\u00f4n cao trong l\u0129nh v\u1ef1c v\u1ec7 sinh nh\u00e0 n\u00f3i chung v\u00e0 gi\u1eb7t m\u00e0n c\u1eeda, r\u00e8m c\u1eeda n\u00f3i ri\u00eang ch\u00fang t\u00f4i t\u01b0 tin cam k\u1ebft v\u1edbi kh\u00e1ch h\u00e0ng:<\/p>\n<p>V\u1edbi \u0111\u1ed9i ng\u0169 nh\u00e2n vi\u00ean chuy\u00ean nghi\u1ec7p, \u0111\u1ea1o \u0111\u1ee9c v\u00e0 c\u00f3 chuy\u00ean m\u00f4n cao trong l\u0129nh v\u1ef1c v\u1ec7 sinh nh\u00e0 n\u00f3i chung v\u00e0 v\u1ec7 sinh gh\u1ebf sofa n\u00f3i ri\u00eang ch\u00fang t\u00f4i t\u01b0 tin cam k\u1ebft v\u1edbi kh\u00e1ch h\u00e0ng:<\/p>\n<ul>\n<li>\u00a0Sofa s\u1ebd \u0111\u01b0\u1ee3c l\u00e0m s\u1ea1ch v\u00e0 kh\u00f4i ph\u1ee5c \u0111\u1ed9 th\u1ea9m m\u1ef9<\/li>\n<li>\u00a0Lo\u1ea1i b\u1ecf n\u1ea5m k\u00fd sinh, n\u1ea5m m\u1ed1c g\u00e2y h\u1ea1i<\/li>\n<li>\u00a0H\u00fat s\u1ea1ch b\u1ee5i b\u1ea9n, lo\u1ea1i s\u1ea1ch v\u1ebft d\u01a1<\/li>\n<li>\u00a0Gi\u1eb7t s\u1ea1ch m\u00e0 kh\u00f4ng \u1ea3nh h\u01b0\u1edbng t\u01a1i ch\u1ea5t l\u01b0\u1ee3ng v\u00e0 t\u00ecnh tr\u1ea1ng ch\u1ea5t l\u01b0\u1ee3ng gh\u1ebf.<\/li>\n<\/ul>\n\t\t<\/div>\n\t\t\t\t\t<\/div>\n\n\t\n\n\t<div id=\"col-354527493\" class=\"col medium-6 small-12 large-6\"  >\n\t\t\t\t<div class=\"col-inner\"  >\n\t\t\t\n\t\t\t\n\t<div class=\"img has-hover x md-x lg-x y md-y lg-y\" id=\"image_1629918418\">\n\t\t\t\t\t\t\t\t<div class=\"img-inner image-cover dark\" style=\"padding-top:56%;\">\n\t\t\t<img loading=\"lazy\" decoding=\"async\" width=\"1920\" height=\"432\" src=\"https:\/\/mauweb.tamnguyen.vn\/giatthamvanphong\/wp-content\/uploads\/2019\/10\/slider2.jpg\" class=\"attachment-original size-original\" alt=\"\" srcset=\"https:\/\/mauweb.tamnguyen.vn\/giatthamvanphong\/wp-content\/uploads\/2019\/10\/slider2.jpg 1920w, https:\/\/mauweb.tamnguyen.vn\/giatthamvanphong\/wp-content\/uploads\/2019\/10\/slider2-300x68.jpg 300w, https:\/\/mauweb.tamnguyen.vn\/giatthamvanphong\/wp-content\/uploads\/2019\/10\/slider2-768x173.jpg 768w, https:\/\/mauweb.tamnguyen.vn\/giatthamvanphong\/wp-content\/uploads\/2019\/10\/slider2-1024x230.jpg 1024w\" sizes=\"(max-width: 1920px) 100vw, 1920px\" \/>\t\t\t\t\t\t\n\t\t\t\t\t<\/div>\n\t\t\t\t\t\t\t\t\n<style>\n#image_1629918418 {\n  width: 100%;\n}\n<\/style>\n\t<\/div>\n\t\n\t\t<\/div>\n\t\t\t\t\t<\/div>\n\n\t\n<\/div>\n\t\t<\/div>\n\n\t\t\n<style>\n#section_364491535 {\n  padding-top: 45px;\n  padding-bottom: 45px;\n}\n#section_364491535 .ux-shape-divider--top svg {\n  height: 150px;\n  --divider-top-width: 100%;\n}\n#section_364491535 .ux-shape-divider--bottom svg {\n  height: 150px;\n  --divider-width: 100%;\n}\n<\/style>\n\t<\/section>\n\t\n\t<section class=\"section gioi-thieu-section\" id=\"section_345153417\">\n\t\t<div class=\"bg section-bg fill bg-fill  bg-loaded\" >\n\n\t\t\t\n\t\t\t\n\t\t\t\n\n\t\t<\/div>\n\n\t\t\n\n\t\t<div class=\"section-content relative\">\n\t\t\t\n<div class=\"row\"  id=\"row-237611914\">\n\n\t<div id=\"col-1639934500\" class=\"col medium-6 small-12 large-6\"  >\n\t\t\t\t<div class=\"col-inner\"  >\n\t\t\t\n\t\t\t\n<div class=\"row row-small\"  id=\"row-525869994\">\n\n\t<div id=\"col-1297695144\" class=\"col medium-4 small-12 large-4\"  >\n\t\t\t\t<div class=\"col-inner\"  >\n\t\t\t\n\t\t\t\n\n\t<a class=\"plain\" href=\"\/lau-kinh\/\"  >\t<div class=\"icon-box featured-box icon-box-center text-center\"  >\n\t\t\t\t\t<div class=\"icon-box-img\" style=\"width: 70px\">\n\t\t\t\t<div class=\"icon\">\n\t\t\t\t\t<div class=\"icon-inner\" >\n\t\t\t\t\t\t<img loading=\"lazy\" decoding=\"async\" width=\"71\" height=\"71\" src=\"https:\/\/mauweb.tamnguyen.vn\/giatthamvanphong\/wp-content\/uploads\/2019\/10\/dich-vu-lau-kinh.jpg\" class=\"attachment-medium size-medium\" alt=\"\" \/>\t\t\t\t\t<\/div>\n\t\t\t\t<\/div>\n\t\t\t<\/div>\n\t\t\t\t<div class=\"icon-box-text last-reset\">\n\t\t\t\t\t\t\t\t\t\n<p style=\"text-align: center;\">D\u1ecbch v\u1ee5 lau k\u00ednh<\/p>\n\t\t<\/div>\n\t<\/div>\n\t<\/a>\n\t\n\t\t<\/div>\n\t\t\t\t\t<\/div>\n\n\t\n\n\t<div id=\"col-1478903075\" class=\"col medium-4 small-12 large-4\"  >\n\t\t\t\t<div class=\"col-inner\"  >\n\t\t\t\n\t\t\t\n\n\t<a class=\"plain\" href=\"\/giat-dem\/\"  >\t<div class=\"icon-box featured-box icon-box-center text-center\"  >\n\t\t\t\t\t<div class=\"icon-box-img\" style=\"width: 70px\">\n\t\t\t\t<div class=\"icon\">\n\t\t\t\t\t<div class=\"icon-inner\" >\n\t\t\t\t\t\t<img loading=\"lazy\" decoding=\"async\" width=\"71\" height=\"71\" src=\"https:\/\/mauweb.tamnguyen.vn\/giatthamvanphong\/wp-content\/uploads\/2019\/10\/Dich-vu-ve-sinh-sau-xay-d\u1ee5ng.jpg\" class=\"attachment-medium size-medium\" alt=\"\" \/>\t\t\t\t\t<\/div>\n\t\t\t\t<\/div>\n\t\t\t<\/div>\n\t\t\t\t<div class=\"icon-box-text last-reset\">\n\t\t\t\t\t\t\t\t\t\n<p style=\"text-align: center;\">Gi\u1eb7t \u0111\u1ec7m v\u0103n ph\u00f2ng<\/p>\n\t\t<\/div>\n\t<\/div>\n\t<\/a>\n\t\n\t\t<\/div>\n\t\t\t\t\t<\/div>\n\n\t\n\n\t<div id=\"col-1972650412\" class=\"col medium-4 small-12 large-4\"  >\n\t\t\t\t<div class=\"col-inner\"  >\n\t\t\t\n\t\t\t\n\n\t<a class=\"plain\" href=\"\/giat-rem\/\"  >\t<div class=\"icon-box featured-box icon-box-center text-center\"  >\n\t\t\t\t\t<div class=\"icon-box-img\" style=\"width: 70px\">\n\t\t\t\t<div class=\"icon\">\n\t\t\t\t\t<div class=\"icon-inner\" >\n\t\t\t\t\t\t<img loading=\"lazy\" decoding=\"async\" width=\"71\" height=\"71\" src=\"https:\/\/mauweb.tamnguyen.vn\/giatthamvanphong\/wp-content\/uploads\/2019\/10\/dich-vu-giat-rem.jpg\" class=\"attachment-medium size-medium\" alt=\"\" \/>\t\t\t\t\t<\/div>\n\t\t\t\t<\/div>\n\t\t\t<\/div>\n\t\t\t\t<div class=\"icon-box-text last-reset\">\n\t\t\t\t\t\t\t\t\t\n<p style=\"text-align: center;\">D\u1ecbch v\u1ee5 gi\u1eb7t r\u00e8m<\/p>\n\t\t<\/div>\n\t<\/div>\n\t<\/a>\n\t\n\t\t<\/div>\n\t\t\t\t\t<\/div>\n\n\t\n\n\t<div id=\"col-1334533275\" class=\"col medium-4 small-12 large-4\"  >\n\t\t\t\t<div class=\"col-inner\"  >\n\t\t\t\n\t\t\t\n\n\t<a class=\"plain\" href=\"\/giat-sofa-tai-nha\/\"  >\t<div class=\"icon-box featured-box icon-box-center text-center\"  >\n\t\t\t\t\t<div class=\"icon-box-img\" style=\"width: 70px\">\n\t\t\t\t<div class=\"icon\">\n\t\t\t\t\t<div class=\"icon-inner\" >\n\t\t\t\t\t\t<img loading=\"lazy\" decoding=\"async\" width=\"71\" height=\"71\" src=\"https:\/\/mauweb.tamnguyen.vn\/giatthamvanphong\/wp-content\/uploads\/2019\/10\/dich-vu-giat-tham.jpg\" class=\"attachment-medium size-medium\" alt=\"\" \/>\t\t\t\t\t<\/div>\n\t\t\t\t<\/div>\n\t\t\t<\/div>\n\t\t\t\t<div class=\"icon-box-text last-reset\">\n\t\t\t\t\t\t\t\t\t\n<p style=\"text-align: center;\">Gi\u1eb7t sofa t\u1ea1i nh\u00e0<\/p>\n\t\t<\/div>\n\t<\/div>\n\t<\/a>\n\t\n\t\t<\/div>\n\t\t\t\t\t<\/div>\n\n\t\n\n\t<div id=\"col-1009146859\" class=\"col medium-4 small-12 large-4\"  >\n\t\t\t\t<div class=\"col-inner\"  >\n\t\t\t\n\t\t\t\n\n\t<a class=\"plain\" href=\"\/giat-tham\/\"  >\t<div class=\"icon-box featured-box icon-box-center text-center\"  >\n\t\t\t\t\t<div class=\"icon-box-img\" style=\"width: 70px\">\n\t\t\t\t<div class=\"icon\">\n\t\t\t\t\t<div class=\"icon-inner\" >\n\t\t\t\t\t\t<img loading=\"lazy\" decoding=\"async\" width=\"71\" height=\"71\" src=\"https:\/\/mauweb.tamnguyen.vn\/giatthamvanphong\/wp-content\/uploads\/2019\/10\/dich-vu-giat-dem.jpg\" class=\"attachment-medium size-medium\" alt=\"\" \/>\t\t\t\t\t<\/div>\n\t\t\t\t<\/div>\n\t\t\t<\/div>\n\t\t\t\t<div class=\"icon-box-text last-reset\">\n\t\t\t\t\t\t\t\t\t\n<p style=\"text-align: center;\">Gi\u1eb7t th\u1ea3m<\/p>\n\t\t<\/div>\n\t<\/div>\n\t<\/a>\n\t\n\t\t<\/div>\n\t\t\t\t\t<\/div>\n\n\t\n\n\t<div id=\"col-2080499310\" class=\"col medium-4 small-12 large-4\"  >\n\t\t\t\t<div class=\"col-inner\"  >\n\t\t\t\n\t\t\t\n\n\t<a class=\"plain\" href=\"\/ve-sinh-sau-xay-dung\/\"  >\t<div class=\"icon-box featured-box icon-box-center text-center\"  >\n\t\t\t\t\t<div class=\"icon-box-img\" style=\"width: 70px\">\n\t\t\t\t<div class=\"icon\">\n\t\t\t\t\t<div class=\"icon-inner\" >\n\t\t\t\t\t\t<img loading=\"lazy\" decoding=\"async\" width=\"71\" height=\"71\" src=\"https:\/\/mauweb.tamnguyen.vn\/giatthamvanphong\/wp-content\/uploads\/2019\/10\/dich-vu-giat-sofa.jpg\" class=\"attachment-medium size-medium\" alt=\"\" \/>\t\t\t\t\t<\/div>\n\t\t\t\t<\/div>\n\t\t\t<\/div>\n\t\t\t\t<div class=\"icon-box-text last-reset\">\n\t\t\t\t\t\t\t\t\t\n<p style=\"text-align: center;\">V\u1ec7 sinh sau x\u00e2y d\u1ef1ng<\/p>\n\t\t<\/div>\n\t<\/div>\n\t<\/a>\n\t\n\t\t<\/div>\n\t\t\t\t\t<\/div>\n\n\t\n<\/div>\n\t\t<\/div>\n\t\t\t\t\t<\/div>\n\n\t\n\n\t<div id=\"col-1622237061\" class=\"col medium-6 small-12 large-6\"  >\n\t\t\t\t<div class=\"col-inner\"  >\n\t\t\t\n\t\t\t\n<h2>V\u1ec1 ch\u00fang t\u00f4i<\/h2>\n<p>L\u00e0 \u0111\u01a1n v\u1ecb c\u00f3 th\u00e2m ni\u00ean trong ng\u00e0nh v\u1ec7 sinh v\u0103n ph\u00f2ng v\u00e0 nh\u00e0 \u1edf, ch\u00fang t\u00f4i t\u00edch l\u0169y \u0111\u01b0\u1ee3c nhi\u1ec1u kinh nghi\u1ec7m khi thi c\u00f4ng d\u1ecbch v\u1ee5. V\u1edbi nh\u01b0ng kinh nghi\u1ec7m \u0111\u00f3 gi\u00fap ch\u00fang t\u00f4i r\u00fat ng\u1eafn \u0111\u01b0\u1ee3c th\u1eddi gian th\u1ef1c hi\u1ec7n v\u00e0 v\u00ec v\u1eady gi\u00e1 th\u00e0nh lu\u00f4n \u0111\u01b0\u1ee3c \u0111\u1ea3m b\u1ea3o t\u1ed1t nh\u1ea5t.<\/p>\n<p>Ch\u00fang t\u00f4i t\u1ef1 tin s\u1ebd l\u00e0 l\u1ef1a ch\u1ecdn t\u1ed1t nh\u1ea5t c\u1ee7a qu\u00fd kh\u00e1ch h\u00e0ng v\u00e0 ho\u1ea1t \u0111\u1ed9ng v\u1edbi ph\u01b0\u01a1ng ch\u00e2m lu\u00f4n \u0111\u1ec1 cao ch\u1ea5t l\u01b0\u1ee3ng d\u1ecbch v\u1ee5 t\u1ed1t nh\u1ea5t, gi\u00e1 th\u00e0nh h\u1ee3p l\u00fd, \u0111\u00e1p \u1ee9ng \u0111\u01b0\u1ee3c y\u00eau c\u1ea7u cao t\u1eeb qu\u00fd kh\u00e1ch h\u00e0ng.<\/p>\n<a href=\"\/gioi-thieu\/\" target=\"_self\" class=\"button primary lowercase\"  style=\"border-radius:99px;\">\n    <span>Xem chi ti\u1ebft<\/span>\n  <i class=\"icon-angle-right\" aria-hidden=\"true\" ><\/i><\/a>\n\n\t\t<\/div>\n\t\t\t\t\t<\/div>\n\n\t\n<\/div>\n\t\t<\/div>\n\n\t\t\n<style>\n#section_345153417 {\n  padding-top: 60px;\n  padding-bottom: 60px;\n  background-color: rgb(247, 247, 247);\n}\n#section_345153417 .ux-shape-divider--top svg {\n  height: 150px;\n  --divider-top-width: 100%;\n}\n#section_345153417 .ux-shape-divider--bottom svg {\n  height: 150px;\n  --divider-width: 100%;\n}\n<\/style>\n\t<\/section>\n\t\n","protected":false},"excerpt":{"rendered":"","protected":false},"author":1,"featured_media":0,"parent":0,"menu_order":0,"comment_status":"closed","ping_status":"closed","template":"page-blank.php","meta":{"footnotes":""},"yst_prominent_words":[],"class_list":["post-379","page","type-page","status-publish","hentry"],"_links":{"self":[{"href":"https:\/\/mauweb.tamnguyen.vn\/giatthamvanphong\/wp-json\/wp\/v2\/pages\/379"}],"collection":[{"href":"https:\/\/mauweb.tamnguyen.vn\/giatthamvanphong\/wp-json\/wp\/v2\/pages"}],"about":[{"href":"https:\/\/mauweb.tamnguyen.vn\/giatthamvanphong\/wp-json\/wp\/v2\/types\/page"}],"author":[{"embeddable":true,"href":"https:\/\/mauweb.tamnguyen.vn\/giatthamvanphong\/wp-json\/wp\/v2\/users\/1"}],"replies":[{"embeddable":true,"href":"https:\/\/mauweb.tamnguyen.vn\/giatthamvanphong\/wp-json\/wp\/v2\/comments?post=379"}],"version-history":[{"count":0,"href":"https:\/\/mauweb.tamnguyen.vn\/giatthamvanphong\/wp-json\/wp\/v2\/pages\/379\/revisions"}],"wp:attachment":[{"href":"https:\/\/mauweb.tamnguyen.vn\/giatthamvanphong\/wp-json\/wp\/v2\/media?parent=379"}],"wp:term":[{"taxonomy":"yst_prominent_words","embeddable":true,"href":"https:\/\/mauweb.tamnguyen.vn\/giatthamvanphong\/wp-json\/wp\/v2\/yst_prominent_words?post=379"}],"curies":[{"name":"wp","href":"https:\/\/api.w.org\/{rel}","templated":true}]}}