{"id":33,"date":"2019-10-22T18:57:54","date_gmt":"2019-10-22T11:57:54","guid":{"rendered":"http:\/\/giatthamvanphong.ninhbinhweb.biz\/?page_id=33"},"modified":"2019-10-23T16:40:08","modified_gmt":"2019-10-23T09:40:08","slug":"quy-trinh-chung","status":"publish","type":"page","link":"https:\/\/mauweb.tamnguyen.vn\/giatthamvanphong\/quy-trinh-chung\/","title":{"rendered":"Quy tr\u00ecnh chung"},"content":{"rendered":"\t<div class=\"img has-hover x md-x lg-x y md-y lg-y\" id=\"image_903413199\">\n\t\t\t\t\t\t\t\t<div class=\"img-inner image-cover dark\" style=\"padding-top:25%;\">\n\t\t\t<img loading=\"lazy\" decoding=\"async\" width=\"1920\" height=\"432\" src=\"https:\/\/mauweb.tamnguyen.vn\/giatthamvanphong\/wp-content\/uploads\/2019\/10\/slider2.jpg\" class=\"attachment-original size-original\" alt=\"\" srcset=\"https:\/\/mauweb.tamnguyen.vn\/giatthamvanphong\/wp-content\/uploads\/2019\/10\/slider2.jpg 1920w, https:\/\/mauweb.tamnguyen.vn\/giatthamvanphong\/wp-content\/uploads\/2019\/10\/slider2-300x68.jpg 300w, https:\/\/mauweb.tamnguyen.vn\/giatthamvanphong\/wp-content\/uploads\/2019\/10\/slider2-768x173.jpg 768w, https:\/\/mauweb.tamnguyen.vn\/giatthamvanphong\/wp-content\/uploads\/2019\/10\/slider2-1024x230.jpg 1024w\" sizes=\"(max-width: 1920px) 100vw, 1920px\" \/>\t\t\t\t\t\t\n\t\t\t\t\t<\/div>\n\t\t\t\t\t\t\t\t\n<style>\n#image_903413199 {\n  width: 100%;\n}\n<\/style>\n\t<\/div>\n\t\n<div class=\"row row-dashed\"  id=\"row-1479310069\">\n\n\t<div id=\"col-1745227503\" class=\"col medium-6 small-12 large-6\"  >\n\t\t\t\t<div class=\"col-inner\"  >\n\t\t\t\n\t\t\t\n<h2>Quy tr\u00ecnh chung<\/h2>\n<ul>\n<li><strong>B\u01b0\u1edbc 1:<\/strong> Chu\u1ea9n b\u1ecb d\u1ee5ng c\u1ee5 thi\u1ebft b\u1ecb .<\/li>\n<li><strong>B\u01b0\u1edbc 2:<\/strong> Ki\u1ec3m tra to\u00e0n b\u1ed9 , \u0111\u00e1nh d\u1ea5u v\u1ebft b\u1ea9n<\/li>\n<li><strong>B\u01b0\u1edbc 3:<\/strong> H\u00fat b\u1ee5i to\u00e0n b\u1ed9<\/li>\n<li><strong>B\u01b0\u1edbc 4:<\/strong> X\u1eed l\u00fd v\u1ebft b\u1ea9n<\/li>\n<li><strong>B\u01b0\u1edbc 5:<\/strong> X\u1eed l\u00fd b\u1eb1ng h\u01a1i n\u01b0\u1edbc n\u00f3ng<\/li>\n<li><strong>B\u01b0\u1edbc 6:<\/strong> S\u1ea5y kh\u00f4<\/li>\n<\/ul>\n\t\t<\/div>\n\t\t\t\t\t<\/div>\n\n\t\n\n\t<div id=\"col-449214215\" class=\"col medium-6 small-12 large-6\"  >\n\t\t\t\t<div class=\"col-inner\"  >\n\t\t\t\n\t\t\t\n<h2>Quy tr\u00ecnh gi\u1eb7t n\u1ec7m<\/h2>\n<ol>\n<li>Chu\u1ea9n b\u1ecb d\u1ee5ng c\u1ee5 , ki\u1ec3m tra to\u00e0n b\u1ed9 b\u1ec1 m\u1eb7t N\u1ec6M<\/li>\n<li>H\u00fat kh\u00f4 to\u00e0n b\u1ed9 n\u1ec7m<\/li>\n<li>S\u1eed d\u1ee5ng dung d\u1ecbch phun \u0111\u1ec1u l\u00ean b\u1ec1 m\u1eb7t<\/li>\n<li>X\u1eed l\u00fd v\u1ebft b\u1ea9n b\u1eb1ng m\u00e1y h\u01a1i n\u01b0\u1edbc n\u00f3ng \u00e1p l\u1ef1c<\/li>\n<li>H\u00fat kh\u00f4 , x\u00f4ng tinh d\u1ea7u<\/li>\n<li>S\u1ea5y kh\u00f4 to\u00e0n b\u1ed9<\/li>\n<\/ol>\n\t\t<\/div>\n\t\t\t\t\t<\/div>\n\n\t\n\n\t<div id=\"col-437909910\" class=\"col medium-6 small-12 large-6\"  >\n\t\t\t\t<div class=\"col-inner\"  >\n\t\t\t\n\t\t\t\n<h2>Quy tr\u00ecnh gi\u1eb7t th\u1ea3m trang tr\u00ed<\/h2>\n<ol>\n<li>Chu\u1ea9n b\u1ecb d\u1ee5ng c\u1ee5 , ki\u1ec3m tra to\u00e0n b\u1ed9 b\u1ec1 m\u1eb7t Th\u1ea3m<\/li>\n<li>H\u00fat to\u00e0n b\u1ed9 b\u1ee5i b\u1ea9n tr\u00ean th\u1ea3m<\/li>\n<li>S\u1eed d\u1ee5ng dung d\u1ecbch phun \u0111\u1ec1u l\u00ean b\u1ec1 m\u1eb7t<\/li>\n<li>X\u1eed l\u00fd v\u1ebft b\u1ea9n b\u1eb1ng m\u00e1y ch\u00e0 chuy\u00ean d\u1ee5ng<\/li>\n<li>H\u00fat kh\u00f4 , x\u1ea3 v\u1edbi n\u01b0\u1edbc , x\u00f4ng tinh d\u1ea7u<\/li>\n<li>X\u1ea5y kh\u00f4 to\u00e0n b\u1ed9<\/li>\n<\/ol>\n\t\t<\/div>\n\t\t\t\t\t<\/div>\n\n\t\n\n\t<div id=\"col-1953943129\" class=\"col medium-6 small-12 large-6\"  >\n\t\t\t\t<div class=\"col-inner\"  >\n\t\t\t\n\t\t\t\n<h2>Quy tr\u00ecnh gi\u1eb7t th\u1ea3m v\u0103n ph\u00f2ng<\/h2>\n<ol>\n<li>Chu\u1ea9n b\u1ecb d\u1ee5ng c\u1ee5 , ki\u1ec3m tra to\u00e0n b\u1ed9 b\u1ec1 m\u1eb7t Th\u1ea3m<\/li>\n<li>H\u00fat to\u00e0n b\u1ed9 b\u1ee5i b\u1ea9n tr\u00ean th\u1ea3m<\/li>\n<li>S\u1eed d\u1ee5ng m\u00e1y tr\u00e0 phun h\u00fat chuy\u00ean d\u1ee5ng<\/li>\n<li>X\u1eed l\u00fd c\u00e1c g\u00f3c c\u1ea1nh<\/li>\n<li>H\u00fat kh\u00f4 , x\u1ea3 v\u1edbi n\u01b0\u1edbc x\u1ea3 , n\u01b0\u1edbc s\u1ea1ch<\/li>\n<li>X\u1ea5y kh\u00f4 to\u00e0n b\u1ed9<\/li>\n<\/ol>\n\t\t<\/div>\n\t\t\t\t\t<\/div>\n\n\t\n\n\t<div id=\"col-195065774\" class=\"col medium-6 small-12 large-6\"  >\n\t\t\t\t<div class=\"col-inner\"  >\n\t\t\t\n\t\t\t\n<h2>Quy tr\u00ecnh gi\u1eb7t sofa v\u1ea3i n\u1ec9<\/h2>\n<ol>\n<li>Chu\u1ea9n b\u1ecb, ki\u1ec3m tra to\u00e0n b\u1ed9 b\u1ec1 m\u1eb7t gh\u1ebf<\/li>\n<li>H\u00fat s\u1ea1ch b\u1ee5i b\u1ea9n<\/li>\n<li>X\u1eed l\u00fd v\u1ebft b\u1ea9n b\u1eb1ng n\u01b0\u1edbc gi\u1eb7t<\/li>\n<li>S\u1eed d\u1ee5ng h\u01a1i n\u01b0\u1edbc n\u00f3ng di\u1ec7t khu\u1ea9n<\/li>\n<li>H\u00fat s\u1ea1ch, x\u1ea3 v\u1edbi n\u01b0\u1edbc s\u1ea1ch<\/li>\n<li>H\u00fat kh\u00f4, x\u00f4ng tinh d\u1ea7u, s\u1ea5y kh\u00f4<\/li>\n<\/ol>\n\t\t<\/div>\n\t\t\t\t\t<\/div>\n\n\t\n\n\t<div id=\"col-109383775\" class=\"col medium-6 small-12 large-6\"  >\n\t\t\t\t<div class=\"col-inner\"  >\n\t\t\t\n\t\t\t\n<h2>Quy tr\u00ecnh gi\u1eb7t sofa da<\/h2>\n<ol>\n<li>Chu\u1ea9n b\u1ecb d\u1ee5ng c\u1ee5, ki\u1ec3m tra to\u00e0n b\u1ed9 b\u1ec1 m\u1eb7t gh\u1ebf<\/li>\n<li>Lau s\u1ea1ch b\u1ee5i b\u1ea9n v\u1edbi kh\u0103n \u1ea9m<\/li>\n<li>S\u1eed d\u1ee5ng dung d\u1ecbch phun \u0111\u1ec1u l\u00ean b\u1ec1 m\u1eb7t<\/li>\n<li>S\u1eed d\u1ee5ng b\u00e0n ch\u1ea3i m\u1ecbn ch\u00e0 \u0111\u1ec1u b\u1ec1 m\u1eb7t<\/li>\n<li>S\u1eed d\u1ee5ng kh\u0103n kh\u00f4 s\u1ea1ch lau l\u1ea1i<\/li>\n<li>\u0110\u00e1nh b\u00f3ng, ph\u1ee5c h\u1ed3i da<\/li>\n<\/ol>\n\t\t<\/div>\n\t\t\t\t\t<\/div>\n\n\t\n<\/div>\n","protected":false},"excerpt":{"rendered":"","protected":false},"author":1,"featured_media":0,"parent":0,"menu_order":0,"comment_status":"closed","ping_status":"closed","template":"page-right-sidebar.php","meta":{"footnotes":""},"yst_prominent_words":[],"class_list":["post-33","page","type-page","status-publish","hentry"],"_links":{"self":[{"href":"https:\/\/mauweb.tamnguyen.vn\/giatthamvanphong\/wp-json\/wp\/v2\/pages\/33"}],"collection":[{"href":"https:\/\/mauweb.tamnguyen.vn\/giatthamvanphong\/wp-json\/wp\/v2\/pages"}],"about":[{"href":"https:\/\/mauweb.tamnguyen.vn\/giatthamvanphong\/wp-json\/wp\/v2\/types\/page"}],"author":[{"embeddable":true,"href":"https:\/\/mauweb.tamnguyen.vn\/giatthamvanphong\/wp-json\/wp\/v2\/users\/1"}],"replies":[{"embeddable":true,"href":"https:\/\/mauweb.tamnguyen.vn\/giatthamvanphong\/wp-json\/wp\/v2\/comments?post=33"}],"version-history":[{"count":0,"href":"https:\/\/mauweb.tamnguyen.vn\/giatthamvanphong\/wp-json\/wp\/v2\/pages\/33\/revisions"}],"wp:attachment":[{"href":"https:\/\/mauweb.tamnguyen.vn\/giatthamvanphong\/wp-json\/wp\/v2\/media?parent=33"}],"wp:term":[{"taxonomy":"yst_prominent_words","embeddable":true,"href":"https:\/\/mauweb.tamnguyen.vn\/giatthamvanphong\/wp-json\/wp\/v2\/yst_prominent_words?post=33"}],"curies":[{"name":"wp","href":"https:\/\/api.w.org\/{rel}","templated":true}]}}