{"id":27,"date":"2019-10-22T18:57:42","date_gmt":"2019-10-22T11:57:42","guid":{"rendered":"http:\/\/giatthamvanphong.ninhbinhweb.biz\/?page_id=27"},"modified":"2019-10-23T19:49:31","modified_gmt":"2019-10-23T12:49:31","slug":"lien-he","status":"publish","type":"page","link":"https:\/\/mauweb.tamnguyen.vn\/giatthamvanphong\/lien-he\/","title":{"rendered":"Li\u00ean h\u1ec7"},"content":{"rendered":"\t<div class=\"img has-hover x md-x lg-x y md-y lg-y\" id=\"image_1429247023\">\n\t\t\t\t\t\t\t\t<div class=\"img-inner dark\" >\n\t\t\t<img loading=\"lazy\" decoding=\"async\" width=\"1920\" height=\"432\" src=\"https:\/\/mauweb.tamnguyen.vn\/giatthamvanphong\/wp-content\/uploads\/2019\/10\/slider2.jpg\" class=\"attachment-original size-original\" alt=\"\" srcset=\"https:\/\/mauweb.tamnguyen.vn\/giatthamvanphong\/wp-content\/uploads\/2019\/10\/slider2.jpg 1920w, https:\/\/mauweb.tamnguyen.vn\/giatthamvanphong\/wp-content\/uploads\/2019\/10\/slider2-300x68.jpg 300w, https:\/\/mauweb.tamnguyen.vn\/giatthamvanphong\/wp-content\/uploads\/2019\/10\/slider2-768x173.jpg 768w, https:\/\/mauweb.tamnguyen.vn\/giatthamvanphong\/wp-content\/uploads\/2019\/10\/slider2-1024x230.jpg 1024w\" sizes=\"(max-width: 1920px) 100vw, 1920px\" \/>\t\t\t\t\t\t\n\t\t\t\t\t<\/div>\n\t\t\t\t\t\t\t\t\n<style>\n#image_1429247023 {\n  width: 100%;\n}\n<\/style>\n\t<\/div>\n\t\n\t<section class=\"section\" id=\"section_21813699\">\n\t\t<div class=\"bg section-bg fill bg-fill  bg-loaded\" >\n\n\t\t\t\n\t\t\t\n\t\t\t\n\n\t\t<\/div>\n\n\t\t\n\n\t\t<div class=\"section-content relative\">\n\t\t\t\n<div class=\"row\"  id=\"row-495157297\">\n\n\t<div id=\"col-988868481\" class=\"col medium-6 small-12 large-6\"  >\n\t\t\t\t<div class=\"col-inner\"  >\n\t\t\t\n\t\t\t\n<h4>C\u00d4NG TY TNHH KINH DOANH TM &amp; DV THANH XU\u00c2N<\/h4>\n<ul>\n<li><strong>V\u0103n ph\u00f2ng c\u00f4ng ty:<\/strong>\u00a0BT6B2 L\u00e0ng Vi\u1ec7t Ki\u1ec1u Ch\u00e2u \u00c2u, H\u00e0 \u0110\u00f4ng, H\u00e0 N\u1ed9i<\/li>\n<li><strong>VP2:<\/strong>\u00a041\/51 Chi\u1ebfn Th\u1eafng, V\u0103n Qu\u00e1n, H\u00e0 \u0110\u00f4ng<\/li>\n<li><strong>VP3:<\/strong>\u00a0151\/52 L\u00ea \u0110\u1ea1i H\u00e0nh, Hai B\u00e0 Tr\u01b0ng, H\u00e0 N\u1ed9i<\/li>\n<li><strong>VP4:<\/strong>\u00a042\/12 \u0110\u00e0o T\u1ea5n, Ba \u0110\u00ecnh, H\u00e0 N\u1ed9i<\/li>\n<li><strong>VP5:<\/strong>\u00a033\/123 Ho\u00e0ng Qu\u1ed1c Vi\u1ec7t, Nam T\u1eeb Li\u00eam, H\u00e0 N\u1ed9i<\/li>\n<li><strong>VP6:<\/strong>\u00a0252\/90 Ng\u00f4 Gia T\u1ef1, Long Bi\u00ean, H\u00e0 N\u1ed9i<\/li>\n<\/ul>\n\t\t<\/div>\n\t\t\t\t\t<\/div>\n\n\t\n\n\t<div id=\"col-1982802559\" class=\"col medium-6 small-12 large-6\"  >\n\t\t\t\t<div class=\"col-inner\"  >\n\t\t\t\n\t\t\t\n<ul>\n<li><strong>Hotline:<\/strong>\u00a00769.270.676 \u2013 0987.574.625<\/li>\n<li><strong>Gmail:<\/strong>\u00a0thanhxuan.vscn@gmail.com<\/li>\n<li><strong>Fanpage:<\/strong>\u00a0https:\/\/www.facebook.com\/giatsofatainha\/<\/li>\n<li><strong>Zalo:<\/strong> 0769 270 676 *** 0987 574 625<\/li>\n<li><strong>MSDN :<\/strong>\u00a0010 8942736<\/li>\n<\/ul>\n<div class=\"social-icons follow-icons full-width text-left\" ><a href=\"#\" target=\"_blank\" data-label=\"Facebook\" rel=\"noopener noreferrer nofollow\" class=\"icon primary button circle facebook tooltip\" title=\"Follow on Facebook\" aria-label=\"Follow on Facebook\"><i class=\"icon-facebook\" ><\/i><\/a><a href=\"#\" target=\"_blank\" data-label=\"Twitter\" rel=\"noopener noreferrer nofollow\" class=\"icon primary button circle  twitter tooltip\" title=\"Follow on Twitter\" aria-label=\"Follow on Twitter\"><i class=\"icon-twitter\" ><\/i><\/a><a href=\"mailto:#\" data-label=\"E-mail\" rel=\"nofollow\" class=\"icon primary button circle  email tooltip\" title=\"Send us an email\" aria-label=\"Send us an email\"><i class=\"icon-envelop\" ><\/i><\/a><a href=\"tel:#\" target=\"_blank\" data-label=\"Phone\" rel=\"noopener noreferrer nofollow\" class=\"icon primary button circle  phone tooltip\" title=\"Call us\" aria-label=\"Call us\"><i class=\"icon-phone\" ><\/i><\/a><a href=\"#\" target=\"_blank\" rel=\"noopener noreferrer nofollow\" data-label=\"YouTube\" class=\"icon primary button circle  youtube tooltip\" title=\"Follow on YouTube\" aria-label=\"Follow on YouTube\"><i class=\"icon-youtube\" ><\/i><\/a><\/div>\n\t\t<\/div>\n\t\t\t\t\t<\/div>\n\n\t\n<\/div>\n\t\t<\/div>\n\n\t\t\n<style>\n#section_21813699 {\n  padding-top: 30px;\n  padding-bottom: 30px;\n}\n#section_21813699 .ux-shape-divider--top svg {\n  height: 150px;\n  --divider-top-width: 100%;\n}\n#section_21813699 .ux-shape-divider--bottom svg {\n  height: 150px;\n  --divider-width: 100%;\n}\n<\/style>\n\t<\/section>\n\t\n","protected":false},"excerpt":{"rendered":"","protected":false},"author":1,"featured_media":0,"parent":0,"menu_order":0,"comment_status":"closed","ping_status":"closed","template":"page-blank.php","meta":{"footnotes":""},"yst_prominent_words":[],"class_list":["post-27","page","type-page","status-publish","hentry"],"_links":{"self":[{"href":"https:\/\/mauweb.tamnguyen.vn\/giatthamvanphong\/wp-json\/wp\/v2\/pages\/27"}],"collection":[{"href":"https:\/\/mauweb.tamnguyen.vn\/giatthamvanphong\/wp-json\/wp\/v2\/pages"}],"about":[{"href":"https:\/\/mauweb.tamnguyen.vn\/giatthamvanphong\/wp-json\/wp\/v2\/types\/page"}],"author":[{"embeddable":true,"href":"https:\/\/mauweb.tamnguyen.vn\/giatthamvanphong\/wp-json\/wp\/v2\/users\/1"}],"replies":[{"embeddable":true,"href":"https:\/\/mauweb.tamnguyen.vn\/giatthamvanphong\/wp-json\/wp\/v2\/comments?post=27"}],"version-history":[{"count":0,"href":"https:\/\/mauweb.tamnguyen.vn\/giatthamvanphong\/wp-json\/wp\/v2\/pages\/27\/revisions"}],"wp:attachment":[{"href":"https:\/\/mauweb.tamnguyen.vn\/giatthamvanphong\/wp-json\/wp\/v2\/media?parent=27"}],"wp:term":[{"taxonomy":"yst_prominent_words","embeddable":true,"href":"https:\/\/mauweb.tamnguyen.vn\/giatthamvanphong\/wp-json\/wp\/v2\/yst_prominent_words?post=27"}],"curies":[{"name":"wp","href":"https:\/\/api.w.org\/{rel}","templated":true}]}}