{"id":25,"date":"2019-10-22T18:57:09","date_gmt":"2019-10-22T11:57:09","guid":{"rendered":"http:\/\/giatthamvanphong.ninhbinhweb.biz\/?page_id=25"},"modified":"2019-10-23T16:21:44","modified_gmt":"2019-10-23T09:21:44","slug":"gioi-thieu","status":"publish","type":"page","link":"https:\/\/mauweb.tamnguyen.vn\/giatthamvanphong\/gioi-thieu\/","title":{"rendered":"Gi\u1edbi thi\u1ec7u"},"content":{"rendered":"<p>Ch\u00fang t\u00f4i l\u00e0 \u0111\u01a1n v\u1ecb chuy\u00ean cung c\u1ea5p d\u1ecbch v\u1ee5 gi\u1ea3i ph\u00e1p l\u00e0m s\u1ea1ch cho c\u00f4ng ty , nh\u00e0 \u1edf v\u1edbi nhi\u1ec1u n\u0103m kinh nghi\u1ec7m. Ch\u00fang t\u00f4i t\u1ef1 tin s\u1ebd l\u00e0 l\u1ef1a ch\u1ecdn t\u1ed1t nh\u1ea5t c\u1ee7a Q\u00fay kh\u00e1ch h\u00e0ng . V\u1edbi ph\u01b0\u01a1ng ch\u00e2m lu\u00f4n \u0111\u1ec1 cao ch\u1ea5t l\u01b0\u1ee3ng d\u1ecbch v\u1ee5 t\u1ed1t nh\u1ea5t , gi\u00e1 th\u00e0nh h\u1ee3p l\u00fd , \u0111\u00e1p \u1ee9ng \u0111\u01b0\u1ee3c y\u00eau c\u1ea7u cao t\u1eeb Q\u00fay kh\u00e1ch h\u00e0ng .<\/p>\n<p><strong>Th\u1eddi gian l\u00e0m vi\u1ec7c <\/strong><\/p>\n<p>Ch\u00fang t\u00f4i l\u00e0m vi\u1ec7c t\u1eeb 8h \u2013 19h h\u00e0ng ng\u00e0y ( c\u1ea3 th\u1ee9 7 &amp; ch\u1ee7 nh\u1eadt ) n\u1ebfu qu\u00fd kh\u00e1ch h\u00e0ng c\u1ea7n g\u1ea5p ngo\u00e0i gi\u1edd h\u00e0nh ch\u00ednh vui long lien h\u1ec7 ch\u00fang t\u00f4i qua s\u1ed1 hotline 0769 270 676 or 0987 574 625 \u0111\u1ec3 \u0111\u01b0\u1ee3c h\u1ed7 tr\u1ee3 t\u1ed1t nh\u1ea5t , xin c\u1ea3m \u01a1n .<\/p>\n<p><strong>T\u01b0 v\u1ea5n h\u1ed7 tr\u1ee3 <\/strong><\/p>\n<p>Q\u00fay kh\u00e1ch h\u00e0ng \u0111\u1ec3 l\u1ea1i th\u00f4ng tin t\u1ea1i \u0111\u00e2y , ch\u00fang t\u00f4i s\u1ebd li\u00ean h\u1ec7 t\u01b0 v\u1ea5n h\u1ed7 tr\u1ee3 ngay , xin c\u1ea3m \u01a1n<\/p>\n<h4>CTY : C\u00d4NG TY TNHH KINH DOANH TH\u01af\u01a0NG M\u1ea0I V\u00c0 D\u1ecaCH V\u1ee4 THANH XU\u00c2N<\/h4>\n<ul>\n<li><strong>MSDN :<\/strong> 010 8942736<\/li>\n<li><strong>V\u0103n ph\u00f2ng c\u00f4ng ty:<\/strong> BT6B2 L\u00e0ng Vi\u1ec7t Ki\u1ec1u Ch\u00e2u \u00c2u, H\u00e0 \u0110\u00f4ng, H\u00e0 N\u1ed9i<\/li>\n<li><strong>VP2:<\/strong> 41\/51 Chi\u1ebfn Th\u1eafng, V\u0103n Qu\u00e1n, H\u00e0 \u0110\u00f4ng<\/li>\n<li><strong>VP3:<\/strong> 151\/52 L\u00ea \u0110\u1ea1i H\u00e0nh, Hai B\u00e0 Tr\u01b0ng, H\u00e0 N\u1ed9i<\/li>\n<li><strong>VP4:<\/strong> 42\/12 \u0110\u00e0o T\u1ea5n, Ba \u0110\u00ecnh, H\u00e0 N\u1ed9i<\/li>\n<li><strong>VP5:<\/strong> 33\/123 Ho\u00e0ng Qu\u1ed1c Vi\u1ec7t, Nam T\u1eeb Li\u00eam, H\u00e0 N\u1ed9i<\/li>\n<li><strong>VP6:<\/strong> 252\/90 Ng\u00f4 Gia T\u1ef1, Long Bi\u00ean, H\u00e0 N\u1ed9i<\/li>\n<li><strong>Hotline:<\/strong> 0769.270.676 &#8211; 0987.574.625<\/li>\n<li><strong>Gmail:<\/strong> thanhxuan.vscn@gmail.com<\/li>\n<li><strong>Fanpage:<\/strong> https:\/\/www.facebook.com\/giatsofatainha\/<\/li>\n<li>Zalo: 0769 270 676 *** 0987 574 625<\/li>\n<\/ul>\n","protected":false},"excerpt":{"rendered":"<p>Ch\u00fang t\u00f4i l\u00e0 \u0111\u01a1n v\u1ecb chuy\u00ean cung c\u1ea5p d\u1ecbch v\u1ee5 gi\u1ea3i ph\u00e1p l\u00e0m s\u1ea1ch cho c\u00f4ng ty , nh\u00e0 \u1edf v\u1edbi nhi\u1ec1u n\u0103m kinh nghi\u1ec7m. Ch\u00fang t\u00f4i t\u1ef1 tin s\u1ebd l\u00e0 l\u1ef1a ch\u1ecdn t\u1ed1t nh\u1ea5t c\u1ee7a Q\u00fay kh\u00e1ch h\u00e0ng . V\u1edbi ph\u01b0\u01a1ng ch\u00e2m lu\u00f4n \u0111\u1ec1 cao ch\u1ea5t l\u01b0\u1ee3ng d\u1ecbch v\u1ee5 t\u1ed1t nh\u1ea5t , gi\u00e1 th\u00e0nh &#8230;<\/p>\n","protected":false},"author":1,"featured_media":0,"parent":0,"menu_order":0,"comment_status":"closed","ping_status":"closed","template":"page-right-sidebar.php","meta":{"footnotes":""},"yst_prominent_words":[],"class_list":["post-25","page","type-page","status-publish","hentry"],"_links":{"self":[{"href":"https:\/\/mauweb.tamnguyen.vn\/giatthamvanphong\/wp-json\/wp\/v2\/pages\/25"}],"collection":[{"href":"https:\/\/mauweb.tamnguyen.vn\/giatthamvanphong\/wp-json\/wp\/v2\/pages"}],"about":[{"href":"https:\/\/mauweb.tamnguyen.vn\/giatthamvanphong\/wp-json\/wp\/v2\/types\/page"}],"author":[{"embeddable":true,"href":"https:\/\/mauweb.tamnguyen.vn\/giatthamvanphong\/wp-json\/wp\/v2\/users\/1"}],"replies":[{"embeddable":true,"href":"https:\/\/mauweb.tamnguyen.vn\/giatthamvanphong\/wp-json\/wp\/v2\/comments?post=25"}],"version-history":[{"count":0,"href":"https:\/\/mauweb.tamnguyen.vn\/giatthamvanphong\/wp-json\/wp\/v2\/pages\/25\/revisions"}],"wp:attachment":[{"href":"https:\/\/mauweb.tamnguyen.vn\/giatthamvanphong\/wp-json\/wp\/v2\/media?parent=25"}],"wp:term":[{"taxonomy":"yst_prominent_words","embeddable":true,"href":"https:\/\/mauweb.tamnguyen.vn\/giatthamvanphong\/wp-json\/wp\/v2\/yst_prominent_words?post=25"}],"curies":[{"name":"wp","href":"https:\/\/api.w.org\/{rel}","templated":true}]}}