{"id":702,"date":"2022-07-28T01:18:26","date_gmt":"2022-07-27T18:18:26","guid":{"rendered":"http:\/\/giadung.themevivu.site\/?post_type=product&#038;p=702"},"modified":"2022-08-13T09:27:53","modified_gmt":"2022-08-13T02:27:53","slug":"may-hut-bui-cam-tay-philips-fc6721","status":"publish","type":"product","link":"https:\/\/mauweb.tamnguyen.vn\/giadung1\/product\/may-hut-bui-cam-tay-philips-fc6721\/","title":{"rendered":"M\u00e1y h\u00fat b\u1ee5i c\u1ea7m tay Philips FC6721"},"content":{"rendered":"<p>M\u00e1y h\u00fat b\u1ee5i Philips thi\u1ebft k\u1ebf kh\u00f4ng d\u00e2y nh\u1ecf g\u1ecdn, d\u1ec5 d\u00e0ng th\u00e1o l\u1eafp, di chuy\u1ec3n v\u00e0 s\u1eed d\u1ee5ng ph\u00f9 h\u1ee3p v\u1edbi b\u1ea5t c\u1ee9 \u0111\u00e2u nh\u01b0 nh\u00e0 \u1edf, v\u0103n ph\u00f2ng l\u00e0m vi\u1ec7c,&#8230;<\/p>\n<p>Th\u00e1o r\u1eddi c\u00e1n d\u00e0i s\u1eed d\u1ee5ng c\u1ea7m tay v\u1ec7 sinh nh\u1eb9 nh\u00e0ng n\u1ed9i th\u1ea5t xe \u00f4 t\u00f4 hay b\u00e0n b\u1ebfp, gi\u01b0\u1eddng ng\u1ee7, b\u1eadc c\u1ea7u thang&#8230;<\/p>\n<p>C\u00f4ng ngh\u1ec7 PowerCyclone 7 t\u00e1ch b\u1ee5i nhanh kh\u1ecfi kh\u00f4ng kh\u00ed gi\u00fap duy tr\u00ec hi\u1ec7u su\u1ea5t m\u1ea1nh trong th\u1eddi gian d\u00e0i<\/p>\n<p>K\u1ebft h\u1ee3p \u0111\u1ed9ng c\u01a1 PowerBlade gi\u00fap h\u00fat m\u1ea1nh v\u00e0 ch\u00ednh x\u00e1c m\u1ecdi b\u1ee5i b\u1ea9n.<\/p>\n<p>M\u00e1y h\u00fat b\u1ee5i d\u00f9ng b\u1ed9 l\u1ecdc HEPA l\u1ecdc th\u1ea3i t\u1ed1t \u0111\u1ebfn 99.9% b\u1ee5i b\u1ea9n, vi khu\u1ea9n, tr\u1ea3 l\u1ea1i kh\u00f4ng kh\u00ed s\u1ea1ch tho\u00e1ng cho kh\u00f4ng gian d\u00f9ng.<\/p>\n","protected":false},"excerpt":{"rendered":"<ul>\n<li>Th\u00e1o r\u1eddi c\u00e1n d\u00e0i s\u1eed d\u1ee5ng c\u1ea7m tay v\u1ec7 sinh nh\u1eb9 nh\u00e0ng n\u1ed9i th\u1ea5t xe \u00f4 t\u00f4 hay b\u00e0n b\u1ebfp, gi\u01b0\u1eddng ng\u1ee7, b\u1eadc c\u1ea7u thang&#8230;<\/li>\n<li>C\u00f4ng ngh\u1ec7 PowerCyclone 7 t\u00e1ch b\u1ee5i nhanh kh\u1ecfi kh\u00f4ng kh\u00ed gi\u00fap duy tr\u00ec hi\u1ec7u su\u1ea5t m\u1ea1nh trong th\u1eddi gian d\u00e0i<\/li>\n<li>K\u1ebft h\u1ee3p \u0111\u1ed9ng c\u01a1 PowerBlade gi\u00fap h\u00fat m\u1ea1nh v\u00e0 ch\u00ednh x\u00e1c m\u1ecdi b\u1ee5i b\u1ea9n.<\/li>\n<li>M\u00e1y h\u00fat b\u1ee5i d\u00f9ng b\u1ed9 l\u1ecdc HEPA l\u1ecdc th\u1ea3i t\u1ed1t \u0111\u1ebfn 99.9% b\u1ee5i b\u1ea9n, vi khu\u1ea9n, tr\u1ea3 l\u1ea1i kh\u00f4ng kh\u00ed s\u1ea1ch tho\u00e1ng cho kh\u00f4ng gian d\u00f9ng.<\/li>\n<\/ul>\n","protected":false},"featured_media":703,"comment_status":"open","ping_status":"closed","template":"","meta":[],"product_cat":[15],"product_tag":[],"class_list":["post-702","product","type-product","status-publish","has-post-thumbnail","hentry","product_cat-gia-dung-thong-minh"],"_links":{"self":[{"href":"https:\/\/mauweb.tamnguyen.vn\/giadung1\/wp-json\/wp\/v2\/product\/702","targetHints":{"allow":["GET"]}}],"collection":[{"href":"https:\/\/mauweb.tamnguyen.vn\/giadung1\/wp-json\/wp\/v2\/product"}],"about":[{"href":"https:\/\/mauweb.tamnguyen.vn\/giadung1\/wp-json\/wp\/v2\/types\/product"}],"replies":[{"embeddable":true,"href":"https:\/\/mauweb.tamnguyen.vn\/giadung1\/wp-json\/wp\/v2\/comments?post=702"}],"wp:featuredmedia":[{"embeddable":true,"href":"https:\/\/mauweb.tamnguyen.vn\/giadung1\/wp-json\/wp\/v2\/media\/703"}],"wp:attachment":[{"href":"https:\/\/mauweb.tamnguyen.vn\/giadung1\/wp-json\/wp\/v2\/media?parent=702"}],"wp:term":[{"taxonomy":"product_cat","embeddable":true,"href":"https:\/\/mauweb.tamnguyen.vn\/giadung1\/wp-json\/wp\/v2\/product_cat?post=702"},{"taxonomy":"product_tag","embeddable":true,"href":"https:\/\/mauweb.tamnguyen.vn\/giadung1\/wp-json\/wp\/v2\/product_tag?post=702"}],"curies":[{"name":"wp","href":"https:\/\/api.w.org\/{rel}","templated":true}]}}