{"id":697,"date":"2022-07-28T01:17:12","date_gmt":"2022-07-27T18:17:12","guid":{"rendered":"http:\/\/giadung.themevivu.site\/?post_type=product&#038;p=697"},"modified":"2022-08-13T09:28:28","modified_gmt":"2022-08-13T02:28:28","slug":"robot-hut-bui-lau-nha-ecovacs-deebot-n8-pro","status":"publish","type":"product","link":"https:\/\/mauweb.tamnguyen.vn\/giadung1\/product\/robot-hut-bui-lau-nha-ecovacs-deebot-n8-pro\/","title":{"rendered":"Robot h\u00fat b\u1ee5i lau nh\u00e0 ECOVACS DEEBOT N8 PRO"},"content":{"rendered":"<p><span class=\"text\">Robot h\u00fat b\u1ee5i lau nh\u00e0 ECOVACS DEEBOT N8 PRO &#8211; B\u1ea3n Qu\u1ed1c T\u1ebf &#8211; BH 24 th\u00e1ng: <\/span><\/p>\n<p><span class=\"text\">DEEBOT N8 PRO l\u00e0 robot v\u1ec7 sinh h\u00fat b\u1ee5i ti\u1ebft ki\u1ec7m chi ph\u00ed nh\u1ea5t \u0111\u01b0\u1ee3c trang b\u1ecb c\u00f4ng ngh\u1ec7 tr\u00e1nh v\u1eadt c\u1ea3n TrueDetect 3D ti\u00ean ti\u1ebfn nh\u1ea5t mang \u0111\u1ebfn kh\u1ea3 n\u0103ng l\u00e0m s\u1ea1ch s\u00e2u m\u1ea1nh m\u1ebd m\u00e0 kh\u00f4ng c\u00f3 va ch\u1ea1m.<\/span><\/p>\n<p><span class=\"text\">Trong khi \u0111\u00f3, \u0111\u1ed1c s\u1ea1c h\u00fat r\u00e1c t\u1ef1 \u0111\u1ed9ng gi\u00fap gi\u1ea3i ph\u00f3ng b\u00e0n tay c\u1ee7a b\u1ea1n l\u00ean \u0111\u1ebfn 30 ng\u00e0y m\u00e0 kh\u00f4ng c\u1ea7n ph\u1ea3i d\u1ecdn s\u1ea1ch khay ch\u1ee9a r\u00e1c c\u1ee7a robot. <\/span><\/p>\n<p><span class=\"text\">\u00a0OZMO\u2122 h\u00fat b\u1ee5i v\u00e0 lau trong c\u00f9ng m\u1ed9t thao t\u00e1c. Hi\u1ec7u su\u1ea5t v\u1ec7 sinh m\u1ea1nh h\u01a1n v\u1edbi c\u00f4ng su\u1ea5t h\u00fat si\u00eau cao 2600Pa. <\/span><\/p>\n<p><span class=\"text\">C\u00f4ng ngh\u1ec7 TrueDetect 3D v\u01b0\u1ee3t tr\u1ed9i ph\u00e1t hi\u1ec7n v\u00e0 tr\u00e1nh v\u1eadt c\u1ea3n ngay t\u1ee9c th\u00ec, tr\u00e1nh r\u01a1i kh\u1ecfi s\u00e0n. <\/span><\/p>\n<p><span class=\"text\">C\u00f4ng ngh\u1ec7 \u0111i\u1ec1u h\u01b0\u1edbng v\u00e0 l\u1eadp b\u1ea3n \u0111\u1ed3 d\u1ef1a tr\u00ean laser TrueMapping\u2122 mang t\u00ednh c\u00e1ch m\u1ea1ng. C\u00f4ng ngh\u1ec7 d\u1ef1ng t\u01b0\u1eddng \u1ea3o Virtual Boundary. <\/span><\/p>\n<p><span class=\"text\">T\u01b0\u01a1ng th\u00edch v\u1edbi dock s\u1ea1c h\u00fat r\u00e1c t\u1ef1 \u0111\u1ed9ng n\u00ean DEEBOT N8 PRO gi\u00fap b\u1ea1n kh\u00f4ng ph\u1ea3i \u0111\u1ed9ng tay d\u1ecdn khay ch\u1ee9a r\u00e1c c\u1ee7a robot \u0111\u1ebfn 30 ng\u00e0y. <\/span><\/p>\n<p><span class=\"text\">T\u01b0\u01a1ng th\u00edch v\u1edbi c\u00e1c thi\u1ebft b\u1ecb smarthome nh\u01b0 Google home, Amazon Echo. D\u1ec5 d\u00e0ng ra l\u1ec7nh khi n\u00e0o b\u1eaft \u0111\u1ea7u d\u1ecdn. V\u00e0 \u0111i\u1ec1u khi\u1ec3n th\u00f4ng qua app Ecovacs Home \u0111\u1ec3 quan s\u00e1t b\u1ea3n \u0111\u1ed3 ho\u1ea1t \u0111\u1ed9ng, \u0111i\u1ec3u ch\u1ec9nh m\u1ef1c n\u01b0\u1edbc, l\u1ef1c h\u00fat, h\u1eb9n gi\u1edd&#8230; \ud83e\udd0dT\u1ef1 \u0111\u1ed9ng s\u1ea1c v\u00e0 kh\u00f4i ph\u1ee5c chu tr\u00ecnh l\u00e0m s\u1ea1ch. Khi pin y\u1ebfu robot s\u1ebd t\u1ef1 \u0111\u1ed9ng quay v\u1ec1 dock s\u1ea1c \u0111\u1ec3 s\u1ea1c pin sau \u0111\u00f3 quay l\u1ea1i v\u1ecb tr\u00ed \u0111ang l\u00e0m vi\u1ec7c \u0111\u1ec3 ti\u1ebfp t\u1ee5c ho\u00e0n th\u00e0nh c\u00f4ng vi\u1ec7c. <\/span><\/p>\n<p><span class=\"text\">B\u1ed9 l\u1ecdc HEPA hi\u1ec7u su\u1ea5t cao. V\u1edbi b\u1ed9 l\u1ecdc cao c\u1ea5p gi\u00fap robot l\u00e0m s\u1ea1ch \u0111\u01b0\u1ee3c c\u1ea3 c\u00e1c h\u1ea1t b\u1ee5i m\u1ecbn v\u1edbi k\u00edch th\u01b0\u1edbc 0.3 micro v\u00e0 c\u00e1c t\u00e1c nh\u00e2n g\u00e2y d\u1ecb \u1ee9ng, li\u00ean quan \u0111\u1ebfn \u0111\u01b0\u1eddng h\u00f4 h\u1ea5p.<\/span><\/p>\n","protected":false},"excerpt":{"rendered":"<p><span class=\"text\">T\u01b0\u01a1ng th\u00edch v\u1edbi c\u00e1c thi\u1ebft b\u1ecb smarthome nh\u01b0 Google home, Amazon Echo. D\u1ec5 d\u00e0ng ra l\u1ec7nh khi n\u00e0o b\u1eaft \u0111\u1ea7u d\u1ecdn. V\u00e0 \u0111i\u1ec1u khi\u1ec3n th\u00f4ng qua app Ecovacs Home \u0111\u1ec3 quan s\u00e1t b\u1ea3n \u0111\u1ed3 ho\u1ea1t \u0111\u1ed9ng, \u0111i\u1ec3u ch\u1ec9nh m\u1ef1c n\u01b0\u1edbc, l\u1ef1c h\u00fat, h\u1eb9n gi\u1edd&#8230; \ud83e\udd0dT\u1ef1 \u0111\u1ed9ng s\u1ea1c v\u00e0 kh\u00f4i ph\u1ee5c chu tr\u00ecnh l\u00e0m s\u1ea1ch. Khi pin y\u1ebfu robot s\u1ebd t\u1ef1 \u0111\u1ed9ng quay v\u1ec1 dock s\u1ea1c \u0111\u1ec3 s\u1ea1c pin sau \u0111\u00f3 quay l\u1ea1i v\u1ecb tr\u00ed \u0111ang l\u00e0m vi\u1ec7c \u0111\u1ec3 ti\u1ebfp t\u1ee5c ho\u00e0n th\u00e0nh c\u00f4ng vi\u1ec7c. <\/span><\/p>\n","protected":false},"featured_media":698,"comment_status":"open","ping_status":"closed","template":"","meta":[],"product_cat":[15,20],"product_tag":[],"class_list":["post-697","product","type-product","status-publish","has-post-thumbnail","hentry","product_cat-gia-dung-thong-minh","product_cat-tien-ich"],"_links":{"self":[{"href":"https:\/\/mauweb.tamnguyen.vn\/giadung1\/wp-json\/wp\/v2\/product\/697","targetHints":{"allow":["GET"]}}],"collection":[{"href":"https:\/\/mauweb.tamnguyen.vn\/giadung1\/wp-json\/wp\/v2\/product"}],"about":[{"href":"https:\/\/mauweb.tamnguyen.vn\/giadung1\/wp-json\/wp\/v2\/types\/product"}],"replies":[{"embeddable":true,"href":"https:\/\/mauweb.tamnguyen.vn\/giadung1\/wp-json\/wp\/v2\/comments?post=697"}],"wp:featuredmedia":[{"embeddable":true,"href":"https:\/\/mauweb.tamnguyen.vn\/giadung1\/wp-json\/wp\/v2\/media\/698"}],"wp:attachment":[{"href":"https:\/\/mauweb.tamnguyen.vn\/giadung1\/wp-json\/wp\/v2\/media?parent=697"}],"wp:term":[{"taxonomy":"product_cat","embeddable":true,"href":"https:\/\/mauweb.tamnguyen.vn\/giadung1\/wp-json\/wp\/v2\/product_cat?post=697"},{"taxonomy":"product_tag","embeddable":true,"href":"https:\/\/mauweb.tamnguyen.vn\/giadung1\/wp-json\/wp\/v2\/product_tag?post=697"}],"curies":[{"name":"wp","href":"https:\/\/api.w.org\/{rel}","templated":true}]}}