{"id":692,"date":"2022-07-28T01:15:56","date_gmt":"2022-07-27T18:15:56","guid":{"rendered":"http:\/\/giadung.themevivu.site\/?post_type=product&#038;p=692"},"modified":"2022-08-13T09:29:11","modified_gmt":"2022-08-13T02:29:11","slug":"may-loc-khong-khi-trong-nha","status":"publish","type":"product","link":"https:\/\/mauweb.tamnguyen.vn\/giadung1\/product\/may-loc-khong-khi-trong-nha\/","title":{"rendered":"M\u00e1y l\u1ecdc kh\u00f4ng kh\u00ed trong nh\u00e0 AC0820"},"content":{"rendered":"<p>M\u00e1y l\u1ecdc kh\u00f4ng kh\u00ed trong nh\u00e0<\/p>\n","protected":false},"excerpt":{"rendered":"<p>M\u00e1y l\u1ecdc kh\u00f4ng kh\u00ed trong nh\u00e0<\/p>\n","protected":false},"featured_media":693,"comment_status":"open","ping_status":"closed","template":"","meta":[],"product_cat":[19,20],"product_tag":[],"class_list":["post-692","product","type-product","status-publish","has-post-thumbnail","hentry","product_cat-phong-khach","product_cat-tien-ich"],"_links":{"self":[{"href":"https:\/\/mauweb.tamnguyen.vn\/giadung1\/wp-json\/wp\/v2\/product\/692","targetHints":{"allow":["GET"]}}],"collection":[{"href":"https:\/\/mauweb.tamnguyen.vn\/giadung1\/wp-json\/wp\/v2\/product"}],"about":[{"href":"https:\/\/mauweb.tamnguyen.vn\/giadung1\/wp-json\/wp\/v2\/types\/product"}],"replies":[{"embeddable":true,"href":"https:\/\/mauweb.tamnguyen.vn\/giadung1\/wp-json\/wp\/v2\/comments?post=692"}],"wp:featuredmedia":[{"embeddable":true,"href":"https:\/\/mauweb.tamnguyen.vn\/giadung1\/wp-json\/wp\/v2\/media\/693"}],"wp:attachment":[{"href":"https:\/\/mauweb.tamnguyen.vn\/giadung1\/wp-json\/wp\/v2\/media?parent=692"}],"wp:term":[{"taxonomy":"product_cat","embeddable":true,"href":"https:\/\/mauweb.tamnguyen.vn\/giadung1\/wp-json\/wp\/v2\/product_cat?post=692"},{"taxonomy":"product_tag","embeddable":true,"href":"https:\/\/mauweb.tamnguyen.vn\/giadung1\/wp-json\/wp\/v2\/product_tag?post=692"}],"curies":[{"name":"wp","href":"https:\/\/api.w.org\/{rel}","templated":true}]}}