{"id":689,"date":"2022-07-28T01:15:02","date_gmt":"2022-07-27T18:15:02","guid":{"rendered":"http:\/\/giadung.themevivu.site\/?post_type=product&#038;p=689"},"modified":"2022-08-13T09:29:45","modified_gmt":"2022-08-13T02:29:45","slug":"loc-khong-khi-o-to-panasonic-f-gmk01","status":"publish","type":"product","link":"https:\/\/mauweb.tamnguyen.vn\/giadung1\/product\/loc-khong-khi-o-to-panasonic-f-gmk01\/","title":{"rendered":"L\u1ecdc kh\u00f4ng kh\u00ed \u00f4 t\u00f4 Panasonic F-GMK01"},"content":{"rendered":"<p><span class=\"text\">\ud83d\ude98C\u00e1c b\u00e1c ch\u1ea1y x\u1ebf h\u1ed9p \u0111\u00e3 c\u00f3 l\u1ecdc kh\u00f4ng kh\u00ed ch\u01b0a?\u2049 <\/span><\/p>\n<p><span class=\"text\">\ud83d\udc49L\u1ecdc kh\u00f4ng kh\u00ed \u00f4 t\u00f4 Panasonic F-GMK01 l\u00e0 d\u00f2ng l\u1ecdc kh\u00f4ng kh\u00ed chuy\u00ean d\u1ee5ng tr\u00ean \u00f4 t\u00f4 n\u1ed9i \u0111\u1ecba Nh\u1eadt B\u1ea3n.<\/span><\/p>\n<p><span class=\"text\">L\u1ecdc s\u1eed d\u1ee5ng c\u00f4ng ngh\u1ec7 Nano E gi\u00fap l\u00e0m s\u1ea1ch kh\u00f4ng kh\u00ed, kh\u1eed m\u00f9i v\u00e0 ti\u00eau di\u1ec7t n\u1ea5m m\u1ed1c, vi khu\u1ea9n tr\u00ean xe mang l\u1ea1i kh\u00f4ng gian d\u1ec5 ch\u1ecbu h\u01a1n tr\u00ean xe c\u1ee7a b\u1ea1n. <\/span><\/p>\n<p><span class=\"text\">\u00a0L\u1ecdc \u0111\u01b0\u1ee3c thi\u1ebft k\u1ebf nh\u1ecf g\u1ecdn, d\u1ec5 d\u00e0ng s\u1eed d\u1ee5ng, t\u1ed1c \u0111\u1ed9 l\u1ecdc nhanh, hi\u1ec7u qu\u1ea3, t\u1ea1o c\u1ea3m gi\u00e1c tho\u1ea3i m\u00e1i cho ng\u01b0\u1eddi tr\u00ean xe. <\/span><\/p>\n<p><span class=\"text\">\u00a0Kh\u1eed m\u00f9i nhanh ch\u00f3ng.<\/span><\/p>\n<p><span class=\"text\">Kh\u1ea3 n\u0103ng kh\u1eed m\u00f9i thu\u1ed1c l\u00e1, m\u00f9i h\u00f4i c\u01a1 th\u1ec3, m\u00f9i t\u1eeb \u0111i\u1ec1u h\u00f2a \u00f4 t\u00f4 (m\u00e1y l\u1ea1nh) nh\u1edd b\u1ed9 ph\u00e1t ion \u00e2m NanoE \u0111\u1ed9c quy\u1ec1n c\u1ee7a Panasonic.<\/span><\/p>\n","protected":false},"excerpt":{"rendered":"<ul>\n<li><span class=\"text\">L\u1ecdc s\u1eed d\u1ee5ng c\u00f4ng ngh\u1ec7 Nano E gi\u00fap l\u00e0m s\u1ea1ch kh\u00f4ng kh\u00ed, kh\u1eed m\u00f9i v\u00e0 ti\u00eau di\u1ec7t n\u1ea5m m\u1ed1c, vi khu\u1ea9n tr\u00ean xe mang l\u1ea1i kh\u00f4ng gian d\u1ec5 ch\u1ecbu h\u01a1n tr\u00ean xe c\u1ee7a b\u1ea1n. <\/span><\/li>\n<li><span class=\"text\">\u00a0L\u1ecdc \u0111\u01b0\u1ee3c thi\u1ebft k\u1ebf nh\u1ecf g\u1ecdn, d\u1ec5 d\u00e0ng s\u1eed d\u1ee5ng, t\u1ed1c \u0111\u1ed9 l\u1ecdc nhanh, hi\u1ec7u qu\u1ea3, t\u1ea1o c\u1ea3m gi\u00e1c tho\u1ea3i m\u00e1i cho ng\u01b0\u1eddi tr\u00ean xe. <\/span><\/li>\n<li><span class=\"text\">\u00a0Kh\u1eed m\u00f9i nhanh ch\u00f3ng.<\/span><\/li>\n<li><span class=\"text\">Kh\u1ea3 n\u0103ng kh\u1eed m\u00f9i thu\u1ed1c l\u00e1, m\u00f9i h\u00f4i c\u01a1 th\u1ec3, m\u00f9i t\u1eeb \u0111i\u1ec1u h\u00f2a \u00f4 t\u00f4 (m\u00e1y l\u1ea1nh) nh\u1edd b\u1ed9 ph\u00e1t ion \u00e2m NanoE \u0111\u1ed9c quy\u1ec1n c\u1ee7a Panasonic.<\/span><\/li>\n<\/ul>\n","protected":false},"featured_media":690,"comment_status":"open","ping_status":"closed","template":"","meta":[],"product_cat":[20],"product_tag":[],"class_list":["post-689","product","type-product","status-publish","has-post-thumbnail","hentry","product_cat-tien-ich"],"_links":{"self":[{"href":"https:\/\/mauweb.tamnguyen.vn\/giadung1\/wp-json\/wp\/v2\/product\/689","targetHints":{"allow":["GET"]}}],"collection":[{"href":"https:\/\/mauweb.tamnguyen.vn\/giadung1\/wp-json\/wp\/v2\/product"}],"about":[{"href":"https:\/\/mauweb.tamnguyen.vn\/giadung1\/wp-json\/wp\/v2\/types\/product"}],"replies":[{"embeddable":true,"href":"https:\/\/mauweb.tamnguyen.vn\/giadung1\/wp-json\/wp\/v2\/comments?post=689"}],"wp:featuredmedia":[{"embeddable":true,"href":"https:\/\/mauweb.tamnguyen.vn\/giadung1\/wp-json\/wp\/v2\/media\/690"}],"wp:attachment":[{"href":"https:\/\/mauweb.tamnguyen.vn\/giadung1\/wp-json\/wp\/v2\/media?parent=689"}],"wp:term":[{"taxonomy":"product_cat","embeddable":true,"href":"https:\/\/mauweb.tamnguyen.vn\/giadung1\/wp-json\/wp\/v2\/product_cat?post=689"},{"taxonomy":"product_tag","embeddable":true,"href":"https:\/\/mauweb.tamnguyen.vn\/giadung1\/wp-json\/wp\/v2\/product_tag?post=689"}],"curies":[{"name":"wp","href":"https:\/\/api.w.org\/{rel}","templated":true}]}}