{"id":684,"date":"2022-07-28T01:13:25","date_gmt":"2022-07-27T18:13:25","guid":{"rendered":"http:\/\/giadung.themevivu.site\/?post_type=product&#038;p=684"},"modified":"2022-08-13T09:30:18","modified_gmt":"2022-08-13T02:30:18","slug":"thung-rac-thong-minh-townew-t-air-x-blue-ban-quoc-te","status":"publish","type":"product","link":"https:\/\/mauweb.tamnguyen.vn\/giadung1\/product\/thung-rac-thong-minh-townew-t-air-x-blue-ban-quoc-te\/","title":{"rendered":"Th\u00f9ng R\u00e1c Th\u00f4ng Minh TOWNEW T AIR X ( BLUE) \u2013 B\u1ea3n Qu\u1ed1c T\u1ebf"},"content":{"rendered":"<p>Th\u00f9ng r\u00e1c th\u00f4ng minh Townew T Air X l\u00e0 s\u1ea3n ph\u1ea9m \u0111\u1ebfn t\u1eeb th\u01b0\u01a1ng hi\u1ec7u \u0111i\u1ec7n t\u1eed n\u1ed5i ti\u1ebfng t\u1ea1i Trung Qu\u1ed1c.<\/p>\n<p>V\u1edbi nhi\u1ec1u t\u00ednh n\u0103ng \u01b0u vi\u1ec7t \u0111\u01b0\u1ee3c nghi\u00ean c\u1ee9u v\u00e0 ph\u00e1t tri\u1ec3n d\u1ef1a tr\u00ean th\u00f3i quen s\u1eed d\u1ee5ng c\u1ee7a con ng\u01b0\u1eddi, th\u00f9ng r\u00e1c th\u00f4ng minh Townew gi\u00fap ti\u1ebft ki\u1ec7m th\u1eddi gian d\u1ecdn d\u1eb9p v\u00e0 gi\u1eef kh\u00f4ng gian nh\u00e0 \u1edf lu\u00f4n s\u1ea1ch s\u1ebd tho\u00e1ng m\u00e1t.<\/p>\n<p>V\u1edbi thi\u1ebft k\u1ebf nh\u1ecf g\u1ecdn ti\u1ec7n d\u1ee5ng t\u00edch h\u1ee3p \u1ee9ng d\u1ee5ng c\u00f4ng ngh\u1ec7 th\u00f4ng minh, th\u00f9ng r\u00e1c Townew T Air X ng\u00e0y c\u00e0ng \u0111\u01b0\u1ee3c s\u1eed d\u1ee5ng ph\u1ed5 bi\u1ebfn cho h\u1ec7 th\u1ed1ng nh\u00e0 \u1edf th\u00f4ng minh (Smart home).<\/p>\n<p>S\u1ef1 ph\u00e1t tri\u1ec3n m\u1ea1nh m\u1ebd c\u1ee7a k\u1ef7 nguy\u00ean c\u00f4ng ngh\u1ec7 4.0 cho ph\u00e9p c\u00e1c th\u01b0\u01a1ng hi\u1ec7u \u0111i\u1ec7n t\u1eed \u1ee9ng d\u1ee5ng c\u00f4ng ngh\u1ec7 th\u00f4ng minh trong c\u00e1c s\u1ea3n ph\u1ea9m n\u1ed9i th\u1ea5t nh\u00e0 \u1edf. Nh\u1edd \u0111\u00f3 gi\u00fap cho cu\u1ed9c s\u1ed1ng con ng\u01b0\u1eddi ng\u00e0y c\u00e0ng ti\u1ec7n d\u1ee5ng v\u00e0 hi\u1ec7n \u0111\u1ea1i.<\/p>\n<p>Th\u00f9ng r\u00e1c th\u00f4ng minh Towne T Air X l\u00e0 m\u1ed9t trong nh\u1eefng s\u1ea3n ph\u1ea9m n\u1ed9i th\u1ea5t th\u00f4ng minh v\u1edbi c\u00e1c \u01b0u \u0111i\u1ec3m n\u1ed5i b\u1eadt.<\/p>\n<p>Th\u1eddi l\u01b0\u1ee3ng s\u1eed d\u1ee5ng pin ch\u1eafc h\u1eb3n l\u00e0 \u0111i\u1ec1u m\u00e0 t\u1ea5t c\u1ea3 nh\u1eefng ai s\u1eed d\u1ee5ng s\u1ea3n ph\u1ea9m \u0111i\u1ec7n t\u1eed \u0111\u1ec1u quan t\u00e2m v\u00e0 t\u00ecm hi\u1ec3u k\u1ef9 l\u01b0\u1ee1ng tr\u01b0\u1edbc khi \u0111\u01b0a ra quy\u1ebft \u0111\u1ecbnh mua. Hi\u1ec3u \u0111\u01b0\u1ee3c \u0111i\u1ec1u \u0111\u00f3, nh\u00e0 s\u1ea3n xu\u1ea5t th\u00f9ng r\u00e1c th\u00f4ng minh Townew \u0111\u00e3 c\u00f3 nh\u1eefng c\u1ea3i ti\u1ebfn c\u00f4ng ngh\u1ec7 \u0111\u1ed9t ph\u00e1 sau \u0111\u00e2y:<\/p>\n<p>Thi\u1ebft k\u1ebf dung l\u01b0\u1ee3ng pin lithium c\u00f3 th\u1ec3 s\u1eed d\u1ee5ng trong 30 ng\u00e0y ch\u1ec9 v\u1edbi 10 gi\u1edd s\u1ea1c th\u1ef1c s\u1ef1 l\u00e0 m\u1ed9t \u01b0u \u0111i\u1ec3m l\u1edbn gi\u00fap ng\u01b0\u1eddi d\u00f9ng ti\u1ebft ki\u1ec7m th\u1eddi gian v\u00e0 c\u00f4ng s\u1ee9c.<\/p>\n<p>Thi\u1ebft k\u1ebf c\u1ed5ng USB kh\u00e1 ph\u1ed5 bi\u1ebfn gi\u00fap cho ng\u01b0\u1eddi d\u00f9ng c\u00f3 th\u1ec3 d\u1ec5 d\u00e0ng thay th\u1ebf c\u00e1p s\u1ea1c khi c\u1ea7n thi\u1ebft.<\/p>\n<p>Ngu\u1ed3n pin t\u00edch h\u1ee3p, th\u1eddi l\u01b0\u1ee3ng pin \u1ed5n \u0111\u1ecbnh v\u00e0 l\u00e2u d\u00e0i gi\u00fap cho ng\u01b0\u1eddi s\u1eed d\u1ee5ng ch\u1ec9 c\u1ea7n c\u1eafm s\u1ea1c t\u1ed1i thi\u1ec3u 1 l\u1ea7n trong m\u1ed7i th\u00e1ng.<\/p>\n<p>Nh\u1edd v\u00e0o c\u00f4ng ngh\u1ec7 hi\u1ec7n \u0111\u1ea1i v\u00e0 thi\u1ebft k\u1ebf tinh gi\u1ea3n g\u1ecdn nh\u1eb9, c\u01a1 ch\u1ebf c\u1ea3m bi\u1ebfn ch\u1ed1ng ti\u1ebfng \u1ed3n l\u00ean \u0111\u1ebfn 100%. Mang \u0111\u1ebfn kh\u00f4ng gian nh\u00e0 \u1edf t\u0129nh l\u1eb7ng v\u00e0 b\u00ecnh y\u00ean.<\/p>\n<p>B\u00ean c\u1ea1nh \u0111\u00f3, t\u00ednh n\u0103ng t\u1ef1 \u0111\u1ed9ng \u0111\u00f3ng g\u00f3i t\u00fai r\u00e1c gi\u00fap ch\u1ee7 nh\u00e2n ng\u00f4i nh\u00e0 ti\u1ebft ki\u1ec7m th\u1eddi gian d\u1ecdn d\u1eb9p v\u00e0 d\u1ec5 d\u00e0ng ch\u0103m s\u00f3c kh\u00f4ng gian s\u1ed1ng lu\u00f4n g\u1ecdn g\u00e0ng s\u1ea1ch s\u1ebd.<\/p>\n<p>H\u1ec7 th\u1ed1ng \u0111\u00f3ng m\u1edf b\u1eb1ng c\u1ea3m bi\u1ebfn t\u1ef1 \u0111\u1ed9ng h\u1eb3n l\u00e0 m\u1ed9t \u01b0u th\u1ebf n\u1ed5i tr\u1ed9i c\u1ee7a s\u1ea3n ph\u1ea9m th\u00f9ng r\u00e1c th\u00f4ng minh n\u00e0y:<\/p>\n<p>Ph\u1ea1m vi c\u1ea3m bi\u1ebfn 35cm: Ph\u1ea1m vi n\u00e0y cho ph\u00e9p ng\u01b0\u1eddi d\u00f9ng c\u00f3 th\u1ec3 d\u1ec5 d\u00e0ng k\u00edch ho\u1ea1t c\u1ea3m bi\u1ebfn m\u1edf \u0111\u00f3ng nhanh ch\u00f3ng v\u00e0 ti\u1ec7n d\u1ee5ng.<\/p>\n<p>T\u1ed1c \u0111\u1ed9 ph\u1ea3n h\u1ed3i ch\u1ec9 v\u1edbi 0,3 gi\u00e2y: T\u1ed1c \u0111\u1ed9 ph\u1ea3n h\u1ed3i c\u1ee7a c\u1ea3m bi\u1ebfn ngay khi c\u00f3 chuy\u1ec3n \u0111\u1ed9ng trong ph\u1ea1m v\u1ecb 35cm.<\/p>\n","protected":false},"excerpt":{"rendered":"<p>V\u1edbi nhi\u1ec1u t\u00ednh n\u0103ng \u01b0u vi\u1ec7t \u0111\u01b0\u1ee3c nghi\u00ean c\u1ee9u v\u00e0 ph\u00e1t tri\u1ec3n d\u1ef1a tr\u00ean th\u00f3i quen s\u1eed d\u1ee5ng c\u1ee7a con ng\u01b0\u1eddi, th\u00f9ng r\u00e1c th\u00f4ng minh Townew gi\u00fap ti\u1ebft ki\u1ec7m th\u1eddi gian d\u1ecdn d\u1eb9p v\u00e0 gi\u1eef kh\u00f4ng gian nh\u00e0 \u1edf lu\u00f4n s\u1ea1ch s\u1ebd tho\u00e1ng m\u00e1t.<\/p>\n<p>V\u1edbi thi\u1ebft k\u1ebf nh\u1ecf g\u1ecdn ti\u1ec7n d\u1ee5ng t\u00edch h\u1ee3p \u1ee9ng d\u1ee5ng c\u00f4ng ngh\u1ec7 th\u00f4ng minh, th\u00f9ng r\u00e1c Townew T Air X ng\u00e0y c\u00e0ng \u0111\u01b0\u1ee3c s\u1eed d\u1ee5ng ph\u1ed5 bi\u1ebfn cho h\u1ec7 th\u1ed1ng nh\u00e0 \u1edf th\u00f4ng minh (Smart home).<\/p>\n","protected":false},"featured_media":685,"comment_status":"open","ping_status":"closed","template":"","meta":[],"product_cat":[20,17,19],"product_tag":[],"class_list":["post-684","product","type-product","status-publish","has-post-thumbnail","hentry","product_cat-tien-ich","product_cat-nha-bep","product_cat-phong-khach"],"_links":{"self":[{"href":"https:\/\/mauweb.tamnguyen.vn\/giadung1\/wp-json\/wp\/v2\/product\/684","targetHints":{"allow":["GET"]}}],"collection":[{"href":"https:\/\/mauweb.tamnguyen.vn\/giadung1\/wp-json\/wp\/v2\/product"}],"about":[{"href":"https:\/\/mauweb.tamnguyen.vn\/giadung1\/wp-json\/wp\/v2\/types\/product"}],"replies":[{"embeddable":true,"href":"https:\/\/mauweb.tamnguyen.vn\/giadung1\/wp-json\/wp\/v2\/comments?post=684"}],"wp:featuredmedia":[{"embeddable":true,"href":"https:\/\/mauweb.tamnguyen.vn\/giadung1\/wp-json\/wp\/v2\/media\/685"}],"wp:attachment":[{"href":"https:\/\/mauweb.tamnguyen.vn\/giadung1\/wp-json\/wp\/v2\/media?parent=684"}],"wp:term":[{"taxonomy":"product_cat","embeddable":true,"href":"https:\/\/mauweb.tamnguyen.vn\/giadung1\/wp-json\/wp\/v2\/product_cat?post=684"},{"taxonomy":"product_tag","embeddable":true,"href":"https:\/\/mauweb.tamnguyen.vn\/giadung1\/wp-json\/wp\/v2\/product_tag?post=684"}],"curies":[{"name":"wp","href":"https:\/\/api.w.org\/{rel}","templated":true}]}}