{"id":680,"date":"2022-07-28T01:11:36","date_gmt":"2022-07-27T18:11:36","guid":{"rendered":"http:\/\/giadung.themevivu.site\/?post_type=product&#038;p=680"},"modified":"2022-08-13T09:30:50","modified_gmt":"2022-08-13T02:30:50","slug":"thung-rac-treo-gan-tu-bep-co-the-gai-canh-tu","status":"publish","type":"product","link":"https:\/\/mauweb.tamnguyen.vn\/giadung1\/product\/thung-rac-treo-gan-tu-bep-co-the-gai-canh-tu\/","title":{"rendered":"Th\u00f9ng r\u00e1c treo g\u1eafn t\u1ee7 b\u1ebfp c\u00f3 th\u1ec3 g\u00e0i c\u00e1nh t\u1ee7"},"content":{"rendered":"<p>S\u1ea3n ph\u1ea9m th\u00f9ng r\u00e1c n\u1eafp \u0111\u1eady x\u1ee9ng \u0111\u00e1ng l\u00e0 s\u1ea3n ph\u1ea9m ti\u1ec7n l\u1ee3i \u0111\u01b0\u1ee3c nh\u00e0 nh\u00e0 l\u1ef1a ch\u1ecdn, ng\u01b0\u1eddi ng\u01b0\u1eddi \u01b0ng \u00fd.<\/p>\n<p>Th\u00f9ng r\u00e1c treo g\u1eafn t\u1ee7 b\u1ebfp c\u00f3 th\u1ec3 g\u00e0i c\u00e1nh t\u1ee7, ho\u1eb7c d\u00e1n v\u00f4 c\u00f9ng d\u1ec5 d\u00e0ng v\u00e0 ti\u1ec7n l\u1ee3i, \u0111\u00f3ng m\u1edf d\u1ec5 d\u00e0ng v\u1edbi 2 l\u1ef1a ch\u1ecdn th\u00f4ng minh, gi\u1eef gian b\u1ebfp lu\u00f4n s\u1ea1ch s\u1ebd.<\/p>\n<h3>1. \u01afU \u0110I\u1ec2M S\u1ea2N PH\u1ea8M<\/h3>\n<p>N\u1eafp \u0111\u1eady k\u00edn, ch\u1eafc, ng\u0103n m\u00f9i v\u00e0 ru\u1ed3i b\u1ecd<\/p>\n<p>S\u1ea3n ph\u1ea9m c\u00f3 th\u1ec3 g\u00e0i, d\u00e1n, \u0111\u1ec3 \u1edf m\u1ecdi n\u01a1i r\u1ea5t ti\u1ec7n l\u1ee3i<\/p>\n<p>B\u1ec1n b\u1ec9, ch\u1ecbu \u0111\u01b0\u1ee3c l\u1ef1c l\u1edbn.<\/p>\n<p>\u0110\u00f3ng m\u1edf d\u1ec5 d\u00e0ng theo nhi\u1ec1u h\u01b0\u1edbng linh \u0111\u1ed9ng<\/p>\n<h3>2. TH\u00d4NG TIN S\u1ea2N PH\u1ea8M<\/h3>\n<ul>\n<li>T\u00ean s\u1ea3n ph\u1ea9m: Th\u00f9ng r\u00e1c c\u00e0i c\u00e1nh t\u1ee7 b\u1ebfp c\u00f3 n\u1eafp \u0111\u1eady<\/li>\n<li>Th\u00f9ng r\u00e1c treo g\u1eafn t\u1ee7 b\u1ebfp R02<\/li>\n<li>Ch\u1ea5t li\u1ec7u: Nh\u1ef1a PP cao c\u1ea5p<\/li>\n<li>K\u00edch th\u01b0\u1edbc: 26.5 x 14.5 x 30cm ( d\u00e0i x r\u1ed9ng x cao )<\/li>\n<li>Ph\u1ee5 ki\u1ec7n \u0111i k\u00e8m: Mi\u1ebfng d\u00e1n, thanh g\u00e0i c\u00e1nh t\u1ee7, thanh g\u1ea1t r\u00e1c<\/li>\n<\/ul>\n","protected":false},"excerpt":{"rendered":"<ul>\n<li>T\u00ean s\u1ea3n ph\u1ea9m: Th\u00f9ng r\u00e1c c\u00e0i c\u00e1nh t\u1ee7 b\u1ebfp c\u00f3 n\u1eafp \u0111\u1eady<\/li>\n<li>Th\u00f9ng r\u00e1c treo g\u1eafn t\u1ee7 b\u1ebfp R02<\/li>\n<li>Ch\u1ea5t li\u1ec7u: Nh\u1ef1a PP cao c\u1ea5p<\/li>\n<li>K\u00edch th\u01b0\u1edbc: 26.5 x 14.5 x 30cm ( d\u00e0i x r\u1ed9ng x cao )<\/li>\n<li>Ph\u1ee5 ki\u1ec7n \u0111i k\u00e8m: Mi\u1ebfng d\u00e1n, thanh g\u00e0i c\u00e1nh t\u1ee7, thanh g\u1ea1t r\u00e1c<\/li>\n<\/ul>\n","protected":false},"featured_media":681,"comment_status":"open","ping_status":"closed","template":"","meta":[],"product_cat":[20],"product_tag":[],"class_list":["post-680","product","type-product","status-publish","has-post-thumbnail","hentry","product_cat-tien-ich"],"_links":{"self":[{"href":"https:\/\/mauweb.tamnguyen.vn\/giadung1\/wp-json\/wp\/v2\/product\/680","targetHints":{"allow":["GET"]}}],"collection":[{"href":"https:\/\/mauweb.tamnguyen.vn\/giadung1\/wp-json\/wp\/v2\/product"}],"about":[{"href":"https:\/\/mauweb.tamnguyen.vn\/giadung1\/wp-json\/wp\/v2\/types\/product"}],"replies":[{"embeddable":true,"href":"https:\/\/mauweb.tamnguyen.vn\/giadung1\/wp-json\/wp\/v2\/comments?post=680"}],"wp:featuredmedia":[{"embeddable":true,"href":"https:\/\/mauweb.tamnguyen.vn\/giadung1\/wp-json\/wp\/v2\/media\/681"}],"wp:attachment":[{"href":"https:\/\/mauweb.tamnguyen.vn\/giadung1\/wp-json\/wp\/v2\/media?parent=680"}],"wp:term":[{"taxonomy":"product_cat","embeddable":true,"href":"https:\/\/mauweb.tamnguyen.vn\/giadung1\/wp-json\/wp\/v2\/product_cat?post=680"},{"taxonomy":"product_tag","embeddable":true,"href":"https:\/\/mauweb.tamnguyen.vn\/giadung1\/wp-json\/wp\/v2\/product_tag?post=680"}],"curies":[{"name":"wp","href":"https:\/\/api.w.org\/{rel}","templated":true}]}}