{"id":675,"date":"2022-07-28T01:09:57","date_gmt":"2022-07-27T18:09:57","guid":{"rendered":"http:\/\/giadung.themevivu.site\/?post_type=product&#038;p=675"},"modified":"2022-07-28T01:09:57","modified_gmt":"2022-07-27T18:09:57","slug":"thung-rac-ecoco-chong-do-kin-mui-ecoco","status":"publish","type":"product","link":"https:\/\/mauweb.tamnguyen.vn\/giadung1\/product\/thung-rac-ecoco-chong-do-kin-mui-ecoco\/","title":{"rendered":"Th\u00f9ng r\u00e1c Ecoco ch\u1ed1ng \u0111\u1ed5 k\u00edn m\u00f9i Ecoco"},"content":{"rendered":"<p>M\u1ed9t chi\u1ebfc th\u00f9ng r\u00e1c t\u1ed1t kh\u00f4ng ch\u1ec9 gi\u00fap c\u0103n nh\u00e0 c\u1ee7a b\u1ea1n s\u1ea1ch s\u1ebd m\u00e0 c\u00f2n t\u00f4 \u0111i\u1ec3m cho c\u0103n nh\u00e0 \u0111\u1eb9p h\u01a1n.<\/p>\n<p>Th\u00f9ng r\u00e1c cao c\u1ea5p c\u1ee7a ECOCO ch\u00ednh l\u00e0 m\u1ed9t chi\u1ebfc th\u00f9ng r\u00e1c nh\u01b0 v\u1eady.<\/p>\n<p>\ud83d\udd25Th\u00f9ng r\u00e1c Ecoco ch\u1ed1ng \u0111\u1ed5 k\u00edn m\u00f9i Ecoco<\/p>\n<h3>\u00a0TH\u00d4NG TIN S\u1ea2N PH\u1ea8M<\/h3>\n<p>Ch\u1ea5t li\u1ec7u: Nh\u1ef1a ABS cao c\u1ea5p th\u00e2n thi\u1ec7n v\u00e0 an to\u00e0n cho ng\u01b0\u1eddi s\u1eed d\u1ee5ng (ch\u1ecbu \u0111\u01b0\u1ee3c n\u01b0\u1edbc n\u00f3ng &amp; nhi\u1ec7t \u0111\u1ed9 cao l\u00ean \u0111\u1ebfn 140 \u0111\u1ed9 C).<\/p>\n<p>Kh\u00f4ng b\u1ecb \u1ed1 v\u00e0ng theo th\u1eddi gian s\u1eed d\u1ee5ng.<\/p>\n<p>Dung t\u00edch 10L<\/p>\n<p>K\u00edch th\u01b0\u1edbc 36x18x34,5 cm<\/p>\n<p>Th\u00f9ng r\u00e1c m\u1eabu m\u00e3 \u0111\u1eb9p m\u1eaft v\u00e0 sang tr\u1ecdng, b\u1ea1n c\u00f3 th\u1ec3 \u0111\u1ec3 b\u1ea5t c\u1ee9 ch\u1ed7 n\u00e0o trong nh\u00e0, trong v\u0103n ph\u00f2ng nh\u01b0: ph\u00f2ng kh\u00e1ch, ph\u00f2ng ng\u1ee7, ph\u00f2ng \u0103n, ph\u00f2ng v\u1ec7 sinh, enowi l\u00e0m vi\u1ec7c &#8230;<\/p>\n<p>Th\u00f9ng r\u00e1c c\u00f3 n\u00fat \u1ea5n ti\u1ec7n d\u1ee5ng, c\u00f3 khe c\u00e0i 1 t\u00fai r\u00e1c ho\u1eb7c 2 t\u00fai r\u00e1c<\/p>\n<p>Th\u00f9ng r\u00e1c c\u00f3 2 m\u00e0u x\u00e1m v\u00e0 \u0111en<\/p>\n<h3>\u0110\u1eb6C \u0110I\u1ec2M N\u1ed4I B\u1eacT<\/h3>\n<p>Thi\u1ebft k\u1ebf hi\u1ec7n \u0111\u1ea1i, t\u1ed1i \u01b0u h\u00f3a kh\u00f4ng gian m\u00e0 v\u1eabn \u0111\u1ea3m b\u1ea3o nhu c\u1ea7u s\u1eed d\u1ee5ng c\u1ea7n thi\u1ebft.<\/p>\n<p>Thi\u1ebft k\u1ebf m\u1ed9t ch\u1ea1m r\u1ea5t ti\u1ec7n l\u1ee3i khi s\u1eed d\u1ee5ng<\/p>\n<p>Thi\u1ebft k\u1ebf n\u1eafp \u0111\u1eady v\u00f2ng \u0111\u1ec7m ch\u1eafc ch\u1eafn kh\u00f3a m\u00f9i<\/p>\n<p>Phong c\u00e1ch hi\u1ec7n \u0111\u1ea1i t\u00f4 \u0111i\u1ec3m cho c\u0103n nh\u00e0 c\u1ee7a b\u1ea1n.<\/p>\n<p>Ph\u00f9 h\u1ee3p v\u1edbi ph\u00f2ng kh\u00e1ch, b\u1ebfp, ng\u1ee7, nh\u00e0 v\u1ec7 sinh, &#8230;<\/p>\n","protected":false},"excerpt":{"rendered":"<ul>\n<li>Thi\u1ebft k\u1ebf hi\u1ec7n \u0111\u1ea1i, t\u1ed1i \u01b0u h\u00f3a kh\u00f4ng gian m\u00e0 v\u1eabn \u0111\u1ea3m b\u1ea3o nhu c\u1ea7u s\u1eed d\u1ee5ng c\u1ea7n thi\u1ebft.<\/li>\n<li>Thi\u1ebft k\u1ebf m\u1ed9t ch\u1ea1m r\u1ea5t ti\u1ec7n l\u1ee3i khi s\u1eed d\u1ee5ng<\/li>\n<li>Thi\u1ebft k\u1ebf n\u1eafp \u0111\u1eady v\u00f2ng \u0111\u1ec7m ch\u1eafc ch\u1eafn kh\u00f3a m\u00f9i<\/li>\n<li>Phong c\u00e1ch hi\u1ec7n \u0111\u1ea1i t\u00f4 \u0111i\u1ec3m cho c\u0103n nh\u00e0 c\u1ee7a b\u1ea1n.<\/li>\n<li>Ph\u00f9 h\u1ee3p v\u1edbi ph\u00f2ng kh\u00e1ch, b\u1ebfp, ng\u1ee7, nh\u00e0 v\u1ec7 sinh, &#8230;<\/li>\n<\/ul>\n","protected":false},"featured_media":676,"comment_status":"open","ping_status":"closed","template":"","meta":[],"product_cat":[20],"product_tag":[],"class_list":["post-675","product","type-product","status-publish","has-post-thumbnail","hentry","product_cat-tien-ich"],"_links":{"self":[{"href":"https:\/\/mauweb.tamnguyen.vn\/giadung1\/wp-json\/wp\/v2\/product\/675","targetHints":{"allow":["GET"]}}],"collection":[{"href":"https:\/\/mauweb.tamnguyen.vn\/giadung1\/wp-json\/wp\/v2\/product"}],"about":[{"href":"https:\/\/mauweb.tamnguyen.vn\/giadung1\/wp-json\/wp\/v2\/types\/product"}],"replies":[{"embeddable":true,"href":"https:\/\/mauweb.tamnguyen.vn\/giadung1\/wp-json\/wp\/v2\/comments?post=675"}],"wp:featuredmedia":[{"embeddable":true,"href":"https:\/\/mauweb.tamnguyen.vn\/giadung1\/wp-json\/wp\/v2\/media\/676"}],"wp:attachment":[{"href":"https:\/\/mauweb.tamnguyen.vn\/giadung1\/wp-json\/wp\/v2\/media?parent=675"}],"wp:term":[{"taxonomy":"product_cat","embeddable":true,"href":"https:\/\/mauweb.tamnguyen.vn\/giadung1\/wp-json\/wp\/v2\/product_cat?post=675"},{"taxonomy":"product_tag","embeddable":true,"href":"https:\/\/mauweb.tamnguyen.vn\/giadung1\/wp-json\/wp\/v2\/product_tag?post=675"}],"curies":[{"name":"wp","href":"https:\/\/api.w.org\/{rel}","templated":true}]}}