{"id":667,"date":"2022-07-28T01:06:59","date_gmt":"2022-07-27T18:06:59","guid":{"rendered":"http:\/\/giadung.themevivu.site\/?post_type=product&#038;p=667"},"modified":"2022-07-28T01:06:59","modified_gmt":"2022-07-27T18:06:59","slug":"thung-dung-gao-ecoco-10kg","status":"publish","type":"product","link":"https:\/\/mauweb.tamnguyen.vn\/giadung1\/product\/thung-dung-gao-ecoco-10kg\/","title":{"rendered":"Th\u00f9ng \u0111\u1ef1ng g\u1ea1o Ecoco 10Kg"},"content":{"rendered":"<h3>1. Th\u00f4ng tin s\u1ea3n ph\u1ea9m<\/h3>\n<p>&#8211; Th\u01b0\u01a1ng hi\u1ec7u: Ecoco n\u1ed5i ti\u1ebfng<\/p>\n<p>&#8211; Ch\u1ea5t li\u1ec7u: nh\u1ef1a cao c\u1ea5p<\/p>\n<p>&#8211; Tr\u1ecdng l\u01b0\u1ee3ng: 1,3kg<\/p>\n<p>&#8211; K\u00edch th\u01b0\u1edbc: 27 x 29 x 23cm (10kg)<\/p>\n<p>&#8211; M\u00e0u s\u1eafc: Tr\u1eafng (vi\u1ec1n \u0111en ho\u1eb7c ghi)<\/p>\n<h3>2. \u0110\u1eb7c \u0111i\u1ec3m n\u1ed5i b\u1eadt<\/h3>\n<p>&#8211; Ch\u1ea5t nh\u1ef1a cao c\u1ea5p an to\u00e0n cho ng\u01b0\u1eddi s\u1eed d\u1ee5ng<\/p>\n<p>&#8211; N\u1eafp h\u1ed9p k\u00edn \u0111\u00e1o gi\u00fap b\u1ea3o qu\u1ea3n g\u1ea1o kh\u00f4ng b\u1ecb \u1ea9m m\u1ed1c<\/p>\n<p>&#8211; Ngo\u00e0i ra c\u00f3 th\u00eam ph\u1ea7n h\u1ed9c ch\u1ed1ng \u1ea9m m\u1ed1c, c\u00f3 th\u1ec3 b\u1ecf th\u00eam hoa h\u1ed3i ho\u1eb7c t\u1ecfi v\u00e0o t\u0103ng h\u01b0\u01a1ng v\u1ecb g\u1ea1o b\u00ean trong<\/p>\n<p>&#8211; T\u1eb7ng k\u00e8m c\u1ed1c \u0111ong g\u1ea1o b\u1eb1ng nh\u1ef1a cao c\u1ea5p<\/p>\n<p>&#8211; \u0110\u01b0\u1ee3c thi\u1ebft k\u1ebf th\u00f4ng minh, nh\u1ecf g\u1ecdn c\u00f3 th\u1ec3 \u0111\u1eb7t b\u1ea5t c\u1ee9 n\u01a1i \u0111\u00e2u<\/p>\n","protected":false},"excerpt":{"rendered":"<ul>\n<li>Ch\u1ea5t nh\u1ef1a cao c\u1ea5p an to\u00e0n cho ng\u01b0\u1eddi s\u1eed d\u1ee5ng<\/li>\n<li>N\u1eafp h\u1ed9p k\u00edn \u0111\u00e1o gi\u00fap b\u1ea3o qu\u1ea3n g\u1ea1o kh\u00f4ng b\u1ecb \u1ea9m m\u1ed1c<\/li>\n<li>Ngo\u00e0i ra c\u00f3 th\u00eam ph\u1ea7n h\u1ed9c ch\u1ed1ng \u1ea9m m\u1ed1c, c\u00f3 th\u1ec3 b\u1ecf th\u00eam hoa h\u1ed3i ho\u1eb7c t\u1ecfi v\u00e0o t\u0103ng h\u01b0\u01a1ng v\u1ecb g\u1ea1o b\u00ean trong<\/li>\n<li>T\u1eb7ng k\u00e8m c\u1ed1c \u0111ong g\u1ea1o b\u1eb1ng nh\u1ef1a cao c\u1ea5p<\/li>\n<li>\u0110\u01b0\u1ee3c thi\u1ebft k\u1ebf th\u00f4ng minh, nh\u1ecf g\u1ecdn c\u00f3 th\u1ec3 \u0111\u1eb7t b\u1ea5t c\u1ee9 n\u01a1i \u0111\u00e2u<\/li>\n<\/ul>\n","protected":false},"featured_media":668,"comment_status":"open","ping_status":"closed","template":"","meta":[],"product_cat":[20],"product_tag":[],"class_list":["post-667","product","type-product","status-publish","has-post-thumbnail","hentry","product_cat-tien-ich"],"_links":{"self":[{"href":"https:\/\/mauweb.tamnguyen.vn\/giadung1\/wp-json\/wp\/v2\/product\/667","targetHints":{"allow":["GET"]}}],"collection":[{"href":"https:\/\/mauweb.tamnguyen.vn\/giadung1\/wp-json\/wp\/v2\/product"}],"about":[{"href":"https:\/\/mauweb.tamnguyen.vn\/giadung1\/wp-json\/wp\/v2\/types\/product"}],"replies":[{"embeddable":true,"href":"https:\/\/mauweb.tamnguyen.vn\/giadung1\/wp-json\/wp\/v2\/comments?post=667"}],"wp:featuredmedia":[{"embeddable":true,"href":"https:\/\/mauweb.tamnguyen.vn\/giadung1\/wp-json\/wp\/v2\/media\/668"}],"wp:attachment":[{"href":"https:\/\/mauweb.tamnguyen.vn\/giadung1\/wp-json\/wp\/v2\/media?parent=667"}],"wp:term":[{"taxonomy":"product_cat","embeddable":true,"href":"https:\/\/mauweb.tamnguyen.vn\/giadung1\/wp-json\/wp\/v2\/product_cat?post=667"},{"taxonomy":"product_tag","embeddable":true,"href":"https:\/\/mauweb.tamnguyen.vn\/giadung1\/wp-json\/wp\/v2\/product_tag?post=667"}],"curies":[{"name":"wp","href":"https:\/\/api.w.org\/{rel}","templated":true}]}}