{"id":663,"date":"2022-07-28T01:05:22","date_gmt":"2022-07-27T18:05:22","guid":{"rendered":"http:\/\/giadung.themevivu.site\/?post_type=product&#038;p=663"},"modified":"2022-07-28T01:05:22","modified_gmt":"2022-07-27T18:05:22","slug":"ke-dung-my-pham-do-trang-diem-trang-suc-4-tang-ngan-keo","status":"publish","type":"product","link":"https:\/\/mauweb.tamnguyen.vn\/giadung1\/product\/ke-dung-my-pham-do-trang-diem-trang-suc-4-tang-ngan-keo\/","title":{"rendered":"K\u1ec7 \u0110\u1ef1ng M\u1ef9 Ph\u1ea9m \u0110\u1ed3 Trang \u0110i\u1ec3m Trang S\u1ee9c 4 T\u1ea7ng Ng\u0103n K\u00e9o"},"content":{"rendered":"<p>K\u1ec7 \u0110\u1ef1ng M\u1ef9 Ph\u1ea9m \u0110\u1ed3 Trang \u0110i\u1ec3m Trang S\u1ee9c 4 T\u1ea7ng Ng\u0103n K\u00e9o H\u00e0ngVNCLC ch\u1ea5t li\u1ec7u nh\u1ef1a PP b\u1ec1n \u0111\u1eb9p v\u00e0 ch\u1eafc ch\u1eafn l\u00e0 s\u1ea3n ph\u1ea9m ti\u1ec7n d\u1ee5ng cho c\u00e1c b\u1ea1n n\u1eef tr\u00ean b\u00e0n trang \u0111i\u1ec3m . Thi\u1ebft k\u1ebf v\u00f4 c\u00f9ng ti\u1ec7n d\u1ee5ng bao g\u1ed3m : 3 ng\u0103n k\u00e9o l\u1edbn \u0111\u1ec3 b\u1ea1n \u0111\u1ef1ng \u0111\u1ed3 d\u00f9ng , trang s\u1ee9c v\u00e0 \u0111\u1ed3 trang \u0111i\u1ec3m v\u00e0 ng\u0103n tr\u00ean c\u00f9ng \u0111\u01b0\u1ee3c chia 6 \u00f4 \u0111\u1ec3 b\u1ea1n t\u1eadn d\u1ee5ng \u0111\u1ef1ng c\u00e1c lo\u1ea1i m\u1ef9 ph\u1ea9m nh\u01b0 : n\u01b0\u1edbc hoa , son m\u00f4i &#8230;. Ch\u1ea5t li\u1ec7u nh\u1ef1a PP b\u1ec1n b\u1ec9 ch\u1ed1ng b\u1ec3 cho d\u00f9 b\u1ea1n l\u00e0m r\u01a1i s\u1ea3n ph\u1ea9m t\u1eeb tr\u00ean b\u00e0n xu\u1ed1ng \u0111\u1ea5t th\u00ec k\u1ec7 c\u0169ng ko b\u1ec3 \u0111\u01b0\u1ee3c . Thi\u1ebft k\u1ec7 nh\u1ef1a trong su\u1ed1t m\u1edd \u0111\u1ec3 b\u1ea1n c\u00f3 th\u1ec3 quan s\u00e1t v\u00e0 s\u1eafp x\u1ebfp d\u1ee5ng c\u1ee5 b\u00ean trong ng\u0103n k\u00e9o k\u1ec7 . K\u00edch th\u01b0\u1edbc l\u1edbn v\u1eeba \u0111\u1ee7 \u0111\u1ec3 b\u1ea1n \u0111\u1ef1ng g\u1ecdn g\u00e0ng t\u1ea5t c\u1ea3 \u0111\u1ed3 d\u00f9ng , trang s\u1ee9c v\u00e0 \u0111\u1ed3 trang \u0111i\u1ec3m tr\u00ean b\u00e0n trang \u0111i\u1ec3m . Thi\u1ebft k\u1ebf k\u00e9o tr\u01b0\u1ee3t ra v\u00e0o nh\u1eb9 nh\u00e0ng ..<\/p>\n","protected":false},"excerpt":{"rendered":"<p>Ch\u1ea5t li\u1ec7u nh\u1ef1a PP b\u1ec1n b\u1ec9 ch\u1ed1ng b\u1ec3 cho d\u00f9 b\u1ea1n l\u00e0m r\u01a1i s\u1ea3n ph\u1ea9m t\u1eeb tr\u00ean b\u00e0n xu\u1ed1ng \u0111\u1ea5t th\u00ec k\u1ec7 c\u0169ng ko b\u1ec3 \u0111\u01b0\u1ee3c . Thi\u1ebft k\u1ec7 nh\u1ef1a trong su\u1ed1t m\u1edd \u0111\u1ec3 b\u1ea1n c\u00f3 th\u1ec3 quan s\u00e1t v\u00e0 s\u1eafp x\u1ebfp d\u1ee5ng c\u1ee5 b\u00ean trong ng\u0103n k\u00e9o k\u1ec7 . K\u00edch th\u01b0\u1edbc l\u1edbn v\u1eeba \u0111\u1ee7 \u0111\u1ec3 b\u1ea1n \u0111\u1ef1ng g\u1ecdn g\u00e0ng t\u1ea5t c\u1ea3 \u0111\u1ed3 d\u00f9ng , trang s\u1ee9c v\u00e0 \u0111\u1ed3 trang \u0111i\u1ec3m tr\u00ean b\u00e0n trang \u0111i\u1ec3m<\/p>\n","protected":false},"featured_media":664,"comment_status":"open","ping_status":"closed","template":"","meta":[],"product_cat":[20],"product_tag":[],"class_list":["post-663","product","type-product","status-publish","has-post-thumbnail","hentry","product_cat-tien-ich"],"_links":{"self":[{"href":"https:\/\/mauweb.tamnguyen.vn\/giadung1\/wp-json\/wp\/v2\/product\/663","targetHints":{"allow":["GET"]}}],"collection":[{"href":"https:\/\/mauweb.tamnguyen.vn\/giadung1\/wp-json\/wp\/v2\/product"}],"about":[{"href":"https:\/\/mauweb.tamnguyen.vn\/giadung1\/wp-json\/wp\/v2\/types\/product"}],"replies":[{"embeddable":true,"href":"https:\/\/mauweb.tamnguyen.vn\/giadung1\/wp-json\/wp\/v2\/comments?post=663"}],"wp:featuredmedia":[{"embeddable":true,"href":"https:\/\/mauweb.tamnguyen.vn\/giadung1\/wp-json\/wp\/v2\/media\/664"}],"wp:attachment":[{"href":"https:\/\/mauweb.tamnguyen.vn\/giadung1\/wp-json\/wp\/v2\/media?parent=663"}],"wp:term":[{"taxonomy":"product_cat","embeddable":true,"href":"https:\/\/mauweb.tamnguyen.vn\/giadung1\/wp-json\/wp\/v2\/product_cat?post=663"},{"taxonomy":"product_tag","embeddable":true,"href":"https:\/\/mauweb.tamnguyen.vn\/giadung1\/wp-json\/wp\/v2\/product_tag?post=663"}],"curies":[{"name":"wp","href":"https:\/\/api.w.org\/{rel}","templated":true}]}}