{"id":659,"date":"2022-07-28T01:04:27","date_gmt":"2022-07-27T18:04:27","guid":{"rendered":"http:\/\/giadung.themevivu.site\/?post_type=product&#038;p=659"},"modified":"2022-07-28T01:04:27","modified_gmt":"2022-07-27T18:04:27","slug":"ke-dung-do-my-pham","status":"publish","type":"product","link":"https:\/\/mauweb.tamnguyen.vn\/giadung1\/product\/ke-dung-do-my-pham\/","title":{"rendered":"K\u1ec7 \u0110\u1ef1ng \u0110\u1ed3 M\u1ef9 Ph\u1ea9m"},"content":{"rendered":"<div>K\u1ec7 \u0110\u1ef1ng \u0110\u1ed3 M\u1ef9 Ph\u1ea9m &#8211; Ch\u1ed1ng B\u1ee5i Ch\u1ed1ng N\u01b0\u1edbc Sang Tr\u1ecdng Ti\u1ec7n L\u1ee3i Cho Ch\u1ecb Em<\/div>\n<div><\/div>\n<div>\u2611\ufe0fK\u1ec7 \u0111\u1ec3 \u0111\u1ed3 trang \u0111i\u1ec3m l\u00e0 s\u1ea3n ph\u1ea9m \u0111\u01b0\u1ee3c thi\u1ebft k\u1ebf ho\u00e0n to\u00e0n m\u1edbi theo phong c\u00e1ch sang tr\u1ecdng v\u00e0 s\u00e1ng t\u1ea1o h\u01a1n v\u1ec1 h\u00ecnh th\u1ee9c v\u00e0 \u0111\u1ed9 b\u1ec1n cao h\u01a1n h\u1eb3n v\u1edbi c\u00e1c h\u1ed9p \u0111\u1ef1ng tr\u01b0\u1edbc.<\/div>\n<div>\u2611\ufe0fS\u1ea3n ph\u1ea9m \u0111\u01b0\u1ee3c l\u00e0m ho\u00e0n to\u00e0n b\u1eb1ng nh\u1ef1a d\u1ebbo ABS k\u1ebft h\u1ee3p m\u1eb7t nh\u1ef1a k\u00ednh trong su\u1ed1t gi\u00fap c\u00e1c \u0111\u1ed3<\/div>\n<div>n\u1eef trang hay \u0111\u1ed3 trang \u0111i\u1ec3m ph\u1ea5n, son v..v\u00a0 c\u1ee7a b\u1ea1n lu\u00f4n lung linh nh\u01b0 1 c\u1eeda h\u00e0ng m\u1ef9 ph\u1ea9m thu nh\u1ecf.<\/div>\n<div>\u2611\ufe0fK\u1ec7 c\u00f3 th\u00eam tay c\u1ea7m t\u00edch h\u1ee3p gi\u00fap b\u1ea1n d\u1ec5 d\u00e0ng mang theo khi \u0111i s\u1ef1 ki\u1ec7n, du l\u1ecbch n\u00e0y ra v\u00e0o t\u1ee7 v\u00e0 xung quanh nh\u00e0<\/div>\n<div>\u2611\ufe0fC\u00f3 nhi\u1ec1u ng\u0103n \u0111\u1ec3 ph\u00e2n lo\u1ea1i \u0111\u1ec3 son m\u00f4i, s\u01a1n m\u00f3ng tay, k\u1ebb m\u1eaft, c\u1ecd trang \u0111i\u1ec3m, s\u1ea3n ph\u1ea9m ch\u0103m s\u00f3c da<\/div>\n<div><\/div>\n<div>\u0110\u1ef1ng \u0111\u01b0\u1ee3c c\u00e1c h\u1ed9p l\u1ecd m\u1ef9 ph\u1ea9m c\u00f3 k\u00edch th\u01b0\u1edbc kh\u00e1c nhau, ng\u0103n r\u1ed9ng r\u00e3i, to nh\u1ecf \u0111\u1ec1u cho v\u00e0o \u0111\u01b0\u1ee3c \u1ea1. C\u1ef1c k\u00ec xinh x\u1eafn m\u00e0u s\u1eafc tr\u1ebb trung, d\u1ec5 ph\u1ed1i ma\u0300u. Ch\u1ea5t li\u1ec7u cao c\u1ea5p ch\u1ed1ng n\u01b0\u1edbc l\u1ea1i c\u00f3 quai x\u00e1ch ti\u1ec7n l\u1ee3i c\u00f3 th\u1ec3 gi\u00fap ch\u1ecb em ph\u1ee5 n\u1eef \u0111\u1ef1ng \u0111\u01b0\u1ee3c nhi\u1ec1u \u0111\u1ed3 d\u00f9ng c\u1ea7n thi\u1ebft.<\/div>\n","protected":false},"excerpt":{"rendered":"<p>\u0110\u1ef1ng \u0111\u01b0\u1ee3c c\u00e1c h\u1ed9p l\u1ecd m\u1ef9 ph\u1ea9m c\u00f3 k\u00edch th\u01b0\u1edbc kh\u00e1c nhau, ng\u0103n r\u1ed9ng r\u00e3i, to nh\u1ecf \u0111\u1ec1u cho v\u00e0o \u0111\u01b0\u1ee3c \u1ea1. C\u1ef1c k\u00ec xinh x\u1eafn m\u00e0u s\u1eafc tr\u1ebb trung, d\u1ec5 ph\u1ed1i ma\u0300u. Ch\u1ea5t li\u1ec7u cao c\u1ea5p ch\u1ed1ng n\u01b0\u1edbc l\u1ea1i c\u00f3 quai x\u00e1ch ti\u1ec7n l\u1ee3i c\u00f3 th\u1ec3 gi\u00fap ch\u1ecb em ph\u1ee5 n\u1eef \u0111\u1ef1ng \u0111\u01b0\u1ee3c nhi\u1ec1u \u0111\u1ed3 d\u00f9ng c\u1ea7n thi\u1ebft.<\/p>\n","protected":false},"featured_media":660,"comment_status":"open","ping_status":"closed","template":"","meta":[],"product_cat":[20],"product_tag":[],"class_list":["post-659","product","type-product","status-publish","has-post-thumbnail","hentry","product_cat-tien-ich"],"_links":{"self":[{"href":"https:\/\/mauweb.tamnguyen.vn\/giadung1\/wp-json\/wp\/v2\/product\/659","targetHints":{"allow":["GET"]}}],"collection":[{"href":"https:\/\/mauweb.tamnguyen.vn\/giadung1\/wp-json\/wp\/v2\/product"}],"about":[{"href":"https:\/\/mauweb.tamnguyen.vn\/giadung1\/wp-json\/wp\/v2\/types\/product"}],"replies":[{"embeddable":true,"href":"https:\/\/mauweb.tamnguyen.vn\/giadung1\/wp-json\/wp\/v2\/comments?post=659"}],"wp:featuredmedia":[{"embeddable":true,"href":"https:\/\/mauweb.tamnguyen.vn\/giadung1\/wp-json\/wp\/v2\/media\/660"}],"wp:attachment":[{"href":"https:\/\/mauweb.tamnguyen.vn\/giadung1\/wp-json\/wp\/v2\/media?parent=659"}],"wp:term":[{"taxonomy":"product_cat","embeddable":true,"href":"https:\/\/mauweb.tamnguyen.vn\/giadung1\/wp-json\/wp\/v2\/product_cat?post=659"},{"taxonomy":"product_tag","embeddable":true,"href":"https:\/\/mauweb.tamnguyen.vn\/giadung1\/wp-json\/wp\/v2\/product_tag?post=659"}],"curies":[{"name":"wp","href":"https:\/\/api.w.org\/{rel}","templated":true}]}}