{"id":653,"date":"2022-07-28T01:03:12","date_gmt":"2022-07-27T18:03:12","guid":{"rendered":"http:\/\/giadung.themevivu.site\/?post_type=product&#038;p=653"},"modified":"2022-08-13T09:41:36","modified_gmt":"2022-08-13T02:41:36","slug":"gia-treo-do-nha-bep","status":"publish","type":"product","link":"https:\/\/mauweb.tamnguyen.vn\/giadung1\/product\/gia-treo-do-nha-bep\/","title":{"rendered":"Gi\u00e1 treo \u0111\u1ed3 nh\u00e0 b\u1ebfp \u0111a n\u0103ng 50cm"},"content":{"rendered":"<p>Gi\u00e1 treo \u0111\u1ed3 nh\u00e0 b\u1ebfp ch\u00ednh l\u00e0 gi\u1ea3i ph\u00e1p gi\u00fap b\u1ea1n s\u1eafp x\u1ebfp ng\u0103n n\u1eafp \u0111\u1ed3 d\u00f9ng nh\u00e0 b\u1ebfp. \u0110\u1ed3 d\u00f9ng nh\u00e0 b\u1ebfp kh\u00f4ng c\u00f2n b\u1ecb v\u1ee9t lung tung khi\u1ebfn b\u1ea1n m\u1ea5t th\u1eddi gian trong vi\u1ec7c t\u00ecm ki\u1ebfm, kh\u00f4ng l\u1ed9n x\u1ed9n. S\u1ea3n ph\u1ea9m \u0111\u01b0\u1ee3c thi\u1ebft k\u1ebf hi\u1ec7n \u0111\u1ea1i, g\u1ecdn nh\u1eb9 v\u1edbi ch\u1ea5t li\u1ec7u inox kh\u00f4ng g\u1ec9 ch\u1eafc ch\u1eafn c\u1ef1c b\u1ec1n gi\u00fap kh\u00f4ng gian b\u1ebfp nh\u00e0 b\u1ea1n th\u00eam tho\u00e1ng \u0111\u00e3ng, v\u1ec7 sinh.<\/p>\n","protected":false},"excerpt":{"rendered":"<p>Gi\u00e1 treo \u0111\u1ed3 nh\u00e0 b\u1ebfp ch\u00ednh l\u00e0 gi\u1ea3i ph\u00e1p gi\u00fap b\u1ea1n s\u1eafp x\u1ebfp ng\u0103n n\u1eafp \u0111\u1ed3 d\u00f9ng nh\u00e0 b\u1ebfp. \u0110\u1ed3 d\u00f9ng nh\u00e0 b\u1ebfp kh\u00f4ng c\u00f2n b\u1ecb v\u1ee9t lung tung khi\u1ebfn b\u1ea1n m\u1ea5t th\u1eddi gian trong vi\u1ec7c t\u00ecm ki\u1ebfm, kh\u00f4ng l\u1ed9n x\u1ed9n. S\u1ea3n ph\u1ea9m \u0111\u01b0\u1ee3c thi\u1ebft k\u1ebf hi\u1ec7n \u0111\u1ea1i, g\u1ecdn nh\u1eb9 v\u1edbi ch\u1ea5t li\u1ec7u inox kh\u00f4ng g\u1ec9 ch\u1eafc ch\u1eafn c\u1ef1c b\u1ec1n gi\u00fap kh\u00f4ng gian b\u1ebfp nh\u00e0 b\u1ea1n th\u00eam tho\u00e1ng \u0111\u00e3ng, v\u1ec7 sinh.<\/p>\n","protected":false},"featured_media":654,"comment_status":"open","ping_status":"closed","template":"","meta":[],"product_cat":[17],"product_tag":[],"class_list":["post-653","product","type-product","status-publish","has-post-thumbnail","hentry","product_cat-nha-bep"],"_links":{"self":[{"href":"https:\/\/mauweb.tamnguyen.vn\/giadung1\/wp-json\/wp\/v2\/product\/653","targetHints":{"allow":["GET"]}}],"collection":[{"href":"https:\/\/mauweb.tamnguyen.vn\/giadung1\/wp-json\/wp\/v2\/product"}],"about":[{"href":"https:\/\/mauweb.tamnguyen.vn\/giadung1\/wp-json\/wp\/v2\/types\/product"}],"replies":[{"embeddable":true,"href":"https:\/\/mauweb.tamnguyen.vn\/giadung1\/wp-json\/wp\/v2\/comments?post=653"}],"wp:featuredmedia":[{"embeddable":true,"href":"https:\/\/mauweb.tamnguyen.vn\/giadung1\/wp-json\/wp\/v2\/media\/654"}],"wp:attachment":[{"href":"https:\/\/mauweb.tamnguyen.vn\/giadung1\/wp-json\/wp\/v2\/media?parent=653"}],"wp:term":[{"taxonomy":"product_cat","embeddable":true,"href":"https:\/\/mauweb.tamnguyen.vn\/giadung1\/wp-json\/wp\/v2\/product_cat?post=653"},{"taxonomy":"product_tag","embeddable":true,"href":"https:\/\/mauweb.tamnguyen.vn\/giadung1\/wp-json\/wp\/v2\/product_tag?post=653"}],"curies":[{"name":"wp","href":"https:\/\/api.w.org\/{rel}","templated":true}]}}