{"id":226,"date":"2022-07-04T17:49:40","date_gmt":"2022-07-04T10:49:40","guid":{"rendered":"http:\/\/giadung.themevivu.site\/?post_type=product&#038;p=226"},"modified":"2022-07-28T00:53:06","modified_gmt":"2022-07-27T17:53:06","slug":"ke-de-my-pham-chai-lo-trong-nha-tam","status":"publish","type":"product","link":"https:\/\/mauweb.tamnguyen.vn\/giadung1\/product\/ke-de-my-pham-chai-lo-trong-nha-tam\/","title":{"rendered":"K\u1ec7 \u0111\u1ec3 m\u1ef9 ph\u1ea9m chai l\u1ecd trong nh\u00e0 t\u1eafm"},"content":{"rendered":"<p>S\u1ea3n ph\u1ea9m c\u00f3 thi\u1ebft k\u1ebf hi\u1ec7n \u0111\u1ea1i, sang tr\u1ecdng<\/p>\n<ul>\n<li>S\u1ea3n ph\u1ea9m c\u00f3 t\u00ednh n\u0103ng s\u1eed d\u1ee5ng \u0111a m\u1ee5c \u0111\u00edch: K\u1ec7 nh\u00e0 t\u1eafm, k\u1ec7 nh\u00e0 b\u1ebfp, nh\u00e0 v\u1ec7 sinh\u2026<\/li>\n<li>Thi\u1ebft k\u1ebf s\u1ea3n ph\u1ea9m th\u00f4ng minh, b\u1ec1 m\u1eb7t c\u00f3 l\u1ed7 tho\u00e1t n\u01b0\u1edbc gi\u00fap n\u01b0\u1edbc kh\u00f4ng b\u1ecb \u1ee9 \u0111\u1ecdng tr\u00ean b\u1ec1 m\u1eb7t<\/li>\n<li>Treo t\u01b0\u1eddng kh\u00f4ng c\u1ea7n khoan s\u1eed d\u1ee5ng mi\u1ebfng d\u00e1n c\u01b0\u1eddng l\u1ef1c si\u00eau ch\u1eafc<\/li>\n<li>Thanh treo inox ti\u1ec7n l\u1ee3i s\u1eed d\u1ee5ng \u0111a m\u1ee5c \u0111\u00edch nh\u01b0 treo kh\u0103n m\u1eb7t, kh\u0103n t\u1eafm, kh\u0103n lau\u2026<\/li>\n<\/ul>\n","protected":false},"excerpt":{"rendered":"<ul>\n<li>S\u1ea3n ph\u1ea9m c\u00f3 t\u00ednh n\u0103ng s\u1eed d\u1ee5ng \u0111a m\u1ee5c \u0111\u00edch: K\u1ec7 nh\u00e0 t\u1eafm, k\u1ec7 nh\u00e0 b\u1ebfp, nh\u00e0 v\u1ec7 sinh\u2026<\/li>\n<li>Thi\u1ebft k\u1ebf s\u1ea3n ph\u1ea9m th\u00f4ng minh, b\u1ec1 m\u1eb7t c\u00f3 l\u1ed7 tho\u00e1t n\u01b0\u1edbc gi\u00fap n\u01b0\u1edbc kh\u00f4ng b\u1ecb \u1ee9 \u0111\u1ecdng tr\u00ean b\u1ec1 m\u1eb7t<\/li>\n<li>Treo t\u01b0\u1eddng kh\u00f4ng c\u1ea7n khoan s\u1eed d\u1ee5ng mi\u1ebfng d\u00e1n c\u01b0\u1eddng l\u1ef1c si\u00eau ch\u1eafc<\/li>\n<li>Thanh treo inox ti\u1ec7n l\u1ee3i s\u1eed d\u1ee5ng \u0111a m\u1ee5c \u0111\u00edch nh\u01b0 treo kh\u0103n m\u1eb7t, kh\u0103n t\u1eafm, kh\u0103n lau\u2026<\/li>\n<\/ul>\n","protected":false},"featured_media":627,"comment_status":"open","ping_status":"closed","template":"","meta":[],"product_cat":[18],"product_tag":[],"class_list":["post-226","product","type-product","status-publish","has-post-thumbnail","hentry","product_cat-phong-tam-ve-sinh"],"_links":{"self":[{"href":"https:\/\/mauweb.tamnguyen.vn\/giadung1\/wp-json\/wp\/v2\/product\/226","targetHints":{"allow":["GET"]}}],"collection":[{"href":"https:\/\/mauweb.tamnguyen.vn\/giadung1\/wp-json\/wp\/v2\/product"}],"about":[{"href":"https:\/\/mauweb.tamnguyen.vn\/giadung1\/wp-json\/wp\/v2\/types\/product"}],"replies":[{"embeddable":true,"href":"https:\/\/mauweb.tamnguyen.vn\/giadung1\/wp-json\/wp\/v2\/comments?post=226"}],"wp:featuredmedia":[{"embeddable":true,"href":"https:\/\/mauweb.tamnguyen.vn\/giadung1\/wp-json\/wp\/v2\/media\/627"}],"wp:attachment":[{"href":"https:\/\/mauweb.tamnguyen.vn\/giadung1\/wp-json\/wp\/v2\/media?parent=226"}],"wp:term":[{"taxonomy":"product_cat","embeddable":true,"href":"https:\/\/mauweb.tamnguyen.vn\/giadung1\/wp-json\/wp\/v2\/product_cat?post=226"},{"taxonomy":"product_tag","embeddable":true,"href":"https:\/\/mauweb.tamnguyen.vn\/giadung1\/wp-json\/wp\/v2\/product_tag?post=226"}],"curies":[{"name":"wp","href":"https:\/\/api.w.org\/{rel}","templated":true}]}}