{"id":220,"date":"2022-07-04T17:45:44","date_gmt":"2022-07-04T10:45:44","guid":{"rendered":"http:\/\/giadung.themevivu.site\/?post_type=product&#038;p=220"},"modified":"2022-08-13T09:47:13","modified_gmt":"2022-08-13T02:47:13","slug":"gio-dung-bat-2-tang-co-the-thao-roi","status":"publish","type":"product","link":"https:\/\/mauweb.tamnguyen.vn\/giadung1\/product\/gio-dung-bat-2-tang-co-the-thao-roi\/","title":{"rendered":"Gi\u1ecf \u0111\u1ef1ng hoa qu\u1ea3 2 t\u1ea7ng c\u00f3 th\u1ec3 th\u00e1o r\u1eddi"},"content":{"rendered":"<p><span class=\"text\">Gi\u1ecf 2 t\u1ea7ng c\u00f3 th\u1ec3 th\u00e1o r\u1eddi r\u1ea5t g\u1ecdn v\u00e0 ti\u1ec7n l\u1ee3i nha c\u00e1c m\u1eb9. <\/span><\/p>\n<p><span class=\"text\">\u0110\u1ec3 hoa qu\u1ea3 ti\u1ebfp kh\u00e1ch th\u00ec c\u1ee9 ph\u1ea3i g\u1ecdi l\u00e0 \u0111i\u1ec3m nh\u1ea5n lu\u00f4n. <\/span><\/p>\n<p><span class=\"text\">\u00a0C\u00f3 th\u1ec3 l\u00e0m khay \u0111\u1ec3 c\u1ed1c, ch\u00e9n c\u0169ng \u0111\u01b0\u1ee3c \u1ea1. <\/span><\/p>\n<ul>\n<li><span class=\"text\">M\u00e0u : \u0110en &#8211; Tr\u1eafng <\/span><\/li>\n<li><span class=\"text\">K\u00edch th\u01b0\u1edbc xem \u1ea3nh gi\u00fap em nha <\/span><\/li>\n<li><span class=\"text\">Ch\u1ea5t li\u1ec7u : S\u1eaft s\u01a1n t\u0129nh \u0111i\u1ec7n,tay c\u1ea7m g\u1ed7.<\/span><\/li>\n<\/ul>\n","protected":false},"excerpt":{"rendered":"<p>Ch\u1ea5t li\u1ec7u : S\u1eaft s\u01a1n t\u0129nh \u0111i\u1ec7n, tay c\u1ea7m g\u1ed7.<\/p>\n","protected":false},"featured_media":634,"comment_status":"open","ping_status":"closed","template":"","meta":[],"product_cat":[17],"product_tag":[],"class_list":["post-220","product","type-product","status-publish","has-post-thumbnail","hentry","product_cat-nha-bep"],"_links":{"self":[{"href":"https:\/\/mauweb.tamnguyen.vn\/giadung1\/wp-json\/wp\/v2\/product\/220","targetHints":{"allow":["GET"]}}],"collection":[{"href":"https:\/\/mauweb.tamnguyen.vn\/giadung1\/wp-json\/wp\/v2\/product"}],"about":[{"href":"https:\/\/mauweb.tamnguyen.vn\/giadung1\/wp-json\/wp\/v2\/types\/product"}],"replies":[{"embeddable":true,"href":"https:\/\/mauweb.tamnguyen.vn\/giadung1\/wp-json\/wp\/v2\/comments?post=220"}],"wp:featuredmedia":[{"embeddable":true,"href":"https:\/\/mauweb.tamnguyen.vn\/giadung1\/wp-json\/wp\/v2\/media\/634"}],"wp:attachment":[{"href":"https:\/\/mauweb.tamnguyen.vn\/giadung1\/wp-json\/wp\/v2\/media?parent=220"}],"wp:term":[{"taxonomy":"product_cat","embeddable":true,"href":"https:\/\/mauweb.tamnguyen.vn\/giadung1\/wp-json\/wp\/v2\/product_cat?post=220"},{"taxonomy":"product_tag","embeddable":true,"href":"https:\/\/mauweb.tamnguyen.vn\/giadung1\/wp-json\/wp\/v2\/product_tag?post=220"}],"curies":[{"name":"wp","href":"https:\/\/api.w.org\/{rel}","templated":true}]}}