{"id":216,"date":"2022-07-04T17:44:05","date_gmt":"2022-07-04T10:44:05","guid":{"rendered":"http:\/\/giadung.themevivu.site\/?post_type=product&#038;p=216"},"modified":"2022-08-13T09:44:26","modified_gmt":"2022-08-13T02:44:26","slug":"ke-de-chen-bat-dia-da-nang-tren-bon-rua","status":"publish","type":"product","link":"https:\/\/mauweb.tamnguyen.vn\/giadung1\/product\/ke-de-chen-bat-dia-da-nang-tren-bon-rua\/","title":{"rendered":"K\u1ec7 \u0111\u1ec3 ch\u00e9n b\u00e1t \u0111\u0129a \u0111a n\u0103ng tr\u00ean b\u1ed3n r\u1eeda"},"content":{"rendered":"<p>K\u1ec7 \u0111\u1ec3 ch\u00e9n \/ b\u00e1t \/ \u0111\u0129a \u0111a n\u0103ng tr\u00ean b\u1ed3n r\u1eeda ch\u00e9n gi\u00fap ti\u1ebft ki\u1ec7m kh\u00f4ng gian, ti\u1ec7n l\u1ee3i trong qu\u00e1 tr\u00ecnh r\u1eeda ch\u00e9n v\u00e0 r\u00e1o n\u01b0\u1edbc cho c\u00e1c \u0111\u1ed3 d\u00f9ng ph\u00f2ng b\u1ebfp nhanh ch\u00f3ng. \u0110\u01b0\u1ee3c l\u00e0m t\u1eeb th\u00e9p carbon, s\u01a1n t\u0129nh \u0111i\u1ec7n gi\u00fap ch\u1ed1ng g\u1ec9 v\u00e0 tr\u1ea7y x\u01b0\u1edbc. \u0110\u1ea7y \u0111\u1ee7 ph\u1ee5 ki\u1ec7n nh\u01b0 \u0111\u1ef1ng \u0111\u0169a, dao, th\u1edbt, \u0111\u1ed3 r\u1eeda ch\u00e9n, m\u00f3c treo&#8230; v\u1edbi s\u1ef1 l\u1ef1a ch\u1ecdn 1 t\u1ea7ng v\u00e0 2 t\u1ea7ng ph\u00f9 h\u1ee3p cho nhi\u1ec1u nhu c\u1ea7u tu\u1ef3 kh\u00f4ng gian<\/p>\n","protected":false},"excerpt":{"rendered":"<p>K\u1ec7 \u0111\u1ec3 ch\u00e9n \/ b\u00e1t \/ \u0111\u0129a \u0111a n\u0103ng tr\u00ean b\u1ed3n r\u1eeda ch\u00e9n gi\u00fap ti\u1ebft ki\u1ec7m kh\u00f4ng gian, ti\u1ec7n l\u1ee3i trong qu\u00e1 tr\u00ecnh r\u1eeda ch\u00e9n v\u00e0 r\u00e1o n\u01b0\u1edbc cho c\u00e1c \u0111\u1ed3 d\u00f9ng ph\u00f2ng b\u1ebfp nhanh ch\u00f3ng. \u0110\u01b0\u1ee3c l\u00e0m t\u1eeb th\u00e9p carbon, s\u01a1n t\u0129nh \u0111i\u1ec7n gi\u00fap ch\u1ed1ng g\u1ec9 v\u00e0 tr\u1ea7y x\u01b0\u1edbc. \u0110\u1ea7y \u0111\u1ee7 ph\u1ee5 ki\u1ec7n nh\u01b0 \u0111\u1ef1ng \u0111\u0169a, dao, th\u1edbt, \u0111\u1ed3 r\u1eeda ch\u00e9n, m\u00f3c treo&#8230; v\u1edbi s\u1ef1 l\u1ef1a ch\u1ecdn 1 t\u1ea7ng v\u00e0 2 t\u1ea7ng ph\u00f9 h\u1ee3p cho nhi\u1ec1u nhu c\u1ea7u tu\u1ef3 kh\u00f4ng gian<\/p>\n","protected":false},"featured_media":635,"comment_status":"open","ping_status":"closed","template":"","meta":[],"product_cat":[17],"product_tag":[],"class_list":["post-216","product","type-product","status-publish","has-post-thumbnail","hentry","product_cat-nha-bep"],"_links":{"self":[{"href":"https:\/\/mauweb.tamnguyen.vn\/giadung1\/wp-json\/wp\/v2\/product\/216","targetHints":{"allow":["GET"]}}],"collection":[{"href":"https:\/\/mauweb.tamnguyen.vn\/giadung1\/wp-json\/wp\/v2\/product"}],"about":[{"href":"https:\/\/mauweb.tamnguyen.vn\/giadung1\/wp-json\/wp\/v2\/types\/product"}],"replies":[{"embeddable":true,"href":"https:\/\/mauweb.tamnguyen.vn\/giadung1\/wp-json\/wp\/v2\/comments?post=216"}],"wp:featuredmedia":[{"embeddable":true,"href":"https:\/\/mauweb.tamnguyen.vn\/giadung1\/wp-json\/wp\/v2\/media\/635"}],"wp:attachment":[{"href":"https:\/\/mauweb.tamnguyen.vn\/giadung1\/wp-json\/wp\/v2\/media?parent=216"}],"wp:term":[{"taxonomy":"product_cat","embeddable":true,"href":"https:\/\/mauweb.tamnguyen.vn\/giadung1\/wp-json\/wp\/v2\/product_cat?post=216"},{"taxonomy":"product_tag","embeddable":true,"href":"https:\/\/mauweb.tamnguyen.vn\/giadung1\/wp-json\/wp\/v2\/product_tag?post=216"}],"curies":[{"name":"wp","href":"https:\/\/api.w.org\/{rel}","templated":true}]}}