{"id":160,"date":"2022-07-04T16:57:01","date_gmt":"2022-07-04T09:57:01","guid":{"rendered":"http:\/\/giadung.themevivu.site\/?post_type=product&#038;p=160"},"modified":"2022-08-13T09:46:13","modified_gmt":"2022-08-13T02:46:13","slug":"ke-say-va-khu-khuan-dua-thia-say-kho-nhanh-va-diet-moi-vi-khuan","status":"publish","type":"product","link":"https:\/\/mauweb.tamnguyen.vn\/giadung1\/product\/ke-say-va-khu-khuan-dua-thia-say-kho-nhanh-va-diet-moi-vi-khuan\/","title":{"rendered":"K\u1ec7 s\u1ea5y v\u00e0 kh\u1eed khu\u1ea9n \u0111\u0169a th\u00eca s\u1ea5y kh\u00f4 nhanh v\u00e0 di\u1ec7t m\u1ecdi vi khu\u1ea9n"},"content":{"rendered":"<p>K\u1ec7 s\u1ea5y v\u00e0 kh\u1eed khu\u1ea9n \u0111\u0169a th\u00eca s\u1ea5y kh\u00f4 nhanh v\u00e0 di\u1ec7t m\u1ecdi vi khu\u1ea9n tr\u00ean d\u1ee5ng c\u1ee5 \u0111\u0169a th\u00eca v\u1edbi ch\u1ea5t li\u1ec7u nh\u1ef1a cao c\u1ea5p an to\u00e0n.<\/p>\n<p>Ch\u1ea5t li\u1ec7u: Nh\u1ef1a PP +Pc cao c\u1ea5p K\u00edch Th\u01b0\u1edbc : 21 x8 x 30cm<\/p>\n<p>S\u1ea5y kh\u00f4 nhanh v\u00e0 di\u1ec7t m\u1ecdi vi khu\u1ea9n tr\u00ean \u0111\u0169a th\u00eca H\u1ed9p s\u1ea5y v\u00e0 kh\u1eed khu\u1ea9n \u0111\u0169a th\u00eca, H\u1ed9p \u0111\u1ef1ng \u0111\u0169a th\u00eca, gi\u00e1 c\u1eafm \u0111\u0169a thia nh\u00e0 b\u1ebfp, \u1ed1ng c\u1eafm dao \u0111\u0169a th\u00eca, \u1ed1ng \u0111\u1ef1ng \u0111\u0169a, k\u1ec7 nh\u00e0 b\u1ebfp, gi\u00e1 \u0111\u1ec3 \u0111\u1ed3 nh\u00e0 b\u1ebfp D\u1ee5ng c\u1ee5 nh\u00e0 b\u1ebfp, k\u1ec7 \u0111\u1ef1ng dao \u0111\u0169a mu\u1ed7ng , gi\u00e1 c\u1eafm dao, gi\u00e1 g\u00e0i dao<\/p>\n","protected":false},"excerpt":{"rendered":"<div class=\"product-short-description\">\n<p>S\u1ea5y kh\u00f4 nhanh v\u00e0 di\u1ec7t m\u1ecdi vi khu\u1ea9n tr\u00ean \u0111\u0169a th\u00eca H\u1ed9p s\u1ea5y v\u00e0 kh\u1eed khu\u1ea9n \u0111\u0169a th\u00eca, H\u1ed9p \u0111\u1ef1ng \u0111\u0169a th\u00eca, gi\u00e1 c\u1eafm \u0111\u0169a thia nh\u00e0 b\u1ebfp, \u1ed1ng c\u1eafm dao \u0111\u0169a th\u00eca, \u1ed1ng \u0111\u1ef1ng \u0111\u0169a, k\u1ec7 nh\u00e0 b\u1ebfp, gi\u00e1 \u0111\u1ec3 \u0111\u1ed3 nh\u00e0 b\u1ebfp D\u1ee5ng c\u1ee5 nh\u00e0 b\u1ebfp, k\u1ec7 \u0111\u1ef1ng dao \u0111\u0169a mu\u1ed7ng , gi\u00e1 c\u1eafm dao, gi\u00e1 g\u00e0i dao<\/p>\n<\/div>\n","protected":false},"featured_media":641,"comment_status":"open","ping_status":"closed","template":"","meta":[],"product_cat":[17],"product_tag":[],"class_list":["post-160","product","type-product","status-publish","has-post-thumbnail","hentry","product_cat-nha-bep"],"_links":{"self":[{"href":"https:\/\/mauweb.tamnguyen.vn\/giadung1\/wp-json\/wp\/v2\/product\/160","targetHints":{"allow":["GET"]}}],"collection":[{"href":"https:\/\/mauweb.tamnguyen.vn\/giadung1\/wp-json\/wp\/v2\/product"}],"about":[{"href":"https:\/\/mauweb.tamnguyen.vn\/giadung1\/wp-json\/wp\/v2\/types\/product"}],"replies":[{"embeddable":true,"href":"https:\/\/mauweb.tamnguyen.vn\/giadung1\/wp-json\/wp\/v2\/comments?post=160"}],"wp:featuredmedia":[{"embeddable":true,"href":"https:\/\/mauweb.tamnguyen.vn\/giadung1\/wp-json\/wp\/v2\/media\/641"}],"wp:attachment":[{"href":"https:\/\/mauweb.tamnguyen.vn\/giadung1\/wp-json\/wp\/v2\/media?parent=160"}],"wp:term":[{"taxonomy":"product_cat","embeddable":true,"href":"https:\/\/mauweb.tamnguyen.vn\/giadung1\/wp-json\/wp\/v2\/product_cat?post=160"},{"taxonomy":"product_tag","embeddable":true,"href":"https:\/\/mauweb.tamnguyen.vn\/giadung1\/wp-json\/wp\/v2\/product_tag?post=160"}],"curies":[{"name":"wp","href":"https:\/\/api.w.org\/{rel}","templated":true}]}}