{"id":150,"date":"2022-07-04T15:38:06","date_gmt":"2022-07-04T08:38:06","guid":{"rendered":"http:\/\/giadung.themevivu.site\/?post_type=product&#038;p=150"},"modified":"2022-08-13T09:50:00","modified_gmt":"2022-08-13T02:50:00","slug":"ke-nha-kem-phong-tam-thong-minh-oenon-kem-4-coc-hut-tu-tinh","status":"publish","type":"product","link":"https:\/\/mauweb.tamnguyen.vn\/giadung1\/product\/ke-nha-kem-phong-tam-thong-minh-oenon-kem-4-coc-hut-tu-tinh\/","title":{"rendered":"K\u1ec7 nh\u1ea3 kem ph\u00f2ng t\u1eafm th\u00f4ng minh k\u00e8m c\u1ed1c h\u00fat t\u1eeb t\u00ednh"},"content":{"rendered":"<p>B\u00e0n ch\u1ea3i \u0111\u00e1nh r\u0103ng, kem \u0111\u00e1nh r\u0103ng s\u1eed d\u1ee5ng h\u00e0ng ng\u00e0y v\u00e0 \u0111\u1ed3 d\u00f9ng c\u00e1 nh\u00e2n tr\u00ean b\u00e0n m\u00e1y t\u00ednh ho\u1eb7c b\u00e0n trang \u0111i\u1ec3m c\u1ee7a b\u1ea1n th\u01b0\u1eddng hay \u0111\u1ec3 lung tung kh\u00f4ng c\u00f3 khay \u0111\u1ef1ng.<\/p>\n<p>B\u00e2y gi\u1edd b\u1ea1n c\u00f3 th\u1ec3 thay \u0111\u1ed5i \u0111i\u1ec1u \u0111\u00f3 \u0111\u1ec3 cho c\u0103n ph\u00f2ng v\u00e0 b\u00e0n l\u00e0m vi\u1ec7c c\u1ee7a b\u1ea1n g\u1ecdn g\u00e0n v\u00e0 ti\u1ec7n d\u1ee5ng h\u01a1n b\u1eb1ng s\u1ea3n ph\u1ea9m c\u1ee7a ch\u00fang t\u00f4i cung c\u1ea5p.<\/p>\n<h3>H\u1ed9p \u0111\u1ef1ng b\u00e0n ch\u1ea3i, nh\u1ea3 kem \u0111\u00e1nh r\u0103ng treo t\u01b0\u1eddng<\/h3>\n<p>Treo \u0111\u01b0\u1ee3c 4 c\u1ed1c. Treo 4 b\u00e0n ch\u1ea3i \u0111\u00e1nh r\u0103ng. C\u00f3 r\u00e3nh \u0111\u1ef1ng dao c\u1ea1o r\u00e2u, l\u01b0\u1ee3c ch\u1ea3i t\u00f3c. H\u1ed9p d\u1ec5 d\u00e0ng th\u00e1o l\u1eafp \u0111\u1ec3 v\u1ec7 sinh. Mi\u1ebfng d\u00e1n c\u00f4ng ngh\u1ec7 m\u1edbi, si\u00eau ch\u1eafc v\u00e0 b\u1ec1n theo th\u1eddi gian(Kh\u00f4ng lo t\u1ef1 d\u01a1i nh\u01b0 c\u00e1c mi\u1ebfp h\u00fat ch\u00e2n kh\u00f4ng th\u00f4ng th\u01b0\u1eddng). Ch\u1ea5t li\u1ec7u nh\u1ef1a ABS, PP si\u00eau b\u1ec1n v\u00e0 \u0111\u1eb9p<\/p>\n<ul>\n<li><strong>K\u00edch th\u01b0\u1edbc \u0111\u00f3ng g\u00f3i:<\/strong> 384mm x 113mm x 200mm<\/li>\n<li><strong>Tr\u1ecdng l\u01b0\u1ee3ng:<\/strong> 1020g<\/li>\n<\/ul>\n<p>\u0110\u00e2y l\u00e0 h\u00e0ng cao c\u1ea5p c\u1ee7a th\u01b0\u01a1ng hi\u1ec7u ECOCO, d\u00e0nh cho th\u1ecb tr\u01b0\u1eddng Nh\u1eadt B\u1ea3n<\/p>\n<p>C\u00e1c chi ti\u1ebft c\u1ef1c k\u1ef3 tinh x\u1ea3o, c\u1ea9n th\u1eadn. Ch\u1ea5t nh\u1ef1a \u0111\u1eb9p, l\u00e0 nh\u1ef1a nano kh\u00e1ng khu\u1ea9n, ch\u1ed1ng b\u00e1m b\u1ea9n.*<\/p>\n<h3>H\u01b0\u1edbng d\u1eabn l\u1eafp \u0111\u1eb7t<\/h3>\n<ul>\n<li>B\u01b0\u1edbc 1: L\u00e0m s\u1ea1ch b\u1ec1 m\u1eb7t t\u01b0\u1eddng (v\u1ecb tr\u00ed l\u1eafp \u0111\u1eb7t k\u1ec7)<\/li>\n<li>B\u01b0\u1edbc 2: L\u1eafp mi\u1ebfng d\u00e1n v\u00e0o k\u1ec7 &amp; lo\u1ea1i b\u1ecf m\u00e0ng b\u1ea3o v\u1ec7 mi\u1ebfng d\u00e1n<\/li>\n<li>B\u01b0\u1edbc 3: D\u00e1n k\u1ec7 l\u00ean t\u01b0\u1eddng (v\u1ecb tr\u00ed l\u1eafp \u0111\u1eb7t)<\/li>\n<li>B\u01b0\u1edbc 4: Nh\u1ea5c k\u1ec7 ra &amp; d\u00f9ng tay \u00e9p h\u1ebft kh\u00f4ng kh\u00ed trong mi\u1ebfng d\u00e1n<\/li>\n<li>B\u01b0\u1edbc 5: C\u1ed1 \u0111\u1ecbnh mi\u1ebfng d\u00e1n trong 12 gi\u1edd \u0111\u1ed3ng h\u1ed3<\/li>\n<li>B\u01b0\u1edbc 6: G\u1eafn k\u1ec7 v\u00e0o v\u1ecb tr\u00ed c\u1ed1 \u0111\u1ecbnh v\u00e0 cho c\u00e1c v\u1eadt d\u1ee5ng v\u00e0o (\u0110\u1ea3m b\u1ea3o 12 gi\u1edd sau khi mi\u1ebfng d\u00e1n d\u00ednh v\u00e0o t\u01b0\u1eddng).<\/li>\n<\/ul>\n<h3>Cam k\u1ebft v\u1edbi kh\u00e1ch h\u00e0ng<\/h3>\n<p>S\u1ea3n ph\u1ea9m \u0111\u00fang th\u00f4ng tin m\u00f4 t\u1ea3<\/p>\n","protected":false},"excerpt":{"rendered":"<ul>\n<li>Trang tr\u00ed cho kh\u00f4ng gian ph\u00f2ng t\u1eafm th\u00eam ti\u1ec7n nghi.<\/li>\n<li>D\u1ec5 d\u00e0ng l\u1eafp \u0111\u1eb7t, kh\u00f4ng c\u1ea7n khoan \u0111\u1ee5c.<\/li>\n<li>B\u1ec1n \u0111\u1eb9p, ch\u1eafc ch\u1eafn, ch\u1ecbu l\u1ef1c t\u1ed1t T\u1ed0I \u0110A 6KG.<\/li>\n<li>C\u1ed1c t\u1eeb h\u00fat ng\u01b0\u1ee3c hi\u1ec7n \u0111\u1ea1i gi\u00fap v\u1eadt d\u1ee5ng lu\u00f4n s\u1ea1ch s\u1ebd v\u00e0 kh\u00f4 r\u00e1o.<\/li>\n<li>B\u00e0n ch\u1ea3i \u0111\u01b0\u1ee3c g\u1eafn trong kh\u00f4ng gian k\u00edn ch\u1eafn b\u1ee5i b\u1ea9n t\u1eeb b\u00ean ngo\u00e0i.<\/li>\n<li>K\u1ec7 c\u00f3 thi\u1ebft k\u1ebf th\u00eam 1 ng\u0103n k\u00e9o CH\u1ed0NG N\u01af\u1edaC \u0111\u1ec3 \u0111\u1ed3 r\u1ea5t ti\u1ec7n l\u1ee3i.<\/li>\n<\/ul>\n","protected":false},"featured_media":151,"comment_status":"open","ping_status":"closed","template":"","meta":[],"product_cat":[18],"product_tag":[],"class_list":["post-150","product","type-product","status-publish","has-post-thumbnail","hentry","product_cat-phong-tam-ve-sinh"],"_links":{"self":[{"href":"https:\/\/mauweb.tamnguyen.vn\/giadung1\/wp-json\/wp\/v2\/product\/150","targetHints":{"allow":["GET"]}}],"collection":[{"href":"https:\/\/mauweb.tamnguyen.vn\/giadung1\/wp-json\/wp\/v2\/product"}],"about":[{"href":"https:\/\/mauweb.tamnguyen.vn\/giadung1\/wp-json\/wp\/v2\/types\/product"}],"replies":[{"embeddable":true,"href":"https:\/\/mauweb.tamnguyen.vn\/giadung1\/wp-json\/wp\/v2\/comments?post=150"}],"wp:featuredmedia":[{"embeddable":true,"href":"https:\/\/mauweb.tamnguyen.vn\/giadung1\/wp-json\/wp\/v2\/media\/151"}],"wp:attachment":[{"href":"https:\/\/mauweb.tamnguyen.vn\/giadung1\/wp-json\/wp\/v2\/media?parent=150"}],"wp:term":[{"taxonomy":"product_cat","embeddable":true,"href":"https:\/\/mauweb.tamnguyen.vn\/giadung1\/wp-json\/wp\/v2\/product_cat?post=150"},{"taxonomy":"product_tag","embeddable":true,"href":"https:\/\/mauweb.tamnguyen.vn\/giadung1\/wp-json\/wp\/v2\/product_tag?post=150"}],"curies":[{"name":"wp","href":"https:\/\/api.w.org\/{rel}","templated":true}]}}