{"id":80,"date":"2022-07-04T12:17:19","date_gmt":"2022-07-04T05:17:19","guid":{"rendered":"http:\/\/giadung.themevivu.site\/?page_id=80"},"modified":"2022-07-05T13:14:23","modified_gmt":"2022-07-05T06:14:23","slug":"gioi-thieu","status":"publish","type":"page","link":"https:\/\/mauweb.tamnguyen.vn\/giadung1\/gioi-thieu\/","title":{"rendered":"Gi\u1edbi thi\u1ec7u"},"content":{"rendered":"<h3>Ch\u00e0o m\u1eebng b\u1ea1n \u0111\u1ebfn v\u1edbi Gia D\u1ee5ng Th\u00f4ng Minh.<\/h3>\n<p>\u0110\u01b0\u1ee3c th\u00e0nh l\u1eadp v\u00e0o n\u0103m 2018, h\u1ec7 th\u1ed1ng c\u1eeda h\u00e0ng\u00a0<strong>Gia D\u1ee5ng Th\u00f4ng Minh<\/strong> chuy\u00ean cung c\u1ea5p c\u00e1c s\u1ea3n ph\u1ea9m \u0111\u1ed3 gia d\u1ee5ng th\u00f4ng minh, ti\u1ec7n \u00edch cho ph\u00f2ng b\u1ebfp, ph\u00f2ng kh\u00e1ch, ph\u00f2ng t\u1eafm,\u2026 c\u1ee7a gia \u0111\u00ecnh b\u1ea1n. Gi\u00fap cho kh\u00f4ng gian s\u1ed1ng c\u1ee7a b\u1ea1n tr\u1edf n\u00ean g\u1ecdn g\u00e0ng, ng\u0103n n\u1eafp h\u01a1n v\u1edbi nh\u1eefng s\u1ea3n ph\u1ea9m c\u1ee7a ch\u00fang t\u00f4i.<\/p>\n<p>C\u00e1c s\u1ea3n ph\u1ea9m c\u1ee7a ch\u00fang t\u00f4i lu\u00f4n \u0111\u01b0\u1ee3c cam k\u1ebft l\u00e0 h\u00e0ng ch\u00ednh h\u00e3ng, c\u00f3 ngu\u1ed3n g\u1ed1c xu\u1ea5t x\u1ee9 r\u00f5 r\u00e0ng v\u00e0 lu\u00f4n \u0111\u01b0\u1ee3c ki\u1ec3m tra k\u1ef9 c\u00e0ng tr\u01b0\u1edbc khi b\u00e0y b\u00e1n t\u1ea1i c\u1eeda h\u00e0ng.<\/p>\n<p>V\u1edbi ch\u00ednh s\u00e1ch b\u1ea3o h\u00e0nh, ch\u00ednh s\u00e1ch v\u1eadn chuy\u1ec3n v\u00e0 ch\u00ednh s\u00e1ch t\u00edch \u0111i\u1ec3m h\u1ea5p d\u1eabn, ch\u00fang t\u00f4i lu\u00f4n hy v\u1ecdng \u0111em l\u1ea1i nh\u1eefng tr\u1ea3i nghi\u1ec7m t\u1ed1t nh\u1ea5t cho kh\u00e1ch h\u00e0ng. Ngo\u00e0i c\u1eeda h\u00e0ng, ch\u00fang t\u00f4i c\u00f2n ph\u00e1t tri\u1ec3n h\u1ec7 th\u1ed1ng b\u00e1n h\u00e0ng tr\u1ef1c tuy\u1ebfn t\u1ea1i \u0111\u1ecba ch\u1ec9 giadungthongminh1.com gi\u00fap kh\u00e1ch h\u00e0ng d\u1ec5 d\u00e0ng tra c\u1ee9u th\u00f4ng tin v\u00e0 mua s\u1eafm m\u1ed7i ng\u00e0y. Ch\u00fang t\u00f4i r\u1ea5t mong \u0111\u01b0\u1ee3c ph\u1ee5c v\u1ee5 ng\u00e0y c\u00e0ng nhi\u1ec1u h\u01a1n n\u1eefa nh\u1eefng kh\u00e1ch h\u00e0ng mua h\u00e0ng online \u0111\u1ebfn t\u1eeb c\u00e1c t\u1ec9nh th\u00e0nh tr\u00ean to\u00e0n qu\u1ed1c.<\/p>\n<p>Gia d\u1ee5ng th\u00f4ng minh lu\u00f4n nhi\u00ea\u0323t ti\u0300nh \u0111\u00f3n nh\u1eadn nh\u1eefng \u00fd ki\u1ebfn \u0111\u00f3ng g\u00f3p t\u1eeb ph\u00eda Kh\u00e1ch h\u00e0ng th\u00f4ng qua s\u1ed1 \u0111i\u1ec7n tho\u1ea1i <strong>03.8590.8590<\/strong>\u00a0\u0111\u1ec3 ng\u00e0y c\u00e0ng c\u1ea3i ti\u1ebfn v\u00e0 n\u00e2ng cao h\u01a1n n\u1eefa ch\u1ea5t l\u01b0\u1ee3ng ph\u1ee5c v\u1ee5.<\/p>\n<p><em><strong>Gia D\u1ee5ng Th\u00f4ng Minh r\u1ea5t h\u00e2n h\u1ea1nh \u0111\u01b0\u1ee3c ph\u1ee5c v\u1ee5 Qu\u00fd kh\u00e1ch v\u00e0 hy v\u1ecdng Qu\u00fd kh\u00e1ch s\u1ebd c\u00f3 nh\u1eefng tr\u1ea3i nghi\u1ec7m vui v\u1ebb t\u1ea1i chu\u1ed7i c\u1eeda h\u00e0ng c\u1ee7a ch\u00fang t\u00f4i.<\/strong><\/em><\/p>\n","protected":false},"excerpt":{"rendered":"<p>Ch\u00e0o m\u1eebng b\u1ea1n \u0111\u1ebfn v\u1edbi Gia D\u1ee5ng Th\u00f4ng Minh. \u0110\u01b0\u1ee3c th\u00e0nh l\u1eadp v\u00e0o n\u0103m 2018, h\u1ec7 th\u1ed1ng c\u1eeda h\u00e0ng\u00a0Gia D\u1ee5ng Th\u00f4ng Minh chuy\u00ean cung c\u1ea5p c\u00e1c s\u1ea3n ph\u1ea9m \u0111\u1ed3 gia d\u1ee5ng th\u00f4ng minh, ti\u1ec7n \u00edch cho ph\u00f2ng b\u1ebfp, ph\u00f2ng kh\u00e1ch, ph\u00f2ng t\u1eafm,\u2026 c\u1ee7a gia \u0111\u00ecnh b\u1ea1n. Gi\u00fap cho kh\u00f4ng gian s\u1ed1ng c\u1ee7a b\u1ea1n tr\u1edf n\u00ean&#8230;<\/p>\n","protected":false},"author":1,"featured_media":0,"parent":0,"menu_order":0,"comment_status":"closed","ping_status":"closed","template":"page-right-sidebar.php","meta":{"footnotes":""},"class_list":["post-80","page","type-page","status-publish","hentry"],"_links":{"self":[{"href":"https:\/\/mauweb.tamnguyen.vn\/giadung1\/wp-json\/wp\/v2\/pages\/80","targetHints":{"allow":["GET"]}}],"collection":[{"href":"https:\/\/mauweb.tamnguyen.vn\/giadung1\/wp-json\/wp\/v2\/pages"}],"about":[{"href":"https:\/\/mauweb.tamnguyen.vn\/giadung1\/wp-json\/wp\/v2\/types\/page"}],"author":[{"embeddable":true,"href":"https:\/\/mauweb.tamnguyen.vn\/giadung1\/wp-json\/wp\/v2\/users\/1"}],"replies":[{"embeddable":true,"href":"https:\/\/mauweb.tamnguyen.vn\/giadung1\/wp-json\/wp\/v2\/comments?post=80"}],"version-history":[{"count":0,"href":"https:\/\/mauweb.tamnguyen.vn\/giadung1\/wp-json\/wp\/v2\/pages\/80\/revisions"}],"wp:attachment":[{"href":"https:\/\/mauweb.tamnguyen.vn\/giadung1\/wp-json\/wp\/v2\/media?parent=80"}],"curies":[{"name":"wp","href":"https:\/\/api.w.org\/{rel}","templated":true}]}}