{"id":15,"date":"2021-05-06T15:35:14","date_gmt":"2021-05-06T08:35:14","guid":{"rendered":"http:\/\/event7.maugiaodien.com\/?page_id=15"},"modified":"2021-05-08T10:56:05","modified_gmt":"2021-05-08T03:56:05","slug":"bao-gia","status":"publish","type":"page","link":"https:\/\/mauweb.tamnguyen.vn\/even7\/bao-gia\/","title":{"rendered":"B\u00e1o gi\u00e1"},"content":{"rendered":"\n\t<section class=\"section dark\" id=\"section_965827646\">\n\t\t<div class=\"section-bg fill\" >\n\t\t\t<img loading=\"lazy\" decoding=\"async\" width=\"1903\" height=\"544\" src=\"https:\/\/mauweb.tamnguyen.vn\/even7\/wp-content\/uploads\/2021\/05\/bnn.jpg\" class=\"bg attachment-original size-original\" alt=\"\" \/>\t\t\t\t\t\t\n\t\t\t\n\n\t\t<\/div>\n\n\t\t\n\n\t\t<div class=\"section-content relative\">\n\t\t\t\n<div class=\"row\"  id=\"row-787841261\">\n\n\t<div id=\"col-469101757\" class=\"col small-12 large-12\"  >\n\t\t\t\t<div class=\"col-inner\"  >\n\t\t\t\n\t\t\t<p id=\"breadcrumbs\"><span><span><a href=\"https:\/\/mauweb.tamnguyen.vn\/even7\/\">Trang ch\u1ee7<\/a><\/span><\/p>\n\n<h2><span style=\"font-size: 150%;\">B\u00e1o gi\u00e1 d\u1ecbch v\u1ee5<\/span><\/h2>\n<a href=\"#\" class=\"button primary reveal-icon nut-xem-them\"  style=\"border-radius:99px;\">\n\t<i class=\"icon-phone\" aria-hidden=\"true\" ><\/i>\t<span>0123.456.789<\/span>\n\t<\/a>\n\n<a href=\"#\" class=\"button white is-outline reveal-icon nut-xem-them2\"  style=\"border-radius:99px;\">\n\t<i class=\"icon-phone\" aria-hidden=\"true\" ><\/i>\t<span>0986.356.230<\/span>\n\t<\/a>\n\n\t\t<\/div>\n\t\t\t\t\t<\/div>\n\n\t\n<\/div>\n\t\t<\/div>\n\n\t\t\n<style>\n#section_965827646 {\n  padding-top: 210px;\n  padding-bottom: 210px;\n}\n<\/style>\n\t<\/section>\n\t\n\n\t<section class=\"section bao-gia-section\" id=\"section_1248018623\">\n\t\t<div class=\"section-bg fill\" >\n\t\t\t\t\t\t\t\t\t\n\t\t\t\n\n\t\t<\/div>\n\n\t\t\n\n\t\t<div class=\"section-content relative\">\n\t\t\t\n<div class=\"row\"  id=\"row-257025567\">\n\n\t<div id=\"col-6933553\" class=\"col small-12 large-12\"  >\n\t\t\t\t<div class=\"col-inner\"  >\n\t\t\t\n\t\t\t\n<div role=\"form\" class=\"wpcf7\" id=\"wpcf7-f930-o1\" lang=\"vi\" dir=\"ltr\">\n<div class=\"screen-reader-response\"><p role=\"status\" aria-live=\"polite\" aria-atomic=\"true\"><\/p> <ul><\/ul><\/div>\n<form action=\"\/even7\/wp-json\/wp\/v2\/pages\/15#wpcf7-f930-o1\" method=\"post\" class=\"wpcf7-form init\" novalidate=\"novalidate\" data-status=\"init\">\n<div style=\"display: none;\">\n<input type=\"hidden\" name=\"_wpcf7\" value=\"930\" \/>\n<input type=\"hidden\" name=\"_wpcf7_version\" value=\"5.4.1\" \/>\n<input type=\"hidden\" name=\"_wpcf7_locale\" value=\"vi\" \/>\n<input type=\"hidden\" name=\"_wpcf7_unit_tag\" value=\"wpcf7-f930-o1\" \/>\n<input type=\"hidden\" name=\"_wpcf7_container_post\" value=\"0\" \/>\n<input type=\"hidden\" name=\"_wpcf7_posted_data_hash\" value=\"\" \/>\n<\/div>\n<div class=\"form-bao-gia\">\n<p class=\"note\">Cyber Show Group s\u1ebd t\u01b0 v\u1ea5n v\u00e0 b\u00e1o gi\u00e1 t\u1ed1t nh\u1ea5t khi qu\u00fd kh\u00e1ch \u0111\u1ec3 l\u1ea1i v\u00e0i th\u00f4ng tin b\u00ean d\u01b0\u1edbi \u0111\u00e2y.<\/p>\n<div class=\"row-info\">\n<div class=\"left\">\n<h3>Th\u00f4ng tin qu\u00fd kh\u00e1ch<\/h3>\n<p><label>T\u00ean qu\u00fd kh\u00e1ch*<\/label><br \/>\n<span class=\"wpcf7-form-control-wrap text-118\"><input type=\"text\" name=\"text-118\" value=\"\" size=\"40\" class=\"wpcf7-form-control wpcf7-text wpcf7-validates-as-required\" aria-required=\"true\" aria-invalid=\"false\" \/><\/span><\/p>\n<div class=\"row-info\">\n<div class=\"left\">\n<label>S\u1ed1 \u0111i\u1ec7n tho\u1ea1i*<\/label><br \/>\n<span class=\"wpcf7-form-control-wrap tel-735\"><input type=\"tel\" name=\"tel-735\" value=\"\" size=\"40\" class=\"wpcf7-form-control wpcf7-text wpcf7-tel wpcf7-validates-as-required wpcf7-validates-as-tel\" aria-required=\"true\" aria-invalid=\"false\" \/><\/span>\n<\/div>\n<div class=\"right\">\n<label>Email c\u00f4ng ty*<\/label><br \/>\n<span class=\"wpcf7-form-control-wrap email-269\"><input type=\"email\" name=\"email-269\" value=\"\" size=\"40\" class=\"wpcf7-form-control wpcf7-text wpcf7-email wpcf7-validates-as-required wpcf7-validates-as-email\" aria-required=\"true\" aria-invalid=\"false\" \/><\/span>\n<\/div>\n<\/div>\n<p><label>T\u00ean c\u00f4ng ty<\/label><br \/>\n<span class=\"wpcf7-form-control-wrap text-119\"><input type=\"text\" name=\"text-119\" value=\"\" size=\"40\" class=\"wpcf7-form-control wpcf7-text\" aria-invalid=\"false\" \/><\/span><br \/>\n<label>\u0110\u1ecba ch\u1ec9 c\u00f4ng ty<\/label><br \/>\n<span class=\"wpcf7-form-control-wrap text-120\"><input type=\"text\" name=\"text-120\" value=\"\" size=\"40\" class=\"wpcf7-form-control wpcf7-text\" aria-invalid=\"false\" \/><\/span>\n<\/div>\n<div class=\"right\">\n<h3>D\u1ecbch v\u1ee5 y\u00eau c\u1ea7u<\/h3>\n<p><label>D\u1ecbch v\u1ee5 t\u1ed5 ch\u1ee9c*<\/label><br \/>\n<span class=\"wpcf7-form-control-wrap menu-101\"><select name=\"menu-101\" class=\"wpcf7-form-control wpcf7-select wpcf7-validates-as-required\" aria-required=\"true\" aria-invalid=\"false\"><option value=\"T\u1ed5 ch\u1ee9c l\u1ec5 khai tr\u01b0\u01a1ng\">T\u1ed5 ch\u1ee9c l\u1ec5 khai tr\u01b0\u01a1ng<\/option><option value=\"T\u1ed5 ch\u1ee9c Roadshow\">T\u1ed5 ch\u1ee9c Roadshow<\/option><option value=\"T\u1ed5 ch\u1ee9c l\u1ec5 \u0111\u1ed9ng th\u1ed5\">T\u1ed5 ch\u1ee9c l\u1ec5 \u0111\u1ed9ng th\u1ed5<\/option><option value=\"T\u1ed5 ch\u1ee9c \u0111\u00eam nh\u1ea1c li\u00ean hoan\">T\u1ed5 ch\u1ee9c \u0111\u00eam nh\u1ea1c li\u00ean hoan<\/option><option value=\"T\u1ed5 ch\u1ee9c l\u1ec5 sinh nh\u1eadt\">T\u1ed5 ch\u1ee9c l\u1ec5 sinh nh\u1eadt<\/option><option value=\"T\u1ed5 ch\u1ee9c ti\u1ec7c c\u01b0\u1edbi\">T\u1ed5 ch\u1ee9c ti\u1ec7c c\u01b0\u1edbi<\/option><\/select><\/span><br \/>\n<label>\u0110\u1ecba \u0111i\u1ec3m t\u1ed5 ch\u1ee9c*<\/label><br \/>\n<span class=\"wpcf7-form-control-wrap text-120\"><input type=\"text\" name=\"text-120\" value=\"\" size=\"40\" class=\"wpcf7-form-control wpcf7-text wpcf7-validates-as-required\" aria-required=\"true\" aria-invalid=\"false\" \/><\/span><\/p>\n<div class=\"row-info\">\n<div class=\"left\">\n<label>Th\u1eddi gian t\u1ed5 ch\u1ee9c*<\/label><br \/>\n<span class=\"wpcf7-form-control-wrap date-984\"><input type=\"date\" name=\"date-984\" value=\"\" class=\"wpcf7-form-control wpcf7-date wpcf7-validates-as-required wpcf7-validates-as-date\" aria-required=\"true\" aria-invalid=\"false\" \/><\/span><br \/>\n<label>S\u1ed1 l\u01b0\u1ee3ng kh\u00e1ch d\u1ef1 ki\u1ebfn*<\/label><br \/>\n<span class=\"wpcf7-form-control-wrap text-121\"><input type=\"text\" name=\"text-121\" value=\"\" size=\"40\" class=\"wpcf7-form-control wpcf7-text\" aria-invalid=\"false\" \/><\/span>\n<\/div>\n<div class=\"right\">\n<label>Th\u1eddi gian k\u1ebft th\u00fac<\/label><br \/>\n<span class=\"wpcf7-form-control-wrap date-9845\"><input type=\"date\" name=\"date-9845\" value=\"\" class=\"wpcf7-form-control wpcf7-date wpcf7-validates-as-date\" aria-invalid=\"false\" \/><\/span><br \/>\n<label>Ng\u00e2n s\u00e1ch s\u1ef1 ki\u1ebfn* (VN\u0110)<\/label><br \/>\n<span class=\"wpcf7-form-control-wrap text-121\"><input type=\"text\" name=\"text-121\" value=\"\" size=\"40\" class=\"wpcf7-form-control wpcf7-text wpcf7-validates-as-required\" aria-required=\"true\" aria-invalid=\"false\" \/><\/span>\n<\/div>\n<\/div>\n<\/div>\n<\/div>\n<h3>M\u00f4 t\u1ea3 n\u1ed9i dung chi ti\u1ebft<\/h3>\n<div class=\"row-info\">\n<div class=\"cot1\">\n<label>B\u1ea1n c\u00f3 th\u00eam y\u00eau c\u1ea7u g\u00ec?<\/label><br \/>\n<span class=\"wpcf7-form-control-wrap textarea-510\"><textarea name=\"textarea-510\" cols=\"40\" rows=\"10\" class=\"wpcf7-form-control wpcf7-textarea\" aria-invalid=\"false\"><\/textarea><\/span>\n<\/div>\n<div class=\"cot2\">\n<input type=\"submit\" value=\"G\u1eedi th\u00f4ng tin\" class=\"wpcf7-form-control wpcf7-submit\" \/>\n<\/div>\n<\/div>\n<\/div>\n<div class=\"wpcf7-response-output\" aria-hidden=\"true\"><\/div><\/form><\/div>\n\t\t<\/div>\n\t\t\t\t\t<\/div>\n\n\t\n<\/div>\n\t\t<\/div>\n\n\t\t\n<style>\n#section_1248018623 {\n  padding-top: 30px;\n  padding-bottom: 30px;\n}\n<\/style>\n\t<\/section>\n\t\n","protected":false},"excerpt":{"rendered":"","protected":false},"author":1,"featured_media":0,"parent":0,"menu_order":0,"comment_status":"closed","ping_status":"closed","template":"page-transparent-header-light.php","meta":{"footnotes":""},"class_list":["post-15","page","type-page","status-publish","hentry"],"yoast_head":"<!-- This site is optimized with the Yoast SEO Premium plugin v15.5 - https:\/\/yoast.com\/wordpress\/plugins\/seo\/ -->\n<title>B\u00e1o gi\u00e1 - M\u1eabu web event<\/title>\n<meta name=\"robots\" content=\"noindex, follow, max-snippet:-1, max-image-preview:large, max-video-preview:-1\" \/>\n<meta property=\"og:locale\" content=\"vi_VN\" \/>\n<meta property=\"og:type\" content=\"article\" \/>\n<meta property=\"og:title\" content=\"B\u00e1o gi\u00e1 - M\u1eabu web event\" \/>\n<meta property=\"og:url\" content=\"https:\/\/mauweb.tamnguyen.vn\/even7\/bao-gia\/\" \/>\n<meta property=\"og:site_name\" content=\"M\u1eabu web event\" \/>\n<meta property=\"article:modified_time\" content=\"2021-05-08T03:56:05+00:00\" \/>\n<meta name=\"twitter:card\" content=\"summary_large_image\" \/>\n<meta name=\"twitter:label1\" content=\"\u01af\u1edbc t\u00ednh th\u1eddi gian \u0111\u1ecdc\">\n\t<meta name=\"twitter:data1\" content=\"0 ph\u00fat\">\n<script type=\"application\/ld+json\" class=\"yoast-schema-graph\">{\"@context\":\"https:\/\/schema.org\",\"@graph\":[{\"@type\":\"WebSite\",\"@id\":\"https:\/\/mauweb.tamnguyen.vn\/even7\/#website\",\"url\":\"https:\/\/mauweb.tamnguyen.vn\/even7\/\",\"name\":\"M\\u1eabu web event\",\"description\":\"\",\"potentialAction\":[{\"@type\":\"SearchAction\",\"target\":\"https:\/\/mauweb.tamnguyen.vn\/even7\/?s={search_term_string}\",\"query-input\":\"required name=search_term_string\"}],\"inLanguage\":\"vi\"},{\"@type\":\"WebPage\",\"@id\":\"https:\/\/mauweb.tamnguyen.vn\/even7\/bao-gia\/#webpage\",\"url\":\"https:\/\/mauweb.tamnguyen.vn\/even7\/bao-gia\/\",\"name\":\"B\\u00e1o gi\\u00e1 - M\\u1eabu web event\",\"isPartOf\":{\"@id\":\"https:\/\/mauweb.tamnguyen.vn\/even7\/#website\"},\"datePublished\":\"2021-05-06T08:35:14+00:00\",\"dateModified\":\"2021-05-08T03:56:05+00:00\",\"breadcrumb\":{\"@id\":\"https:\/\/mauweb.tamnguyen.vn\/even7\/bao-gia\/#breadcrumb\"},\"inLanguage\":\"vi\",\"potentialAction\":[{\"@type\":\"ReadAction\",\"target\":[\"https:\/\/mauweb.tamnguyen.vn\/even7\/bao-gia\/\"]}]},{\"@type\":\"BreadcrumbList\",\"@id\":\"https:\/\/mauweb.tamnguyen.vn\/even7\/bao-gia\/#breadcrumb\",\"itemListElement\":[{\"@type\":\"ListItem\",\"position\":1,\"item\":{\"@type\":\"WebPage\",\"@id\":\"https:\/\/mauweb.tamnguyen.vn\/even7\/\",\"url\":\"https:\/\/mauweb.tamnguyen.vn\/even7\/\",\"name\":\"Trang ch\\u1ee7\"}},{\"@type\":\"ListItem\",\"position\":2,\"item\":{\"@type\":\"WebPage\",\"@id\":\"https:\/\/mauweb.tamnguyen.vn\/even7\/bao-gia\/\",\"url\":\"https:\/\/mauweb.tamnguyen.vn\/even7\/bao-gia\/\",\"name\":\"B\\u00e1o gi\\u00e1\"}}]}]}<\/script>\n<!-- \/ Yoast SEO Premium plugin. -->","_links":{"self":[{"href":"https:\/\/mauweb.tamnguyen.vn\/even7\/wp-json\/wp\/v2\/pages\/15","targetHints":{"allow":["GET"]}}],"collection":[{"href":"https:\/\/mauweb.tamnguyen.vn\/even7\/wp-json\/wp\/v2\/pages"}],"about":[{"href":"https:\/\/mauweb.tamnguyen.vn\/even7\/wp-json\/wp\/v2\/types\/page"}],"author":[{"embeddable":true,"href":"https:\/\/mauweb.tamnguyen.vn\/even7\/wp-json\/wp\/v2\/users\/1"}],"replies":[{"embeddable":true,"href":"https:\/\/mauweb.tamnguyen.vn\/even7\/wp-json\/wp\/v2\/comments?post=15"}],"version-history":[{"count":12,"href":"https:\/\/mauweb.tamnguyen.vn\/even7\/wp-json\/wp\/v2\/pages\/15\/revisions"}],"predecessor-version":[{"id":955,"href":"https:\/\/mauweb.tamnguyen.vn\/even7\/wp-json\/wp\/v2\/pages\/15\/revisions\/955"}],"wp:attachment":[{"href":"https:\/\/mauweb.tamnguyen.vn\/even7\/wp-json\/wp\/v2\/media?parent=15"}],"curies":[{"name":"wp","href":"https:\/\/api.w.org\/{rel}","templated":true}]}}