{"id":13,"date":"2021-05-06T15:35:01","date_gmt":"2021-05-06T08:35:01","guid":{"rendered":"http:\/\/event7.maugiaodien.com\/?page_id=13"},"modified":"2022-08-25T21:11:49","modified_gmt":"2022-08-25T14:11:49","slug":"lien-he","status":"publish","type":"page","link":"https:\/\/mauweb.tamnguyen.vn\/even7\/lien-he\/","title":{"rendered":"Li\u00ean h\u1ec7"},"content":{"rendered":"\n\t<section class=\"section dark\" id=\"section_897111664\">\n\t\t<div class=\"section-bg fill\" >\n\t\t\t<img loading=\"lazy\" decoding=\"async\" width=\"1903\" height=\"544\" src=\"https:\/\/mauweb.tamnguyen.vn\/even7\/wp-content\/uploads\/2021\/05\/bnn.jpg\" class=\"bg attachment-original size-original\" alt=\"\" \/>\t\t\t\t\t\t\n\t\t\t\n\n\t\t<\/div>\n\n\t\t\n\n\t\t<div class=\"section-content relative\">\n\t\t\t\n<div class=\"row\"  id=\"row-1050953027\">\n\n\t<div id=\"col-1444027157\" class=\"col small-12 large-12\"  >\n\t\t\t\t<div class=\"col-inner\"  >\n\t\t\t\n\t\t\t<p id=\"breadcrumbs\"><span><span><a href=\"https:\/\/mauweb.tamnguyen.vn\/even7\/\">Trang ch\u1ee7<\/a><\/span><\/p>\n\n<h2><span style=\"font-size: 150%;\">Li\u00ean h\u1ec7 v\u1edbi ch\u00fang t\u00f4i<\/span><\/h2>\n\t\t<\/div>\n\t\t\t\t\t<\/div>\n\n\t\n<\/div>\n\t\t<\/div>\n\n\t\t\n<style>\n#section_897111664 {\n  padding-top: 211px;\n  padding-bottom: 211px;\n}\n<\/style>\n\t<\/section>\n\t\n\n\t<section class=\"section\" id=\"section_535948126\">\n\t\t<div class=\"section-bg fill\" >\n\t\t\t\t\t\t\t\t\t\n\t\t\t\n\n\t\t<\/div>\n\n\t\t\n\n\t\t<div class=\"section-content relative\">\n\t\t\t\n<div class=\"row\"  id=\"row-265144176\">\n\n\t<div id=\"col-1471681507\" class=\"col small-12 large-12\"  >\n\t\t\t\t<div class=\"col-inner\"  >\n\t\t\t\n\t\t\t\n<blockquote>\n<p><span class=\"first-p\">Qu\u00fd kh\u00e1ch h\u00e0ng c\u00f3\u00a0<b>Y\u00eau c\u1ea7u g\u1eedi B\u00e1o gi\u00e1<\/b>\u00a0ho\u1eb7c c\u1ea7n h\u1ed7 tr\u1ee3 t\u01b0 v\u1ea5n c\u00e1c d\u1ecbch v\u1ee5<b>\u00a0T\u1ed5 ch\u1ee9c S\u1ef1 Ki\u1ec7n<\/b>,<b>\u00a0Du L\u1ecbch c\u00f4ng ty<\/b>, xin vui l\u00f2ng li\u00ean h\u1ec7 v\u1edbi ch\u00fang t\u00f4i qua nh\u1eefng k\u00eanh li\u00ean l\u1ea1c d\u01b0\u1edbi \u0111\u00e2y ho\u1eb7c g\u1ecdi tr\u1ef1c ti\u1ebfp v\u00e0o Hotline, ch\u00fang t\u00f4i lu\u00f4n s\u1eb5n s\u00e0ng tr\u1ef1c ti\u1ebfp h\u1ed7 tr\u1ee3 qu\u00fd kh\u00e1ch 24\/7.<\/span><\/p>\n<p>Ch\u00fang t\u00f4i h\u00e2n h\u1ea1nh \u0111\u01b0\u1ee3c ph\u1ee5c v\u1ee5 qu\u00fd kh\u00e1ch!<\/p>\n<\/blockquote>\n<div class=\"is-divider divider clearfix\" style=\"max-width:1300px;height:1px;background-color:rgb(226, 226, 226);\"><\/div>\n<ul>\n<li>\u0110\u1ecba ch\u1ec9: Gia L\u1eadp, Gia Vi\u1ec5n, Ninh B\u00ecnh<\/li>\n<li>\u0110i\u1ec7n tho\u1ea1i: 0123.456.890<\/li>\n<li>Email: info.xxxx@gmail.com<\/li>\n<li>Website: www.abcd.com<\/li>\n<\/ul>\n\t\t<\/div>\n\t\t\t\t\t<\/div>\n\n\t\n<\/div>\n\t\t<\/div>\n\n\t\t\n<style>\n#section_535948126 {\n  padding-top: 30px;\n  padding-bottom: 30px;\n}\n<\/style>\n\t<\/section>\n\t\n","protected":false},"excerpt":{"rendered":"","protected":false},"author":1,"featured_media":0,"parent":0,"menu_order":0,"comment_status":"closed","ping_status":"closed","template":"page-transparent-header-light.php","meta":{"footnotes":""},"class_list":["post-13","page","type-page","status-publish","hentry"],"yoast_head":"<!-- This site is optimized with the Yoast SEO Premium plugin v15.5 - https:\/\/yoast.com\/wordpress\/plugins\/seo\/ -->\n<title>Li\u00ean h\u1ec7 - M\u1eabu web event<\/title>\n<meta name=\"robots\" content=\"noindex, follow, max-snippet:-1, max-image-preview:large, max-video-preview:-1\" \/>\n<meta property=\"og:locale\" content=\"vi_VN\" \/>\n<meta property=\"og:type\" content=\"article\" \/>\n<meta property=\"og:title\" content=\"Li\u00ean h\u1ec7 - M\u1eabu web event\" \/>\n<meta property=\"og:url\" content=\"https:\/\/mauweb.tamnguyen.vn\/even7\/lien-he\/\" \/>\n<meta property=\"og:site_name\" content=\"M\u1eabu web event\" \/>\n<meta property=\"article:modified_time\" content=\"2022-08-25T14:11:49+00:00\" \/>\n<meta name=\"twitter:card\" content=\"summary_large_image\" \/>\n<meta name=\"twitter:label1\" content=\"\u01af\u1edbc t\u00ednh th\u1eddi gian \u0111\u1ecdc\">\n\t<meta name=\"twitter:data1\" content=\"1 ph\u00fat\">\n<script type=\"application\/ld+json\" class=\"yoast-schema-graph\">{\"@context\":\"https:\/\/schema.org\",\"@graph\":[{\"@type\":\"WebSite\",\"@id\":\"https:\/\/mauweb.tamnguyen.vn\/even7\/#website\",\"url\":\"https:\/\/mauweb.tamnguyen.vn\/even7\/\",\"name\":\"M\\u1eabu web event\",\"description\":\"\",\"potentialAction\":[{\"@type\":\"SearchAction\",\"target\":\"https:\/\/mauweb.tamnguyen.vn\/even7\/?s={search_term_string}\",\"query-input\":\"required name=search_term_string\"}],\"inLanguage\":\"vi\"},{\"@type\":\"WebPage\",\"@id\":\"https:\/\/mauweb.tamnguyen.vn\/even7\/lien-he\/#webpage\",\"url\":\"https:\/\/mauweb.tamnguyen.vn\/even7\/lien-he\/\",\"name\":\"Li\\u00ean h\\u1ec7 - M\\u1eabu web event\",\"isPartOf\":{\"@id\":\"https:\/\/mauweb.tamnguyen.vn\/even7\/#website\"},\"datePublished\":\"2021-05-06T08:35:01+00:00\",\"dateModified\":\"2022-08-25T14:11:49+00:00\",\"breadcrumb\":{\"@id\":\"https:\/\/mauweb.tamnguyen.vn\/even7\/lien-he\/#breadcrumb\"},\"inLanguage\":\"vi\",\"potentialAction\":[{\"@type\":\"ReadAction\",\"target\":[\"https:\/\/mauweb.tamnguyen.vn\/even7\/lien-he\/\"]}]},{\"@type\":\"BreadcrumbList\",\"@id\":\"https:\/\/mauweb.tamnguyen.vn\/even7\/lien-he\/#breadcrumb\",\"itemListElement\":[{\"@type\":\"ListItem\",\"position\":1,\"item\":{\"@type\":\"WebPage\",\"@id\":\"https:\/\/mauweb.tamnguyen.vn\/even7\/\",\"url\":\"https:\/\/mauweb.tamnguyen.vn\/even7\/\",\"name\":\"Trang ch\\u1ee7\"}},{\"@type\":\"ListItem\",\"position\":2,\"item\":{\"@type\":\"WebPage\",\"@id\":\"https:\/\/mauweb.tamnguyen.vn\/even7\/lien-he\/\",\"url\":\"https:\/\/mauweb.tamnguyen.vn\/even7\/lien-he\/\",\"name\":\"Li\\u00ean h\\u1ec7\"}}]}]}<\/script>\n<!-- \/ Yoast SEO Premium plugin. -->","_links":{"self":[{"href":"https:\/\/mauweb.tamnguyen.vn\/even7\/wp-json\/wp\/v2\/pages\/13","targetHints":{"allow":["GET"]}}],"collection":[{"href":"https:\/\/mauweb.tamnguyen.vn\/even7\/wp-json\/wp\/v2\/pages"}],"about":[{"href":"https:\/\/mauweb.tamnguyen.vn\/even7\/wp-json\/wp\/v2\/types\/page"}],"author":[{"embeddable":true,"href":"https:\/\/mauweb.tamnguyen.vn\/even7\/wp-json\/wp\/v2\/users\/1"}],"replies":[{"embeddable":true,"href":"https:\/\/mauweb.tamnguyen.vn\/even7\/wp-json\/wp\/v2\/comments?post=13"}],"version-history":[{"count":11,"href":"https:\/\/mauweb.tamnguyen.vn\/even7\/wp-json\/wp\/v2\/pages\/13\/revisions"}],"predecessor-version":[{"id":980,"href":"https:\/\/mauweb.tamnguyen.vn\/even7\/wp-json\/wp\/v2\/pages\/13\/revisions\/980"}],"wp:attachment":[{"href":"https:\/\/mauweb.tamnguyen.vn\/even7\/wp-json\/wp\/v2\/media?parent=13"}],"curies":[{"name":"wp","href":"https:\/\/api.w.org\/{rel}","templated":true}]}}