{"id":48,"date":"2017-07-04T02:09:21","date_gmt":"2017-07-04T02:09:21","guid":{"rendered":"http:\/\/dulich.khowebseotop.vn\/?post_type=product&#038;p=48"},"modified":"2017-10-24T02:40:36","modified_gmt":"2017-10-24T02:40:36","slug":"taoday-copy","status":"publish","type":"product","link":"https:\/\/mauweb.tamnguyen.vn\/dulich6\/san-pham\/taoday-copy\/","title":{"rendered":"Tour du l\u1ecbch h\u00e0 giang m\u00f9a hoa tam gi\u00e1c m\u1ea1ch 2017 3 ng\u00e0y 2 \u0111\u00eam"},"content":{"rendered":"\t<section class=\"section\" id=\"section_1732472313\">\n\t\t<div class=\"bg section-bg fill bg-fill  bg-loaded\" >\n\n\t\t\t\n\t\t\t\n\t\t\t\n\n\t\t<\/div>\n\n\t\t<div class=\"section-content relative\">\n\t\t\t\n\n\t\t<div class=\"tabbed-content\">\n\t\t\t\n\t\t\t<ul class=\"nav nav-line nav-vertical nav-uppercase nav-size-normal nav-left\"><li class=\"tab active has-icon\"><a href=\"#tab_ng\u00e0y-1\"><span>Ng\u00e0y 1<\/span><\/a><\/li>\n<li class=\"tab has-icon\"><a href=\"#tab_ng\u00e0y-2\"><span>Ng\u00e0y 2<\/span><\/a><\/li>\n<li class=\"tab has-icon\"><a href=\"#tab_ng\u00e0y-3\"><span>Ng\u00e0y 3<\/span><\/a><\/li><\/ul><div class=\"tab-panels\"><div class=\"panel active entry-content\" id=\"tab_ng\u00e0y-1\">\n<h3><strong>NG\u00c0Y 1: H\u00c0 N\u1ed8I \u2013 H\u00c0 GIANG \u2013 QU\u1ea2N B\u1ea0 \u2013 Y\u00caN MINH (\u0102N TR\u01afA, T\u1ed0I)<\/strong><\/h3>\n<p><strong>06h30: <\/strong>Xe \u00f4 t\u00f4 v\u00e0 h\u01b0\u1edbng d\u1eabn vi\u00ean \u0111\u00f3n Qu\u00fd kh\u00e1ch t\u1ea1i c\u00e1c kh\u00e1ch s\u1ea1n trong khu v\u1ef1c Ph\u1ed1 C\u1ed5 v\u00e0 Nh\u00e0 h\u00e1t l\u1edbn kh\u1edfi h\u00e0nh cho chuy\u1ebfn \u0111i du l\u1ecbch H\u00e0 Giang.<\/p>\n<p><strong>10h30: <\/strong>D\u1eebng ch\u00e2n ngh\u1ec9 ng\u01a1i v\u00e0 ch\u1ee5p h\u00ecnh \u0111\u1ed3i ch\u00e8 Tuy\u00ean Quang.<\/p>\n<p><strong>11h30:<\/strong> Qu\u00fd kh\u00e1ch \u0103n tr\u01b0a t\u1ea1i th\u1ecb tr\u1ea5n T\u00e2n Y\u00ean (H\u00e0m Y\u00ean, Tuy\u00ean Quang).<\/p>\n<p><strong>14h30:<\/strong> D\u1eebng ch\u00e2n gh\u00e9 th\u0103m \u0110\u1ec1n <strong>\u0110\u00f4i C\u00f4 C\u1ea7u M\u00e1<\/strong> linh thi\u00eang n\u1eb1m ngay b\u00ean b\u1edd S\u00f4ng L\u00f4.<\/p>\n<p><strong>15h00:<\/strong> \u0110\u1ebfn th\u00e0nh ph\u1ed1 H\u00e0 Giang, ch\u1ee5p h\u00ecnh k\u1ef7 ni\u1ec7m t\u1ea1i Km0 c\u1ee7a H\u00e0 Giang.<\/p>\n<p><strong>16h30:<\/strong> D\u1eebng ch\u00e2n t\u1ea1i \u0111i\u1ec3m d\u1eebng ch\u00e2n <strong>C\u1ed5ng Tr\u1eddi Qu\u1ea3n B\u1ea1<\/strong> ch\u1ee5p h\u00ecnh <strong>N\u00fai \u0111\u00f4i <\/strong><strong>C\u00f4 Ti\u00ean<\/strong> hay c\u00f2n g\u1ecdi l\u00e0 N\u00fai \u0111\u00f4i Qu\u1ea3n B\u1ea1 v\u00e0 to\u00e0n c\u1ea3nh th\u1ecb tr\u1ea5n Tam S\u01a1n t\u1eeb tr\u00ean cao. Tr\u00ean \u0111\u01b0\u1eddng \u0111i Y\u00ean Minh, Qu\u00fd kh\u00e1ch <strong>ch\u1ee5p h\u00ecnh hoa tam gi\u00e1c m\u1ea1ch<\/strong> t\u1ea1i khu v\u1ef1c g\u1ea7n th\u1ecb tr\u1ea5n Qu\u1ea3n B\u1ea1 v\u00e0 khu v\u1ef1c Tr\u00e1ng K\u00ecm (th\u01b0\u1eddng c\u00f3 hoa v\u00e0o d\u1ecbp th\u00e1ng 9 \u0111\u1ebfn gi\u1eefa th\u00e1ng 12 h\u00e0ng n\u0103m).<\/p>\n<p><strong>18h30:<\/strong> \u0110\u1ebfn Y\u00ean Minh, nh\u1eadn ph\u00f2ng kh\u00e1ch s\u1ea1n, \u0103n t\u1ed1i. Bu\u1ed5i t\u1ed1i t\u1ef1 do. Ngh\u1ec9 \u0111\u00eam t\u1ea1i Y\u00ean Minh.<\/p>\n<\/div>\n<div class=\"panel entry-content\" id=\"tab_ng\u00e0y-2\">\n<h3><strong>NG\u00c0Y 2: Y\u00caN MINH \u2013 \u0110\u1ed2NG V\u0102N \u2013 M\u00c8O V\u1ea0C \u2013 Y\u00caN MINH (\u0102N S\u00c1NG, TR\u01afA, T\u1ed0I)<\/strong><\/h3>\n<p><strong>06h30:<\/strong> Tr\u1ea3 ph\u00f2ng kh\u00e1ch s\u1ea1n, \u0103n s\u00e1ng v\u00e0 kh\u1edfi h\u00e0nh \u0111i ch<em>i\u00eam ng\u01b0\u1ee1ng nh\u1eefng c\u1ea3nh \u0111\u1eb9p k\u1ef3 th\u00fa c\u1ee7a<\/em> <em><strong>C\u00f4ng vi\u00ean \u0111\u1ecba ch\u1ea5t<\/strong><\/em><em> <strong>Cao nguy\u00ean \u0111\u00e1 \u0110\u1ed3ng V\u0103n<\/strong>. Tr\u00ean \u0111\u01b0\u1eddng d\u1eebng gh\u00e9 th\u0103m <strong>Ph\u1ed1 C\u00e1o<\/strong> v\u1edbi nh\u1eefng ng\u00f4i nh\u00e0 \u0111\u1eb7c tr\u01b0ng c\u1ee7a ng\u01b0\u1eddi d\u00e2n t\u1ed9c M\u00f4ng b\u1edfi nh\u1eefng h\u00e0ng r\u00e0o \u0111\u00e1 cung quanh nh\u00e0 (ch\u1ee5p h\u00ecnh v\u1edbi hoa m\u1eadn hoa \u0111\u00e0o d\u1ecbp t\u1ebft \u00e2m l\u1ecbch v\u00e0 th\u0103m ch\u1ee3 phi\u00ean Ph\u1ed1 C\u00e1o v\u00e0o c\u00e1c ng\u00e0y tu\u1ea5t v\u00e0 ng\u00e0y th\u00ecn h\u00e0ng tu\u1ea7n).<\/em><\/p>\n<p><em><strong>08h30:<\/strong><\/em><em> \u0110\u1ebfn <\/em><strong>b\u1ea3n S\u1ee7ng L\u00e0<\/strong> th\u0103m ng\u00f4i nh\u00e0 C\u1ed5 c\u1ee7a ng\u01b0\u1eddi H\u2019m\u00f4ng v\u1edbi t\u01b0\u1eddng tr\u00ecnh b\u1eb1ng \u0111\u1ea5t \u2013 n\u01a1i \u0111\u00e3 \u0111\u01b0\u1ee3c s\u1eed d\u1ee5ng l\u00e0m b\u1ed1i c\u1ea3nh \u0111\u1ec3 quay b\u1ed9 phim nh\u1ef1a \u201cChuy\u1ec7n c\u1ee7a Pao\u201d n\u0103m 2006 c\u1ee7a \u0111\u1ea1o di\u1ec5n Ng\u00f4 Quang H\u1ea3i \u0111\u01b0\u1ee3c chuy\u1ec3n th\u1ec3 t\u1eeb truy\u1ec7n ng\u1eafn \u201cTi\u1ebfng \u0111\u00e0n m\u00f4i sau b\u1edd r\u00e0o \u0111\u00e1\u201d c\u1ee7a nh\u00e0 v\u0103n \u0110\u1ed7 B\u00edch Th\u1ee7y \u0111\u00e3 gi\u00e0nh \u0111\u01b0\u1ee3c 4 gi\u1ea3i C\u00e1nh di\u1ec1u v\u00e0ng. Qu\u00fd kh\u00e1ch d\u1eebng ch\u00e2n ngh\u1ec9 ng\u01a1i v\u00e0 ch\u1ee5p h\u00ecnh <strong>hoa tam gi\u00e1c m\u1ea1ch<\/strong> g\u1ea7n d\u1ed1c ch\u00edn khoanh.<\/p>\n<p><strong>09h30:<\/strong> Th\u0103m <strong>Dinh Vua M\u00e8o V\u01b0\u01a1ng Ch\u00ednh \u0110\u1ee9c <\/strong>n\u1eb1m trong m\u1ed9t thung l\u0169ng c\u1ee7a x\u00e3 S\u00e0 Ph\u00ecn, \u0111\u00e2y l\u00e0 d\u00f2ng h\u1ecd gi\u00e0u c\u00f3 v\u00e0 quy\u1ec1n uy nh\u1ea5t Ch\u00e2u \u0110\u1ed3ng V\u0103n v\u00e0o \u0111\u1ea7u th\u1ebf k\u1ef7 20. Qu\u00fd kh\u00e1ch d\u1eebng ch\u00e2n ngh\u1ec9 ng\u01a1i v\u00e0 <strong>ch\u1ee5p h\u00ecnh hoa tam gi\u00e1c m\u1ea1ch<\/strong> t\u1ea1i khu v\u1ef1c L\u0169ng T\u00e1o.<\/p>\n<p><strong>11h00: <\/strong>Th\u0103m <strong>C\u1ed9t C\u1edd L\u0169ng C\u0169 <\/strong>\u2013 n\u01a1i \u0111\u1ecba \u0111\u1ea7u T\u1ed5 qu\u1ed1c, \u0111i\u1ec3m c\u00f3 v\u0129 \u0111\u1ed9 cao nh\u1ea5t tr\u00ean b\u1ea3n \u0111\u1ed3 c\u1ee7a Vi\u1ec7t Nam.<\/p>\n<p><strong>12h30:<\/strong> \u0110\u1ebfn th\u1ecb tr\u1ea5n \u0110\u1ed3ng V\u0103n \u0103n tr\u01b0a.<\/p>\n<p><strong>14h00:<\/strong> Th\u0103m th\u0103m quan <strong>ph\u1ed1 C\u1ed5 \u0110\u1ed3ng V\u0103n<\/strong> \u0111\u00e3 t\u1ed3n t\u1ea1i c\u00f9ng v\u1edbi th\u1eddi gian g\u1ea7n m\u1ed9t th\u1ebf k\u1ef7. Qu\u00fd kh\u00e1ch c\u00f3 th\u1ec3 ng\u1ed3i nh\u00e2m nhi th\u01b0\u1edfng th\u1ee9c m\u1ed9t ly c\u00e0 ph\u00ea t\u1ea1i qu\u00e1n <strong>Caf\u00e9 ph\u1ed1 C\u1ed5<\/strong> (chi ph\u00ed t\u1ef1 t\u00fac).<\/p>\n<p><strong>15h00:<\/strong> Ti\u1ebfp l\u00ean xe chinh ph\u1ee5c <strong>\u0111\u00e8o M\u00e3 P\u00ec L\u00e8ng<\/strong> tr\u00ean \u0111\u01b0\u1eddng \u0111i M\u00e8o V\u1ea1c, c\u0169ng l\u00e0 \u0111o\u1ea1n \u0111\u1eb9p nh\u1ea5t tr\u00ean con \u0111\u01b0\u1eddng mang t\u00ean \u201c\u0110\u01b0\u1eddng H\u1ea1nh ph\u00fac\u201d.<\/p>\n<p><strong>16h00:<\/strong> Ch\u1ee5p h\u00ecnh v\u1edbi v\u1ebb \u0111\u1eb9p h\u00f9ng v\u0129 c\u1ee7a <strong>h\u1ebbm v\u1ef1c M\u00e3 P\u00ec L\u00e8ng s\u00e2u 800m \u2013 <\/strong>n\u01a1i \u0111\u1ecba h\u00ecnh b\u1ecb chia c\u1eaft s\u00e2u nh\u1ea5t c\u1ee7a Vi\u1ec7t Nam. Sau \u0111\u00f3 ti\u1ebfp t\u1ee5c v\u1ec1 qua th\u1ecb tr\u1ea5n M\u00e8o V\u1ea1c \u0111\u1ec3 v\u1ec1 Y\u00ean Minh. Ti\u1ebfp t\u1ee5c \u0111\u01b0\u1ee3c ch\u1ee5p h\u00ecnh v\u1edbi <strong>hoa tam gi\u00e1c m\u1ea1ch<\/strong> t\u1ea1i khu v\u1ef1c thung l\u0169ng d\u01b0\u1edbi ch\u00e2n \u0111\u00e8o M\u00e3 P\u00ec L\u00e8ng.<\/p>\n<p><strong>17h00: <\/strong>D\u1eebng ch\u00e2n ch\u1ee5p h\u00ecnh t\u1ea1i con \u0111\u01b0\u1eddng <strong>\u0111\u00e8o ch\u1eef M<\/strong> n\u1ed5i ti\u1ebfng c\u1ee7a M\u00e8o V\u1ea1c.<\/p>\n<p><strong>18h30:<\/strong> Qu\u00fd kh\u00e1ch v\u1ec1 t\u1edbi Y\u00ean Minh, \u0103n t\u1ed1i. Ngh\u1ec9 \u0111\u00eam t\u1ea1i Y\u00ean Minh.<\/p>\n<\/div>\n<div class=\"panel entry-content\" id=\"tab_ng\u00e0y-3\">\n<h3><strong>NG\u00c0Y 3: Y\u00caN MINH \u2013 H\u00c0 GIANG \u2013 H\u00c0 N\u1ed8I (\u0102N S\u00c1NG, TR\u01afA)<\/strong><\/h3>\n<p><strong>06h30:<\/strong> Qu\u00fd kh\u00e1ch tr\u1ea3 ph\u00f2ng, \u0103n s\u00e1ng v\u00e0 l\u00ean xe v\u1ec1 mua s\u1eafm t\u1ea1i <strong>ch\u1ee3 phi\u00ean huy\u1ec7n Qu\u1ea3n B\u1ea1 <\/strong>v\u00e0o s\u00e1ng ch\u1ee7 nh\u1eadt h\u00e0ng tu\u1ea7n v\u1edbi nh\u1eefng s\u1eafc m\u00e0u c\u1ee7a nh\u1eefng ng\u01b0\u1eddi d\u00e2n t\u1ed9c H\u2019m\u00f4ng, Dao\u2026<\/p>\n<p><strong>11h30:<\/strong> \u0110o\u00e0n \u0103n tr\u01b0a t\u1ea1i H\u00e0 Giang.<\/p>\n<p><strong>18h00:<\/strong> V\u1ec1 \u0111\u1ebfn H\u00e0 N\u1ed9i, k\u1ebft th\u00fac ch\u01b0\u01a1ng tr\u00ecnh. H\u1eb9n g\u1eb7p l\u1ea1i Qu\u00fd kh\u00e1ch.<\/p>\n<\/div><\/div><\/div>\n\t\t<\/div>\n\n\t\t\n<style>\n#section_1732472313 {\n  padding-top: 30px;\n  padding-bottom: 30px;\n}\n<\/style>\n\t<\/section>\n\t\n\t<section class=\"section\" id=\"section_1740522666\">\n\t\t<div class=\"bg section-bg fill bg-fill  bg-loaded\" >\n\n\t\t\t\n\t\t\t\n\t\t\t\n\n\t\t<\/div>\n\n\t\t<div class=\"section-content relative\">\n\t\t\t\n<div class=\"row\"  id=\"row-174919865\">\n\n\t<div id=\"col-884267386\" class=\"col price-tab small-12 large-12\"  >\n\t\t\t\t<div class=\"col-inner\"  >\n\t\t\t\n\t\t\t\n\n\t\t<div class=\"tabbed-content\">\n\t\t\t\n\t\t\t<ul class=\"nav nav-bold nav-uppercase nav-size-normal nav-center\"><li class=\"tab active has-icon\"><a href=\"#tab_gi\u00e1-bao-g\u1ed3m\"><span>Gi\u00e1 bao g\u1ed3m<\/span><\/a><\/li>\n<li class=\"tab has-icon\"><a href=\"#tab_kh\u00d4ng-bao-g\u1ed2m\"><span>KH\u00d4NG BAO G\u1ed2M<\/span><\/a><\/li>\n<li class=\"tab has-icon\"><a href=\"#tab_quy-\u0110\u1ecanh-tour\"><span>QUY \u0110\u1ecaNH TOUR<\/span><\/a><\/li><\/ul><div class=\"tab-panels\"><div class=\"panel active entry-content\" id=\"tab_gi\u00e1-bao-g\u1ed3m\">\n<p><strong>Gi\u00e1 tour bao g\u1ed3m:<\/strong><\/p>\n<ul>\n<li>Xe \u00f4 t\u00f4 du l\u1ecbch 7 \u0111\u1ebfn 29 ch\u1ed7 \u0111\u1eddi m\u1edbi, m\u00e1y l\u1ea1nh \u0111\u01b0a \u0111\u00f3n theo ch\u01b0\u01a1ng tr\u00ecnh.<\/li>\n<li>C\u00e1c b\u1eefa \u0103n trong ch\u01b0\u01a1ng tr\u00ecnh, 5 b\u1eefa ch\u00ednh + 2 b\u1eefa ph\u1ee5.<\/li>\n<li>02 \u0111\u00eam kh\u00e1ch s\u1ea1n ti\u00eau chu\u1ea9n t\u1ea1i Y\u00ean Minh, 02-03 kh\u00e1ch\/ph\u00f2ng (t\u00f9y thu\u1ed9c lo\u1ea1i ph\u00f2ng).<\/li>\n<li>V\u00e9 th\u1eafng c\u1ea3nh c\u00e1c \u0111i\u1ec3m c\u00f3 trong ch\u01b0\u01a1ng tr\u00ecnh<\/li>\n<li>N\u01b0\u1edbc u\u1ed1ng ph\u1ee5c v\u1ee5 tr\u00ean xe \u00f4 t\u00f4, 01 chai 500ml\/kh\u00e1ch\/ng\u00e0y.<\/li>\n<li>HDV nhi\u1ec7t t\u00ecnh, chuy\u00ean m\u00f4n t\u1ed1t theo \u0111o\u00e0n su\u1ed1t h\u00e0nh tr\u00ecnh.<\/li>\n<li>B\u1ea3o hi\u1ec3m du l\u1ecbch m\u1ee9c: 20.000.000VND\/ng\u01b0\u1eddi\/v\u1ee5.<\/li>\n<\/ul>\n<\/div>\n<div class=\"panel entry-content\" id=\"tab_kh\u00d4ng-bao-g\u1ed2m\">\n<p><strong>Kh\u00f4ng bao g\u1ed3m:<\/strong><\/p>\n<ul>\n<li>H\u00f3a \u0111\u01a1n thu\u1ebf GTGT.<\/li>\n<li>\u0110\u1ed3 u\u1ed1ng trong c\u00e1c b\u1eefa \u0103n, trong ph\u00f2ng ngh\u1ec9 v\u00e0 c\u00e1c chi ph\u00ed c\u00e1 nh\u00e2n kh\u00e1c.<\/li>\n<li>Chi ph\u00ed th\u0103m quan ngo\u00e0i ch\u01b0\u01a1ng tr\u00ecnh. Ti\u1ec1n t\u00edp cho h\u01b0\u1edbng d\u1eabn v\u00e0 l\u00e1i xe.<\/li>\n<\/ul>\n<\/div>\n<div class=\"panel entry-content\" id=\"tab_quy-\u0110\u1ecanh-tour\">\n<p><strong>Gi\u00e1 tour tr\u1ebb em:<\/strong><\/p>\n<ul>\n<li>T\u1eeb 1-4 tu\u1ed5i mi\u1ec5n ph\u00ed (b\u1ed1 m\u1eb9 t\u1ef1 lo m\u1ecdi chi ph\u00ed li\u00ean quan).<\/li>\n<li>T\u1eeb 5-9 tu\u1ed5i t\u00ednh 75{c08abebdfe61db6b0e15718946130a186c1bc51318e5f61720e819eae0bdb79a} gi\u00e1 tour (\u0103n nguy\u00ean su\u1ea5t, ng\u1ee7 chung gi\u01b0\u1eddng b\u1ed1 m\u1eb9).<\/li>\n<li>T\u1eeb 10 tu\u1ed5i tr\u1edf l\u00ean t\u00ednh nh\u01b0 ng\u01b0\u1eddi l\u1edbn.<\/li>\n<\/ul>\n<p><strong>Ph\u1ee5 thu:<\/strong><\/p>\n<ul>\n<li>Ph\u1ee5 thu ph\u00f2ng \u0111\u01a1n: 35000\u0111\/kh\u00e1ch\/1 \u0111\u00eam<\/li>\n<li>Phu thu kh\u00e1ch n\u01b0\u1edbc ngo\u00e0i: 10$\/kh\u00e1ch \u0111\u1ec3 l\u00e0m th\u1ee7 t\u1ee5c khai b\u00e1o v\u1edbi C\u00f4ng an H\u00e0 Giang<\/li>\n<li>Ph\u1ee5 thu \u0111\u00f3n ho\u1eb7c ti\u1ec5n s\u00e2n bay m\u1ed9t l\u01b0\u1ee3t: 450.000\u0111\/01 xe 07 ch\u1ed7<\/li>\n<\/ul>\n<p><strong>Ch\u00fa \u00fd: <\/strong>\u0110\u1ed1i v\u1edbi hoa tam gi\u00e1c m\u1ea1ch s\u1ebd c\u00f3 v\u00e0o d\u1ecbp t\u1eeb th\u00e1ng 9 \u0111\u1ebfn th\u00e1ng 12 h\u00e0ng n\u0103m<\/p>\n<ul>\n<li>\u0110\u1ed1i v\u1edbi hoa m\u1eadn hoa \u0111\u00e0o s\u1ebd c\u00f3 v\u00e0o d\u1ecbp tr\u01b0\u1edbc v\u00e0 sau t\u1ebft \u00e2m l\u1ecbch<\/li>\n<li>C\u00e1c ch\u1ee3 h\u1ecdp s\u00e1ng ch\u1ee7 nh\u1eadt: ch\u1ee3 Qu\u1ea3n B\u1ea1, ch\u1ee3 Y\u00ean Minh, ch\u1ee3 \u0110\u1ed3ng V\u0103n v\u00e0 ch\u1ee3 M\u00e8o V\u1ea1c<\/li>\n<li>C\u00e1c ch\u1ee3 h\u1ecdp s\u00e1ng th\u1ee9 b\u1ea3y: ch\u1ee3 x\u00e3 Quy\u1ebft Ti\u1ebfn<\/li>\n<li>C\u00e1c ch\u1ee3 h\u1ecdp ng\u00e0y T\u1ecb, ng\u00e0y H\u1ee3i: Ch\u1ee3 S\u00e0 Ph\u00ecn (tr\u01b0\u1edbc c\u1ed5ng nh\u00e0 V\u01b0\u01a1ng)<\/li>\n<li>C\u00e1c ch\u1ee3 h\u1ecdp ng\u00e0y D\u1ea7n, Th\u00e2n: Ch\u1ee3 L\u0169ng Ph\u00ecn. C\u00e1c ch\u1ee3 h\u1ecdp ng\u00e0y Tu\u1ea5t, Th\u00ecn: Ch\u1ee3 Ph\u1ed1 C\u00e1o.<\/li>\n<\/ul>\n<\/div><\/div><\/div>\n\t\t<\/div>\n\t\t\t\t\t<\/div>\n\n\t\n<\/div>\n\t\t<\/div>\n\n\t\t\n<style>\n#section_1740522666 {\n  padding-top: 0px;\n  padding-bottom: 0px;\n}\n<\/style>\n\t<\/section>\n\t\n","protected":false},"excerpt":{"rendered":"<h2><span style=\"color: #339966;\"><strong>Tour du l\u1ecbch singapore bay VJ<\/strong><\/span><\/h2>\n<p>Kh\u1edfi h\u00e0nh th\u1ee9 5 h\u00e0ng tu\u1ea7n th\u00e1ng\u00a06,7,8<\/p>\n<p><strong>Gi\u00e1 \u0111\u00e3 bao g\u1ed3m tr\u1ecdn g\u00f3i 10.990.000\u0111<\/strong><\/p>\n<ul>\n<li>Ngh\u1ec9 \u0111\u00eam t\u1ea1i kh\u00e1ch s\u1ea1n 3 sao<\/li>\n<li>Kh\u00e1ch s\u1ea1n d\u00f9ng t\u1ea1i Singapore:<\/li>\n<li>V\u00e9 M\u00e1y bay kh\u1ee9 h\u1ed3i HAN \u2013 SIN \u2013 HAN<\/li>\n<li>C\u00e1c b\u1eefa \u0103n theo ch\u01b0\u01a1ng tr\u00ecnh.<\/li>\n<li>Xe \u00f4 t\u00f4 m\u00e1y l\u1ea1nh \u0111\u01b0a \u0111\u00f3n theo ch\u01b0\u01a1ng tr\u00ecnh.<\/li>\n<li>V\u00e9 th\u1eafng c\u1ea3nh theo ch\u01b0\u01a1ng tr\u00ecnh.<\/li>\n<li>H\u01b0\u1edbng d\u1eabn vi\u00ean su\u1ed1t tuy\u1ebfn ti\u1ebfng vi\u1ec7t nhi\u1ec7t t\u00ecnh, kinh nghi\u1ec7m .<\/li>\n<li>Qu\u00e0 t\u1eb7ng: n\u00f3n du l\u1ecbch<\/li>\n<li>B\u1ea3o hi\u1ec3m Du l\u1ecbch<\/li>\n<\/ul>\n","protected":false},"featured_media":46,"comment_status":"open","ping_status":"closed","template":"","meta":[],"product_cat":[18],"product_tag":[],"class_list":["post-48","product","type-product","status-publish","has-post-thumbnail","hentry","product_cat-tour-viet-nam"],"acf":[],"_links":{"self":[{"href":"https:\/\/mauweb.tamnguyen.vn\/dulich6\/wp-json\/wp\/v2\/product\/48"}],"collection":[{"href":"https:\/\/mauweb.tamnguyen.vn\/dulich6\/wp-json\/wp\/v2\/product"}],"about":[{"href":"https:\/\/mauweb.tamnguyen.vn\/dulich6\/wp-json\/wp\/v2\/types\/product"}],"replies":[{"embeddable":true,"href":"https:\/\/mauweb.tamnguyen.vn\/dulich6\/wp-json\/wp\/v2\/comments?post=48"}],"wp:featuredmedia":[{"embeddable":true,"href":"https:\/\/mauweb.tamnguyen.vn\/dulich6\/wp-json\/wp\/v2\/media\/46"}],"wp:attachment":[{"href":"https:\/\/mauweb.tamnguyen.vn\/dulich6\/wp-json\/wp\/v2\/media?parent=48"}],"wp:term":[{"taxonomy":"product_cat","embeddable":true,"href":"https:\/\/mauweb.tamnguyen.vn\/dulich6\/wp-json\/wp\/v2\/product_cat?post=48"},{"taxonomy":"product_tag","embeddable":true,"href":"https:\/\/mauweb.tamnguyen.vn\/dulich6\/wp-json\/wp\/v2\/product_tag?post=48"}],"curies":[{"name":"wp","href":"https:\/\/api.w.org\/{rel}","templated":true}]}}