{"id":420,"date":"2017-10-30T06:12:13","date_gmt":"2017-10-30T06:12:13","guid":{"rendered":"http:\/\/dulich.khowebseotop.vn\/?post_type=product&#038;p=420"},"modified":"2017-10-30T06:13:24","modified_gmt":"2017-10-30T06:13:24","slug":"khach-san-la-carte-da-nang-beach","status":"publish","type":"product","link":"https:\/\/mauweb.tamnguyen.vn\/dulich6\/san-pham\/khach-san-la-carte-da-nang-beach\/","title":{"rendered":"Kh\u00e1ch s\u1ea1n A La Carte \u0110\u00e0 N\u1eb5ng Beach"},"content":{"rendered":"<section class=\"htdt-description clearfix bg-white br-8 mrg-b-15 pad-tb-15 \">\n<article class=\"col-xs-12 col-sm-12 col-md-12 col-xl-12 mrg-b-15\">\n<p class=\"hotelDetailTitle\">Th\u00f4ng tin Kh\u00e1ch s\u1ea1n A La Carte \u0110\u00e0 N\u1eb5ng Beach<\/p>\n<\/article>\n<div class=\"pad-lr-15 txt-justify\">\n<p><strong>A La Carte Da Nang Beach Hotel<\/strong>\u00a0l\u00e0 \u0111i\u1ec3m l\u00fd t\u01b0\u1edfng cho du kh\u00e1ch mu\u1ed1n kh\u00e1m ph\u00e1 \u0110\u00e0 N\u1eb5ng. Kh\u00e1ch s\u1ea1n A La Carte \u0110\u00e0 N\u1eb5ng t\u1ecda l\u1ea1c t\u1ea1i b\u00e3i bi\u1ec3n M\u1ef9 Kh\u00ea xinh \u0111\u1eb9p. Kh\u00e1ch s\u1ea1n c\u00e1ch s\u00e2n bay \u0110\u00e0 N\u1eb5ng kho\u1ea3ng 6 km, c\u00e1ch H\u1ed9i An kho\u1ea3ng 25 km.V\u1edbi v\u1ecb tr\u00ed thu\u1eadn l\u1ee3i, kh\u00e1ch s\u1ea1n d\u1ec5 d\u00e0ng ti\u1ebfp c\u1eadn nh\u1eefng \u0111i\u1ec3m tham quan du l\u1ecbch n\u1ed5i ti\u1ebfng c\u1ee7a th\u00e0nh ph\u1ed1.<\/p>\n<p>T\u1ea1i A La Carte Da Nang Beach Hotel, m\u1ecdi s\u1ef1 c\u1ed1 g\u1eafng \u0111\u1ec1u nh\u1eb1m m\u1ee5c \u0111\u00edch khi\u1ebfn cho du kh\u00e1ch h\u00e0i l\u00f2ng. Kh\u00e1ch s\u1ea1n trang b\u1ecb m\u1ed9t lo\u1ea1t thi\u1ebft b\u1ecb tr\u1ef1c tuy\u1ebfn \u0111\u1ec3 nh\u1eb1m th\u1ecfa m\u00e3n c\u1ea3 v\u1ecb kh\u00e1ch kh\u00f3 t\u00ednh nh\u1ea5t.\u00a0Ngo\u00e0i ra, A La Carte \u0110\u00e0 N\u1eb5ng s\u1ebd l\u00e0 kh\u00e1ch s\u1ea1n \u0111\u1ea7u ti\u00ean t\u1ea1i Vi\u1ec7t Nam c\u00f3 h\u1ed3 b\u01a1i v\u00f4 t\u1eadn n\u1eb1m tr\u00ean t\u1ea7ng th\u01b0\u1ee3ng v\u1edbi t\u1ea7m nh\u00ecn ngo\u1ea1n m\u1ee5c gi\u00fap du kh\u00e1ch c\u00f3 nh\u1eefng tr\u1ea3i nghi\u1ec7m kh\u00e1c bi\u1ec7t v\u00e0 th\u01b0 gi\u00e3n tuy\u1ec7t \u0111\u1ed1i.<\/p>\n<p>Du kh\u00e1ch c\u00f3 th\u1ec3 t\u1eadn h\u01b0\u1edfng c\u00e1c ho\u1ea1t \u0111\u1ed9ng nh\u01b0 l\u1eb7n bi\u1ec3n, l\u0103\u0323n v\u01a1\u0301i \u00f4\u0301ng th\u01a1\u0309, \u0111i xe \u0111\u1ea1p ho\u1eb7c c\u00e2u c\u00e1. C\u00e1c ti\u1ec7n nghi kh\u00e1c t\u1ea1i Alacarte bao g\u1ed3m ph\u00f2ng ch\u01a1i game, s\u00e2n ch\u01a1i tr\u1ebb em, th\u01b0 vi\u1ec7n v\u00e0 c\u00e2u l\u1ea1c b\u1ed9 tr\u1ebb em.<\/p>\n<p><strong>S\u1ed1 l\u01b0\u1ee3ng ph\u00f2ng:<\/strong>\u00a0202 ph\u00f2ng.<\/p>\n<\/div>\n<\/section>\n<section class=\"htdt-policy clearfix bg-white br-8 mrg-b-15 pad-tb-15\">\n<article class=\"col-xs-12 col-sm-12 col-md-12 col-xl-12 mrg-b-15\">\n<p class=\"hotelDetailTitle\">Ch\u00ednh s\u00e1ch c\u1ee7a Kh\u00e1ch s\u1ea1n A La Carte \u0110\u00e0 N\u1eb5ng Beach<\/p>\n<\/article>\n<article class=\"clearfix bdr-b-d mrg-lr-15 mrg-b-8 pad-b-8\">\n<div class=\"col-xs-12 col-sm-4 col-md-4 col-xl-4 font-bold\">Th\u1eddi gian nh\u1eadn ph\u00f2ng<\/div>\n<div class=\"col-xs-12 col-sm-8 col-md-8 col-xl-8 txt-justify\">14:00<\/div>\n<\/article>\n<article class=\"clearfix bdr-b-d mrg-lr-15 mrg-b-8 pad-b-8\">\n<div class=\"col-xs-12 col-sm-4 col-md-4 col-xl-4 font-bold\">Th\u1eddi gian tr\u1ea3 ph\u00f2ng<\/div>\n<div class=\"col-xs-12 col-sm-8 col-md-8 col-xl-8 txt-justify\">11:00<\/div>\n<\/article>\n<article class=\"clearfix bdr-b-d mrg-lr-15 mrg-b-8 pad-b-8\">\n<div class=\"col-xs-12 col-sm-4 col-md-4 col-xl-4 font-bold\">Di chuy\u1ec3n<\/div>\n<div class=\"col-xs-12 col-sm-8 col-md-8 col-xl-8 txt-justify\">\n<p>&#8211; C\u00e1ch b\u00e3i t\u1eafm Ph\u1ea1m V\u0103n \u0110\u1ed3ng 100m.<\/p>\n<p>&#8211; C\u00e1ch c\u1ea7u R\u1ed3ng 2.5km.<\/p>\n<p>&#8211; C\u00e1ch s\u00e2n bay Qu\u1ed1c t\u1ebf \u0110\u00e0 N\u1eb5ng 5.8km.<\/p>\n<\/div>\n<\/article>\n<article class=\"clearfix bdr-b-d mrg-lr-15 mrg-b-8 pad-b-8\">\n<div class=\"col-xs-12 col-sm-4 col-md-4 col-xl-4 font-bold\">H\u01b0\u1edbng d\u1eabn nh\u1eadn ph\u00f2ng<\/div>\n<div class=\"col-xs-12 col-sm-8 col-md-8 col-xl-8 txt-justify\">\n<p>Qu\u00fd kh\u00e1ch vui l\u00f2ng xu\u1ea5t tr\u00ecnh H\u1ed9 chi\u1ebfu\/CMND v\u00e0 Phi\u1ebfu nh\u1eadn ph\u00f2ng c\u1ee7a iVIVU.com khi nh\u1eadn ph\u00f2ng t\u1ea1i kh\u00e1ch s\u1ea1n.<\/p>\n<p>(Kh\u00e1ch s\u1ea1n c\u00f3 th\u1ec3 s\u1ebd y\u00eau c\u1ea7u Qu\u00fd kh\u00e1ch s\u1ed1 th\u1ebb t\u00edn d\u1ee5ng ho\u1eb7c ti\u1ec1n \u0111\u1eb7t c\u1ecdc cho c\u00e1c d\u1ecbch v\u1ee5 ph\u00e1t sinh trong th\u1eddi gian l\u01b0u tr\u00fa c\u1ee7a Qu\u00fd kh\u00e1ch)<\/p>\n<\/div>\n<\/article>\n<article class=\"clearfix mrg-lr-15\">\n<div class=\"col-xs-12 col-sm-4 col-md-4 col-xl-4 font-bold\">Ch\u00ednh s\u00e1ch ph\u1ee5 thu<\/div>\n<div class=\"col-xs-12 col-sm-8 col-md-8 col-xl-8 txt-justify\">\n<p>&#8211; Mi\u1ec5n ph\u00ed t\u1ed1i \u0111a 2 tr\u1ebb em d\u01b0\u1edbi 6 tu\u1ed5i khi s\u1eed d\u1ee5ng chung gi\u01b0\u1eddng v\u1edbi cha m\u1eb9.<\/p>\n<p>&#8211; Tr\u1ebb em t\u1eeb 6-11 tu\u1ed5i s\u1eed d\u1ee5ng chung gi\u01b0\u1eddng v\u1edbi cha m\u1eb9 ph\u1ee5 thu 150.000 VN\u0110\/tr\u1ebb em\/\u0111\u00eam (kh\u00f4ng bao g\u1ed3m \u0103n s\u00e1ng) ho\u1eb7c ph\u1ee5 thu 300.000 VN\u0110\/tr\u1ebb em\/\u0111\u00eam bao g\u1ed3m gi\u01b0\u1eddng ph\u1ee5 (kh\u00f4ng bao g\u1ed3m \u0103n s\u00e1ng).<\/p>\n<p>&#8211; Tr\u1ebb em t\u1eeb 12 tu\u1ed5i tr\u1edf l\u00ean b\u1eaft bu\u1ed9c k\u00ea th\u00eam gi\u01b0\u1eddng ph\u1ee5 v\u00e0 ph\u1ee5 thu 500.000 VN\u0110\/tr\u1ebb em\/\u0111\u00eam (kh\u00f4ng bao g\u1ed3m \u0103n s\u00e1ng).<\/p>\n<p>&#8211; Ph\u1ee5 thu \u0103n s\u00e1ng (\u00e1p d\u1ee5ng \u0111\u1ebfn 30\/10\/2017):<\/p>\n<p>+ Tr\u1ebb t\u1eeb 6 -11 tu\u1ed5i ph\u1ee5 thu: 100.000 VN\u0110\/tr\u1ebb em\/ng\u00e0y<\/p>\n<p>+ Tr\u1ebb t\u1eeb 12 tr\u1edf l\u00ean ph\u1ee5 thu: 200.000 VN\u0110\/ng\u01b0\u1eddi\/ng\u00e0y<\/p>\n<p><strong>Extra Bed:<\/strong>\u00a0500.000 VN\u0110\/ng\u01b0\u1eddi\/\u0111\u00eam ( kh\u00f4ng bao g\u1ed3m \u0103n s\u00e1ng)<\/p>\n<p><strong>* Extrabed \u00e1p d\u1ee5ng cho c\u00e1c lo\u1ea1i ph\u00f2ng\u00a0Light, Light Plus, Delight<\/strong><\/p>\n<\/div>\n<\/article>\n<\/section>\n","protected":false},"excerpt":{"rendered":"<div class=\"col-xs-12 bundle__header vspacingbottom15\">\n<div class=\"row\">\n<div class=\"col-xs-12\">\n<h3 class=\"bundle__title\">Ph\u00f2ng Light Studio + \u0102n t\u1ed1i + Spa 60 ph\u00fat<\/h3>\n<\/div>\n<\/div>\n<\/div>\n<div class=\"col-xs-12 bundle__content vspacingbottom15\">\n<p><strong>Gi\u00e1 bao g\u1ed3m:<\/strong><\/p>\n<p>&#8211; 2 \u0111\u00eam ph\u00f2ng Light Studio l\u00e3ng m\u1ea1n<\/p>\n<p>&#8211; \u0102n s\u00e1ng buffer h\u00e0ng ng\u00e0y<\/p>\n<p>&#8211; 60 ph\u00fat Spa th\u01b0 gi\u00e3n cho 2 kh\u00e1ch<\/p>\n<p>&#8211; M\u1ed9t b\u1eefa \u0103n t\u1ed1i l\u00e3ng m\u1ea1n d\u01b0\u1edbi n\u1ebfn t\u1ea1i nh\u00e0 h\u00e0ng The Top c\u00f9ng v\u1edbi r\u01b0\u1ee3u vang<\/p>\n<p>&#8211; Mi\u1ec5n ph\u00ed cocktail t\u1ea1i nh\u00e0 h\u00e0ng The Top<\/p>\n<p>&#8211; Trang tr\u00ed ph\u00f2ng honeymoon v\u00e0 qu\u00e0<\/p>\n<\/div>\n","protected":false},"featured_media":421,"comment_status":"open","ping_status":"closed","template":"","meta":[],"product_cat":[40],"product_tag":[],"class_list":["post-420","product","type-product","status-publish","has-post-thumbnail","hentry","product_cat-khach-san-mien-trung"],"acf":[],"_links":{"self":[{"href":"https:\/\/mauweb.tamnguyen.vn\/dulich6\/wp-json\/wp\/v2\/product\/420"}],"collection":[{"href":"https:\/\/mauweb.tamnguyen.vn\/dulich6\/wp-json\/wp\/v2\/product"}],"about":[{"href":"https:\/\/mauweb.tamnguyen.vn\/dulich6\/wp-json\/wp\/v2\/types\/product"}],"replies":[{"embeddable":true,"href":"https:\/\/mauweb.tamnguyen.vn\/dulich6\/wp-json\/wp\/v2\/comments?post=420"}],"wp:featuredmedia":[{"embeddable":true,"href":"https:\/\/mauweb.tamnguyen.vn\/dulich6\/wp-json\/wp\/v2\/media\/421"}],"wp:attachment":[{"href":"https:\/\/mauweb.tamnguyen.vn\/dulich6\/wp-json\/wp\/v2\/media?parent=420"}],"wp:term":[{"taxonomy":"product_cat","embeddable":true,"href":"https:\/\/mauweb.tamnguyen.vn\/dulich6\/wp-json\/wp\/v2\/product_cat?post=420"},{"taxonomy":"product_tag","embeddable":true,"href":"https:\/\/mauweb.tamnguyen.vn\/dulich6\/wp-json\/wp\/v2\/product_tag?post=420"}],"curies":[{"name":"wp","href":"https:\/\/api.w.org\/{rel}","templated":true}]}}