{"id":410,"date":"2017-10-30T04:35:50","date_gmt":"2017-10-30T04:35:50","guid":{"rendered":"http:\/\/dulich.khowebseotop.vn\/?post_type=product&#038;p=410"},"modified":"2017-10-30T04:39:21","modified_gmt":"2017-10-30T04:39:21","slug":"khach-san-gold-da-nang","status":"publish","type":"product","link":"https:\/\/mauweb.tamnguyen.vn\/dulich6\/san-pham\/khach-san-gold-da-nang\/","title":{"rendered":"Kh\u00e1ch s\u1ea1n Gold \u0110\u00e0 N\u1eb5ng"},"content":{"rendered":"<section class=\"htdt-description clearfix bg-white br-8 mrg-b-15 pad-tb-15 \">\n<article class=\"col-xs-12 col-sm-12 col-md-12 col-xl-12 mrg-b-15\">\n<p class=\"hotelDetailTitle\">Th\u00f4ng tin Kh\u00e1ch s\u1ea1n Gold \u0110\u00e0 N\u1eb5ng<\/p>\n<\/article>\n<div class=\"pad-lr-15 txt-justify\">\n<p><strong>Kh\u00e1ch s\u1ea1n Gold \u0110\u00e0 N\u1eb5ng\u00a0<\/strong>n\u1eb1m ngay trung t\u00e2m th\u00e0nh ph\u1ed1 \u0110\u00e0 n\u1eb5ng, g\u1ea7n B\u00e1n \u0110\u1ea3o S\u01a1n Tr\u00e0 v\u00e0 bi\u1ec3n Ng\u0169 H\u00e0nh S\u01a1n. Kh\u00e1ch s\u1ea1n \u0111\u1ea1t ti\u00eau chu\u1ea9n 3 sao g\u1ed3m 11 t\u1ea7ng v\u1edbi 45 ph\u00f2ng kh\u00e1ch sang trong, thanh l\u1ecbch v\u00e0 \u1ea5m c\u00fang \u0111\u01b0\u1ee3c thi\u1ebft k\u1ebf h\u00e0i ho\u00e0 gi\u1eefa phong c\u00e1ch \u00c1 \u2013 \u00c2u hi\u1ec7n \u0111\u1ea1i. T\u1ea5t c\u1ea3 ph\u00f2ng kh\u00e1ch \u0111\u1ec1u c\u00f3 c\u1eeda s\u1ed5 th\u00f4ng tho\u00e1ng v\u00e0 l\u1eafp \u0111\u1eb7t \u0111\u1ea7y \u0111\u1ee7 c\u00e1c trang thi\u1ebft b\u1ecb, ti\u1ec7n nghi, v\u1ea7t d\u1ee5ng hi\u1ec7n \u0111\u1ea1i nh\u01b0 ti\u00eau chu\u1ea9n qu\u1ed1c t\u1ebf cao c\u1ea5p nh\u1eb1m \u0111\u00e1p \u1ee9ng y\u00eau c\u1ea7u ng\u00e0y c\u00e0ng cao c\u1ee7a du kh\u00e1ch C\u00e1c ph\u00f2ng kh\u00e1ch \u0111\u1ea1t ti\u00eau chu\u1ea9n qu\u1ed1c t\u1ebf \u0111\u01b0\u1ee3c thi\u1ebft k\u1ebf v\u00e0 l\u1eafp \u0111\u1eb7t c\u00e1c lo\u1ea1i gi\u01b0\u1eddng \u0111\u1ea1t ti\u00eau chu\u1ea9n cho kh\u00e1ch h\u00e0ng nhi\u1ec1u s\u1ef1 l\u1ef1a ch\u1ecdn phong ph\u00fa kh\u00e1c nhau: ph\u00f2ng hai gi\u01b0\u1eddng, m\u1ed9t gi\u01b0\u1eddng \u0111\u00f4i v\u00e0 gi\u01b0\u1eddng theo c\u00e1ch b\u1ed1 m\u1eb9 v\u00e0 con. Ph\u00f2ng \u0111\u01b0\u1ee3c trang b\u1ecb \u0111\u1ea7y \u0111\u1ee7 ti\u1ec7n nghi, trang thi\u1ebft b\u1ecb hi\u1ec7n \u0111\u1ea1i c\u1ee7a m\u1ed9t kh\u00e1ch s\u1ea1n ti\u00eau chu\u1ea9n qu\u1ed1c t\u1ebf. \u0110\u1eb7c bi\u1ec7t, t\u1ea5t c\u1ea3 c\u00e1c ph\u00f2ng \u0111\u1ec1u \u0111\u01b0\u1ee3c l\u00e1t s\u00e0n g\u1ed7 thi\u00ean nhi\u00ean b\u00f3ng lo\u00e1ng v\u00e0 trang thi\u1ebft b\u1ecb hi\u1ec7n \u0111\u1ea1i: Truy\u1ec1n h\u00ecnh c\u00e1p, \u0111i\u1ec7n tho\u1ea1i IDD qu\u1ed1c t\u1ebf, mini_bar, m\u00e1y s\u1ea5y t\u00f3c.<\/p>\n<\/div>\n<\/section>\n<section class=\"htdt-policy clearfix bg-white br-8 mrg-b-15 pad-tb-15\">\n<article class=\"col-xs-12 col-sm-12 col-md-12 col-xl-12 mrg-b-15\">\n<p class=\"hotelDetailTitle\">Ch\u00ednh s\u00e1ch c\u1ee7a Kh\u00e1ch s\u1ea1n Gold \u0110\u00e0 N\u1eb5ng<\/p>\n<\/article>\n<article class=\"clearfix bdr-b-d mrg-lr-15 mrg-b-8 pad-b-8\">\n<div class=\"col-xs-12 col-sm-4 col-md-4 col-xl-4 font-bold\">Th\u1eddi gian nh\u1eadn ph\u00f2ng<\/div>\n<div class=\"col-xs-12 col-sm-8 col-md-8 col-xl-8 txt-justify\">14:00<\/div>\n<\/article>\n<article class=\"clearfix bdr-b-d mrg-lr-15 mrg-b-8 pad-b-8\">\n<div class=\"col-xs-12 col-sm-4 col-md-4 col-xl-4 font-bold\">Th\u1eddi gian tr\u1ea3 ph\u00f2ng<\/div>\n<div class=\"col-xs-12 col-sm-8 col-md-8 col-xl-8 txt-justify\">12:00<\/div>\n<\/article>\n<article class=\"clearfix bdr-b-d mrg-lr-15 mrg-b-8 pad-b-8\">\n<div class=\"col-xs-12 col-sm-4 col-md-4 col-xl-4 font-bold\">Di chuy\u1ec3n<\/div>\n<div class=\"col-xs-12 col-sm-8 col-md-8 col-xl-8 txt-justify\">\n<p>&#8211; C\u00e1ch c\u1ea7u R\u1ed3ng kho\u1ea3ng 1km.<\/p>\n<p>&#8211; C\u00e1ch b\u00e3i bi\u1ec3n kho\u1ea3ng 3.5km.<\/p>\n<p>&#8211; C\u00e1ch s\u00e2n bay Qu\u1ed1c t\u1ebf \u0110\u00e0 N\u1eb5ng 3.3km.<\/p>\n<\/div>\n<\/article>\n<article class=\"clearfix bdr-b-d mrg-lr-15 mrg-b-8 pad-b-8\">\n<div class=\"col-xs-12 col-sm-4 col-md-4 col-xl-4 font-bold\">H\u01b0\u1edbng d\u1eabn nh\u1eadn ph\u00f2ng<\/div>\n<div class=\"col-xs-12 col-sm-8 col-md-8 col-xl-8 txt-justify\">\n<p>Qu\u00fd kh\u00e1ch vui l\u00f2ng xu\u1ea5t tr\u00ecnh H\u1ed9 chi\u1ebfu\/CMND v\u00e0 Phi\u1ebfu nh\u1eadn ph\u00f2ng c\u1ee7a iVIVU.com khi nh\u1eadn ph\u00f2ng t\u1ea1i kh\u00e1ch s\u1ea1n.<\/p>\n<p>(Kh\u00e1ch s\u1ea1n c\u00f3 th\u1ec3 s\u1ebd y\u00eau c\u1ea7u Qu\u00fd kh\u00e1ch s\u1ed1 th\u1ebb t\u00edn d\u1ee5ng ho\u1eb7c ti\u1ec1n \u0111\u1eb7t c\u1ecdc cho c\u00e1c d\u1ecbch v\u1ee5 ph\u00e1t sinh trong th\u1eddi gian l\u01b0u tr\u00fa c\u1ee7a Qu\u00fd kh\u00e1ch)<\/p>\n<\/div>\n<\/article>\n<article class=\"clearfix mrg-lr-15\">\n<div class=\"col-xs-12 col-sm-4 col-md-4 col-xl-4 font-bold\">Ch\u00ednh s\u00e1ch ph\u1ee5 thu<\/div>\n<div class=\"col-xs-12 col-sm-8 col-md-8 col-xl-8 txt-justify\">\n<p>&#8211; Mi\u1ec5n ph\u00ed t\u1ed1i \u0111a 1 tr\u1ebb d\u01b0\u1edbi 4 tu\u1ed5i ng\u1ee7 chung ph\u00f2ng v\u1edbi b\u1ed1 m\u1eb9<\/p>\n<p>&#8211; Tr\u01b0\u1eddng h\u1ee3p 2 tr\u1ebb em d\u01b0\u1edbi 4 tu\u1ed5i: tr\u1ebb th\u1ee9 nh\u1ea5t mi\u1ec5n ph\u00ed, tr\u1ebb th\u1ee9 hai ph\u1ee5 thu 50.000 VND\/tr\u1ebb\/\u0111\u00eam (ng\u00e0y th\u01b0\u1eddng), 150.000 VND\/tr\u1ebb\/\u0111\u00eam (ng\u00e0y l\u1ec5)<\/p>\n<p>&#8211; Tr\u01b0\u1eddng h\u1ee3p 2 tr\u1ebb 4 &#8211; 11 tu\u1ed5i: ph\u1ee5 thu m\u1ed7i tr\u1ebb 50.000 VND\/tr\u1ebb\/\u0111\u00eam (ng\u00e0y th\u01b0\u1eddng), 150.000 VND\/tr\u1ebb\/\u0111\u00eam (ng\u00e0y l\u1ec5)<\/p>\n<p>&#8211; Tr\u1ebb t\u1eeb 12 tu\u1ed5i tr\u1edf l\u00ean \u0111\u01b0\u1ee3c xem l\u00e0 ng\u01b0\u1eddi l\u1edbn.<\/p>\n<\/div>\n<\/article>\n<\/section>\n","protected":false},"excerpt":{"rendered":"<p>&#8211; Mi\u1ec5n ph\u00ed t\u1ed1i \u0111a 1 tr\u1ebb d\u01b0\u1edbi 4 tu\u1ed5i ng\u1ee7 chung ph\u00f2ng v\u1edbi b\u1ed1 m\u1eb9<\/p>\n<p>&#8211; Tr\u01b0\u1eddng h\u1ee3p 2 tr\u1ebb em d\u01b0\u1edbi 4 tu\u1ed5i: tr\u1ebb th\u1ee9 nh\u1ea5t mi\u1ec5n ph\u00ed, tr\u1ebb th\u1ee9 hai ph\u1ee5 thu 50.000 VND\/tr\u1ebb\/\u0111\u00eam (ng\u00e0y th\u01b0\u1eddng), 150.000 VND\/tr\u1ebb\/\u0111\u00eam (ng\u00e0y l\u1ec5)<\/p>\n<p>&#8211; Tr\u01b0\u1eddng h\u1ee3p 2 tr\u1ebb 4 &#8211; 11 tu\u1ed5i: ph\u1ee5 thu m\u1ed7i tr\u1ebb 50.000 VND\/tr\u1ebb\/\u0111\u00eam (ng\u00e0y th\u01b0\u1eddng), 150.000 VND\/tr\u1ebb\/\u0111\u00eam (ng\u00e0y l\u1ec5)<\/p>\n<p>&#8211; Tr\u1ebb t\u1eeb 12 tu\u1ed5i tr\u1edf l\u00ean \u0111\u01b0\u1ee3c xem l\u00e0 ng\u01b0\u1eddi l\u1edbn.<\/p>\n","protected":false},"featured_media":411,"comment_status":"open","ping_status":"closed","template":"","meta":[],"product_cat":[40],"product_tag":[],"class_list":["post-410","product","type-product","status-publish","has-post-thumbnail","hentry","product_cat-khach-san-mien-trung"],"acf":[],"_links":{"self":[{"href":"https:\/\/mauweb.tamnguyen.vn\/dulich6\/wp-json\/wp\/v2\/product\/410"}],"collection":[{"href":"https:\/\/mauweb.tamnguyen.vn\/dulich6\/wp-json\/wp\/v2\/product"}],"about":[{"href":"https:\/\/mauweb.tamnguyen.vn\/dulich6\/wp-json\/wp\/v2\/types\/product"}],"replies":[{"embeddable":true,"href":"https:\/\/mauweb.tamnguyen.vn\/dulich6\/wp-json\/wp\/v2\/comments?post=410"}],"wp:featuredmedia":[{"embeddable":true,"href":"https:\/\/mauweb.tamnguyen.vn\/dulich6\/wp-json\/wp\/v2\/media\/411"}],"wp:attachment":[{"href":"https:\/\/mauweb.tamnguyen.vn\/dulich6\/wp-json\/wp\/v2\/media?parent=410"}],"wp:term":[{"taxonomy":"product_cat","embeddable":true,"href":"https:\/\/mauweb.tamnguyen.vn\/dulich6\/wp-json\/wp\/v2\/product_cat?post=410"},{"taxonomy":"product_tag","embeddable":true,"href":"https:\/\/mauweb.tamnguyen.vn\/dulich6\/wp-json\/wp\/v2\/product_tag?post=410"}],"curies":[{"name":"wp","href":"https:\/\/api.w.org\/{rel}","templated":true}]}}