{"id":366,"date":"2017-10-24T10:03:37","date_gmt":"2017-10-24T10:03:37","guid":{"rendered":"http:\/\/dulich.khowebseotop.vn\/?post_type=product&#038;p=366"},"modified":"2017-10-30T04:31:20","modified_gmt":"2017-10-30T04:31:20","slug":"khach-san-aliba-copy","status":"publish","type":"product","link":"https:\/\/mauweb.tamnguyen.vn\/dulich6\/san-pham\/khach-san-aliba-copy\/","title":{"rendered":"Sheraton Nha Trang Hotel &#038; Spa"},"content":{"rendered":"<section class=\"htdt-description clearfix bg-white br-8 mrg-b-15 pad-tb-15 \">\n<article class=\"col-xs-12 col-sm-12 col-md-12 col-xl-12 mrg-b-15\">\n<p class=\"hotelDetailTitle\">Th\u00f4ng tin Sheraton Nha Trang Hotel &amp; Spa<\/p>\n<\/article>\n<div class=\"pad-lr-15 txt-justify\">\n<p><strong>Sheraton Nha Trang Hotel &amp; Spa<\/strong>\u00a0l\u00e0 m\u1ed9t trong nh\u1eefng kh\u00e1ch s\u1ea1n 5 sao ti\u00eau chu\u1ea9n qu\u1ed1c t\u1ebf t\u1ea1i Nha Trang. V\u1edbi 280 ph\u00f2ng ngh\u1ec9 h\u01b0\u1edbng bi\u1ec3n v\u00e0 \u0111\u1ec1u c\u00f3 ban c\u00f4ng, t\u1ea1o cho kh\u00e1ch h\u00e0ng m\u1ed9t kh\u00f4ng gian ngh\u1ec9 ng\u01a1i tho\u1ea3i m\u00e1i v\u1edbi t\u1ea7m nh\u00ecn bao qu\u00e1t v\u1ecbnh bi\u1ec3n Nha Trang. Kh\u00e1ch s\u1ea1n c\u00f3 s\u00e1u nh\u00e0 h\u00e0ng v\u00e0 qu\u1ea7y bar hi\u1ec7n \u0111\u1ea1i, bao g\u1ed3m Altitude \u2013 qu\u1ea7y bar cao nh\u1ea5t t\u1ea1i Nha Trang t\u1ea1i t\u1ea7ng 28. Kh\u00e1ch s\u1ea1n c\u00f3 t\u1ed5ng c\u1ed9ng 1.600 m2 ph\u00f2ng h\u1ed9i ngh\u1ecb, trong \u0111\u00f3 c\u00f3 2 ph\u00f2ng ti\u1ec7c l\u1edbn tr\u00ean c\u00f9ng 1 t\u1ea7ng v\u00e0 b\u1ea3y ph\u00f2ng h\u1ecdp nh\u1ecf v\u1edbi trang thi\u1ebft b\u1ecb h\u1ed9i ngh\u1ecb hi\u1ec7n \u0111\u1ea1i. Nh\u1eefng ti\u1ec7n \u00edch kh\u00e1c bao g\u1ed3m h\u1ed3 b\u01a1i ngo\u00e0i tr\u1eddi v\u1edbi thi\u1ebft k\u1ebf tr\u00e0n b\u1edd \u0111\u1ed9c \u0111\u00e1o, Shine Spa v\u1edbi 9 ph\u00f2ng tr\u1ecb li\u1ec7u hi\u1ec7n \u0111\u1ea1i, ph\u00f2ng t\u1eadp th\u1ec3 h\u00ecnh Sheraton Fitness m\u1edf c\u1eeda 24h, Sheraton Club Lounge, Sheraton Adventure Club (khu vui ch\u01a1i tr\u1ebb em), v\u00e0 m\u1ed9t Tr\u01b0\u1eddng d\u1ea1y n\u1ea5u \u0103n chuy\u00ean bi\u1ec7t.<\/p>\n<p><strong>S\u1ed1 ph\u00f2ng:<\/strong>\u00a0280 ph\u00f2ng<\/p>\n<p><span style=\"font-size: 14.4px;\">Ch\u00ednh s\u00e1ch c\u1ee7a Sheraton Nha Trang Hotel &amp; Spa<\/span><\/p>\n<\/div>\n<\/section>\n<section class=\"htdt-policy clearfix bg-white br-8 mrg-b-15 pad-tb-15\">\n<article class=\"clearfix bdr-b-d mrg-lr-15 mrg-b-8 pad-b-8\">\n<div class=\"col-xs-12 col-sm-4 col-md-4 col-xl-4 font-bold\">Th\u1eddi gian nh\u1eadn ph\u00f2ng<\/div>\n<div class=\"col-xs-12 col-sm-8 col-md-8 col-xl-8 txt-justify\">15:00<\/div>\n<\/article>\n<article class=\"clearfix bdr-b-d mrg-lr-15 mrg-b-8 pad-b-8\">\n<div class=\"col-xs-12 col-sm-4 col-md-4 col-xl-4 font-bold\">Th\u1eddi gian tr\u1ea3 ph\u00f2ng<\/div>\n<div class=\"col-xs-12 col-sm-8 col-md-8 col-xl-8 txt-justify\">12:00<\/div>\n<\/article>\n<article class=\"clearfix bdr-b-d mrg-lr-15 mrg-b-8 pad-b-8\">\n<div class=\"col-xs-12 col-sm-4 col-md-4 col-xl-4 font-bold\">Di chuy\u1ec3n<\/div>\n<div class=\"col-xs-12 col-sm-8 col-md-8 col-xl-8 txt-justify\">\n<p>T\u1eeb kh\u00e1ch s\u1ea1n \u0111\u1ebfn: s\u00e2n bay Qu\u1ed1c T\u1ebf Cam Ranh 45 ph\u00fat, c\u00e1c \u0111i\u1ec3m tham quan nh\u01b0 Th\u00e1p Ch\u00e0m \u00a0Po Nagar, su\u1ed1i kho\u00e1ng n\u00f3ng Th\u00e1p B\u00e0 v\u00e0 H\u00f2n Ch\u1ed3ng 2-3 km.<\/p>\n<\/div>\n<\/article>\n<article class=\"clearfix bdr-b-d mrg-lr-15 mrg-b-8 pad-b-8\">\n<div class=\"col-xs-12 col-sm-4 col-md-4 col-xl-4 font-bold\">H\u01b0\u1edbng d\u1eabn nh\u1eadn ph\u00f2ng<\/div>\n<div class=\"col-xs-12 col-sm-8 col-md-8 col-xl-8 txt-justify\">\n<p>Qu\u00fd kh\u00e1ch vui l\u00f2ng xu\u1ea5t tr\u00ecnh CMND (H\u1ed9 chi\u1ebfu) v\u00e0 phi\u1ebfu x\u00e1c nh\u1eadn \u0111\u1eb7t ph\u00f2ng khi l\u00e0m th\u1ee7 t\u1ee5c nh\u1eadn ph\u00f2ng t\u1ea1i kh\u00e1ch s\u1ea1n.<\/p>\n<\/div>\n<\/article>\n<article class=\"clearfix bdr-b-d mrg-lr-15 mrg-b-8 pad-b-8\">\n<div class=\"col-xs-12 col-sm-4 col-md-4 col-xl-4 font-bold\">Ch\u00ednh s\u00e1ch ph\u1ee5 thu (***)<\/div>\n<div class=\"col-xs-12 col-sm-8 col-md-8 col-xl-8 txt-justify\">\n<p>Tr\u1ebb em d\u01b0\u1edbi 3\u00a0tu\u1ed5i mi\u1ec5n ph\u00ed \u0103n s\u00e1ng khi s\u1eed d\u1ee5ng chung gi\u01b0\u1eddng v\u1edbi cha m\u1eb9 (t\u1ed1i \u0111a 1 tr\u1ebb em\/ ph\u00f2ng, tr\u1ebb em th\u1ee9 2 ph\u1ea3i thanh to\u00e1n ti\u1ec1n \u0103n s\u00e1ng theo quy \u0111\u1ecbnh c\u1ee7a Kh\u00e1ch S\u1ea1n).\u00a0Mi\u1ec5n ph\u00ed khi kh\u00e1ch y\u00eau c\u1ea7u \u0111\u1eb7t n\u00f4i cho tr\u1ebb em.<\/p>\n<p>Tr\u1ebb em t\u1eeb 3 \u0111\u1ebfn d\u01b0\u1edbi 12\u00a0tu\u1ed5i ph\u1ee5 thu \u0103n s\u00e1ng 264,000 VN\u0110\/tr\u1ebb\/\u0111\u00eam (n\u1ebfu ng\u1ee7 chung gi\u01b0\u1eddng v\u1edbi cha m\u1eb9).<\/p>\n<p>Tr\u1ebb em t\u1eeb 12\u00a0tu\u1ed5i tr\u1edf l\u00ean t\u00ednh theo ph\u1ee5 thu ng\u01b0\u1eddi th\u1ee9 ba.<\/p>\n<p><strong>Extra person<\/strong>: 528,000 VN\u0110\/ng\u01b0\u1eddi\/\u0111\u00eam<\/p>\n<p><strong>Extra bed<\/strong>: 1,067,000 VN\u0110\/ng\u01b0\u1eddi\/\u0111\u00eam ch\u1ec9 k\u00ea \u0111\u01b0\u1ee3c \u0111\u1ed1i v\u1edbi ph\u00f2ng gi\u01b0\u1eddng \u0111\u00f4i.<\/p>\n<p><strong>** \u0110\u1ed1i v\u1edbi \u0111\u1eb7t ph\u00f2ng t\u1eeb\u00a0Club Ocean View:<\/strong><\/p>\n<p>Tr\u1ebb em t\u1eeb 3 \u0111\u1ebfn d\u01b0\u1edbi 12\u00a0tu\u1ed5i ph\u1ee5 thu \u0103n s\u00e1ng 357,500VN\u0110 (n\u1ebfu ng\u1ee7 chung gi\u01b0\u1eddng v\u1edbi cha m\u1eb9).<\/p>\n<p>Tr\u1ebb em t\u1eeb 12\u00a0tu\u1ed5i tr\u1edf l\u00ean t\u00ednh theo ph\u1ee5 thu ng\u01b0\u1eddi th\u1ee9 ba<\/p>\n<p><strong>Extra person:<\/strong>\u00a0715,000 VN\u0110\/ng\u01b0\u1eddi\/\u0111\u00eam<\/p>\n<p><strong>Extra bed:<\/strong>\u00a01,430,000 VN\u0110\/ng\u01b0\u1eddi\/\u0111\u00eam<\/p>\n<\/div>\n<\/article>\n<article class=\"clearfix mrg-lr-15\">\n<div class=\"col-xs-12 col-sm-4 col-md-4 col-xl-4 font-bold\">Ph\u1ee5 Thu B\u1eaft Bu\u1ed9c<\/div>\n<div class=\"col-xs-12 col-sm-8 col-md-8 col-xl-8 txt-justify\">\n<p><strong>*Christmas Eve Gala Dinner (24\/12\/2017):<\/strong><\/p>\n<p>&#8211; Tr\u1ebb t\u1eeb 3 &#8211; 11 tu\u1ed5i: 1,100,000VND\/tr\u1ebb<\/p>\n<p>&#8211; Tr\u1ebb t\u1eeb 12 tu\u1ed5i tr\u1edf l\u00ean \u0111\u01b0\u1ee3c t\u00ednh nh\u01b0 1 ng\u01b0\u1eddi l\u1edbn: 2,200,000VND\/ng\u01b0\u1eddi<\/p>\n<p><strong>*New Year&#8217;s Eve Dinner\u00a0(31\/12\/2017):<\/strong><\/p>\n<p>&#8211; Tr\u1ebb t\u1eeb 3 &#8211; 11 tu\u1ed5i: 1,400,000VND\/tr\u1ebb<\/p>\n<p>&#8211; Tr\u1ebb t\u1eeb 12 tu\u1ed5i tr\u1edf l\u00ean \u0111\u01b0\u1ee3c t\u00ednh nh\u01b0 1 ng\u01b0\u1eddi l\u1edbn: 2,800,000VND\/ng\u01b0\u1eddi<\/p>\n<\/div>\n<\/article>\n<\/section>\n","protected":false},"excerpt":{"rendered":"<article class=\"clearfix bdr-b-d mrg-lr-15 mrg-b-8 pad-b-8\">\n<div class=\"col-xs-12 col-sm-8 col-md-8 col-xl-8 txt-justify\">\n<p>Qu\u00fd kh\u00e1ch vui l\u00f2ng xu\u1ea5t tr\u00ecnh CMND (H\u1ed9 chi\u1ebfu) v\u00e0 phi\u1ebfu x\u00e1c nh\u1eadn \u0111\u1eb7t ph\u00f2ng khi l\u00e0m th\u1ee7 t\u1ee5c nh\u1eadn ph\u00f2ng t\u1ea1i kh\u00e1ch s\u1ea1n.<\/p>\n<\/div>\n<\/article>\n<article class=\"clearfix bdr-b-d mrg-lr-15 mrg-b-8 pad-b-8\">\n<div class=\"col-xs-12 col-sm-4 col-md-4 col-xl-4 font-bold\">Ch\u00ednh s\u00e1ch ph\u1ee5 thu (***)<\/div>\n<div class=\"col-xs-12 col-sm-8 col-md-8 col-xl-8 txt-justify\">\n<p>Tr\u1ebb em d\u01b0\u1edbi 3\u00a0tu\u1ed5i mi\u1ec5n ph\u00ed \u0103n s\u00e1ng khi s\u1eed d\u1ee5ng chung gi\u01b0\u1eddng v\u1edbi cha m\u1eb9 (t\u1ed1i \u0111a 1 tr\u1ebb em\/ ph\u00f2ng, tr\u1ebb em th\u1ee9 2 ph\u1ea3i thanh to\u00e1n ti\u1ec1n \u0103n s\u00e1ng theo quy \u0111\u1ecbnh c\u1ee7a Kh\u00e1ch S\u1ea1n).\u00a0Mi\u1ec5n ph\u00ed khi kh\u00e1ch y\u00eau c\u1ea7u \u0111\u1eb7t n\u00f4i cho tr\u1ebb em.<\/p>\n<p>Tr\u1ebb em t\u1eeb 3 \u0111\u1ebfn d\u01b0\u1edbi 12\u00a0tu\u1ed5i ph\u1ee5 thu \u0103n s\u00e1ng 264,000 VN\u0110\/tr\u1ebb\/\u0111\u00eam (n\u1ebfu ng\u1ee7 chung gi\u01b0\u1eddng v\u1edbi cha m\u1eb9).<\/p>\n<p>Tr\u1ebb em t\u1eeb 12\u00a0tu\u1ed5i tr\u1edf l\u00ean t\u00ednh theo ph\u1ee5 thu ng\u01b0\u1eddi th\u1ee9 ba.<\/p>\n<\/div>\n<\/article>\n","protected":false},"featured_media":398,"comment_status":"open","ping_status":"closed","template":"","meta":[],"product_cat":[37,39],"product_tag":[],"class_list":["post-366","product","type-product","status-publish","has-post-thumbnail","hentry","product_cat-khach-san","product_cat-khach-san-mien-nam"],"acf":[],"_links":{"self":[{"href":"https:\/\/mauweb.tamnguyen.vn\/dulich6\/wp-json\/wp\/v2\/product\/366"}],"collection":[{"href":"https:\/\/mauweb.tamnguyen.vn\/dulich6\/wp-json\/wp\/v2\/product"}],"about":[{"href":"https:\/\/mauweb.tamnguyen.vn\/dulich6\/wp-json\/wp\/v2\/types\/product"}],"replies":[{"embeddable":true,"href":"https:\/\/mauweb.tamnguyen.vn\/dulich6\/wp-json\/wp\/v2\/comments?post=366"}],"wp:featuredmedia":[{"embeddable":true,"href":"https:\/\/mauweb.tamnguyen.vn\/dulich6\/wp-json\/wp\/v2\/media\/398"}],"wp:attachment":[{"href":"https:\/\/mauweb.tamnguyen.vn\/dulich6\/wp-json\/wp\/v2\/media?parent=366"}],"wp:term":[{"taxonomy":"product_cat","embeddable":true,"href":"https:\/\/mauweb.tamnguyen.vn\/dulich6\/wp-json\/wp\/v2\/product_cat?post=366"},{"taxonomy":"product_tag","embeddable":true,"href":"https:\/\/mauweb.tamnguyen.vn\/dulich6\/wp-json\/wp\/v2\/product_tag?post=366"}],"curies":[{"name":"wp","href":"https:\/\/api.w.org\/{rel}","templated":true}]}}