{"id":362,"date":"2017-10-24T02:31:04","date_gmt":"2017-10-24T02:31:04","guid":{"rendered":"http:\/\/dulich.khowebseotop.vn\/?post_type=product&#038;p=362"},"modified":"2017-10-30T03:17:30","modified_gmt":"2017-10-30T03:17:30","slug":"khach-san-aliba","status":"publish","type":"product","link":"https:\/\/mauweb.tamnguyen.vn\/dulich6\/san-pham\/khach-san-aliba\/","title":{"rendered":"Vinpearl Nha Trang Bay Resort &#038; Villas"},"content":{"rendered":"<article class=\"col-xs-12 col-sm-12 col-md-12 col-xl-12 mrg-b-15\">\n<p class=\"hotelDetailTitle\">Th\u00f4ng tin Vinpearl Nha Trang Bay Resort &amp; Villas<\/p>\n<\/article>\n<div class=\"pad-lr-15 txt-justify\">\n<p>N\u1eb1m tr\u00ean \u0111\u1ea3o H\u00f2n Tre thu\u1ed9c v\u1ecbnh Nha Trang &#8211; m\u1ed9t trong nh\u1eefng v\u1ecbnh bi\u1ec3n \u0111\u1eb9p nh\u1ea5t th\u1ebf gi\u1edbi,\u00a0<strong>Vinpearl Nha Trang Bay Resort &amp; Villas<\/strong>\u00a0\u0111em \u0111\u1ebfn cho du kh\u00e1ch m\u1ed9t thi\u00ean \u0111\u01b0\u1eddng ngh\u1ec9 d\u01b0\u1ee1ng, l\u00e0 ch\u1ed1n d\u1eebng ch\u00e2n sum v\u1ea7y l\u00fd t\u01b0\u1edfng b\u00ean ng\u01b0\u1eddi th\u01b0\u01a1ng y\u00eau. Khu ngh\u1ec9 d\u01b0\u1ee1ng bao g\u1ed3m 173 bi\u1ec7t th\u1ef1 sang tr\u1ecdng v\u00e0 483 ph\u00f2ng ngh\u1ec9 cao c\u1ea5p, s\u1eb5n s\u00e0ng \u0111\u00e1p \u1ee9ng m\u1ecdi nhu c\u1ea7u c\u1ee7a qu\u00fd kh\u00e1ch.<\/p>\n<p>M\u1ed9t s\u1ed1 ph\u00f2ng \u0111\u01b0\u1ee3c trang b\u1ecb h\u1ed3 b\u01a1i ri\u00eang, truy c\u1eadp internet kh\u00f4ng d\u00e2y (mi\u1ec5n ph\u00ed), m\u00e1y l\u1ea1nh, d\u1ecbch v\u1ee5 b\u00e1o th\u1ee9c, b\u00e0n, gi\u00fap cho b\u1ea1n ph\u1ee5c h\u1ed3i s\u1ee9c kh\u1ecfe sau m\u1ed9t ng\u00e0y d\u00e0i. Nh\u1eefng ph\u01b0\u01a1ng ti\u1ec7n gi\u1ea3i tr\u00ed c\u1ee7a kh\u00e1ch s\u1ea1n bao g\u1ed3m b\u00e3i bi\u1ec3n ri\u00eang, ph\u00f2ng th\u1ec3 d\u1ee5c, ph\u00f2ng x\u00f4ng h\u01a1i, s\u00e2n ch\u01a1i golf (trong v\u00f2ng 3km), h\u1ed3 b\u01a1i\u2009ngo\u00e0i tr\u1eddi \u0111\u01b0\u1ee3c thi\u1ebft k\u1ebf \u0111\u1ec3 \u0111em \u0111\u1ebfn cho b\u1ea1n s\u1ef1 th\u01b0 gi\u00e3n tho\u1ea3i m\u00e1i. V\u1edbi v\u1ecb tr\u00ed l\u00fd t\u01b0\u1edfng v\u00e0 c\u01a1 s\u1edf v\u1eadt ch\u1ea5t th\u00edch h\u1ee3p, Vinpearl Nha Trang Bay Resort &amp; Villas \u0111\u1ea1t \u0111\u01b0\u1ee3c ti\u00eau chu\u1ea9n \u1edf m\u1ecdi kh\u00eda c\u1ea1nh.<\/p>\n<p><strong>S\u1ed1 l\u01b0\u1ee3ng ph\u00f2ng:<\/strong>\u00a0483 ph\u00f2ng &amp; 173 Villa.<\/p>\n<article class=\"col-xs-12 col-sm-12 col-md-12 col-xl-12 mrg-b-15\">\n<p class=\"hotelDetailTitle\">Ch\u00ednh s\u00e1ch c\u1ee7a Vinpearl Nha Trang Bay Resort &amp; Villas<\/p>\n<\/article>\n<article class=\"clearfix bdr-b-d mrg-lr-15 mrg-b-8 pad-b-8\">\n<div class=\"col-xs-12 col-sm-4 col-md-4 col-xl-4 font-bold\">Th\u1eddi gian nh\u1eadn ph\u00f2ng<\/div>\n<div class=\"col-xs-12 col-sm-8 col-md-8 col-xl-8 txt-justify\">14:00<\/div>\n<\/article>\n<article class=\"clearfix bdr-b-d mrg-lr-15 mrg-b-8 pad-b-8\">\n<div class=\"col-xs-12 col-sm-4 col-md-4 col-xl-4 font-bold\">Th\u1eddi gian tr\u1ea3 ph\u00f2ng<\/div>\n<div class=\"col-xs-12 col-sm-8 col-md-8 col-xl-8 txt-justify\">12:00<\/div>\n<\/article>\n<article class=\"clearfix bdr-b-d mrg-lr-15 mrg-b-8 pad-b-8\">\n<div class=\"col-xs-12 col-sm-4 col-md-4 col-xl-4 font-bold\">Di chuy\u1ec3n<\/div>\n<div class=\"col-xs-12 col-sm-8 col-md-8 col-xl-8 txt-justify\">\n<p>&#8211; M\u00e1y bay: S\u00e2n bay Qu\u1ed1c t\u1ebf Cam Ranh c\u00e1ch Vinpearl 24 km. Kh\u00e1ch h\u00e0ng c\u00f3 th\u1ec3 \u0111i taxi, bus ho\u1eb7c \u0111\u1eb7t xe \u0111\u01b0a r\u01b0\u1edbc c\u1ee7a Vinpearl \u0111\u1ec3 \u0111i \u0111\u1ebfn Vinpearl<\/p>\n<p>&#8211; T\u00e0u h\u1ecfa: Xu\u1ea5t ph\u00e1t t\u1eeb H\u00e0 N\u1ed9i ho\u1eb7c H\u1ed3 Ch\u00ed Minh. Ga Nha Trang c\u00e1ch\u00a0Vinpearl 6.3km (15&#8242; \u0111i xe)<\/p>\n<p>&#8211; Xe kh\u00e1ch: Xu\u1ea5t ph\u00e1t t\u1eeb nhi\u1ec1u t\u1ec9nh th\u00e0nh, m\u1ed9t s\u1ed1 h\u00e3ng xe c\u00f3 xe trung chuy\u1ec3n \u0111\u1ebfn Vinpearl<\/p>\n<\/div>\n<\/article>\n<article class=\"clearfix bdr-b-d mrg-lr-15 mrg-b-8 pad-b-8\">\n<div class=\"col-xs-12 col-sm-4 col-md-4 col-xl-4 font-bold\">H\u01b0\u1edbng d\u1eabn nh\u1eadn ph\u00f2ng<\/div>\n<div class=\"col-xs-12 col-sm-8 col-md-8 col-xl-8 txt-justify\">\n<p>Qu\u00fd kh\u00e1ch vui l\u00f2ng xu\u1ea5t tr\u00ecnh CMND (H\u1ed9 chi\u1ebfu) v\u00e0 phi\u1ebfu x\u00e1c nh\u1eadn \u0111\u1eb7t ph\u00f2ng khi l\u00e0m th\u1ee7 t\u1ee5c nh\u1eadn ph\u00f2ng t\u1ea1i kh\u00e1ch s\u1ea1n.<\/p>\n<p>Kh\u00e1ch h\u00e0ng s\u1ebd \u0111\u01b0\u1ee3c y\u00eau c\u1ea7u \u0111\u1eb7t c\u1ecdc t\u1ea1i qu\u1ea7y l\u1ec5 t\u00e2n 2,000,000 VND\/\u0111\u00eam\/ph\u00f2ng. Ph\u00ed n\u00e0y d\u00f9ng \u0111\u1ec3 \u0111\u1ea3m b\u1ea3o cho c\u00e1c d\u1ecbch v\u1ee5 ph\u00e1t sinh (n\u1ebfu c\u00f3) t\u1ea1i kh\u00e1ch s\u1ea1n v\u00e0 s\u1ebd \u0111\u01b0\u1ee3c ho\u00e0n l\u1ea1i l\u00fac kh\u00e1ch tr\u1ea3 ph\u00f2ng.<\/p>\n<p>&#8211; Kh\u00e1ch s\u1ebd l\u00e0m th\u1ee7 t\u1ee5c nh\u1eadn ph\u00f2ng\u00a0t\u1ea1i Khu v\u1ef1c Check in Vinpearl n\u1eb1m \u1edf C\u1ea3ng Ph\u00fa Qu\u00ed, ph\u00eda Nam C\u1ea7u \u0110\u00e1<\/p>\n<p>&#8211; Kh\u00e1ch di chuy\u1ec3n b\u1eb1ng C\u00e1p treo (n\u1ebfu c\u00f3 mua V\u00e9 Vinpearl Land) ho\u1eb7c t\u00e0u cao t\u1ed1c (n\u1ebfu kh\u00f4ng mua v\u00e9 Vinpearl Land)<\/p>\n<p>&#8211; Nh\u00e2n vi\u00ean kh\u00e1ch s\u1ea1n s\u1ebd ch\u1edd kh\u00e1ch t\u1ea1i \u0111\u1ea3o v\u00e0 h\u01b0\u1edbng d\u1eabn kh\u00e1ch di chuy\u1ec3n v\u1ec1 kh\u00e1ch s\u1ea1n<\/p>\n<\/div>\n<\/article>\n<article class=\"clearfix bdr-b-d mrg-lr-15 mrg-b-8 pad-b-8\">\n<div class=\"col-xs-12 col-sm-4 col-md-4 col-xl-4 font-bold\">Ch\u00ednh s\u00e1ch ph\u1ee5 thu<\/div>\n<div class=\"col-xs-12 col-sm-8 col-md-8 col-xl-8 txt-justify\">\n<p><strong>Khu kh\u00e1ch s\u1ea1n:<\/strong><\/p>\n<p>+\u00a0Mi\u1ec5n ph\u00ed tr\u1ebb d\u01b0\u1edbi 4 tu\u1ed5i khi s\u1eed d\u1ee5ng chung gi\u01b0\u1eddng v\u1edbi b\u1ed1 m\u1eb9<\/p>\n<p><strong>&#8211; Ch\u1ec9 \u0103n s\u00e1ng:<\/strong><\/p>\n<p>+\u00a0Tr\u1ebb t\u1eeb 4 &#8211; 12 tu\u1ed5i ph\u1ee5 thu \u0103n s\u00e1ng 200.000 VND\/tr\u1ebb\/\u0111\u00eam ho\u1eb7c ph\u1ee5 thu gi\u01b0\u1eddng ph\u1ee5 600.000 VND\/gi\u01b0\u1eddng\/\u0111\u00eam<\/p>\n<p>+ Tr\u1ebb tr\u00ean 12\u00a0tu\u1ed5i \u0111\u01b0\u1ee3c t\u00ednh nh\u01b0 ng\u01b0\u1eddi l\u1edbn, ph\u1ee5 thu gi\u01b0\u1eddng ph\u1ee5 900.000 VND\/gi\u01b0\u1eddng\/\u0111\u00eam<\/p>\n<p><strong>&#8211; \u0102n 3 b\u1eefa:<\/strong><\/p>\n<p>+ Tr\u1ebb t\u1eeb 4 &#8211; 12 tu\u1ed5i ph\u1ee5 thu \u0103n 3 b\u1eefa 650.000 VND\/tr\u1ebb\/\u0111\u00eam ho\u1eb7c ph\u1ee5 thu gi\u01b0\u1eddng ph\u1ee5 1.050.000 VND\/gi\u01b0\u1eddng\/\u0111\u00eam<\/p>\n<p>+ Tr\u1ebb tr\u00ean 12 tu\u1ed5i \u0111\u01b0\u1ee3c t\u00ednh nh\u01b0 ng\u01b0\u1eddi l\u1edbn, ph\u1ee5 thu gi\u01b0\u1eddng ph\u1ee5 1.800.000 VND\/gi\u01b0\u1eddng\/\u0111\u00eam<\/p>\n<p><strong>Khu Villa:<\/strong><\/p>\n<p>+ Mi\u1ec5n ph\u00ed tr\u1ebb d\u01b0\u1edbi 4 tu\u1ed5i khi s\u1eed d\u1ee5ng chung gi\u01b0\u1eddng v\u1edbi b\u1ed1 m\u1eb9<\/p>\n<p><strong>&#8211; Ch\u1ec9 \u0103n s\u00e1ng:<\/strong><\/p>\n<p>+ Tr\u1ebb t\u1eeb 4 &#8211; 12 tu\u1ed5i\u00a0ph\u1ee5 thu \u0103n s\u00e1ng 200.000 VND\/tr\u1ebb\/\u0111\u00eam<\/p>\n<p><strong>&#8211; \u0102n 3 b\u1eefa:<\/strong><\/p>\n<p>+ Tr\u1ebb t\u1eeb 4 &#8211; 12 tu\u1ed5i\u00a0ph\u1ee5 thu \u0103n 3 b\u1eefa 650.000 VND\/tr\u1ebb\/\u0111\u00eam<\/p>\n<p>+ Tr\u1ebb tr\u00ean 12 tu\u1ed5i\u00a0\u0111\u01b0\u1ee3c t\u00ednh nh\u01b0 ng\u01b0\u1eddi l\u1edbn<\/p>\n<\/div>\n<\/article>\n<article class=\"clearfix bdr-b-d mrg-lr-15 mrg-b-8 pad-b-8\">\n<div class=\"col-xs-12 col-sm-4 col-md-4 col-xl-4 font-bold\">Ph\u1ee5 thu b\u1eaft bu\u1ed9c<\/div>\n<div class=\"col-xs-12 col-sm-8 col-md-8 col-xl-8 txt-justify\">\n<p><strong>Quy \u0111\u1ecbnh b\u1eefa t\u1ed1i b\u1eaft bu\u1ed9c:<\/strong><\/p>\n<p><strong>&#8211; G\u00f3i ch\u1ec9 \u0102n s\u00e1ng:<\/strong><\/p>\n<p>+ Christmast Eve (24\/12\/2017): 2.100.000 VND\/ng\u01b0\u1eddi l\u1edbn, 1.050.000 VND\/tr\u1ebb (4 &#8211; 12 tu\u1ed5i)<\/p>\n<p>+ New year\u2019s Eve (31\/12\/2017):\u00a02.800.000 VND\/ng\u01b0\u1eddi l\u1edbn, 1.400.000 VND\/tr\u1ebb\u00a0(4 &#8211; 12 tu\u1ed5i)<\/p>\n<p><strong>&#8211; G\u00f3i \u0102n 3 b\u1eefa:<\/strong><\/p>\n<p>+ Christmast Eve (24\/12\/2017): 1.800.000 VND\/ng\u01b0\u1eddi l\u1edbn, 900.000 VND\/tr\u1ebb (4 &#8211; 12 tu\u1ed5i)<\/p>\n<p>+ New year\u2019s Eve (31\/12\/2017):\u00a02.400.000 VND\/ng\u01b0\u1eddi l\u1edbn, 1.200.000 VND\/tr\u1ebb (4 &#8211; 12 tu\u1ed5i)<\/p>\n<\/div>\n<\/article>\n<article class=\"clearfix bdr-b-d mrg-lr-15 mrg-b-8 pad-b-8\">\n<div class=\"col-xs-12 col-sm-4 col-md-4 col-xl-4 font-bold\">V\u00e9 Vinpearl Land (***)<\/div>\n<div class=\"col-xs-12 col-sm-8 col-md-8 col-xl-8 txt-justify\">\n<p>&#8211; \u0110\u1eb7t li\u00ean t\u1ee5c c\u00e1c \u0111\u00eam: 616.000 VND\/ng\u01b0\u1eddi l\u1edbn\/\u0111\u00eam, 539.000 VND\/tr\u1ebb em 4-12 tu\u1ed5i\/\u0111\u00eam<\/p>\n<p>&#8211; \u0110\u1eb7t kh\u00f4ng li\u00ean t\u1ee5c c\u00e1c \u0111\u00eam: 748.000 VND\/ng\u01b0\u1eddi l\u1edbn\/\u0111\u00eam, 654.500 VND\/tr\u1ebb em 4-12 tu\u1ed5i\/\u0111\u00eam<\/p>\n<p><em>*Gi\u00e1 tr\u00ean \u0111\u01b0\u1ee3c \u00e1p d\u1ee5ng d\u00e0nh cho kh\u00e1ch l\u01b0u tr\u00fa t\u1ea1i Vinpearl &amp; ph\u1ea3i \u0111\u1eb7t h\u1ebft cho t\u1ea5t c\u1ea3 kh\u00e1ch l\u01b0u tr\u00fa trong ph\u00f2ng<\/em><\/p>\n<\/div>\n<\/article>\n<article class=\"clearfix mrg-lr-15\">\n<div class=\"col-xs-12 col-sm-4 col-md-4 col-xl-4 font-bold\">G\u00f3i Honeymoon<\/div>\n<div class=\"col-xs-12 col-sm-8 col-md-8 col-xl-8 txt-justify\">\n<p>Kh\u00e1ch c\u00f3 nhu c\u1ea7u s\u1eed d\u1ee5ng g\u00f3i\u00a0honeymoon t\u1ea1i Vinpearl ph\u1ea3i\u00a0\u0111\u1eb7t t\u1ed1i thi\u1ec3u 3 \u0111\u00eam &amp; l\u01b0u tr\u00fa \u1edf lo\u1ea1i ph\u00f2ng Ocean.<\/p>\n<p>G\u00f3i honeymoon bao g\u1ed3m: hoa h\u1ed3ng, n\u1ebfn, tr\u00e1i c\u00e2y &amp; r\u01b0\u1ee3u.<\/p>\n<p><strong>**L\u01b0u \u00fd:<\/strong>\u00a0Vinpearl kh\u00f4ng nh\u1eadn thi\u1ebft k\u1ebf g\u00f3i honeymoon kh\u00e1c (c\u00f3 t\u00ednh ph\u00ed) ngo\u00e0i g\u00f3i c\u00f3 s\u1eb5n.<\/p>\n<\/div>\n<\/article>\n<\/div>\n","protected":false},"excerpt":{"rendered":"<p><strong>\u1ede VILLA T\u1eb6NG VALI: t\u1eb7ng ngay vali tr\u1ecb gi\u00e1 1.800.000 VND khi kh\u00e1ch h\u00e0ng l\u01b0u tr\u00fa t\u1ea1i\u00a0Villa<\/strong><\/p>\n<p><strong>\u0110i\u1ec1u ki\u1ec7n \u00e1p d\u1ee5ng:<\/strong><\/p>\n<p>&#8211; Ph\u1ee5 thu \u0111\u00eam 24\/12\/17<\/p>\n<p>&#8211; S\u1ed1 l\u01b0\u1ee3ng kh\u00e1ch t\u1ed1i \u0111a\/ph\u00f2ng: 2 ng\u01b0\u1eddi l\u1edbn &amp; 2 tr\u1ebb em ho\u1eb7c 3 ng\u01b0\u1eddi l\u1edbn<\/p>\n<p>&#8211; S\u1ed1 l\u01b0\u1ee3ng kh\u00e1ch t\u1ed1i \u0111a\/Villa: 4 ng\u01b0\u1eddi l\u1edbn &amp; 4 tr\u1ebb em\/Villa 2Bedrooms, 6 ng\u01b0\u1eddi l\u1edbn &amp; 6 tr\u1ebb em\/Villa 3Bedrooms, 8 ng\u01b0\u1eddi l\u1edbn &amp; 8 tr\u1ebb em\/Villa 4Bedroom<\/p>\n","protected":false},"featured_media":387,"comment_status":"open","ping_status":"closed","template":"","meta":[],"product_cat":[37,39],"product_tag":[],"class_list":["post-362","product","type-product","status-publish","has-post-thumbnail","hentry","product_cat-khach-san","product_cat-khach-san-mien-nam"],"acf":[],"_links":{"self":[{"href":"https:\/\/mauweb.tamnguyen.vn\/dulich6\/wp-json\/wp\/v2\/product\/362"}],"collection":[{"href":"https:\/\/mauweb.tamnguyen.vn\/dulich6\/wp-json\/wp\/v2\/product"}],"about":[{"href":"https:\/\/mauweb.tamnguyen.vn\/dulich6\/wp-json\/wp\/v2\/types\/product"}],"replies":[{"embeddable":true,"href":"https:\/\/mauweb.tamnguyen.vn\/dulich6\/wp-json\/wp\/v2\/comments?post=362"}],"wp:featuredmedia":[{"embeddable":true,"href":"https:\/\/mauweb.tamnguyen.vn\/dulich6\/wp-json\/wp\/v2\/media\/387"}],"wp:attachment":[{"href":"https:\/\/mauweb.tamnguyen.vn\/dulich6\/wp-json\/wp\/v2\/media?parent=362"}],"wp:term":[{"taxonomy":"product_cat","embeddable":true,"href":"https:\/\/mauweb.tamnguyen.vn\/dulich6\/wp-json\/wp\/v2\/product_cat?post=362"},{"taxonomy":"product_tag","embeddable":true,"href":"https:\/\/mauweb.tamnguyen.vn\/dulich6\/wp-json\/wp\/v2\/product_tag?post=362"}],"curies":[{"name":"wp","href":"https:\/\/api.w.org\/{rel}","templated":true}]}}