{"id":222,"date":"2017-07-05T07:55:37","date_gmt":"2017-07-05T07:55:37","guid":{"rendered":"http:\/\/dulich.khowebseotop.vn\/?post_type=product&#038;p=222"},"modified":"2017-10-30T07:00:55","modified_gmt":"2017-10-30T07:00:55","slug":"tour-du-lich-chau-au-phap-thuy-sy-y-vatican","status":"publish","type":"product","link":"https:\/\/mauweb.tamnguyen.vn\/dulich6\/san-pham\/tour-du-lich-chau-au-phap-thuy-sy-y-vatican\/","title":{"rendered":"Tour du l\u1ecbch Ch\u00e2u \u00e2u PH\u00c1P \u2013 TH\u1ee4Y S\u1ef8 \u2013 \u00dd \u2013 VATICAN"},"content":{"rendered":"<p><strong>Gi\u00e1 tour tr\u1ebb em:<\/strong><\/p>\n<ul>\n<li>T\u1eeb 1-4 tu\u1ed5i mi\u1ec5n ph\u00ed (b\u1ed1 m\u1eb9 t\u1ef1 lo m\u1ecdi chi ph\u00ed li\u00ean quan).<\/li>\n<li>T\u1eeb 5-9 tu\u1ed5i t\u00ednh 75{c08abebdfe61db6b0e15718946130a186c1bc51318e5f61720e819eae0bdb79a} gi\u00e1 tour (\u0103n nguy\u00ean su\u1ea5t, ng\u1ee7 chung gi\u01b0\u1eddng b\u1ed1 m\u1eb9).<\/li>\n<li>T\u1eeb 10 tu\u1ed5i tr\u1edf l\u00ean t\u00ednh nh\u01b0 ng\u01b0\u1eddi l\u1edbn.<\/li>\n<\/ul>\n<p><strong>Ph\u1ee5 thu:<\/strong><\/p>\n<ul>\n<li>Ph\u1ee5 thu ph\u00f2ng \u0111\u01a1n: 35000\u0111\/kh\u00e1ch\/1 \u0111\u00eam<\/li>\n<li>Phu thu kh\u00e1ch n\u01b0\u1edbc ngo\u00e0i: 10$\/kh\u00e1ch \u0111\u1ec3 l\u00e0m th\u1ee7 t\u1ee5c khai b\u00e1o v\u1edbi C\u00f4ng an H\u00e0 Giang<\/li>\n<li>Ph\u1ee5 thu \u0111\u00f3n ho\u1eb7c ti\u1ec5n s\u00e2n bay m\u1ed9t l\u01b0\u1ee3t: 450.000\u0111\/01 xe 07 ch\u1ed7<\/li>\n<\/ul>\n<p><strong>Ch\u00fa \u00fd: <\/strong>\u0110\u1ed1i v\u1edbi hoa tam gi\u00e1c m\u1ea1ch s\u1ebd c\u00f3 v\u00e0o d\u1ecbp t\u1eeb th\u00e1ng 9 \u0111\u1ebfn th\u00e1ng 12 h\u00e0ng n\u0103m<\/p>\n<ul>\n<li>\u0110\u1ed1i v\u1edbi hoa m\u1eadn hoa \u0111\u00e0o s\u1ebd c\u00f3 v\u00e0o d\u1ecbp tr\u01b0\u1edbc v\u00e0 sau t\u1ebft \u00e2m l\u1ecbch<\/li>\n<li>C\u00e1c ch\u1ee3 h\u1ecdp s\u00e1ng ch\u1ee7 nh\u1eadt: ch\u1ee3 Qu\u1ea3n B\u1ea1, ch\u1ee3 Y\u00ean Minh, ch\u1ee3 \u0110\u1ed3ng V\u0103n v\u00e0 ch\u1ee3 M\u00e8o V\u1ea1c<\/li>\n<li>C\u00e1c ch\u1ee3 h\u1ecdp s\u00e1ng th\u1ee9 b\u1ea3y: ch\u1ee3 x\u00e3 Quy\u1ebft Ti\u1ebfn<\/li>\n<li>C\u00e1c ch\u1ee3 h\u1ecdp ng\u00e0y T\u1ecb, ng\u00e0y H\u1ee3i: Ch\u1ee3 S\u00e0 Ph\u00ecn (tr\u01b0\u1edbc c\u1ed5ng nh\u00e0 V\u01b0\u01a1ng)<\/li>\n<li>C\u00e1c ch\u1ee3 h\u1ecdp ng\u00e0y D\u1ea7n, Th\u00e2n: Ch\u1ee3 L\u0169ng Ph\u00ecn. C\u00e1c ch\u1ee3 h\u1ecdp ng\u00e0y Tu\u1ea5t, Th\u00ecn: Ch\u1ee3 Ph\u1ed1 C\u00e1o.<\/li>\n<\/ul>\n","protected":false},"excerpt":{"rendered":"<h2><span style=\"color: #339966;\"><strong>Tour du l\u1ecbch singapore bay VJ<\/strong><\/span><\/h2>\n<p>Kh\u1edfi h\u00e0nh th\u1ee9 5 h\u00e0ng tu\u1ea7n th\u00e1ng\u00a06,7,8<\/p>\n<p><strong>Gi\u00e1 \u0111\u00e3 bao g\u1ed3m tr\u1ecdn g\u00f3i 10.990.000\u0111<\/strong><\/p>\n<ul>\n<li>Ngh\u1ec9 \u0111\u00eam t\u1ea1i kh\u00e1ch s\u1ea1n 3 sao<\/li>\n<li>Kh\u00e1ch s\u1ea1n d\u00f9ng t\u1ea1i Singapore:<\/li>\n<li>V\u00e9 M\u00e1y bay kh\u1ee9 h\u1ed3i HAN \u2013 SIN \u2013 HAN<\/li>\n<li>C\u00e1c b\u1eefa \u0103n theo ch\u01b0\u01a1ng tr\u00ecnh.<\/li>\n<li>Xe \u00f4 t\u00f4 m\u00e1y l\u1ea1nh \u0111\u01b0a \u0111\u00f3n theo ch\u01b0\u01a1ng tr\u00ecnh.<\/li>\n<li>V\u00e9 th\u1eafng c\u1ea3nh theo ch\u01b0\u01a1ng tr\u00ecnh.<\/li>\n<li>H\u01b0\u1edbng d\u1eabn vi\u00ean su\u1ed1t tuy\u1ebfn ti\u1ebfng vi\u1ec7t nhi\u1ec7t t\u00ecnh, kinh nghi\u1ec7m .<\/li>\n<li>Qu\u00e0 t\u1eb7ng: n\u00f3n du l\u1ecbch<\/li>\n<li>B\u1ea3o hi\u1ec3m Du l\u1ecbch<\/li>\n<\/ul>\n","protected":false},"featured_media":223,"comment_status":"open","ping_status":"closed","template":"","meta":[],"product_cat":[25],"product_tag":[],"class_list":["post-222","product","type-product","status-publish","has-post-thumbnail","hentry","product_cat-tour-chau-au"],"acf":[],"_links":{"self":[{"href":"https:\/\/mauweb.tamnguyen.vn\/dulich6\/wp-json\/wp\/v2\/product\/222"}],"collection":[{"href":"https:\/\/mauweb.tamnguyen.vn\/dulich6\/wp-json\/wp\/v2\/product"}],"about":[{"href":"https:\/\/mauweb.tamnguyen.vn\/dulich6\/wp-json\/wp\/v2\/types\/product"}],"replies":[{"embeddable":true,"href":"https:\/\/mauweb.tamnguyen.vn\/dulich6\/wp-json\/wp\/v2\/comments?post=222"}],"wp:featuredmedia":[{"embeddable":true,"href":"https:\/\/mauweb.tamnguyen.vn\/dulich6\/wp-json\/wp\/v2\/media\/223"}],"wp:attachment":[{"href":"https:\/\/mauweb.tamnguyen.vn\/dulich6\/wp-json\/wp\/v2\/media?parent=222"}],"wp:term":[{"taxonomy":"product_cat","embeddable":true,"href":"https:\/\/mauweb.tamnguyen.vn\/dulich6\/wp-json\/wp\/v2\/product_cat?post=222"},{"taxonomy":"product_tag","embeddable":true,"href":"https:\/\/mauweb.tamnguyen.vn\/dulich6\/wp-json\/wp\/v2\/product_tag?post=222"}],"curies":[{"name":"wp","href":"https:\/\/api.w.org\/{rel}","templated":true}]}}