{"id":216,"date":"2017-07-05T07:44:48","date_gmt":"2017-07-05T07:44:48","guid":{"rendered":"http:\/\/dulich.khowebseotop.vn\/?post_type=product&#038;p=216"},"modified":"2017-10-30T06:46:02","modified_gmt":"2017-10-30T06:46:02","slug":"tour-du-lich-nhat-ban-6-ngay-bay-vietnam-airlines","status":"publish","type":"product","link":"https:\/\/mauweb.tamnguyen.vn\/dulich6\/san-pham\/tour-du-lich-nhat-ban-6-ngay-bay-vietnam-airlines\/","title":{"rendered":"Tour du l\u1ecbch nh\u1eadt b\u1ea3n 6 ng\u00e0y bay Vietnam Airlines"},"content":{"rendered":"<h3><strong>NG\u00c0Y 1: H\u00c0 N\u1ed8I \u2013 H\u00c0 GIANG \u2013 QU\u1ea2N B\u1ea0 \u2013 Y\u00caN MINH (\u0102N TR\u01afA, T\u1ed0I)<\/strong><\/h3>\n<p><strong>06h30: <\/strong>Xe \u00f4 t\u00f4 v\u00e0 h\u01b0\u1edbng d\u1eabn vi\u00ean \u0111\u00f3n Qu\u00fd kh\u00e1ch t\u1ea1i c\u00e1c kh\u00e1ch s\u1ea1n trong khu v\u1ef1c Ph\u1ed1 C\u1ed5 v\u00e0 Nh\u00e0 h\u00e1t l\u1edbn kh\u1edfi h\u00e0nh cho chuy\u1ebfn \u0111i du l\u1ecbch H\u00e0 Giang.<\/p>\n<p><strong>10h30: <\/strong>D\u1eebng ch\u00e2n ngh\u1ec9 ng\u01a1i v\u00e0 ch\u1ee5p h\u00ecnh \u0111\u1ed3i ch\u00e8 Tuy\u00ean Quang.<\/p>\n<p><strong>11h30:<\/strong> Qu\u00fd kh\u00e1ch \u0103n tr\u01b0a t\u1ea1i th\u1ecb tr\u1ea5n T\u00e2n Y\u00ean (H\u00e0m Y\u00ean, Tuy\u00ean Quang).<\/p>\n<p><strong>14h30:<\/strong> D\u1eebng ch\u00e2n gh\u00e9 th\u0103m \u0110\u1ec1n <strong>\u0110\u00f4i C\u00f4 C\u1ea7u M\u00e1<\/strong> linh thi\u00eang n\u1eb1m ngay b\u00ean b\u1edd S\u00f4ng L\u00f4.<\/p>\n<p><strong>15h00:<\/strong> \u0110\u1ebfn th\u00e0nh ph\u1ed1 H\u00e0 Giang, ch\u1ee5p h\u00ecnh k\u1ef7 ni\u1ec7m t\u1ea1i Km0 c\u1ee7a H\u00e0 Giang.<\/p>\n<p><strong>16h30:<\/strong> D\u1eebng ch\u00e2n t\u1ea1i \u0111i\u1ec3m d\u1eebng ch\u00e2n <strong>C\u1ed5ng Tr\u1eddi Qu\u1ea3n B\u1ea1<\/strong> ch\u1ee5p h\u00ecnh <strong>N\u00fai \u0111\u00f4i <\/strong><strong>C\u00f4 Ti\u00ean<\/strong> hay c\u00f2n g\u1ecdi l\u00e0 N\u00fai \u0111\u00f4i Qu\u1ea3n B\u1ea1 v\u00e0 to\u00e0n c\u1ea3nh th\u1ecb tr\u1ea5n Tam S\u01a1n t\u1eeb tr\u00ean cao. Tr\u00ean \u0111\u01b0\u1eddng \u0111i Y\u00ean Minh, Qu\u00fd kh\u00e1ch <strong>ch\u1ee5p h\u00ecnh hoa tam gi\u00e1c m\u1ea1ch<\/strong> t\u1ea1i khu v\u1ef1c g\u1ea7n th\u1ecb tr\u1ea5n Qu\u1ea3n B\u1ea1 v\u00e0 khu v\u1ef1c Tr\u00e1ng K\u00ecm (th\u01b0\u1eddng c\u00f3 hoa v\u00e0o d\u1ecbp th\u00e1ng 9 \u0111\u1ebfn gi\u1eefa th\u00e1ng 12 h\u00e0ng n\u0103m).<\/p>\n<p><strong>18h30:<\/strong> \u0110\u1ebfn Y\u00ean Minh, nh\u1eadn ph\u00f2ng kh\u00e1ch s\u1ea1n, \u0103n t\u1ed1i. Bu\u1ed5i t\u1ed1i t\u1ef1 do. Ngh\u1ec9 \u0111\u00eam t\u1ea1i Y\u00ean Minh.<\/p>\n<h3><strong>NG\u00c0Y 2: Y\u00caN MINH \u2013 \u0110\u1ed2NG V\u0102N \u2013 M\u00c8O V\u1ea0C \u2013 Y\u00caN MINH (\u0102N S\u00c1NG, TR\u01afA, T\u1ed0I)<\/strong><\/h3>\n<p><strong>06h30:<\/strong> Tr\u1ea3 ph\u00f2ng kh\u00e1ch s\u1ea1n, \u0103n s\u00e1ng v\u00e0 kh\u1edfi h\u00e0nh \u0111i ch<em>i\u00eam ng\u01b0\u1ee1ng nh\u1eefng c\u1ea3nh \u0111\u1eb9p k\u1ef3 th\u00fa c\u1ee7a<\/em> <em><strong>C\u00f4ng vi\u00ean \u0111\u1ecba ch\u1ea5t<\/strong><\/em><em> <strong>Cao nguy\u00ean \u0111\u00e1 \u0110\u1ed3ng V\u0103n<\/strong>. Tr\u00ean \u0111\u01b0\u1eddng d\u1eebng gh\u00e9 th\u0103m <strong>Ph\u1ed1 C\u00e1o<\/strong> v\u1edbi nh\u1eefng ng\u00f4i nh\u00e0 \u0111\u1eb7c tr\u01b0ng c\u1ee7a ng\u01b0\u1eddi d\u00e2n t\u1ed9c M\u00f4ng b\u1edfi nh\u1eefng h\u00e0ng r\u00e0o \u0111\u00e1 cung quanh nh\u00e0 (ch\u1ee5p h\u00ecnh v\u1edbi hoa m\u1eadn hoa \u0111\u00e0o d\u1ecbp t\u1ebft \u00e2m l\u1ecbch v\u00e0 th\u0103m ch\u1ee3 phi\u00ean Ph\u1ed1 C\u00e1o v\u00e0o c\u00e1c ng\u00e0y tu\u1ea5t v\u00e0 ng\u00e0y th\u00ecn h\u00e0ng tu\u1ea7n).<\/em><\/p>\n<p><em><strong>08h30:<\/strong><\/em><em> \u0110\u1ebfn <\/em><strong>b\u1ea3n S\u1ee7ng L\u00e0<\/strong> th\u0103m ng\u00f4i nh\u00e0 C\u1ed5 c\u1ee7a ng\u01b0\u1eddi H\u2019m\u00f4ng v\u1edbi t\u01b0\u1eddng tr\u00ecnh b\u1eb1ng \u0111\u1ea5t \u2013 n\u01a1i \u0111\u00e3 \u0111\u01b0\u1ee3c s\u1eed d\u1ee5ng l\u00e0m b\u1ed1i c\u1ea3nh \u0111\u1ec3 quay b\u1ed9 phim nh\u1ef1a \u201cChuy\u1ec7n c\u1ee7a Pao\u201d n\u0103m 2006 c\u1ee7a \u0111\u1ea1o di\u1ec5n Ng\u00f4 Quang H\u1ea3i \u0111\u01b0\u1ee3c chuy\u1ec3n th\u1ec3 t\u1eeb truy\u1ec7n ng\u1eafn \u201cTi\u1ebfng \u0111\u00e0n m\u00f4i sau b\u1edd r\u00e0o \u0111\u00e1\u201d c\u1ee7a nh\u00e0 v\u0103n \u0110\u1ed7 B\u00edch Th\u1ee7y \u0111\u00e3 gi\u00e0nh \u0111\u01b0\u1ee3c 4 gi\u1ea3i C\u00e1nh di\u1ec1u v\u00e0ng. Qu\u00fd kh\u00e1ch d\u1eebng ch\u00e2n ngh\u1ec9 ng\u01a1i v\u00e0 ch\u1ee5p h\u00ecnh <strong>hoa tam gi\u00e1c m\u1ea1ch<\/strong> g\u1ea7n d\u1ed1c ch\u00edn khoanh.<\/p>\n<p><strong>09h30:<\/strong> Th\u0103m <strong>Dinh Vua M\u00e8o V\u01b0\u01a1ng Ch\u00ednh \u0110\u1ee9c <\/strong>n\u1eb1m trong m\u1ed9t thung l\u0169ng c\u1ee7a x\u00e3 S\u00e0 Ph\u00ecn, \u0111\u00e2y l\u00e0 d\u00f2ng h\u1ecd gi\u00e0u c\u00f3 v\u00e0 quy\u1ec1n uy nh\u1ea5t Ch\u00e2u \u0110\u1ed3ng V\u0103n v\u00e0o \u0111\u1ea7u th\u1ebf k\u1ef7 20. Qu\u00fd kh\u00e1ch d\u1eebng ch\u00e2n ngh\u1ec9 ng\u01a1i v\u00e0 <strong>ch\u1ee5p h\u00ecnh hoa tam gi\u00e1c m\u1ea1ch<\/strong> t\u1ea1i khu v\u1ef1c L\u0169ng T\u00e1o.<\/p>\n<p><strong>11h00: <\/strong>Th\u0103m <strong>C\u1ed9t C\u1edd L\u0169ng C\u0169 <\/strong>\u2013 n\u01a1i \u0111\u1ecba \u0111\u1ea7u T\u1ed5 qu\u1ed1c, \u0111i\u1ec3m c\u00f3 v\u0129 \u0111\u1ed9 cao nh\u1ea5t tr\u00ean b\u1ea3n \u0111\u1ed3 c\u1ee7a Vi\u1ec7t Nam.<\/p>\n<p><strong>12h30:<\/strong> \u0110\u1ebfn th\u1ecb tr\u1ea5n \u0110\u1ed3ng V\u0103n \u0103n tr\u01b0a.<\/p>\n<p><strong>14h00:<\/strong> Th\u0103m th\u0103m quan <strong>ph\u1ed1 C\u1ed5 \u0110\u1ed3ng V\u0103n<\/strong> \u0111\u00e3 t\u1ed3n t\u1ea1i c\u00f9ng v\u1edbi th\u1eddi gian g\u1ea7n m\u1ed9t th\u1ebf k\u1ef7. Qu\u00fd kh\u00e1ch c\u00f3 th\u1ec3 ng\u1ed3i nh\u00e2m nhi th\u01b0\u1edfng th\u1ee9c m\u1ed9t ly c\u00e0 ph\u00ea t\u1ea1i qu\u00e1n <strong>Caf\u00e9 ph\u1ed1 C\u1ed5<\/strong> (chi ph\u00ed t\u1ef1 t\u00fac).<\/p>\n<p><strong>15h00:<\/strong> Ti\u1ebfp l\u00ean xe chinh ph\u1ee5c <strong>\u0111\u00e8o M\u00e3 P\u00ec L\u00e8ng<\/strong> tr\u00ean \u0111\u01b0\u1eddng \u0111i M\u00e8o V\u1ea1c, c\u0169ng l\u00e0 \u0111o\u1ea1n \u0111\u1eb9p nh\u1ea5t tr\u00ean con \u0111\u01b0\u1eddng mang t\u00ean \u201c\u0110\u01b0\u1eddng H\u1ea1nh ph\u00fac\u201d.<\/p>\n<p><strong>16h00:<\/strong> Ch\u1ee5p h\u00ecnh v\u1edbi v\u1ebb \u0111\u1eb9p h\u00f9ng v\u0129 c\u1ee7a <strong>h\u1ebbm v\u1ef1c M\u00e3 P\u00ec L\u00e8ng s\u00e2u 800m \u2013 <\/strong>n\u01a1i \u0111\u1ecba h\u00ecnh b\u1ecb chia c\u1eaft s\u00e2u nh\u1ea5t c\u1ee7a Vi\u1ec7t Nam. Sau \u0111\u00f3 ti\u1ebfp t\u1ee5c v\u1ec1 qua th\u1ecb tr\u1ea5n M\u00e8o V\u1ea1c \u0111\u1ec3 v\u1ec1 Y\u00ean Minh. Ti\u1ebfp t\u1ee5c \u0111\u01b0\u1ee3c ch\u1ee5p h\u00ecnh v\u1edbi <strong>hoa tam gi\u00e1c m\u1ea1ch<\/strong> t\u1ea1i khu v\u1ef1c thung l\u0169ng d\u01b0\u1edbi ch\u00e2n \u0111\u00e8o M\u00e3 P\u00ec L\u00e8ng.<\/p>\n<p><strong>17h00: <\/strong>D\u1eebng ch\u00e2n ch\u1ee5p h\u00ecnh t\u1ea1i con \u0111\u01b0\u1eddng <strong>\u0111\u00e8o ch\u1eef M<\/strong> n\u1ed5i ti\u1ebfng c\u1ee7a M\u00e8o V\u1ea1c.<\/p>\n<p><strong>18h30:<\/strong> Qu\u00fd kh\u00e1ch v\u1ec1 t\u1edbi Y\u00ean Minh, \u0103n t\u1ed1i. Ngh\u1ec9 \u0111\u00eam t\u1ea1i Y\u00ean Minh.<\/p>\n","protected":false},"excerpt":{"rendered":"<h2><span style=\"color: #339966;\"><strong>Tour du l\u1ecbch singapore bay VJ<\/strong><\/span><\/h2>\n<p>Kh\u1edfi h\u00e0nh th\u1ee9 5 h\u00e0ng tu\u1ea7n th\u00e1ng\u00a06,7,8<\/p>\n<p><strong>Gi\u00e1 \u0111\u00e3 bao g\u1ed3m tr\u1ecdn g\u00f3i 10.990.000\u0111<\/strong><\/p>\n<ul>\n<li>Ngh\u1ec9 \u0111\u00eam t\u1ea1i kh\u00e1ch s\u1ea1n 3 sao<\/li>\n<li>Kh\u00e1ch s\u1ea1n d\u00f9ng t\u1ea1i Singapore:<\/li>\n<li>V\u00e9 M\u00e1y bay kh\u1ee9 h\u1ed3i HAN \u2013 SIN \u2013 HAN<\/li>\n<li>C\u00e1c b\u1eefa \u0103n theo ch\u01b0\u01a1ng tr\u00ecnh.<\/li>\n<li>Xe \u00f4 t\u00f4 m\u00e1y l\u1ea1nh \u0111\u01b0a \u0111\u00f3n theo ch\u01b0\u01a1ng tr\u00ecnh.<\/li>\n<li>V\u00e9 th\u1eafng c\u1ea3nh theo ch\u01b0\u01a1ng tr\u00ecnh.<\/li>\n<li>H\u01b0\u1edbng d\u1eabn vi\u00ean su\u1ed1t tuy\u1ebfn ti\u1ebfng vi\u1ec7t nhi\u1ec7t t\u00ecnh, kinh nghi\u1ec7m .<\/li>\n<li>Qu\u00e0 t\u1eb7ng: n\u00f3n du l\u1ecbch<\/li>\n<li>B\u1ea3o hi\u1ec3m Du l\u1ecbch<\/li>\n<\/ul>\n","protected":false},"featured_media":217,"comment_status":"open","ping_status":"closed","template":"","meta":[],"product_cat":[24],"product_tag":[],"class_list":["post-216","product","type-product","status-publish","has-post-thumbnail","hentry","product_cat-tour-chau-a"],"acf":[],"_links":{"self":[{"href":"https:\/\/mauweb.tamnguyen.vn\/dulich6\/wp-json\/wp\/v2\/product\/216"}],"collection":[{"href":"https:\/\/mauweb.tamnguyen.vn\/dulich6\/wp-json\/wp\/v2\/product"}],"about":[{"href":"https:\/\/mauweb.tamnguyen.vn\/dulich6\/wp-json\/wp\/v2\/types\/product"}],"replies":[{"embeddable":true,"href":"https:\/\/mauweb.tamnguyen.vn\/dulich6\/wp-json\/wp\/v2\/comments?post=216"}],"wp:featuredmedia":[{"embeddable":true,"href":"https:\/\/mauweb.tamnguyen.vn\/dulich6\/wp-json\/wp\/v2\/media\/217"}],"wp:attachment":[{"href":"https:\/\/mauweb.tamnguyen.vn\/dulich6\/wp-json\/wp\/v2\/media?parent=216"}],"wp:term":[{"taxonomy":"product_cat","embeddable":true,"href":"https:\/\/mauweb.tamnguyen.vn\/dulich6\/wp-json\/wp\/v2\/product_cat?post=216"},{"taxonomy":"product_tag","embeddable":true,"href":"https:\/\/mauweb.tamnguyen.vn\/dulich6\/wp-json\/wp\/v2\/product_tag?post=216"}],"curies":[{"name":"wp","href":"https:\/\/api.w.org\/{rel}","templated":true}]}}